{"id":10159,"date":"2022-02-14T20:26:45","date_gmt":"2022-02-14T20:26:45","guid":{"rendered":"https:\/\/taniabonament.pl\/sluchawki\/model\/sluchawki-soundpeats-trueair-2-rozowe-w-cenie-199-0-pln\/"},"modified":"2022-02-14T20:26:50","modified_gmt":"2022-02-14T20:26:50","slug":"sluchawki-soundpeats-trueair-2-rozowe-w-cenie-199-0-pln","status":"publish","type":"product","link":"https:\/\/taniabonament.pl\/sluchawki\/model\/sluchawki-soundpeats-trueair-2-rozowe-w-cenie-199-0-pln\/","title":{"rendered":"S\u0142uchawki Soundpeats TrueAir 2 (r\u00f3\u017cowe) &#8211; w cenie 199.0 PLN"},"content":{"rendered":"<p><img decoding=\"async\" style=\"margin-right: 25px; margin-bottom: 10px; width: 220px;\" src=\"https:\/\/static.convertiser.com\/media\/product_images\/294\/d93211398b544fbe7c1b335cf30db403\/6dddfb29a0e4d0836524f21f71b6b375e273626f.webp\" alt=\"s\u0142uchawki z mikrofonem Soundpeats\" align=\"left\" \/><\/p>\n<h2>S\u0142uchawki marki Soundpeats<\/h2>\n<p>CENA ORYGINALNA: 199.0 PLN<\/p>\n<div style=\"font-weight: bold; font-size: 18px;\">\n<p>UWAGA <span style=\"color: red;\">MAMY RABATY!<\/span><\/p>\n<p>Szczeg\u00f3\u0142owe parametry takie jak dane techniczne, promocje sprawdzisz poni\u017cej w Akces-markt.pl. Rozmawiaj wygodnie przez mikrofon podczas pracy zdalnej. Odizoluj si\u0119 od niepo\u017c\u0105danych d\u017awi\u0119k\u00f3w zewn\u0119trznych. Ciesz si\u0119 czystym brzmieniem w s\u0142uchawkach. Przejd\u017a teraz bezpo\u015brednio do z sklepu gdzie szybko zakupisz te s\u0142uchawki w korzystnej cenie.<\/p>\n<p><span style=\"color: #fff; background-color: #000000; padding: 1px 7px;\"><strong>Soundpeats<\/strong><\/span><strong><span style=\"margin-left: 5px; color: #fff; background-color: red; padding: 1px 7px;\">199.0 PLN<\/span><\/strong><\/p>\n<p>&nbsp;<\/p>\n<p>&nbsp;<\/p>\n<\/div>\n<p style=\"text-align: center; padding-bottom: 15px;\"><a style=\"color: #fff; font-size: 22px; background-color: #e4144d; padding: 9px 14px; border-radius: 7px; text-decoration: underline;\" href=\"https:\/\/converti.se\/click\/34590059-c70e8160-5f3ad5bd\/?deep_link=https%3A%2F%2Fakces-markt.pl%2Fpl%2Fp%2FSluchawki-Soundpeats-TrueAir-2-rozowe%2F147838&#038;sid=sluchawki-z-mikrofonem&#038;tag6=product&#038;tag8=d93211398b544fbe7c1b335cf30db403&#038;tag9=S%C5%82uchawki+Soundpeats+TrueAir+2+%28r%C3%B3%C5%BCowe%29\" target=\"_blank\" rel=\"nofollow noopener\">Kup teraz<\/a> <span style=\"font-size: 22px; padding-left: 10px;\">199.0 PLN<\/span><\/p>\n","protected":false},"excerpt":{"rendered":"<h3>Odpowiednie <span style='color: red;'>s\u0142uchawki<\/span> z mikrofonem? <\/h3>\n<p> Cechy i zalety: <\/p>\n<ul style='padding-left: 10px; padding-bottom: 10px;'>\n<li style='padding-top: 10px;'>S\u0142uchawki TWS TrueAir 2 SoundPeatsOdkryj na nowo magi\u0119 muzyki i ws\u0142uchaj si\u0119 we wcze\u015bniej niedostrzegalne akcenty dzi\u0119ki True Air 2\n<li style='padding-top: 10px;'>Bezprzewodowe s\u0142uchawki zosta\u0142y wyposa\u017cone w najnowszy chipset Qualcomm oraz przydatn\u0105 funkcj\u0119 Bluetooth, w celu zapewnienia jak najlepszej jako\u015bci oraz komfortu podczas codziennego u\u017cytku\n<li style='padding-top: 10px;'>Podw\u00f3jny mikrofon oraz redukcja szum\u00f3w sprawi\u0105, \u017ce Twoi rozm\u00f3wcy doskonale us\u0142ysz\u0105 ka\u017cde s\u0142owo, bez \u017cadnych zak\u0142\u00f3ce\u0144\n<li style='padding-top: 10px;'>Po\u0142\u0105cz si\u0119 w jednej chwili ze smartfonem i ciesz si\u0119 z wyj\u0105tkowo d\u0142ugiej i efektywnej pracy s\u0142uchawek.Szybkie i stabilne po\u0142\u0105czenieZapomnij o jakichkolwiek przerwach w transmisji sygna\u0142u, poniewa\u017c wykorzystanie najnowszych generacji modu\u0142u Qualcomm oraz Bluetooth w wersji 5.2 pozwala na b\u0142yskawiczn\u0105 pr\u0119dko\u015b\u0107 parowania s\u0142uchawek z kompatybilnymi urz\u0105dzeniami\n<li style='padding-top: 10px;'>Co wi\u0119cej, innowacyjna technologia TrueWireless Mirroring jest odpowiedzialna za skuteczn\u0105 redukcj\u0119 zu\u017cycia energii, a tak\u017ce gwarantuje niezale\u017cne i pewne po\u0142\u0105czenie.Krystalicznie czysty d\u017awi\u0119kKodeki AAC i Qualcomm aptX\u2122 zapewniaj\u0105 czysty i wyra\u017any d\u017awi\u0119k bezprzewodowy na wszystkich urz\u0105dzeniach iPhone i Android\n<li style='padding-top: 10px;'>TrueAir 2 charakteryzuj\u0105 si\u0119 r\u00f3wnie\u017c niskim op\u00f3\u017anieniem, co przek\u0142ada si\u0119 na d\u017awi\u0119k wysokiej jako\u015bci, bez \u017cadnych zniekszta\u0142ce\u0144\n<li style='padding-top: 10px;'>Dostarcz sobie niezapomnianych wra\u017ce\u0144 immersyjnych oraz zachwy\u0107 si\u0119 swoimi ulubionymi piosenkami i bogatym w szczeg\u00f3\u0142y sygna\u0142em audio.P\u0142ynna komunikacjaNowoczesne s\u0142uchawki umo\u017cliwiaj\u0105 prowadzenie rozm\u00f3w przez telefon, nawet w trakcie powrotu do domu zat\u0142oczonym autobusem\n<li style='padding-top: 10px;'>Wbudowany, podw\u00f3jny mikrofon wykorzystuje system CVC minimalizuj\u0105cy uci\u0105\u017cliwe odg\u0142osy\n<li style='padding-top: 10px;'>Dzi\u0119ki takiemu rozwi\u0105zaniu, mo\u017cesz mie\u0107 pewno\u015b\u0107, \u017ce reszta rozm\u00f3wc\u00f3w doskonale i wyra\u017anie us\u0142yszy Tw\u00f3j g\u0142os\n<li style='padding-top: 10px;'>Zyskaj nieograniczon\u0105 swobod\u0119 przy wykonywaniu po\u0142\u0105cze\u0144 w ka\u017cdej sytuacji.\u00a0Wytrzyma\u0142y akumulatorTrueAir 2 oferuj\u0105 do 5 godzin nieprzerwanego odtwarzania muzyki na jednorazowym, pe\u0142nym na\u0142adowaniu\n<li style='padding-top: 10px;'>Ponadto, do\u0142\u0105czone do zestawu etui \u0142aduj\u0105ce przed\u0142u\u017ca ten czas a\u017c o 20 dodatkowych godzin i pozwala zabra\u0107 s\u0142uchawki ze sob\u0105 niemal wsz\u0119dzie\n<li style='padding-top: 10px;'>Zapewnij sobie znacznie u\u0142atwion\u0105 regularn\u0105 obs\u0142ug\u0119 akcesorium, poprzez mo\u017cliwo\u015b\u0107 bezprzewodowego \u0142adowania.Stylowy i ergonomiczny designKompaktowe wymiary w po\u0142\u0105czeniu z niewielk\u0105 wag\u0105 to udana kombinacja, kt\u00f3ra z pewno\u015bci\u0105 nie spowoduje problem\u00f3w w transporcie oraz nie zabierze du\u017co miejsca w plecaku lub torebce\n<li style='padding-top: 10px;'>Przemy\u015blana konstrukcja TrueAir 2 potrafi dopasowa\u0107 si\u0119 do r\u00f3\u017cnego rodzaju kszta\u0142tu uszu, nie powoduj\u0105c uczucia dyskomfortu\n<li style='padding-top: 10px;'>Wybierz jeden z trzech dost\u0119pnych wariant\u00f3w kolorystycznych i podnie\u015b sw\u00f3j standard z wygodnymi s\u0142uchawkami Soundpeats.\u00a0W zestawieS\u0142uchawki\u00a0Kabel \u0142aduj\u0105cy\u00a0USB-C\u00a0Etui \u0142aduj\u0105ceInstrukcja obs\u0142ugiSpecyfikacjaProducentSoundpeatsModelTrueAir 2Klasa wodoodporno\u015bciIPX4Wersja Bluetooth5.2Obs\u0142ugiwany kodek BluetoothSBC, APTXZasi\u0119g bezprzewodowyDo 10 mProfile BluetoothHSP, HFP, A2DP, AVRCPPojemno\u015b\u0107 akumulatora300 mAh (Etui)Pojemno\u015b\u0107 akumulatora30*2 mAh (S\u0142uchawki)Czas \u0142adowaniaOk\n<li style='padding-top: 10px;'>2 hCzas odtwarzaniaOk\n<li style='padding-top: 10px;'>25 h<\/ul>\n","protected":false},"featured_media":10160,"comment_status":"closed","ping_status":"open","template":"","meta":[],"product_cat":[601,31],"product_tag":[],"class_list":{"0":"post-10159","1":"product","2":"type-product","3":"status-publish","5":"hentry","6":"product_cat-sluchawki-z-mikrofonem","7":"product_cat-soundpeats","8":"pa_producent-soundpeats","9":"pa_sklep-akces-markt-pl"},"yoast_head":"<!-- This site is optimized with the Yoast SEO plugin v20.9 - https:\/\/yoast.com\/wordpress\/plugins\/seo\/ -->\n<title>s\u0142uchawki z mikrofonem Soundpeats<\/title>\n<meta name=\"description\" content=\"S\u0142uchawki z mikrofonem. Model Soundpeats w atrakcyjnej cenie 199.0 PLN. Przedstawiamy s\u0142uchawki do pracy zdalnej i s\u0142uchania muzyki.\" \/>\n<meta name=\"robots\" content=\"index, follow, max-snippet:-1, max-image-preview:large, max-video-preview:-1\" \/>\n<link rel=\"canonical\" href=\"https:\/\/taniabonament.pl\/sluchawki\/model\/sluchawki-soundpeats-trueair-2-rozowe-w-cenie-199-0-pln\/\" \/>\n<meta property=\"og:locale\" content=\"pl_PL\" \/>\n<meta property=\"og:type\" content=\"article\" \/>\n<meta property=\"og:title\" content=\"s\u0142uchawki z mikrofonem Soundpeats\" \/>\n<meta property=\"og:description\" content=\"S\u0142uchawki z mikrofonem. Model Soundpeats w atrakcyjnej cenie 199.0 PLN. Przedstawiamy s\u0142uchawki do pracy zdalnej i s\u0142uchania muzyki.\" \/>\n<meta property=\"og:url\" content=\"https:\/\/taniabonament.pl\/sluchawki\/model\/sluchawki-soundpeats-trueair-2-rozowe-w-cenie-199-0-pln\/\" \/>\n<meta property=\"og:site_name\" content=\"TaniAbonament.pl S\u0142uchawki\" \/>\n<meta property=\"article:modified_time\" content=\"2022-02-14T20:26:50+00:00\" \/>\n<meta property=\"og:image\" content=\"https:\/\/taniabonament.pl\/sluchawki\/wp-content\/uploads\/2022\/02\/6dddfb29a0e4d0836524f21f71b6b375e273626f.webp\" \/>\n\t<meta property=\"og:image:width\" content=\"489\" \/>\n\t<meta property=\"og:image:height\" content=\"500\" \/>\n\t<meta property=\"og:image:type\" content=\"image\/jpeg\" \/>\n<meta name=\"twitter:card\" content=\"summary_large_image\" \/>\n<script type=\"application\/ld+json\" class=\"yoast-schema-graph\">{\"@context\":\"https:\/\/schema.org\",\"@graph\":[{\"@type\":\"WebPage\",\"@id\":\"https:\/\/taniabonament.pl\/sluchawki\/model\/sluchawki-soundpeats-trueair-2-rozowe-w-cenie-199-0-pln\/\",\"url\":\"https:\/\/taniabonament.pl\/sluchawki\/model\/sluchawki-soundpeats-trueair-2-rozowe-w-cenie-199-0-pln\/\",\"name\":\"s\u0142uchawki z mikrofonem Soundpeats\",\"isPartOf\":{\"@id\":\"https:\/\/taniabonament.pl\/sluchawki\/#website\"},\"datePublished\":\"2022-02-14T20:26:45+00:00\",\"dateModified\":\"2022-02-14T20:26:50+00:00\",\"description\":\"S\u0142uchawki z mikrofonem. Model Soundpeats w atrakcyjnej cenie 199.0 PLN. Przedstawiamy s\u0142uchawki do pracy zdalnej i s\u0142uchania muzyki.\",\"breadcrumb\":{\"@id\":\"https:\/\/taniabonament.pl\/sluchawki\/model\/sluchawki-soundpeats-trueair-2-rozowe-w-cenie-199-0-pln\/#breadcrumb\"},\"inLanguage\":\"pl-PL\",\"potentialAction\":[{\"@type\":\"ReadAction\",\"target\":[\"https:\/\/taniabonament.pl\/sluchawki\/model\/sluchawki-soundpeats-trueair-2-rozowe-w-cenie-199-0-pln\/\"]}]},{\"@type\":\"BreadcrumbList\",\"@id\":\"https:\/\/taniabonament.pl\/sluchawki\/model\/sluchawki-soundpeats-trueair-2-rozowe-w-cenie-199-0-pln\/#breadcrumb\",\"itemListElement\":[{\"@type\":\"ListItem\",\"position\":1,\"name\":\"Strona g\u0142\u00f3wna\",\"item\":\"https:\/\/taniabonament.pl\/sluchawki\/\"},{\"@type\":\"ListItem\",\"position\":2,\"name\":\"Sklep\",\"item\":\"https:\/\/taniabonament.pl\/sluchawki\/\"},{\"@type\":\"ListItem\",\"position\":3,\"name\":\"S\u0142uchawki Soundpeats TrueAir 2 (r\u00f3\u017cowe) &#8211; w cenie 199.0 PLN\"}]},{\"@type\":\"WebSite\",\"@id\":\"https:\/\/taniabonament.pl\/sluchawki\/#website\",\"url\":\"https:\/\/taniabonament.pl\/sluchawki\/\",\"name\":\"TaniAbonament.pl S\u0142uchawki\",\"description\":\"\u015bwiat s\u0142uchawek idealnych do pracy zdalnej\",\"potentialAction\":[{\"@type\":\"SearchAction\",\"target\":{\"@type\":\"EntryPoint\",\"urlTemplate\":\"https:\/\/taniabonament.pl\/sluchawki\/?s={search_term_string}\"},\"query-input\":\"required name=search_term_string\"}],\"inLanguage\":\"pl-PL\"}]}<\/script>\n<!-- \/ Yoast SEO plugin. -->","yoast_head_json":{"title":"s\u0142uchawki z mikrofonem Soundpeats","description":"S\u0142uchawki z mikrofonem. Model Soundpeats w atrakcyjnej cenie 199.0 PLN. Przedstawiamy s\u0142uchawki do pracy zdalnej i s\u0142uchania muzyki.","robots":{"index":"index","follow":"follow","max-snippet":"max-snippet:-1","max-image-preview":"max-image-preview:large","max-video-preview":"max-video-preview:-1"},"canonical":"https:\/\/taniabonament.pl\/sluchawki\/model\/sluchawki-soundpeats-trueair-2-rozowe-w-cenie-199-0-pln\/","og_locale":"pl_PL","og_type":"article","og_title":"s\u0142uchawki z mikrofonem Soundpeats","og_description":"S\u0142uchawki z mikrofonem. Model Soundpeats w atrakcyjnej cenie 199.0 PLN. Przedstawiamy s\u0142uchawki do pracy zdalnej i s\u0142uchania muzyki.","og_url":"https:\/\/taniabonament.pl\/sluchawki\/model\/sluchawki-soundpeats-trueair-2-rozowe-w-cenie-199-0-pln\/","og_site_name":"TaniAbonament.pl S\u0142uchawki","article_modified_time":"2022-02-14T20:26:50+00:00","og_image":[{"width":489,"height":500,"url":"https:\/\/taniabonament.pl\/sluchawki\/wp-content\/uploads\/2022\/02\/6dddfb29a0e4d0836524f21f71b6b375e273626f.webp","type":"image\/jpeg"}],"twitter_card":"summary_large_image","schema":{"@context":"https:\/\/schema.org","@graph":[{"@type":"WebPage","@id":"https:\/\/taniabonament.pl\/sluchawki\/model\/sluchawki-soundpeats-trueair-2-rozowe-w-cenie-199-0-pln\/","url":"https:\/\/taniabonament.pl\/sluchawki\/model\/sluchawki-soundpeats-trueair-2-rozowe-w-cenie-199-0-pln\/","name":"s\u0142uchawki z mikrofonem Soundpeats","isPartOf":{"@id":"https:\/\/taniabonament.pl\/sluchawki\/#website"},"datePublished":"2022-02-14T20:26:45+00:00","dateModified":"2022-02-14T20:26:50+00:00","description":"S\u0142uchawki z mikrofonem. Model Soundpeats w atrakcyjnej cenie 199.0 PLN. Przedstawiamy s\u0142uchawki do pracy zdalnej i s\u0142uchania muzyki.","breadcrumb":{"@id":"https:\/\/taniabonament.pl\/sluchawki\/model\/sluchawki-soundpeats-trueair-2-rozowe-w-cenie-199-0-pln\/#breadcrumb"},"inLanguage":"pl-PL","potentialAction":[{"@type":"ReadAction","target":["https:\/\/taniabonament.pl\/sluchawki\/model\/sluchawki-soundpeats-trueair-2-rozowe-w-cenie-199-0-pln\/"]}]},{"@type":"BreadcrumbList","@id":"https:\/\/taniabonament.pl\/sluchawki\/model\/sluchawki-soundpeats-trueair-2-rozowe-w-cenie-199-0-pln\/#breadcrumb","itemListElement":[{"@type":"ListItem","position":1,"name":"Strona g\u0142\u00f3wna","item":"https:\/\/taniabonament.pl\/sluchawki\/"},{"@type":"ListItem","position":2,"name":"Sklep","item":"https:\/\/taniabonament.pl\/sluchawki\/"},{"@type":"ListItem","position":3,"name":"S\u0142uchawki Soundpeats TrueAir 2 (r\u00f3\u017cowe) &#8211; w cenie 199.0 PLN"}]},{"@type":"WebSite","@id":"https:\/\/taniabonament.pl\/sluchawki\/#website","url":"https:\/\/taniabonament.pl\/sluchawki\/","name":"TaniAbonament.pl S\u0142uchawki","description":"\u015bwiat s\u0142uchawek idealnych do pracy zdalnej","potentialAction":[{"@type":"SearchAction","target":{"@type":"EntryPoint","urlTemplate":"https:\/\/taniabonament.pl\/sluchawki\/?s={search_term_string}"},"query-input":"required name=search_term_string"}],"inLanguage":"pl-PL"}]}},"_links":{"self":[{"href":"https:\/\/taniabonament.pl\/sluchawki\/wp-json\/wp\/v2\/product\/10159","targetHints":{"allow":["GET"]}}],"collection":[{"href":"https:\/\/taniabonament.pl\/sluchawki\/wp-json\/wp\/v2\/product"}],"about":[{"href":"https:\/\/taniabonament.pl\/sluchawki\/wp-json\/wp\/v2\/types\/product"}],"replies":[{"embeddable":true,"href":"https:\/\/taniabonament.pl\/sluchawki\/wp-json\/wp\/v2\/comments?post=10159"}],"wp:featuredmedia":[{"embeddable":true,"href":"https:\/\/taniabonament.pl\/sluchawki\/wp-json\/wp\/v2\/media\/10160"}],"wp:attachment":[{"href":"https:\/\/taniabonament.pl\/sluchawki\/wp-json\/wp\/v2\/media?parent=10159"}],"wp:term":[{"taxonomy":"product_cat","embeddable":true,"href":"https:\/\/taniabonament.pl\/sluchawki\/wp-json\/wp\/v2\/product_cat?post=10159"},{"taxonomy":"product_tag","embeddable":true,"href":"https:\/\/taniabonament.pl\/sluchawki\/wp-json\/wp\/v2\/product_tag?post=10159"}],"curies":[{"name":"wp","href":"https:\/\/api.w.org\/{rel}","templated":true}]}}