{"id":10155,"date":"2022-02-14T20:26:45","date_gmt":"2022-02-14T20:26:45","guid":{"rendered":"https:\/\/taniabonament.pl\/sluchawki\/model\/sluchawki-tws-lenovo-ht05-czarne-w-cenie-129-0-pln\/"},"modified":"2022-02-14T20:26:49","modified_gmt":"2022-02-14T20:26:49","slug":"sluchawki-tws-lenovo-ht05-czarne-w-cenie-129-0-pln","status":"publish","type":"product","link":"https:\/\/taniabonament.pl\/sluchawki\/model\/sluchawki-tws-lenovo-ht05-czarne-w-cenie-129-0-pln\/","title":{"rendered":"S\u0142uchawki TWS Lenovo HT05 (czarne) &#8211; w cenie 129.0 PLN"},"content":{"rendered":"<p><img decoding=\"async\" style=\"margin-right: 25px; margin-bottom: 10px; width: 220px;\" src=\"https:\/\/static.convertiser.com\/media\/product_images\/294\/a28453c7e61410e10afbce7341e98f7e\/568851597a34437412875fdbb39ca13f733e1086.webp\" alt=\"s\u0142uchawki z mikrofonem Lenovo\" align=\"left\" \/><\/p>\n<h2>S\u0142uchawki marki Lenovo<\/h2>\n<p>CENA ORYGINALNA: 129.0 PLN<\/p>\n<div style=\"font-weight: bold; font-size: 18px;\">\n<p>UWAGA <span style=\"color: red;\">MAMY RABATY!<\/span><\/p>\n<p>Szczeg\u00f3\u0142owe parametry takie jak dane techniczne, promocje sprawdzisz poni\u017cej w Akces-markt.pl. Rozmawiaj wygodnie przez mikrofon podczas pracy zdalnej. Odizoluj si\u0119 od niepo\u017c\u0105danych d\u017awi\u0119k\u00f3w zewn\u0119trznych. Ciesz si\u0119 czystym brzmieniem w s\u0142uchawkach. Przejd\u017a teraz bezpo\u015brednio do z sklepu gdzie szybko zakupisz te s\u0142uchawki w korzystnej cenie.<\/p>\n<p><span style=\"color: #fff; background-color: #000000; padding: 1px 7px;\"><strong>Lenovo<\/strong><\/span><strong><span style=\"margin-left: 5px; color: #fff; background-color: red; padding: 1px 7px;\">129.0 PLN<\/span><\/strong><\/p>\n<p>&nbsp;<\/p>\n<p>&nbsp;<\/p>\n<\/div>\n<p style=\"text-align: center; padding-bottom: 15px;\"><a style=\"color: #fff; font-size: 22px; background-color: #e4144d; padding: 9px 14px; border-radius: 7px; text-decoration: underline;\" href=\"https:\/\/converti.se\/click\/34590059-c70e8160-5f3ad5bd\/?deep_link=https%3A%2F%2Fakces-markt.pl%2Fpl%2Fp%2FSluchawki-TWS-Lenovo-HT05-czarne%2F147979&#038;sid=sluchawki-z-mikrofonem&#038;tag6=product&#038;tag8=a28453c7e61410e10afbce7341e98f7e&#038;tag9=S%C5%82uchawki+TWS+Lenovo+HT05+%28czarne%29\" target=\"_blank\" rel=\"nofollow noopener\">Kup teraz<\/a> <span style=\"font-size: 22px; padding-left: 10px;\">129.0 PLN<\/span><\/p>\n","protected":false},"excerpt":{"rendered":"<h3>Odpowiednie <span style='color: red;'>s\u0142uchawki<\/span> z mikrofonem? <\/h3>\n<p> Cechy i zalety: <\/p>\n<ul style='padding-left: 10px; padding-bottom: 10px;'>\n<li style='padding-top: 10px;'>S\u0142uchawki bezprzewodowe TWS Lenovo HT05Bezprzewodowe s\u0142uchawki Lenovo HT06 dostarcz\u0105 Ci niezapomnianych muzycznych wra\u017ce\u0144, a ich czas pracy wynosi do 4 godzin na jednym \u0142adowaniu\n<li style='padding-top: 10px;'>\u0141\u0105cze Bluetooth 5.0 zapewnia szybk\u0105 transmisj\u0119, a wodoodporno\u015b\u0107 IPX5 pozwala s\u0142ucha\u0107 muzyki r\u00f3wnie\u017c podczas deszczu lub treningu\n<li style='padding-top: 10px;'>Wbudowany mikrofon umo\u017cliwia swobodne rozmawianie przez telefon\n<li style='padding-top: 10px;'>S\u0142uchawki s\u0105 przy tym niezwykle wygodne.\u00a0Bluetooth 5.0HT05 zapewniaj\u0105 szybkie, stabilne i bezproblemowe po\u0142\u0105czenie\n<li style='padding-top: 10px;'>Sta\u0142o si\u0119 to mo\u017cliwe dzi\u0119ki zastosowaniu nowoczesnego \u0142\u0105cza Bluetooth 5.0, kt\u00f3re pozwoli\u0142o te\u017c zmniejszy\u0107 zu\u017cycie energii, co przek\u0142ada si\u0119 na d\u0142u\u017cszy czas pracy\n<li style='padding-top: 10px;'>Ponadto ka\u017cda s\u0142uchawka niezale\u017cnie \u0142\u0105czy si\u0119 z wybranym urz\u0105dzeniem, mo\u017cesz wi\u0119c swobodnie u\u017cywa\u0107 ich razem lub pojedynczo\n<li style='padding-top: 10px;'>HT05 obs\u0142uguj\u0105 te\u017c automatyczne parowanie po wyj\u0119ciu z etui.\u00a0D\u0142ugi czas pracyGdy ca\u0142kowicie na\u0142adujesz s\u0142uchawki, mo\u017cesz s\u0142ucha\u0107 muzyki przez oko\u0142o 4 godziny\n<li style='padding-top: 10px;'>Ich wygodne \u0142adowanie umo\u017cliwia wchodz\u0105ce w sk\u0142ad zestawu etui, kt\u00f3re zosta\u0142o wyposa\u017cone w port USB-C oraz akumulator o pojemno\u015bci 250 mAh\n<li style='padding-top: 10px;'>Aby na\u0142adowa\u0107 HT05 za jego pomoc\u0105, wystarcz\u0105 oko\u0142o 2 godziny!\u00a0Rozmawiaj przez telefon, gdzie chceszS\u0142uchawki zosta\u0142y wyposa\u017cone w wysokiej klasy mikrofony HD, kt\u00f3re niezawodnie zarejestruj\u0105 Tw\u00f3j g\u0142os\n<li style='padding-top: 10px;'>Dzi\u0119ki temu mo\u017cesz mie\u0107 pewno\u015b\u0107, \u017ce Tw\u00f3j rozm\u00f3wca niemal zawsze bez problemu Ci\u0119 us\u0142yszy\n<li style='padding-top: 10px;'>Co wi\u0119cej, HT05 obs\u0142uguj\u0105 inteligentne powiadomienia o przychodz\u0105cych po\u0142\u0105czeniach.\u00a0Niesamowicie wygodneHT05 zosta\u0142y zaprojektowane w taki spos\u00f3b, aby pozwoli\u0107 Ci cieszy\u0107 si\u0119 wymarzonym komfortem u\u017cytkowania\n<li style='padding-top: 10px;'>S\u0142uchanie muzyki nigdy nie by\u0142o przyjemniejsze! S\u0142uchawki idealnie pasuj\u0105 do uszu i z nich nie wypadaj\u0105\n<li style='padding-top: 10px;'>W zestawie znajdziesz te\u017c wymienne gumki w 3 rozmiarach, za pomoc\u0105 kt\u00f3rych jeszcze lepiej dostosujesz je do swoich potrzeb.\u00a0Specyfikacja\u00a0ProducentLenovoModelHT05RodzajDouszneWersja Bluetooth5.0Pojemno\u015b\u0107 akumulatora s\u0142uchawek40 mAh \/ 3,7 VPojemno\u015b\u0107 akumulatora etui250 mAh \/ 3,7 VCzas pracyOk\n<li style='padding-top: 10px;'>4 hCzas \u0142adowaniaOk\n<li style='padding-top: 10px;'>2 hWodoodporno\u015b\u0107IPX5Port \u0142adowaniaUSB-C<\/ul>\n","protected":false},"featured_media":10156,"comment_status":"closed","ping_status":"open","template":"","meta":[],"product_cat":[171,601],"product_tag":[],"class_list":{"0":"post-10155","1":"product","2":"type-product","3":"status-publish","5":"hentry","6":"product_cat-lenovo","7":"product_cat-sluchawki-z-mikrofonem","8":"pa_producent-lenovo","9":"pa_sklep-akces-markt-pl"},"yoast_head":"<!-- This site is optimized with the Yoast SEO plugin v20.9 - https:\/\/yoast.com\/wordpress\/plugins\/seo\/ -->\n<title>s\u0142uchawki z mikrofonem Lenovo<\/title>\n<meta name=\"description\" content=\"S\u0142uchawki z mikrofonem. Model Lenovo w atrakcyjnej cenie 129.0 PLN. Przedstawiamy s\u0142uchawki do pracy zdalnej i s\u0142uchania muzyki.\" \/>\n<meta name=\"robots\" content=\"index, follow, max-snippet:-1, max-image-preview:large, max-video-preview:-1\" \/>\n<link rel=\"canonical\" href=\"https:\/\/taniabonament.pl\/sluchawki\/model\/sluchawki-tws-lenovo-ht05-czarne-w-cenie-129-0-pln\/\" \/>\n<meta property=\"og:locale\" content=\"pl_PL\" \/>\n<meta property=\"og:type\" content=\"article\" \/>\n<meta property=\"og:title\" content=\"s\u0142uchawki z mikrofonem Lenovo\" \/>\n<meta property=\"og:description\" content=\"S\u0142uchawki z mikrofonem. Model Lenovo w atrakcyjnej cenie 129.0 PLN. Przedstawiamy s\u0142uchawki do pracy zdalnej i s\u0142uchania muzyki.\" \/>\n<meta property=\"og:url\" content=\"https:\/\/taniabonament.pl\/sluchawki\/model\/sluchawki-tws-lenovo-ht05-czarne-w-cenie-129-0-pln\/\" \/>\n<meta property=\"og:site_name\" content=\"TaniAbonament.pl S\u0142uchawki\" \/>\n<meta property=\"article:modified_time\" content=\"2022-02-14T20:26:49+00:00\" \/>\n<meta property=\"og:image\" content=\"https:\/\/taniabonament.pl\/sluchawki\/wp-content\/uploads\/2022\/02\/568851597a34437412875fdbb39ca13f733e1086.webp\" \/>\n\t<meta property=\"og:image:width\" content=\"500\" \/>\n\t<meta property=\"og:image:height\" content=\"500\" \/>\n\t<meta property=\"og:image:type\" content=\"image\/jpeg\" \/>\n<meta name=\"twitter:card\" content=\"summary_large_image\" \/>\n<script type=\"application\/ld+json\" class=\"yoast-schema-graph\">{\"@context\":\"https:\/\/schema.org\",\"@graph\":[{\"@type\":\"WebPage\",\"@id\":\"https:\/\/taniabonament.pl\/sluchawki\/model\/sluchawki-tws-lenovo-ht05-czarne-w-cenie-129-0-pln\/\",\"url\":\"https:\/\/taniabonament.pl\/sluchawki\/model\/sluchawki-tws-lenovo-ht05-czarne-w-cenie-129-0-pln\/\",\"name\":\"s\u0142uchawki z mikrofonem Lenovo\",\"isPartOf\":{\"@id\":\"https:\/\/taniabonament.pl\/sluchawki\/#website\"},\"datePublished\":\"2022-02-14T20:26:45+00:00\",\"dateModified\":\"2022-02-14T20:26:49+00:00\",\"description\":\"S\u0142uchawki z mikrofonem. Model Lenovo w atrakcyjnej cenie 129.0 PLN. Przedstawiamy s\u0142uchawki do pracy zdalnej i s\u0142uchania muzyki.\",\"breadcrumb\":{\"@id\":\"https:\/\/taniabonament.pl\/sluchawki\/model\/sluchawki-tws-lenovo-ht05-czarne-w-cenie-129-0-pln\/#breadcrumb\"},\"inLanguage\":\"pl-PL\",\"potentialAction\":[{\"@type\":\"ReadAction\",\"target\":[\"https:\/\/taniabonament.pl\/sluchawki\/model\/sluchawki-tws-lenovo-ht05-czarne-w-cenie-129-0-pln\/\"]}]},{\"@type\":\"BreadcrumbList\",\"@id\":\"https:\/\/taniabonament.pl\/sluchawki\/model\/sluchawki-tws-lenovo-ht05-czarne-w-cenie-129-0-pln\/#breadcrumb\",\"itemListElement\":[{\"@type\":\"ListItem\",\"position\":1,\"name\":\"Strona g\u0142\u00f3wna\",\"item\":\"https:\/\/taniabonament.pl\/sluchawki\/\"},{\"@type\":\"ListItem\",\"position\":2,\"name\":\"Sklep\",\"item\":\"https:\/\/taniabonament.pl\/sluchawki\/\"},{\"@type\":\"ListItem\",\"position\":3,\"name\":\"S\u0142uchawki TWS Lenovo HT05 (czarne) &#8211; w cenie 129.0 PLN\"}]},{\"@type\":\"WebSite\",\"@id\":\"https:\/\/taniabonament.pl\/sluchawki\/#website\",\"url\":\"https:\/\/taniabonament.pl\/sluchawki\/\",\"name\":\"TaniAbonament.pl S\u0142uchawki\",\"description\":\"\u015bwiat s\u0142uchawek idealnych do pracy zdalnej\",\"potentialAction\":[{\"@type\":\"SearchAction\",\"target\":{\"@type\":\"EntryPoint\",\"urlTemplate\":\"https:\/\/taniabonament.pl\/sluchawki\/?s={search_term_string}\"},\"query-input\":\"required name=search_term_string\"}],\"inLanguage\":\"pl-PL\"}]}<\/script>\n<!-- \/ Yoast SEO plugin. -->","yoast_head_json":{"title":"s\u0142uchawki z mikrofonem Lenovo","description":"S\u0142uchawki z mikrofonem. Model Lenovo w atrakcyjnej cenie 129.0 PLN. Przedstawiamy s\u0142uchawki do pracy zdalnej i s\u0142uchania muzyki.","robots":{"index":"index","follow":"follow","max-snippet":"max-snippet:-1","max-image-preview":"max-image-preview:large","max-video-preview":"max-video-preview:-1"},"canonical":"https:\/\/taniabonament.pl\/sluchawki\/model\/sluchawki-tws-lenovo-ht05-czarne-w-cenie-129-0-pln\/","og_locale":"pl_PL","og_type":"article","og_title":"s\u0142uchawki z mikrofonem Lenovo","og_description":"S\u0142uchawki z mikrofonem. Model Lenovo w atrakcyjnej cenie 129.0 PLN. Przedstawiamy s\u0142uchawki do pracy zdalnej i s\u0142uchania muzyki.","og_url":"https:\/\/taniabonament.pl\/sluchawki\/model\/sluchawki-tws-lenovo-ht05-czarne-w-cenie-129-0-pln\/","og_site_name":"TaniAbonament.pl S\u0142uchawki","article_modified_time":"2022-02-14T20:26:49+00:00","og_image":[{"width":500,"height":500,"url":"https:\/\/taniabonament.pl\/sluchawki\/wp-content\/uploads\/2022\/02\/568851597a34437412875fdbb39ca13f733e1086.webp","type":"image\/jpeg"}],"twitter_card":"summary_large_image","schema":{"@context":"https:\/\/schema.org","@graph":[{"@type":"WebPage","@id":"https:\/\/taniabonament.pl\/sluchawki\/model\/sluchawki-tws-lenovo-ht05-czarne-w-cenie-129-0-pln\/","url":"https:\/\/taniabonament.pl\/sluchawki\/model\/sluchawki-tws-lenovo-ht05-czarne-w-cenie-129-0-pln\/","name":"s\u0142uchawki z mikrofonem Lenovo","isPartOf":{"@id":"https:\/\/taniabonament.pl\/sluchawki\/#website"},"datePublished":"2022-02-14T20:26:45+00:00","dateModified":"2022-02-14T20:26:49+00:00","description":"S\u0142uchawki z mikrofonem. Model Lenovo w atrakcyjnej cenie 129.0 PLN. Przedstawiamy s\u0142uchawki do pracy zdalnej i s\u0142uchania muzyki.","breadcrumb":{"@id":"https:\/\/taniabonament.pl\/sluchawki\/model\/sluchawki-tws-lenovo-ht05-czarne-w-cenie-129-0-pln\/#breadcrumb"},"inLanguage":"pl-PL","potentialAction":[{"@type":"ReadAction","target":["https:\/\/taniabonament.pl\/sluchawki\/model\/sluchawki-tws-lenovo-ht05-czarne-w-cenie-129-0-pln\/"]}]},{"@type":"BreadcrumbList","@id":"https:\/\/taniabonament.pl\/sluchawki\/model\/sluchawki-tws-lenovo-ht05-czarne-w-cenie-129-0-pln\/#breadcrumb","itemListElement":[{"@type":"ListItem","position":1,"name":"Strona g\u0142\u00f3wna","item":"https:\/\/taniabonament.pl\/sluchawki\/"},{"@type":"ListItem","position":2,"name":"Sklep","item":"https:\/\/taniabonament.pl\/sluchawki\/"},{"@type":"ListItem","position":3,"name":"S\u0142uchawki TWS Lenovo HT05 (czarne) &#8211; w cenie 129.0 PLN"}]},{"@type":"WebSite","@id":"https:\/\/taniabonament.pl\/sluchawki\/#website","url":"https:\/\/taniabonament.pl\/sluchawki\/","name":"TaniAbonament.pl S\u0142uchawki","description":"\u015bwiat s\u0142uchawek idealnych do pracy zdalnej","potentialAction":[{"@type":"SearchAction","target":{"@type":"EntryPoint","urlTemplate":"https:\/\/taniabonament.pl\/sluchawki\/?s={search_term_string}"},"query-input":"required name=search_term_string"}],"inLanguage":"pl-PL"}]}},"_links":{"self":[{"href":"https:\/\/taniabonament.pl\/sluchawki\/wp-json\/wp\/v2\/product\/10155","targetHints":{"allow":["GET"]}}],"collection":[{"href":"https:\/\/taniabonament.pl\/sluchawki\/wp-json\/wp\/v2\/product"}],"about":[{"href":"https:\/\/taniabonament.pl\/sluchawki\/wp-json\/wp\/v2\/types\/product"}],"replies":[{"embeddable":true,"href":"https:\/\/taniabonament.pl\/sluchawki\/wp-json\/wp\/v2\/comments?post=10155"}],"wp:featuredmedia":[{"embeddable":true,"href":"https:\/\/taniabonament.pl\/sluchawki\/wp-json\/wp\/v2\/media\/10156"}],"wp:attachment":[{"href":"https:\/\/taniabonament.pl\/sluchawki\/wp-json\/wp\/v2\/media?parent=10155"}],"wp:term":[{"taxonomy":"product_cat","embeddable":true,"href":"https:\/\/taniabonament.pl\/sluchawki\/wp-json\/wp\/v2\/product_cat?post=10155"},{"taxonomy":"product_tag","embeddable":true,"href":"https:\/\/taniabonament.pl\/sluchawki\/wp-json\/wp\/v2\/product_tag?post=10155"}],"curies":[{"name":"wp","href":"https:\/\/api.w.org\/{rel}","templated":true}]}}