{"id":10151,"date":"2022-02-14T20:26:45","date_gmt":"2022-02-14T20:26:45","guid":{"rendered":"https:\/\/taniabonament.pl\/sluchawki\/model\/sluchawki-gamingowe-havit-h656d-35-mm-aux-usb-w-cenie-85-0-pln\/"},"modified":"2022-02-14T20:26:48","modified_gmt":"2022-02-14T20:26:48","slug":"sluchawki-gamingowe-havit-h656d-35-mm-aux-usb-w-cenie-85-0-pln","status":"publish","type":"product","link":"https:\/\/taniabonament.pl\/sluchawki\/model\/sluchawki-gamingowe-havit-h656d-35-mm-aux-usb-w-cenie-85-0-pln\/","title":{"rendered":"S\u0142uchawki gamingowe Havit H656d, 3,5 mm AUX + USB &#8211; w cenie 85.0 PLN"},"content":{"rendered":"<p><img decoding=\"async\" style=\"margin-right: 25px; margin-bottom: 10px; width: 220px;\" src=\"https:\/\/static.convertiser.com\/media\/product_images\/294\/dde642082f2105af8914fa469e5558aa\/99f9b66464bbeff76b432c83f387d7d0f23f59b2.webp\" alt=\"s\u0142uchawki z mikrofonem HAVIT\" align=\"left\" \/><\/p>\n<h2>S\u0142uchawki marki HAVIT<\/h2>\n<p>CENA ORYGINALNA: 85.0 PLN<\/p>\n<div style=\"font-weight: bold; font-size: 18px;\">\n<p>UWAGA <span style=\"color: red;\">MAMY RABATY!<\/span><\/p>\n<p>Szczeg\u00f3\u0142owe parametry takie jak dane techniczne, promocje sprawdzisz poni\u017cej w Akces-markt.pl. Rozmawiaj wygodnie przez mikrofon podczas pracy zdalnej. Odizoluj si\u0119 od niepo\u017c\u0105danych d\u017awi\u0119k\u00f3w zewn\u0119trznych. Ciesz si\u0119 czystym brzmieniem w s\u0142uchawkach. Przejd\u017a teraz bezpo\u015brednio do z sklepu gdzie szybko zakupisz te s\u0142uchawki w korzystnej cenie.<\/p>\n<p><span style=\"color: #fff; background-color: #000000; padding: 1px 7px;\"><strong>HAVIT<\/strong><\/span><strong><span style=\"margin-left: 5px; color: #fff; background-color: red; padding: 1px 7px;\">85.0 PLN<\/span><\/strong><\/p>\n<p>&nbsp;<\/p>\n<p>&nbsp;<\/p>\n<\/div>\n<p style=\"text-align: center; padding-bottom: 15px;\"><a style=\"color: #fff; font-size: 22px; background-color: #e4144d; padding: 9px 14px; border-radius: 7px; text-decoration: underline;\" href=\"https:\/\/converti.se\/click\/34590059-c70e8160-5f3ad5bd\/?deep_link=https%3A%2F%2Fakces-markt.pl%2Fpl%2Fp%2FSluchawki-gamingowe-Havit-H656d%252C-3%252C5-mm-AUX-USB%2F146473&#038;sid=sluchawki-z-mikrofonem&#038;tag6=product&#038;tag8=dde642082f2105af8914fa469e5558aa&#038;tag9=S%C5%82uchawki+gamingowe+Havit+H656d%2C+3%2C5+mm+AUX+%2B+USB\" target=\"_blank\" rel=\"nofollow noopener\">Kup teraz<\/a> <span style=\"font-size: 22px; padding-left: 10px;\">85.0 PLN<\/span><\/p>\n","protected":false},"excerpt":{"rendered":"<h3>Odpowiednie <span style='color: red;'>s\u0142uchawki<\/span> z mikrofonem? <\/h3>\n<p> Cechy i zalety: <\/p>\n<ul style='padding-left: 10px; padding-bottom: 10px;'>\n<li style='padding-top: 10px;'>S\u0142uchawki gamingowe Havit H656dTeraz mo\u017cesz jeszcze lepiej us\u0142ysze\u0107 ka\u017cdego przeciwnika i cieszy\u0107 si\u0119 doskona\u0142ej jako\u015bci d\u017awi\u0119kiem\n<li style='padding-top: 10px;'>S\u0142uchawki gamingowe H656d zosta\u0142y wyposa\u017cone w g\u0142o\u015bniki 50 mm, kt\u00f3re zapewniaj\u0105 krystalicznie czyste brzmienie\n<li style='padding-top: 10px;'>Wielokierunkowy, regulowany mikrofon \u015bwietnie rejestruje g\u0142os, umo\u017cliwiaj\u0105c swobodn\u0105 komunikacj\u0119 z innymi graczami\n<li style='padding-top: 10px;'>Produkt jest lekki i wygodny, mo\u017cesz wi\u0119c godzinami gra\u0107 bez zm\u0119czenia\n<li style='padding-top: 10px;'>Kolorowe pod\u015bwietlenie RGB nadaje s\u0142uchawkom unikalny, gamingowy charakter.\u00a0Doskonale us\u0142yszysz ka\u017cdego przeciwnikaNie daj si\u0119 zaskoczy\u0107 swoim przeciwnikom\n<li style='padding-top: 10px;'>Magnetyczne g\u0142o\u015bniki 50 mm zapewniaj\u0105 doskona\u0142\u0105 jako\u015b\u0107 audio, a d\u017awi\u0119k przestrzenny 3D pozwoli Ci jeszcze lepiej odnale\u017a\u0107 si\u0119 w \u015bwiecie gry i precyzyjnie lokalizowa\u0107 rywali\n<li style='padding-top: 10px;'>Z Havit doskonale us\u0142yszysz kroki zbli\u017caj\u0105cych si\u0119 wrog\u00f3w i b\u0142yskawicznie uprzedzisz ich ruchy.\u00a0Bez przeszk\u00f3d rozmawiaj z cz\u0142onkami swojej dru\u017cynySwobodnie planuj taktyk\u0119, wymieniaj uwagi podczas rozgrywki i ostrzegaj cz\u0142onk\u00f3w swojej dru\u017cyny przed ewentualnym zagro\u017ceniem\n<li style='padding-top: 10px;'>S\u0142uchawki zosta\u0142y wyposa\u017cone w wielokierunkowy mikrofon z redukcj\u0105 szum\u00f3w, kt\u00f3ry pozwala na wygodn\u0105, pozbawion\u0105 zak\u0142\u00f3ce\u0144 komunikacj\u0119 z pozosta\u0142ymi graczami\n<li style='padding-top: 10px;'>Mo\u017cna go dowolnie wygina\u0107, dzi\u0119ki czemu jeszcze lepiej dostosujesz H656d do swoich potrzeb.\u00a0Wygodne, praktyczne, styloweGraj tak d\u0142ugo, jak chcesz, nie obawiaj\u0105c si\u0119 dyskomfortu\n<li style='padding-top: 10px;'>Wykonane z przyjaznego dla sk\u00f3ry, oddychaj\u0105cego materia\u0142u mi\u0119kkie nauszniki doskonale przylegaj\u0105 do uszu, nie wywo\u0142uj\u0105c przy tym nadmiernego nacisku\n<li style='padding-top: 10px;'>Regulowany pa\u0142\u0105k z \u0142atwo\u015bci\u0105 dostosujesz do swoich przyzwyczaje\u0144\n<li style='padding-top: 10px;'>S\u0142uchawki prezentuj\u0105 si\u0119 niezwykle stylowo\n<li style='padding-top: 10px;'>Prosty, nowoczesny design przypadnie do gustu wielu u\u017cytkownikom, a kolorowe, gamingowe pod\u015bwietlenie przyci\u0105ga wzrok i nadaje produktowi oryginalny charakter.\u00a0Szeroka kompatybilno\u015b\u0107Z powodzeniem pod\u0142\u0105czysz s\u0142uchawki do wybranego urz\u0105dzenia\n<li style='padding-top: 10px;'>H656d s\u0105 kompatybilne z komputerami, laptopami, smartfonami, tabletami i nie tylko! Wsp\u00f3\u0142pracuj\u0105 te\u017c z konsolami takimi jak na przyk\u0142ad PS4, XBOX One i Nintendo Switch\n<li style='padding-top: 10px;'>Technologia plug&#038;play pozwala unikn\u0105\u0107 problem\u00f3w z konfiguracj\u0105 i konieczno\u015bci instalowania sterownik\u00f3w &#8211; wystarczy tylko pod\u0142\u0105czy\u0107 s\u0142uchawki! Uwaga: aby pod\u0142\u0105czy\u0107 H656d do konsoli z serii XBOX, mo\u017cesz potrzebowa\u0107 adaptera Microsoft (brak w zestawie).\u00a0Specyfikacja\u00a0ProducentHavitModelH656D\u015arednica g\u0142o\u015bnika50 mmImpedancja21 \u00b115% \u03a9Czu\u0142o\u015b\u0107109 dB \u00b13 dBPasmo przenoszenia20 Hz &#8211; 20 KHzMikrofon\u00d84,0 x 1,5 mmD\u0142ugo\u015b\u0107 kabla2,2 mZ\u0142\u0105cza3,5 mm AUX + USB<\/ul>\n","protected":false},"featured_media":10152,"comment_status":"closed","ping_status":"open","template":"","meta":[],"product_cat":[42,601],"product_tag":[],"class_list":{"0":"post-10151","1":"product","2":"type-product","3":"status-publish","5":"hentry","6":"product_cat-havit","7":"product_cat-sluchawki-z-mikrofonem","8":"pa_producent-havit","9":"pa_sklep-akces-markt-pl"},"yoast_head":"<!-- This site is optimized with the Yoast SEO plugin v20.9 - https:\/\/yoast.com\/wordpress\/plugins\/seo\/ -->\n<title>s\u0142uchawki z mikrofonem HAVIT<\/title>\n<meta name=\"description\" content=\"S\u0142uchawki z mikrofonem. Model HAVIT w atrakcyjnej cenie 85.0 PLN. Przedstawiamy s\u0142uchawki do pracy zdalnej i s\u0142uchania muzyki.\" \/>\n<meta name=\"robots\" content=\"index, follow, max-snippet:-1, max-image-preview:large, max-video-preview:-1\" \/>\n<link rel=\"canonical\" href=\"https:\/\/taniabonament.pl\/sluchawki\/model\/sluchawki-gamingowe-havit-h656d-35-mm-aux-usb-w-cenie-85-0-pln\/\" \/>\n<meta property=\"og:locale\" content=\"pl_PL\" \/>\n<meta property=\"og:type\" content=\"article\" \/>\n<meta property=\"og:title\" content=\"s\u0142uchawki z mikrofonem HAVIT\" \/>\n<meta property=\"og:description\" content=\"S\u0142uchawki z mikrofonem. Model HAVIT w atrakcyjnej cenie 85.0 PLN. Przedstawiamy s\u0142uchawki do pracy zdalnej i s\u0142uchania muzyki.\" \/>\n<meta property=\"og:url\" content=\"https:\/\/taniabonament.pl\/sluchawki\/model\/sluchawki-gamingowe-havit-h656d-35-mm-aux-usb-w-cenie-85-0-pln\/\" \/>\n<meta property=\"og:site_name\" content=\"TaniAbonament.pl S\u0142uchawki\" \/>\n<meta property=\"article:modified_time\" content=\"2022-02-14T20:26:48+00:00\" \/>\n<meta property=\"og:image\" content=\"https:\/\/taniabonament.pl\/sluchawki\/wp-content\/uploads\/2022\/02\/99f9b66464bbeff76b432c83f387d7d0f23f59b2.webp\" \/>\n\t<meta property=\"og:image:width\" content=\"500\" \/>\n\t<meta property=\"og:image:height\" content=\"500\" \/>\n\t<meta property=\"og:image:type\" content=\"image\/jpeg\" \/>\n<meta name=\"twitter:card\" content=\"summary_large_image\" \/>\n<script type=\"application\/ld+json\" class=\"yoast-schema-graph\">{\"@context\":\"https:\/\/schema.org\",\"@graph\":[{\"@type\":\"WebPage\",\"@id\":\"https:\/\/taniabonament.pl\/sluchawki\/model\/sluchawki-gamingowe-havit-h656d-35-mm-aux-usb-w-cenie-85-0-pln\/\",\"url\":\"https:\/\/taniabonament.pl\/sluchawki\/model\/sluchawki-gamingowe-havit-h656d-35-mm-aux-usb-w-cenie-85-0-pln\/\",\"name\":\"s\u0142uchawki z mikrofonem HAVIT\",\"isPartOf\":{\"@id\":\"https:\/\/taniabonament.pl\/sluchawki\/#website\"},\"datePublished\":\"2022-02-14T20:26:45+00:00\",\"dateModified\":\"2022-02-14T20:26:48+00:00\",\"description\":\"S\u0142uchawki z mikrofonem. Model HAVIT w atrakcyjnej cenie 85.0 PLN. Przedstawiamy s\u0142uchawki do pracy zdalnej i s\u0142uchania muzyki.\",\"breadcrumb\":{\"@id\":\"https:\/\/taniabonament.pl\/sluchawki\/model\/sluchawki-gamingowe-havit-h656d-35-mm-aux-usb-w-cenie-85-0-pln\/#breadcrumb\"},\"inLanguage\":\"pl-PL\",\"potentialAction\":[{\"@type\":\"ReadAction\",\"target\":[\"https:\/\/taniabonament.pl\/sluchawki\/model\/sluchawki-gamingowe-havit-h656d-35-mm-aux-usb-w-cenie-85-0-pln\/\"]}]},{\"@type\":\"BreadcrumbList\",\"@id\":\"https:\/\/taniabonament.pl\/sluchawki\/model\/sluchawki-gamingowe-havit-h656d-35-mm-aux-usb-w-cenie-85-0-pln\/#breadcrumb\",\"itemListElement\":[{\"@type\":\"ListItem\",\"position\":1,\"name\":\"Strona g\u0142\u00f3wna\",\"item\":\"https:\/\/taniabonament.pl\/sluchawki\/\"},{\"@type\":\"ListItem\",\"position\":2,\"name\":\"Sklep\",\"item\":\"https:\/\/taniabonament.pl\/sluchawki\/\"},{\"@type\":\"ListItem\",\"position\":3,\"name\":\"S\u0142uchawki gamingowe Havit H656d, 3,5 mm AUX + USB &#8211; w cenie 85.0 PLN\"}]},{\"@type\":\"WebSite\",\"@id\":\"https:\/\/taniabonament.pl\/sluchawki\/#website\",\"url\":\"https:\/\/taniabonament.pl\/sluchawki\/\",\"name\":\"TaniAbonament.pl S\u0142uchawki\",\"description\":\"\u015bwiat s\u0142uchawek idealnych do pracy zdalnej\",\"potentialAction\":[{\"@type\":\"SearchAction\",\"target\":{\"@type\":\"EntryPoint\",\"urlTemplate\":\"https:\/\/taniabonament.pl\/sluchawki\/?s={search_term_string}\"},\"query-input\":\"required name=search_term_string\"}],\"inLanguage\":\"pl-PL\"}]}<\/script>\n<!-- \/ Yoast SEO plugin. -->","yoast_head_json":{"title":"s\u0142uchawki z mikrofonem HAVIT","description":"S\u0142uchawki z mikrofonem. Model HAVIT w atrakcyjnej cenie 85.0 PLN. Przedstawiamy s\u0142uchawki do pracy zdalnej i s\u0142uchania muzyki.","robots":{"index":"index","follow":"follow","max-snippet":"max-snippet:-1","max-image-preview":"max-image-preview:large","max-video-preview":"max-video-preview:-1"},"canonical":"https:\/\/taniabonament.pl\/sluchawki\/model\/sluchawki-gamingowe-havit-h656d-35-mm-aux-usb-w-cenie-85-0-pln\/","og_locale":"pl_PL","og_type":"article","og_title":"s\u0142uchawki z mikrofonem HAVIT","og_description":"S\u0142uchawki z mikrofonem. Model HAVIT w atrakcyjnej cenie 85.0 PLN. Przedstawiamy s\u0142uchawki do pracy zdalnej i s\u0142uchania muzyki.","og_url":"https:\/\/taniabonament.pl\/sluchawki\/model\/sluchawki-gamingowe-havit-h656d-35-mm-aux-usb-w-cenie-85-0-pln\/","og_site_name":"TaniAbonament.pl S\u0142uchawki","article_modified_time":"2022-02-14T20:26:48+00:00","og_image":[{"width":500,"height":500,"url":"https:\/\/taniabonament.pl\/sluchawki\/wp-content\/uploads\/2022\/02\/99f9b66464bbeff76b432c83f387d7d0f23f59b2.webp","type":"image\/jpeg"}],"twitter_card":"summary_large_image","schema":{"@context":"https:\/\/schema.org","@graph":[{"@type":"WebPage","@id":"https:\/\/taniabonament.pl\/sluchawki\/model\/sluchawki-gamingowe-havit-h656d-35-mm-aux-usb-w-cenie-85-0-pln\/","url":"https:\/\/taniabonament.pl\/sluchawki\/model\/sluchawki-gamingowe-havit-h656d-35-mm-aux-usb-w-cenie-85-0-pln\/","name":"s\u0142uchawki z mikrofonem HAVIT","isPartOf":{"@id":"https:\/\/taniabonament.pl\/sluchawki\/#website"},"datePublished":"2022-02-14T20:26:45+00:00","dateModified":"2022-02-14T20:26:48+00:00","description":"S\u0142uchawki z mikrofonem. Model HAVIT w atrakcyjnej cenie 85.0 PLN. Przedstawiamy s\u0142uchawki do pracy zdalnej i s\u0142uchania muzyki.","breadcrumb":{"@id":"https:\/\/taniabonament.pl\/sluchawki\/model\/sluchawki-gamingowe-havit-h656d-35-mm-aux-usb-w-cenie-85-0-pln\/#breadcrumb"},"inLanguage":"pl-PL","potentialAction":[{"@type":"ReadAction","target":["https:\/\/taniabonament.pl\/sluchawki\/model\/sluchawki-gamingowe-havit-h656d-35-mm-aux-usb-w-cenie-85-0-pln\/"]}]},{"@type":"BreadcrumbList","@id":"https:\/\/taniabonament.pl\/sluchawki\/model\/sluchawki-gamingowe-havit-h656d-35-mm-aux-usb-w-cenie-85-0-pln\/#breadcrumb","itemListElement":[{"@type":"ListItem","position":1,"name":"Strona g\u0142\u00f3wna","item":"https:\/\/taniabonament.pl\/sluchawki\/"},{"@type":"ListItem","position":2,"name":"Sklep","item":"https:\/\/taniabonament.pl\/sluchawki\/"},{"@type":"ListItem","position":3,"name":"S\u0142uchawki gamingowe Havit H656d, 3,5 mm AUX + USB &#8211; w cenie 85.0 PLN"}]},{"@type":"WebSite","@id":"https:\/\/taniabonament.pl\/sluchawki\/#website","url":"https:\/\/taniabonament.pl\/sluchawki\/","name":"TaniAbonament.pl S\u0142uchawki","description":"\u015bwiat s\u0142uchawek idealnych do pracy zdalnej","potentialAction":[{"@type":"SearchAction","target":{"@type":"EntryPoint","urlTemplate":"https:\/\/taniabonament.pl\/sluchawki\/?s={search_term_string}"},"query-input":"required name=search_term_string"}],"inLanguage":"pl-PL"}]}},"_links":{"self":[{"href":"https:\/\/taniabonament.pl\/sluchawki\/wp-json\/wp\/v2\/product\/10151","targetHints":{"allow":["GET"]}}],"collection":[{"href":"https:\/\/taniabonament.pl\/sluchawki\/wp-json\/wp\/v2\/product"}],"about":[{"href":"https:\/\/taniabonament.pl\/sluchawki\/wp-json\/wp\/v2\/types\/product"}],"replies":[{"embeddable":true,"href":"https:\/\/taniabonament.pl\/sluchawki\/wp-json\/wp\/v2\/comments?post=10151"}],"wp:featuredmedia":[{"embeddable":true,"href":"https:\/\/taniabonament.pl\/sluchawki\/wp-json\/wp\/v2\/media\/10152"}],"wp:attachment":[{"href":"https:\/\/taniabonament.pl\/sluchawki\/wp-json\/wp\/v2\/media?parent=10151"}],"wp:term":[{"taxonomy":"product_cat","embeddable":true,"href":"https:\/\/taniabonament.pl\/sluchawki\/wp-json\/wp\/v2\/product_cat?post=10151"},{"taxonomy":"product_tag","embeddable":true,"href":"https:\/\/taniabonament.pl\/sluchawki\/wp-json\/wp\/v2\/product_tag?post=10151"}],"curies":[{"name":"wp","href":"https:\/\/api.w.org\/{rel}","templated":true}]}}