{"id":10147,"date":"2022-02-14T20:26:45","date_gmt":"2022-02-14T20:26:45","guid":{"rendered":"https:\/\/taniabonament.pl\/sluchawki\/model\/sluchawki-do-rozmow-edifier-k550-czarne-w-cenie-59-99-pln\/"},"modified":"2022-02-14T20:26:47","modified_gmt":"2022-02-14T20:26:47","slug":"sluchawki-do-rozmow-edifier-k550-czarne-w-cenie-59-99-pln","status":"publish","type":"product","link":"https:\/\/taniabonament.pl\/sluchawki\/model\/sluchawki-do-rozmow-edifier-k550-czarne-w-cenie-59-99-pln\/","title":{"rendered":"S\u0142uchawki do rozm\u00f3w Edifier K550 (czarne) &#8211; w cenie 59.99 PLN"},"content":{"rendered":"<p><img decoding=\"async\" style=\"margin-right: 25px; margin-bottom: 10px; width: 220px;\" src=\"https:\/\/static.convertiser.com\/media\/product_images\/294\/7db346c892b45d39de0d6f0f32e1dd22\/26a16d2940d2611ee6dbbffdb8fce689e0e6bbeb.webp\" alt=\"s\u0142uchawki z mikrofonem Edifier\" align=\"left\" \/><\/p>\n<h2>S\u0142uchawki marki Edifier<\/h2>\n<p>CENA ORYGINALNA: 59.99 PLN<\/p>\n<div style=\"font-weight: bold; font-size: 18px;\">\n<p>UWAGA <span style=\"color: red;\">MAMY RABATY!<\/span><\/p>\n<p>Szczeg\u00f3\u0142owe parametry takie jak dane techniczne, promocje sprawdzisz poni\u017cej w Akces-markt.pl. Rozmawiaj wygodnie przez mikrofon podczas pracy zdalnej. Odizoluj si\u0119 od niepo\u017c\u0105danych d\u017awi\u0119k\u00f3w zewn\u0119trznych. Ciesz si\u0119 czystym brzmieniem w s\u0142uchawkach. Przejd\u017a teraz bezpo\u015brednio do z sklepu gdzie szybko zakupisz te s\u0142uchawki w korzystnej cenie.<\/p>\n<p><span style=\"color: #fff; background-color: #000000; padding: 1px 7px;\"><strong>Edifier<\/strong><\/span><strong><span style=\"margin-left: 5px; color: #fff; background-color: red; padding: 1px 7px;\">59.99 PLN<\/span><\/strong><\/p>\n<p>&nbsp;<\/p>\n<p>&nbsp;<\/p>\n<\/div>\n<p style=\"text-align: center; padding-bottom: 15px;\"><a style=\"color: #fff; font-size: 22px; background-color: #e4144d; padding: 9px 14px; border-radius: 7px; text-decoration: underline;\" href=\"https:\/\/converti.se\/click\/34590059-c70e8160-5f3ad5bd\/?deep_link=https%3A%2F%2Fakces-markt.pl%2Fpl%2Fp%2FSluchawki-do-rozmow-Edifier-K550-czarne%2F146896&#038;sid=sluchawki-z-mikrofonem&#038;tag6=product&#038;tag8=7db346c892b45d39de0d6f0f32e1dd22&#038;tag9=S%C5%82uchawki+do+rozm%C3%B3w+Edifier+K550+%28czarne%29\" target=\"_blank\" rel=\"nofollow noopener\">Kup teraz<\/a> <span style=\"font-size: 22px; padding-left: 10px;\">59.99 PLN<\/span><\/p>\n","protected":false},"excerpt":{"rendered":"<h3>Odpowiednie <span style='color: red;'>s\u0142uchawki<\/span> z mikrofonem? <\/h3>\n<p> Cechy i zalety: <\/p>\n<ul style='padding-left: 10px; padding-bottom: 10px;'>\n<li style='padding-top: 10px;'>S\u0142uchawki Edifier K550Spraw sobie s\u0142uchawki, kt\u00f3re z powodzeniem wykorzystasz w wielu zastosowaniach\n<li style='padding-top: 10px;'>Edifier K550 zapewniaj\u0105 \u015bwietn\u0105 jako\u015b\u0107 d\u017awi\u0119ku dzi\u0119ki dynamicznym przetwornikom 30 mm i umo\u017cliwiaj\u0105 wygodn\u0105 komunikacj\u0119 za pomoc\u0105 wbudowanego mikrofonu\n<li style='padding-top: 10px;'>S\u0105 przy tym niezwykle lekkie i wygodne\n<li style='padding-top: 10px;'>Zintegrowany z kablem pilot znacznie u\u0142atwia ich obs\u0142ug\u0119\n<li style='padding-top: 10px;'>W sk\u0142ad zestawu wchodzi te\u017c praktyczny rozdzielacz 3,5 mm.\u00a0Fantastyczna jako\u015b\u0107 d\u017awi\u0119kuDoskonale us\u0142ysz swoich rozm\u00f3wc\u00f3w, zachwy\u0107 si\u0119 pi\u0119knem ulubionych piosenek i jeszcze bardziej zanurz si\u0119 w \u015bwiecie wybranej gry\n<li style='padding-top: 10px;'>S\u0142uchawki Edifier K550 zosta\u0142y wyposa\u017cone w neodymowe, magnetyczne przetworniki 30 mm, kt\u00f3re odpowiadaj\u0105 za dostarczanie Ci niezapomnianych muzycznych wra\u017ce\u0144\n<li style='padding-top: 10px;'>Teraz mo\u017cesz niemal w ka\u017cdej sytuacji cieszy\u0107 si\u0119 krystalicznie czystym, bogatym w szczeg\u00f3\u0142y d\u017awi\u0119kiem!\u00a0Wymarzona wygodaKorzystaj ze s\u0142uchawek tak d\u0142ugo, jak chcesz lub potrzebujesz, nie obawiaj\u0105c si\u0119 zm\u0119czenia czy dyskomfortu\n<li style='padding-top: 10px;'>Edifier K550 s\u0105 niesamowicie lekkie i wygodne w noszeniu\n<li style='padding-top: 10px;'>To jednak nie wszystko! Nauszniki s\u0142uchawek zosta\u0142y wykonane z przyjaznego dla sk\u00f3ry materia\u0142u i s\u0105 niezwykle mi\u0119kkie\n<li style='padding-top: 10px;'>Doskonale przylegaj\u0105 do uszu, zapewniaj\u0105c Ci wymarzony komfort u\u017cytkowania\n<li style='padding-top: 10px;'>Ponadto regulowany pa\u0142\u0105k pozwala dostosowa\u0107 K550 do Twoich potrzeb.\u00a0Wysokiej klasy mikrofonBierz czynny udzia\u0142 w spotkaniach i wyk\u0142adach online, udzielaj si\u0119 w dyskusjach i ostrzegaj cz\u0142onk\u00f3w dru\u017cyny z ulubionej gry przed ewentualnym niebezpiecze\u0144stwem\n<li style='padding-top: 10px;'>S\u0142uchawki Edifier K550 maj\u0105 wbudowany nowoczesny mikrofon, kt\u00f3ry precyzyjnie zbiera d\u017awi\u0119ki, pozwalaj\u0105c Ci na swobodn\u0105 komunikacj\u0119 z innymi\n<li style='padding-top: 10px;'>Co wi\u0119cej, dzi\u0119ki regulowanej konstrukcji z \u0142atwo\u015bci\u0105 dostosujesz go do swoich oczekiwa\u0144.\u00a0Prosta obs\u0142uga za pomoc\u0105 wbudowanego pilotaObs\u0142uga s\u0142uchawek nigdy nie by\u0142a prostsza i wygodniejsza\n<li style='padding-top: 10px;'>Zintegrowany z kablem K550 niewielki pilot zapewnia \u0142atwy i szybki dost\u0119p do ich najwa\u017cniejszych funkcji\n<li style='padding-top: 10px;'>Teraz b\u0142yskawicznie wyregulujesz g\u0142o\u015bno\u015b\u0107 lub wyciszysz mikrofon jednym klikni\u0119ciem\n<li style='padding-top: 10px;'>Po\u017cegnaj konieczno\u015b\u0107 szukania odpowiednich ustawie\u0144 w komputerze &#8211; z Edifier wszystko, czego potrzebujesz, masz zawsze pod r\u0119k\u0105!\u00a0W zestawieS\u0142uchawkiKabel rozdzielacz 3,5 mm (0,7 m)Instrukcja obs\u0142ugi\u00a0Specyfikacja\u00a0ProducentEdifierModelK550PrzetwornikDynamiczny przetwornik 30 mmPasmo przenoszenia20 Hz &#8211; 20 kHzImpedancja32\u03a9Znamionowa moc wej\u015bciowa20 mWSPL91 dBZ\u0142\u0105cze3,5 mm \/ 4-biegunowe \/ prosteD\u0142ugo\u015b\u0107 kabla2 m<\/ul>\n","protected":false},"featured_media":10148,"comment_status":"closed","ping_status":"open","template":"","meta":[],"product_cat":[82,601],"product_tag":[],"class_list":{"0":"post-10147","1":"product","2":"type-product","3":"status-publish","5":"hentry","6":"product_cat-edifier","7":"product_cat-sluchawki-z-mikrofonem","8":"pa_producent-edifier","9":"pa_sklep-akces-markt-pl"},"yoast_head":"<!-- This site is optimized with the Yoast SEO plugin v20.9 - https:\/\/yoast.com\/wordpress\/plugins\/seo\/ -->\n<title>s\u0142uchawki z mikrofonem Edifier<\/title>\n<meta name=\"description\" content=\"S\u0142uchawki z mikrofonem. Model Edifier w atrakcyjnej cenie 59.99 PLN. Przedstawiamy s\u0142uchawki do pracy zdalnej i s\u0142uchania muzyki.\" \/>\n<meta name=\"robots\" content=\"index, follow, max-snippet:-1, max-image-preview:large, max-video-preview:-1\" \/>\n<link rel=\"canonical\" href=\"https:\/\/taniabonament.pl\/sluchawki\/model\/sluchawki-do-rozmow-edifier-k550-czarne-w-cenie-59-99-pln\/\" \/>\n<meta property=\"og:locale\" content=\"pl_PL\" \/>\n<meta property=\"og:type\" content=\"article\" \/>\n<meta property=\"og:title\" content=\"s\u0142uchawki z mikrofonem Edifier\" \/>\n<meta property=\"og:description\" content=\"S\u0142uchawki z mikrofonem. Model Edifier w atrakcyjnej cenie 59.99 PLN. Przedstawiamy s\u0142uchawki do pracy zdalnej i s\u0142uchania muzyki.\" \/>\n<meta property=\"og:url\" content=\"https:\/\/taniabonament.pl\/sluchawki\/model\/sluchawki-do-rozmow-edifier-k550-czarne-w-cenie-59-99-pln\/\" \/>\n<meta property=\"og:site_name\" content=\"TaniAbonament.pl S\u0142uchawki\" \/>\n<meta property=\"article:modified_time\" content=\"2022-02-14T20:26:47+00:00\" \/>\n<meta property=\"og:image\" content=\"https:\/\/taniabonament.pl\/sluchawki\/wp-content\/uploads\/2022\/02\/26a16d2940d2611ee6dbbffdb8fce689e0e6bbeb.webp\" \/>\n\t<meta property=\"og:image:width\" content=\"500\" \/>\n\t<meta property=\"og:image:height\" content=\"500\" \/>\n\t<meta property=\"og:image:type\" content=\"image\/jpeg\" \/>\n<meta name=\"twitter:card\" content=\"summary_large_image\" \/>\n<script type=\"application\/ld+json\" class=\"yoast-schema-graph\">{\"@context\":\"https:\/\/schema.org\",\"@graph\":[{\"@type\":\"WebPage\",\"@id\":\"https:\/\/taniabonament.pl\/sluchawki\/model\/sluchawki-do-rozmow-edifier-k550-czarne-w-cenie-59-99-pln\/\",\"url\":\"https:\/\/taniabonament.pl\/sluchawki\/model\/sluchawki-do-rozmow-edifier-k550-czarne-w-cenie-59-99-pln\/\",\"name\":\"s\u0142uchawki z mikrofonem Edifier\",\"isPartOf\":{\"@id\":\"https:\/\/taniabonament.pl\/sluchawki\/#website\"},\"datePublished\":\"2022-02-14T20:26:45+00:00\",\"dateModified\":\"2022-02-14T20:26:47+00:00\",\"description\":\"S\u0142uchawki z mikrofonem. Model Edifier w atrakcyjnej cenie 59.99 PLN. Przedstawiamy s\u0142uchawki do pracy zdalnej i s\u0142uchania muzyki.\",\"breadcrumb\":{\"@id\":\"https:\/\/taniabonament.pl\/sluchawki\/model\/sluchawki-do-rozmow-edifier-k550-czarne-w-cenie-59-99-pln\/#breadcrumb\"},\"inLanguage\":\"pl-PL\",\"potentialAction\":[{\"@type\":\"ReadAction\",\"target\":[\"https:\/\/taniabonament.pl\/sluchawki\/model\/sluchawki-do-rozmow-edifier-k550-czarne-w-cenie-59-99-pln\/\"]}]},{\"@type\":\"BreadcrumbList\",\"@id\":\"https:\/\/taniabonament.pl\/sluchawki\/model\/sluchawki-do-rozmow-edifier-k550-czarne-w-cenie-59-99-pln\/#breadcrumb\",\"itemListElement\":[{\"@type\":\"ListItem\",\"position\":1,\"name\":\"Strona g\u0142\u00f3wna\",\"item\":\"https:\/\/taniabonament.pl\/sluchawki\/\"},{\"@type\":\"ListItem\",\"position\":2,\"name\":\"Sklep\",\"item\":\"https:\/\/taniabonament.pl\/sluchawki\/\"},{\"@type\":\"ListItem\",\"position\":3,\"name\":\"S\u0142uchawki do rozm\u00f3w Edifier K550 (czarne) &#8211; w cenie 59.99 PLN\"}]},{\"@type\":\"WebSite\",\"@id\":\"https:\/\/taniabonament.pl\/sluchawki\/#website\",\"url\":\"https:\/\/taniabonament.pl\/sluchawki\/\",\"name\":\"TaniAbonament.pl S\u0142uchawki\",\"description\":\"\u015bwiat s\u0142uchawek idealnych do pracy zdalnej\",\"potentialAction\":[{\"@type\":\"SearchAction\",\"target\":{\"@type\":\"EntryPoint\",\"urlTemplate\":\"https:\/\/taniabonament.pl\/sluchawki\/?s={search_term_string}\"},\"query-input\":\"required name=search_term_string\"}],\"inLanguage\":\"pl-PL\"}]}<\/script>\n<!-- \/ Yoast SEO plugin. -->","yoast_head_json":{"title":"s\u0142uchawki z mikrofonem Edifier","description":"S\u0142uchawki z mikrofonem. Model Edifier w atrakcyjnej cenie 59.99 PLN. Przedstawiamy s\u0142uchawki do pracy zdalnej i s\u0142uchania muzyki.","robots":{"index":"index","follow":"follow","max-snippet":"max-snippet:-1","max-image-preview":"max-image-preview:large","max-video-preview":"max-video-preview:-1"},"canonical":"https:\/\/taniabonament.pl\/sluchawki\/model\/sluchawki-do-rozmow-edifier-k550-czarne-w-cenie-59-99-pln\/","og_locale":"pl_PL","og_type":"article","og_title":"s\u0142uchawki z mikrofonem Edifier","og_description":"S\u0142uchawki z mikrofonem. Model Edifier w atrakcyjnej cenie 59.99 PLN. Przedstawiamy s\u0142uchawki do pracy zdalnej i s\u0142uchania muzyki.","og_url":"https:\/\/taniabonament.pl\/sluchawki\/model\/sluchawki-do-rozmow-edifier-k550-czarne-w-cenie-59-99-pln\/","og_site_name":"TaniAbonament.pl S\u0142uchawki","article_modified_time":"2022-02-14T20:26:47+00:00","og_image":[{"width":500,"height":500,"url":"https:\/\/taniabonament.pl\/sluchawki\/wp-content\/uploads\/2022\/02\/26a16d2940d2611ee6dbbffdb8fce689e0e6bbeb.webp","type":"image\/jpeg"}],"twitter_card":"summary_large_image","schema":{"@context":"https:\/\/schema.org","@graph":[{"@type":"WebPage","@id":"https:\/\/taniabonament.pl\/sluchawki\/model\/sluchawki-do-rozmow-edifier-k550-czarne-w-cenie-59-99-pln\/","url":"https:\/\/taniabonament.pl\/sluchawki\/model\/sluchawki-do-rozmow-edifier-k550-czarne-w-cenie-59-99-pln\/","name":"s\u0142uchawki z mikrofonem Edifier","isPartOf":{"@id":"https:\/\/taniabonament.pl\/sluchawki\/#website"},"datePublished":"2022-02-14T20:26:45+00:00","dateModified":"2022-02-14T20:26:47+00:00","description":"S\u0142uchawki z mikrofonem. Model Edifier w atrakcyjnej cenie 59.99 PLN. Przedstawiamy s\u0142uchawki do pracy zdalnej i s\u0142uchania muzyki.","breadcrumb":{"@id":"https:\/\/taniabonament.pl\/sluchawki\/model\/sluchawki-do-rozmow-edifier-k550-czarne-w-cenie-59-99-pln\/#breadcrumb"},"inLanguage":"pl-PL","potentialAction":[{"@type":"ReadAction","target":["https:\/\/taniabonament.pl\/sluchawki\/model\/sluchawki-do-rozmow-edifier-k550-czarne-w-cenie-59-99-pln\/"]}]},{"@type":"BreadcrumbList","@id":"https:\/\/taniabonament.pl\/sluchawki\/model\/sluchawki-do-rozmow-edifier-k550-czarne-w-cenie-59-99-pln\/#breadcrumb","itemListElement":[{"@type":"ListItem","position":1,"name":"Strona g\u0142\u00f3wna","item":"https:\/\/taniabonament.pl\/sluchawki\/"},{"@type":"ListItem","position":2,"name":"Sklep","item":"https:\/\/taniabonament.pl\/sluchawki\/"},{"@type":"ListItem","position":3,"name":"S\u0142uchawki do rozm\u00f3w Edifier K550 (czarne) &#8211; w cenie 59.99 PLN"}]},{"@type":"WebSite","@id":"https:\/\/taniabonament.pl\/sluchawki\/#website","url":"https:\/\/taniabonament.pl\/sluchawki\/","name":"TaniAbonament.pl S\u0142uchawki","description":"\u015bwiat s\u0142uchawek idealnych do pracy zdalnej","potentialAction":[{"@type":"SearchAction","target":{"@type":"EntryPoint","urlTemplate":"https:\/\/taniabonament.pl\/sluchawki\/?s={search_term_string}"},"query-input":"required name=search_term_string"}],"inLanguage":"pl-PL"}]}},"_links":{"self":[{"href":"https:\/\/taniabonament.pl\/sluchawki\/wp-json\/wp\/v2\/product\/10147","targetHints":{"allow":["GET"]}}],"collection":[{"href":"https:\/\/taniabonament.pl\/sluchawki\/wp-json\/wp\/v2\/product"}],"about":[{"href":"https:\/\/taniabonament.pl\/sluchawki\/wp-json\/wp\/v2\/types\/product"}],"replies":[{"embeddable":true,"href":"https:\/\/taniabonament.pl\/sluchawki\/wp-json\/wp\/v2\/comments?post=10147"}],"wp:featuredmedia":[{"embeddable":true,"href":"https:\/\/taniabonament.pl\/sluchawki\/wp-json\/wp\/v2\/media\/10148"}],"wp:attachment":[{"href":"https:\/\/taniabonament.pl\/sluchawki\/wp-json\/wp\/v2\/media?parent=10147"}],"wp:term":[{"taxonomy":"product_cat","embeddable":true,"href":"https:\/\/taniabonament.pl\/sluchawki\/wp-json\/wp\/v2\/product_cat?post=10147"},{"taxonomy":"product_tag","embeddable":true,"href":"https:\/\/taniabonament.pl\/sluchawki\/wp-json\/wp\/v2\/product_tag?post=10147"}],"curies":[{"name":"wp","href":"https:\/\/api.w.org\/{rel}","templated":true}]}}