{"id":10143,"date":"2022-02-14T20:26:45","date_gmt":"2022-02-14T20:26:45","guid":{"rendered":"https:\/\/taniabonament.pl\/sluchawki\/model\/sluchawki-tws-edifier-tws1-niebieskie-w-cenie-189-0-pln\/"},"modified":"2022-02-14T20:26:47","modified_gmt":"2022-02-14T20:26:47","slug":"sluchawki-tws-edifier-tws1-niebieskie-w-cenie-189-0-pln","status":"publish","type":"product","link":"https:\/\/taniabonament.pl\/sluchawki\/model\/sluchawki-tws-edifier-tws1-niebieskie-w-cenie-189-0-pln\/","title":{"rendered":"S\u0142uchawki TWS Edifier TWS1 (niebieskie) &#8211; w cenie 189.0 PLN"},"content":{"rendered":"<p><img decoding=\"async\" style=\"margin-right: 25px; margin-bottom: 10px; width: 220px;\" src=\"https:\/\/static.convertiser.com\/media\/product_images\/294\/70da491a6b1d788c8c93351e5c845447\/8971465939a0a596abdf739487884db2846180dd.webp\" alt=\"s\u0142uchawki z mikrofonem Edifier\" align=\"left\" \/><\/p>\n<h2>S\u0142uchawki marki Edifier<\/h2>\n<p>CENA ORYGINALNA: 189.0 PLN<\/p>\n<div style=\"font-weight: bold; font-size: 18px;\">\n<p>UWAGA <span style=\"color: red;\">MAMY RABATY!<\/span><\/p>\n<p>Szczeg\u00f3\u0142owe parametry takie jak dane techniczne, promocje sprawdzisz poni\u017cej w Akces-markt.pl. Rozmawiaj wygodnie przez mikrofon podczas pracy zdalnej. Odizoluj si\u0119 od niepo\u017c\u0105danych d\u017awi\u0119k\u00f3w zewn\u0119trznych. Ciesz si\u0119 czystym brzmieniem w s\u0142uchawkach. Przejd\u017a teraz bezpo\u015brednio do z sklepu gdzie szybko zakupisz te s\u0142uchawki w korzystnej cenie.<\/p>\n<p><span style=\"color: #fff; background-color: #000000; padding: 1px 7px;\"><strong>Edifier<\/strong><\/span><strong><span style=\"margin-left: 5px; color: #fff; background-color: red; padding: 1px 7px;\">189.0 PLN<\/span><\/strong><\/p>\n<p>&nbsp;<\/p>\n<p>&nbsp;<\/p>\n<\/div>\n<p style=\"text-align: center; padding-bottom: 15px;\"><a style=\"color: #fff; font-size: 22px; background-color: #e4144d; padding: 9px 14px; border-radius: 7px; text-decoration: underline;\" href=\"https:\/\/converti.se\/click\/34590059-c70e8160-5f3ad5bd\/?deep_link=https%3A%2F%2Fakces-markt.pl%2Fpl%2Fp%2FSluchawki-TWS-Edifier-TWS1-niebieskie%2F146759&#038;sid=sluchawki-z-mikrofonem&#038;tag6=product&#038;tag8=70da491a6b1d788c8c93351e5c845447&#038;tag9=S%C5%82uchawki+TWS+Edifier+TWS1+%28niebieskie%29\" target=\"_blank\" rel=\"nofollow noopener\">Kup teraz<\/a> <span style=\"font-size: 22px; padding-left: 10px;\">189.0 PLN<\/span><\/p>\n","protected":false},"excerpt":{"rendered":"<h3>Odpowiednie <span style='color: red;'>s\u0142uchawki<\/span> z mikrofonem? <\/h3>\n<p> Cechy i zalety: <\/p>\n<ul style='padding-left: 10px; padding-bottom: 10px;'>\n<li style='padding-top: 10px;'>Bezprzewodowe s\u0142uchawki Bluetooth Edifier TWS1Bezprzewodowe s\u0142uchawki TWS1 sprawi\u0105, \u017ce niemal dos\u0142ownie zatracisz si\u0119 w muzyce\n<li style='padding-top: 10px;'>Dzi\u0119ki ergonomicznej konstrukcji s\u0105 niesamowicie wygodne w u\u017cytkowaniu\n<li style='padding-top: 10px;'>Czas pracy si\u0119gaj\u0105cy 8 godzin pozwoli Ci d\u0142ugo cieszy\u0107 si\u0119 ulubionymi piosenkami, a wbudowany panel dotykowy u\u0142atwia obs\u0142ug\u0119 urz\u0105dze\u0144\n<li style='padding-top: 10px;'>\u0141\u0105cze Bluetooth 5.0 gwarantuje niezawodn\u0105 transmisj\u0119, biologiczna membrana zapewnia doskona\u0142\u0105 jako\u015b\u0107 d\u017awi\u0119ku, a redukcja szum\u00f3w CVC pozwoli Ci swobodnie rozmawia\u0107 przez telefon.\u00a0S\u0142uchaj muzyki nawet przez kilka godzin po jednym na\u0142adowaniuWytrzyma\u0142y akumulator umo\u017cliwia korzystanie ze s\u0142uchawek nawet przez 8 godzin na jednym \u0142adowaniu\n<li style='padding-top: 10px;'>To oznacza, \u017ce mo\u017cesz przes\u0142ucha\u0107 naprawd\u0119 wiele piosenek! Etui \u0142aduj\u0105ce pozwala przed\u0142u\u017cy\u0107 ten czas do 32 godzin\n<li style='padding-top: 10px;'>Co wi\u0119cej, zanim zajdzie potrzeba ponownego pod\u0142\u0105czenia go do \u017ar\u00f3d\u0142a zasilania, mo\u017cesz za jego pomoc\u0105 ca\u0142kowicie na\u0142adowa\u0107 s\u0142uchawki a\u017c 3 razy.\u00a0Szybkie, proste i stabilne po\u0142\u0105czenieZaawansowany chip Bluetooth 5.0 odpowiada za niesamowicie szybk\u0105 transmisj\u0119\n<li style='padding-top: 10px;'>Jej pr\u0119dko\u015b\u0107 si\u0119ga nawet 3 MB\/s\n<li style='padding-top: 10px;'>Ponadto, kodek aptX zapewnia niezr\u00f3wnan\u0105 stabilno\u015b\u0107 po\u0142\u0105czenia oraz ultraniskie op\u00f3\u017anienie\n<li style='padding-top: 10px;'>Wszystko to pozwoli Ci zapomnie\u0107 o jakichkolwiek problemach z sygna\u0142em i skupi\u0107 si\u0119 na tym, co najwa\u017cniejsze &#8211; na pi\u0119knie muzyki! Aby zapewni\u0107 Ci jeszcze wi\u0119ksz\u0105 wygod\u0119 u\u017cytkowania, TWS1 automatycznie po\u0142\u0105cz\u0105 si\u0119 z Twoim sprz\u0119tem, kiedy wyjmiesz je z etui.\u00a0Zaprojektowane dla Twojej wygodyS\u0142uchawki s\u0105 lekkie jak pi\u00f3rko &#8211; nawet nie poczujesz, \u017ce masz je na sobie\n<li style='padding-top: 10px;'>Dzi\u0119ki starannie przemy\u015blanej, ergonomicznej konstrukcji doskonale le\u017c\u0105 w uszach &#8211; nie wypadaj\u0105 z nich, a jednocze\u015bnie nie powoduj\u0105 najmniejszego nawet dyskomfortu\n<li style='padding-top: 10px;'>TWS1 zapewni\u0105 Ci jedyne w swoim rodzaju, niezwykle wygodne i przyjemne, bezprzewodowe do\u015bwiadczenie\n<li style='padding-top: 10px;'>Ponadto, wodoodporno\u015b\u0107 IPX5 oznacza, \u017ce mo\u017cesz bez obaw u\u017cywa\u0107 s\u0142uchawek, nawet kiedy pada deszcz lub podczas wyj\u0105tkowo intensywnego treningu &#8211; niestraszne im krople wody czy potu.\u00a0Najwy\u017csza jako\u015b\u0107 d\u017awi\u0119ku &#8211; kiedy s\u0142uchasz muzyki i gdy rozmawiasz przez telefonWysokiej klasy biologiczna membrana sprawia, \u017ce s\u0142uchawki dostarcz\u0105 Ci krystalicznie czystego, najwy\u017cszej jako\u015bci, zachwycaj\u0105cego d\u017awi\u0119ku\n<li style='padding-top: 10px;'>Niesamowite bogactwo szczeg\u00f3\u0142\u00f3w pozwoli Ci na nowo doceni\u0107 swoje ulubione utwory i odkry\u0107 ich nieznane wcze\u015bniej niuanse\n<li style='padding-top: 10px;'>Przygotuj si\u0119 na prawdziw\u0105 muzyczn\u0105 uczt\u0119! Za pomoc\u0105 TWS1 mo\u017cesz te\u017c wygodnie rozmawia\u0107 przez telefon\n<li style='padding-top: 10px;'>Nie tylko \u015bwietnie us\u0142yszysz swoich rozm\u00f3wc\u00f3w, ale i oni us\u0142ysz\u0105 Ciebie &#8211; gwarantuje to wbudowany mikrofon z redukcj\u0105 szum\u00f3w CVC 8.0.\u00a0Intuicyjna obs\u0142uga dotykowaJu\u017c nie musisz si\u0119ga\u0107 po smartfona, aby odebra\u0107 po\u0142\u0105czenie lub zmieni\u0107 piosenk\u0119\n<li style='padding-top: 10px;'>TWS1 zosta\u0142y wyposa\u017cone w intuicyjny panel dotykowy, kt\u00f3ry znacznie u\u0142atwia ich obs\u0142ug\u0119\n<li style='padding-top: 10px;'>Po prostu naci\u015bnij, aby na przyk\u0142ad zatrzyma\u0107 lub wznowi\u0107 odtwarzanie, odebra\u0107 telefon, zako\u0144czy\u0107 rozmow\u0119 lub prze\u0142\u0105czy\u0107 utw\u00f3r\n<li style='padding-top: 10px;'>Od teraz wszystkie najwa\u017cniejsze funkcje masz w zasi\u0119gu r\u0119ki!\u00a0Specyfikacja\u00a0ProducentEdifierModelTWS1Wersja Bluetooth5.0Profile BluetoothA2DP, AVRCP, HFP, HSPZasi\u0119gDo 10 mCzas odtwarzaniaDo 32 h (8 h s\u0142uchawki + 24 h etui \u0142aduj\u0105ce)Czas \u0142adowania s\u0142uchawekOk\n<li style='padding-top: 10px;'>1,5 hCzas \u0142adowania etuiOk\n<li style='padding-top: 10px;'>2,5 hWej\u015bcieDC 5 V 60 mA (s\u0142uchawki), DC 5 V 500 mA (etui \u0142aduj\u0105ce)Pasmo przenoszenia20Hz-20kHzSPL98 dBImpedancja16\u03a9Stopie\u0144 ochronyIPX5KolorNiebieski<\/ul>\n","protected":false},"featured_media":10144,"comment_status":"closed","ping_status":"open","template":"","meta":[],"product_cat":[82,601],"product_tag":[],"class_list":{"0":"post-10143","1":"product","2":"type-product","3":"status-publish","5":"hentry","6":"product_cat-edifier","7":"product_cat-sluchawki-z-mikrofonem","8":"pa_producent-edifier","9":"pa_sklep-akces-markt-pl"},"yoast_head":"<!-- This site is optimized with the Yoast SEO plugin v20.9 - https:\/\/yoast.com\/wordpress\/plugins\/seo\/ -->\n<title>s\u0142uchawki z mikrofonem Edifier<\/title>\n<meta name=\"description\" content=\"S\u0142uchawki z mikrofonem. Model Edifier w atrakcyjnej cenie 189.0 PLN. Przedstawiamy s\u0142uchawki do pracy zdalnej i s\u0142uchania muzyki.\" \/>\n<meta name=\"robots\" content=\"index, follow, max-snippet:-1, max-image-preview:large, max-video-preview:-1\" \/>\n<link rel=\"canonical\" href=\"https:\/\/taniabonament.pl\/sluchawki\/model\/sluchawki-tws-edifier-tws1-niebieskie-w-cenie-189-0-pln\/\" \/>\n<meta property=\"og:locale\" content=\"pl_PL\" \/>\n<meta property=\"og:type\" content=\"article\" \/>\n<meta property=\"og:title\" content=\"s\u0142uchawki z mikrofonem Edifier\" \/>\n<meta property=\"og:description\" content=\"S\u0142uchawki z mikrofonem. Model Edifier w atrakcyjnej cenie 189.0 PLN. Przedstawiamy s\u0142uchawki do pracy zdalnej i s\u0142uchania muzyki.\" \/>\n<meta property=\"og:url\" content=\"https:\/\/taniabonament.pl\/sluchawki\/model\/sluchawki-tws-edifier-tws1-niebieskie-w-cenie-189-0-pln\/\" \/>\n<meta property=\"og:site_name\" content=\"TaniAbonament.pl S\u0142uchawki\" \/>\n<meta property=\"article:modified_time\" content=\"2022-02-14T20:26:47+00:00\" \/>\n<meta property=\"og:image\" content=\"https:\/\/taniabonament.pl\/sluchawki\/wp-content\/uploads\/2022\/02\/8971465939a0a596abdf739487884db2846180dd.webp\" \/>\n\t<meta property=\"og:image:width\" content=\"483\" \/>\n\t<meta property=\"og:image:height\" content=\"500\" \/>\n\t<meta property=\"og:image:type\" content=\"image\/jpeg\" \/>\n<meta name=\"twitter:card\" content=\"summary_large_image\" \/>\n<script type=\"application\/ld+json\" class=\"yoast-schema-graph\">{\"@context\":\"https:\/\/schema.org\",\"@graph\":[{\"@type\":\"WebPage\",\"@id\":\"https:\/\/taniabonament.pl\/sluchawki\/model\/sluchawki-tws-edifier-tws1-niebieskie-w-cenie-189-0-pln\/\",\"url\":\"https:\/\/taniabonament.pl\/sluchawki\/model\/sluchawki-tws-edifier-tws1-niebieskie-w-cenie-189-0-pln\/\",\"name\":\"s\u0142uchawki z mikrofonem Edifier\",\"isPartOf\":{\"@id\":\"https:\/\/taniabonament.pl\/sluchawki\/#website\"},\"datePublished\":\"2022-02-14T20:26:45+00:00\",\"dateModified\":\"2022-02-14T20:26:47+00:00\",\"description\":\"S\u0142uchawki z mikrofonem. Model Edifier w atrakcyjnej cenie 189.0 PLN. Przedstawiamy s\u0142uchawki do pracy zdalnej i s\u0142uchania muzyki.\",\"breadcrumb\":{\"@id\":\"https:\/\/taniabonament.pl\/sluchawki\/model\/sluchawki-tws-edifier-tws1-niebieskie-w-cenie-189-0-pln\/#breadcrumb\"},\"inLanguage\":\"pl-PL\",\"potentialAction\":[{\"@type\":\"ReadAction\",\"target\":[\"https:\/\/taniabonament.pl\/sluchawki\/model\/sluchawki-tws-edifier-tws1-niebieskie-w-cenie-189-0-pln\/\"]}]},{\"@type\":\"BreadcrumbList\",\"@id\":\"https:\/\/taniabonament.pl\/sluchawki\/model\/sluchawki-tws-edifier-tws1-niebieskie-w-cenie-189-0-pln\/#breadcrumb\",\"itemListElement\":[{\"@type\":\"ListItem\",\"position\":1,\"name\":\"Strona g\u0142\u00f3wna\",\"item\":\"https:\/\/taniabonament.pl\/sluchawki\/\"},{\"@type\":\"ListItem\",\"position\":2,\"name\":\"Sklep\",\"item\":\"https:\/\/taniabonament.pl\/sluchawki\/\"},{\"@type\":\"ListItem\",\"position\":3,\"name\":\"S\u0142uchawki TWS Edifier TWS1 (niebieskie) &#8211; w cenie 189.0 PLN\"}]},{\"@type\":\"WebSite\",\"@id\":\"https:\/\/taniabonament.pl\/sluchawki\/#website\",\"url\":\"https:\/\/taniabonament.pl\/sluchawki\/\",\"name\":\"TaniAbonament.pl S\u0142uchawki\",\"description\":\"\u015bwiat s\u0142uchawek idealnych do pracy zdalnej\",\"potentialAction\":[{\"@type\":\"SearchAction\",\"target\":{\"@type\":\"EntryPoint\",\"urlTemplate\":\"https:\/\/taniabonament.pl\/sluchawki\/?s={search_term_string}\"},\"query-input\":\"required name=search_term_string\"}],\"inLanguage\":\"pl-PL\"}]}<\/script>\n<!-- \/ Yoast SEO plugin. -->","yoast_head_json":{"title":"s\u0142uchawki z mikrofonem Edifier","description":"S\u0142uchawki z mikrofonem. Model Edifier w atrakcyjnej cenie 189.0 PLN. Przedstawiamy s\u0142uchawki do pracy zdalnej i s\u0142uchania muzyki.","robots":{"index":"index","follow":"follow","max-snippet":"max-snippet:-1","max-image-preview":"max-image-preview:large","max-video-preview":"max-video-preview:-1"},"canonical":"https:\/\/taniabonament.pl\/sluchawki\/model\/sluchawki-tws-edifier-tws1-niebieskie-w-cenie-189-0-pln\/","og_locale":"pl_PL","og_type":"article","og_title":"s\u0142uchawki z mikrofonem Edifier","og_description":"S\u0142uchawki z mikrofonem. Model Edifier w atrakcyjnej cenie 189.0 PLN. Przedstawiamy s\u0142uchawki do pracy zdalnej i s\u0142uchania muzyki.","og_url":"https:\/\/taniabonament.pl\/sluchawki\/model\/sluchawki-tws-edifier-tws1-niebieskie-w-cenie-189-0-pln\/","og_site_name":"TaniAbonament.pl S\u0142uchawki","article_modified_time":"2022-02-14T20:26:47+00:00","og_image":[{"width":483,"height":500,"url":"https:\/\/taniabonament.pl\/sluchawki\/wp-content\/uploads\/2022\/02\/8971465939a0a596abdf739487884db2846180dd.webp","type":"image\/jpeg"}],"twitter_card":"summary_large_image","schema":{"@context":"https:\/\/schema.org","@graph":[{"@type":"WebPage","@id":"https:\/\/taniabonament.pl\/sluchawki\/model\/sluchawki-tws-edifier-tws1-niebieskie-w-cenie-189-0-pln\/","url":"https:\/\/taniabonament.pl\/sluchawki\/model\/sluchawki-tws-edifier-tws1-niebieskie-w-cenie-189-0-pln\/","name":"s\u0142uchawki z mikrofonem Edifier","isPartOf":{"@id":"https:\/\/taniabonament.pl\/sluchawki\/#website"},"datePublished":"2022-02-14T20:26:45+00:00","dateModified":"2022-02-14T20:26:47+00:00","description":"S\u0142uchawki z mikrofonem. Model Edifier w atrakcyjnej cenie 189.0 PLN. Przedstawiamy s\u0142uchawki do pracy zdalnej i s\u0142uchania muzyki.","breadcrumb":{"@id":"https:\/\/taniabonament.pl\/sluchawki\/model\/sluchawki-tws-edifier-tws1-niebieskie-w-cenie-189-0-pln\/#breadcrumb"},"inLanguage":"pl-PL","potentialAction":[{"@type":"ReadAction","target":["https:\/\/taniabonament.pl\/sluchawki\/model\/sluchawki-tws-edifier-tws1-niebieskie-w-cenie-189-0-pln\/"]}]},{"@type":"BreadcrumbList","@id":"https:\/\/taniabonament.pl\/sluchawki\/model\/sluchawki-tws-edifier-tws1-niebieskie-w-cenie-189-0-pln\/#breadcrumb","itemListElement":[{"@type":"ListItem","position":1,"name":"Strona g\u0142\u00f3wna","item":"https:\/\/taniabonament.pl\/sluchawki\/"},{"@type":"ListItem","position":2,"name":"Sklep","item":"https:\/\/taniabonament.pl\/sluchawki\/"},{"@type":"ListItem","position":3,"name":"S\u0142uchawki TWS Edifier TWS1 (niebieskie) &#8211; w cenie 189.0 PLN"}]},{"@type":"WebSite","@id":"https:\/\/taniabonament.pl\/sluchawki\/#website","url":"https:\/\/taniabonament.pl\/sluchawki\/","name":"TaniAbonament.pl S\u0142uchawki","description":"\u015bwiat s\u0142uchawek idealnych do pracy zdalnej","potentialAction":[{"@type":"SearchAction","target":{"@type":"EntryPoint","urlTemplate":"https:\/\/taniabonament.pl\/sluchawki\/?s={search_term_string}"},"query-input":"required name=search_term_string"}],"inLanguage":"pl-PL"}]}},"_links":{"self":[{"href":"https:\/\/taniabonament.pl\/sluchawki\/wp-json\/wp\/v2\/product\/10143","targetHints":{"allow":["GET"]}}],"collection":[{"href":"https:\/\/taniabonament.pl\/sluchawki\/wp-json\/wp\/v2\/product"}],"about":[{"href":"https:\/\/taniabonament.pl\/sluchawki\/wp-json\/wp\/v2\/types\/product"}],"replies":[{"embeddable":true,"href":"https:\/\/taniabonament.pl\/sluchawki\/wp-json\/wp\/v2\/comments?post=10143"}],"wp:featuredmedia":[{"embeddable":true,"href":"https:\/\/taniabonament.pl\/sluchawki\/wp-json\/wp\/v2\/media\/10144"}],"wp:attachment":[{"href":"https:\/\/taniabonament.pl\/sluchawki\/wp-json\/wp\/v2\/media?parent=10143"}],"wp:term":[{"taxonomy":"product_cat","embeddable":true,"href":"https:\/\/taniabonament.pl\/sluchawki\/wp-json\/wp\/v2\/product_cat?post=10143"},{"taxonomy":"product_tag","embeddable":true,"href":"https:\/\/taniabonament.pl\/sluchawki\/wp-json\/wp\/v2\/product_tag?post=10143"}],"curies":[{"name":"wp","href":"https:\/\/api.w.org\/{rel}","templated":true}]}}