{"id":10131,"date":"2022-02-14T20:26:30","date_gmt":"2022-02-14T20:26:30","guid":{"rendered":"https:\/\/taniabonament.pl\/sluchawki\/model\/sluchawki-gamingowe-dareu-eh745s-jack-3-5-mm-biale-w-cenie-99-0-pln\/"},"modified":"2022-02-14T20:26:44","modified_gmt":"2022-02-14T20:26:44","slug":"sluchawki-gamingowe-dareu-eh745s-jack-3-5-mm-biale-w-cenie-99-0-pln","status":"publish","type":"product","link":"https:\/\/taniabonament.pl\/sluchawki\/model\/sluchawki-gamingowe-dareu-eh745s-jack-3-5-mm-biale-w-cenie-99-0-pln\/","title":{"rendered":"S\u0142uchawki gamingowe Dareu EH745s, jack 3.5 mm (bia\u0142e) &#8211; w cenie 99.0 PLN"},"content":{"rendered":"<p><img decoding=\"async\" style=\"margin-right: 25px; margin-bottom: 10px; width: 220px;\" src=\"https:\/\/static.convertiser.com\/media\/product_images\/294\/833f539550b2f4539d2c0012d0c78562\/689c1ac86dcb1b3cff731c678da5eb15060d2158.webp\" alt=\"s\u0142uchawki z mikrofonem DAREU\" align=\"left\" \/><\/p>\n<h2>S\u0142uchawki marki DAREU<\/h2>\n<p>CENA ORYGINALNA: 99.0 PLN<\/p>\n<div style=\"font-weight: bold; font-size: 18px;\">\n<p>UWAGA <span style=\"color: red;\">MAMY RABATY!<\/span><\/p>\n<p>Szczeg\u00f3\u0142owe parametry takie jak dane techniczne, promocje sprawdzisz poni\u017cej w Akces-markt.pl. Rozmawiaj wygodnie przez mikrofon podczas pracy zdalnej. Odizoluj si\u0119 od niepo\u017c\u0105danych d\u017awi\u0119k\u00f3w zewn\u0119trznych. Ciesz si\u0119 czystym brzmieniem w s\u0142uchawkach. Przejd\u017a teraz bezpo\u015brednio do z sklepu gdzie szybko zakupisz te s\u0142uchawki w korzystnej cenie.<\/p>\n<p><span style=\"color: #fff; background-color: #000000; padding: 1px 7px;\"><strong>DAREU<\/strong><\/span><strong><span style=\"margin-left: 5px; color: #fff; background-color: red; padding: 1px 7px;\">99.0 PLN<\/span><\/strong><\/p>\n<p>&nbsp;<\/p>\n<p>&nbsp;<\/p>\n<\/div>\n<p style=\"text-align: center; padding-bottom: 15px;\"><a style=\"color: #fff; font-size: 22px; background-color: #e4144d; padding: 9px 14px; border-radius: 7px; text-decoration: underline;\" href=\"https:\/\/converti.se\/click\/34590059-c70e8160-5f3ad5bd\/?deep_link=https%3A%2F%2Fakces-markt.pl%2Fpl%2Fp%2FSluchawki-gamingowe-Dareu-EH745s%252C-jack-3.5-mm-biale%2F145942&#038;sid=sluchawki-z-mikrofonem&#038;tag6=product&#038;tag8=833f539550b2f4539d2c0012d0c78562&#038;tag9=S%C5%82uchawki+gamingowe+Dareu+EH745s%2C+jack+3.5+mm+%28bia%C5%82e%29\" target=\"_blank\" rel=\"nofollow noopener\">Kup teraz<\/a> <span style=\"font-size: 22px; padding-left: 10px;\">99.0 PLN<\/span><\/p>\n","protected":false},"excerpt":{"rendered":"<h3>Odpowiednie <span style='color: red;'>s\u0142uchawki<\/span> z mikrofonem? <\/h3>\n<p> Cechy i zalety: <\/p>\n<ul style='padding-left: 10px; padding-bottom: 10px;'>\n<li style='padding-top: 10px;'>S\u0142uchawki gamingowe Dareu EH745sS\u0142uchawki gamingowe Dareu EH745s pozwol\u0105 Ci w pe\u0142ni skupi\u0107 si\u0119 na grze i pobi\u0107 kolejne rekordy\n<li style='padding-top: 10px;'>Ciesz si\u0119 ekscytuj\u0105c\u0105 rozgrywk\u0105 dzi\u0119ki doskona\u0142ej jako\u015bci d\u017awi\u0119ku oraz redukcji ha\u0142asu otoczenia\n<li style='padding-top: 10px;'>Mi\u0119kkie nauszniki zapewni\u0105 Ci komfort u\u017cytkowania, a wyginany mikrofon pozwoli na swobodn\u0105 komunikacj\u0119 z innymi graczami.\u00a0Optymalna jako\u015b\u0107 d\u017awi\u0119ku dla ka\u017cdego graczaJu\u017c nigdy wi\u0119cej nie dasz si\u0119 zaskoczy\u0107 swoim przeciwnikom\n<li style='padding-top: 10px;'>S\u0142uchawki EH745s zapewni\u0105 Ci doskona\u0142ej jako\u015bci przestrzenne audio, dzi\u0119ki czemu b\u0119dziesz w stanie dok\u0142adnie okre\u015bli\u0107 pozycje swoich rywali i b\u0142yskawicznie zareagujesz na ka\u017cdy ich ruch\n<li style='padding-top: 10px;'>Skradaj\u0105cy si\u0119 wr\u00f3g nie b\u0119dzie dla Ciebie zagro\u017ceniem &#8211; natychmiast go us\u0142yszysz!\u00a0Skup si\u0119 na grzeZb\u0119dne d\u017awi\u0119ki Ci\u0119 rozpraszaj\u0105 i nie pozwalaj\u0105 Ci si\u0119 skupi\u0107 na rozgrywce? Dareu EH745s pomog\u0105 Ci rozwi\u0105za\u0107 ten problem! Redukcja ha\u0142asu ENC sprawi, \u017ce niepo\u017c\u0105dane odg\u0142osy zostan\u0105 wyciszone\n<li style='padding-top: 10px;'>Ju\u017c nic nie oderwie Ci\u0119 od gry!\u00a0Doskona\u0142y designS\u0142uchawki charakteryzuj\u0105 si\u0119 stylowym, a zarazem ergonomicznym designem\n<li style='padding-top: 10px;'>Mi\u0119kkie nauszniki zosta\u0142y wykonane z przyjaznych dla sk\u00f3ry materia\u0142\u00f3w\n<li style='padding-top: 10px;'>Doskonale przylegaj\u0105 do uszu i zapewniaj\u0105 komfort u\u017cytkowania nawet na d\u0142ugie godziny.\u00a0Specyfikacja\u00a0ProducentDareuModelEH745sPo\u0142\u0105czeniePrzewodoweRedukcja ha\u0142asuENCWirtualny d\u017awi\u0119k wielokana\u0142owy7.1Impedancja24\u00b115%\u03a9Czu\u0142o\u015b\u0107100\u00b13dBPasmo przenoszenia20Hz-20kHz\u015arednica g\u0142o\u015bnika50 mmWaga335+10gWymiary187x161x91 mm\u015arednica sterownika mikrofonu6 mmCzu\u0142o\u015b\u0107 mikrofonu-42\u00b13dBKierunkowo\u015b\u0107 mikrofonuWielokierunkowyImpedancja wyj\u015bciowa mikrofonu2.2K\u03a9Pasmo przenoszenia mikrofonu100~10kHzCa\u0142kowite zniekszta\u0142cenie harmoniczne mikrofonu\u22665%KolorCzarnyWej\u015bcieJack 3.5 mm<\/ul>\n","protected":false},"featured_media":10132,"comment_status":"closed","ping_status":"open","template":"","meta":[],"product_cat":[846,601],"product_tag":[],"class_list":{"0":"post-10131","1":"product","2":"type-product","3":"status-publish","5":"hentry","6":"product_cat-dareu","7":"product_cat-sluchawki-z-mikrofonem","8":"pa_producent-dareu","9":"pa_sklep-akces-markt-pl"},"yoast_head":"<!-- This site is optimized with the Yoast SEO plugin v20.9 - https:\/\/yoast.com\/wordpress\/plugins\/seo\/ -->\n<title>s\u0142uchawki z mikrofonem DAREU<\/title>\n<meta name=\"description\" content=\"S\u0142uchawki z mikrofonem. Model DAREU w atrakcyjnej cenie 99.0 PLN. Przedstawiamy s\u0142uchawki do pracy zdalnej i s\u0142uchania muzyki.\" \/>\n<meta name=\"robots\" content=\"index, follow, max-snippet:-1, max-image-preview:large, max-video-preview:-1\" \/>\n<link rel=\"canonical\" href=\"https:\/\/taniabonament.pl\/sluchawki\/model\/sluchawki-gamingowe-dareu-eh745s-jack-3-5-mm-biale-w-cenie-99-0-pln\/\" \/>\n<meta property=\"og:locale\" content=\"pl_PL\" \/>\n<meta property=\"og:type\" content=\"article\" \/>\n<meta property=\"og:title\" content=\"s\u0142uchawki z mikrofonem DAREU\" \/>\n<meta property=\"og:description\" content=\"S\u0142uchawki z mikrofonem. Model DAREU w atrakcyjnej cenie 99.0 PLN. Przedstawiamy s\u0142uchawki do pracy zdalnej i s\u0142uchania muzyki.\" \/>\n<meta property=\"og:url\" content=\"https:\/\/taniabonament.pl\/sluchawki\/model\/sluchawki-gamingowe-dareu-eh745s-jack-3-5-mm-biale-w-cenie-99-0-pln\/\" \/>\n<meta property=\"og:site_name\" content=\"TaniAbonament.pl S\u0142uchawki\" \/>\n<meta property=\"article:modified_time\" content=\"2022-02-14T20:26:44+00:00\" \/>\n<meta property=\"og:image\" content=\"https:\/\/taniabonament.pl\/sluchawki\/wp-content\/uploads\/2022\/02\/689c1ac86dcb1b3cff731c678da5eb15060d2158.webp\" \/>\n\t<meta property=\"og:image:width\" content=\"500\" \/>\n\t<meta property=\"og:image:height\" content=\"350\" \/>\n\t<meta property=\"og:image:type\" content=\"image\/png\" \/>\n<meta name=\"twitter:card\" content=\"summary_large_image\" \/>\n<script type=\"application\/ld+json\" class=\"yoast-schema-graph\">{\"@context\":\"https:\/\/schema.org\",\"@graph\":[{\"@type\":\"WebPage\",\"@id\":\"https:\/\/taniabonament.pl\/sluchawki\/model\/sluchawki-gamingowe-dareu-eh745s-jack-3-5-mm-biale-w-cenie-99-0-pln\/\",\"url\":\"https:\/\/taniabonament.pl\/sluchawki\/model\/sluchawki-gamingowe-dareu-eh745s-jack-3-5-mm-biale-w-cenie-99-0-pln\/\",\"name\":\"s\u0142uchawki z mikrofonem DAREU\",\"isPartOf\":{\"@id\":\"https:\/\/taniabonament.pl\/sluchawki\/#website\"},\"datePublished\":\"2022-02-14T20:26:30+00:00\",\"dateModified\":\"2022-02-14T20:26:44+00:00\",\"description\":\"S\u0142uchawki z mikrofonem. Model DAREU w atrakcyjnej cenie 99.0 PLN. Przedstawiamy s\u0142uchawki do pracy zdalnej i s\u0142uchania muzyki.\",\"breadcrumb\":{\"@id\":\"https:\/\/taniabonament.pl\/sluchawki\/model\/sluchawki-gamingowe-dareu-eh745s-jack-3-5-mm-biale-w-cenie-99-0-pln\/#breadcrumb\"},\"inLanguage\":\"pl-PL\",\"potentialAction\":[{\"@type\":\"ReadAction\",\"target\":[\"https:\/\/taniabonament.pl\/sluchawki\/model\/sluchawki-gamingowe-dareu-eh745s-jack-3-5-mm-biale-w-cenie-99-0-pln\/\"]}]},{\"@type\":\"BreadcrumbList\",\"@id\":\"https:\/\/taniabonament.pl\/sluchawki\/model\/sluchawki-gamingowe-dareu-eh745s-jack-3-5-mm-biale-w-cenie-99-0-pln\/#breadcrumb\",\"itemListElement\":[{\"@type\":\"ListItem\",\"position\":1,\"name\":\"Strona g\u0142\u00f3wna\",\"item\":\"https:\/\/taniabonament.pl\/sluchawki\/\"},{\"@type\":\"ListItem\",\"position\":2,\"name\":\"Sklep\",\"item\":\"https:\/\/taniabonament.pl\/sluchawki\/\"},{\"@type\":\"ListItem\",\"position\":3,\"name\":\"S\u0142uchawki gamingowe Dareu EH745s, jack 3.5 mm (bia\u0142e) &#8211; w cenie 99.0 PLN\"}]},{\"@type\":\"WebSite\",\"@id\":\"https:\/\/taniabonament.pl\/sluchawki\/#website\",\"url\":\"https:\/\/taniabonament.pl\/sluchawki\/\",\"name\":\"TaniAbonament.pl S\u0142uchawki\",\"description\":\"\u015bwiat s\u0142uchawek idealnych do pracy zdalnej\",\"potentialAction\":[{\"@type\":\"SearchAction\",\"target\":{\"@type\":\"EntryPoint\",\"urlTemplate\":\"https:\/\/taniabonament.pl\/sluchawki\/?s={search_term_string}\"},\"query-input\":\"required name=search_term_string\"}],\"inLanguage\":\"pl-PL\"}]}<\/script>\n<!-- \/ Yoast SEO plugin. -->","yoast_head_json":{"title":"s\u0142uchawki z mikrofonem DAREU","description":"S\u0142uchawki z mikrofonem. Model DAREU w atrakcyjnej cenie 99.0 PLN. Przedstawiamy s\u0142uchawki do pracy zdalnej i s\u0142uchania muzyki.","robots":{"index":"index","follow":"follow","max-snippet":"max-snippet:-1","max-image-preview":"max-image-preview:large","max-video-preview":"max-video-preview:-1"},"canonical":"https:\/\/taniabonament.pl\/sluchawki\/model\/sluchawki-gamingowe-dareu-eh745s-jack-3-5-mm-biale-w-cenie-99-0-pln\/","og_locale":"pl_PL","og_type":"article","og_title":"s\u0142uchawki z mikrofonem DAREU","og_description":"S\u0142uchawki z mikrofonem. Model DAREU w atrakcyjnej cenie 99.0 PLN. Przedstawiamy s\u0142uchawki do pracy zdalnej i s\u0142uchania muzyki.","og_url":"https:\/\/taniabonament.pl\/sluchawki\/model\/sluchawki-gamingowe-dareu-eh745s-jack-3-5-mm-biale-w-cenie-99-0-pln\/","og_site_name":"TaniAbonament.pl S\u0142uchawki","article_modified_time":"2022-02-14T20:26:44+00:00","og_image":[{"width":500,"height":350,"url":"https:\/\/taniabonament.pl\/sluchawki\/wp-content\/uploads\/2022\/02\/689c1ac86dcb1b3cff731c678da5eb15060d2158.webp","type":"image\/png"}],"twitter_card":"summary_large_image","schema":{"@context":"https:\/\/schema.org","@graph":[{"@type":"WebPage","@id":"https:\/\/taniabonament.pl\/sluchawki\/model\/sluchawki-gamingowe-dareu-eh745s-jack-3-5-mm-biale-w-cenie-99-0-pln\/","url":"https:\/\/taniabonament.pl\/sluchawki\/model\/sluchawki-gamingowe-dareu-eh745s-jack-3-5-mm-biale-w-cenie-99-0-pln\/","name":"s\u0142uchawki z mikrofonem DAREU","isPartOf":{"@id":"https:\/\/taniabonament.pl\/sluchawki\/#website"},"datePublished":"2022-02-14T20:26:30+00:00","dateModified":"2022-02-14T20:26:44+00:00","description":"S\u0142uchawki z mikrofonem. Model DAREU w atrakcyjnej cenie 99.0 PLN. Przedstawiamy s\u0142uchawki do pracy zdalnej i s\u0142uchania muzyki.","breadcrumb":{"@id":"https:\/\/taniabonament.pl\/sluchawki\/model\/sluchawki-gamingowe-dareu-eh745s-jack-3-5-mm-biale-w-cenie-99-0-pln\/#breadcrumb"},"inLanguage":"pl-PL","potentialAction":[{"@type":"ReadAction","target":["https:\/\/taniabonament.pl\/sluchawki\/model\/sluchawki-gamingowe-dareu-eh745s-jack-3-5-mm-biale-w-cenie-99-0-pln\/"]}]},{"@type":"BreadcrumbList","@id":"https:\/\/taniabonament.pl\/sluchawki\/model\/sluchawki-gamingowe-dareu-eh745s-jack-3-5-mm-biale-w-cenie-99-0-pln\/#breadcrumb","itemListElement":[{"@type":"ListItem","position":1,"name":"Strona g\u0142\u00f3wna","item":"https:\/\/taniabonament.pl\/sluchawki\/"},{"@type":"ListItem","position":2,"name":"Sklep","item":"https:\/\/taniabonament.pl\/sluchawki\/"},{"@type":"ListItem","position":3,"name":"S\u0142uchawki gamingowe Dareu EH745s, jack 3.5 mm (bia\u0142e) &#8211; w cenie 99.0 PLN"}]},{"@type":"WebSite","@id":"https:\/\/taniabonament.pl\/sluchawki\/#website","url":"https:\/\/taniabonament.pl\/sluchawki\/","name":"TaniAbonament.pl S\u0142uchawki","description":"\u015bwiat s\u0142uchawek idealnych do pracy zdalnej","potentialAction":[{"@type":"SearchAction","target":{"@type":"EntryPoint","urlTemplate":"https:\/\/taniabonament.pl\/sluchawki\/?s={search_term_string}"},"query-input":"required name=search_term_string"}],"inLanguage":"pl-PL"}]}},"_links":{"self":[{"href":"https:\/\/taniabonament.pl\/sluchawki\/wp-json\/wp\/v2\/product\/10131","targetHints":{"allow":["GET"]}}],"collection":[{"href":"https:\/\/taniabonament.pl\/sluchawki\/wp-json\/wp\/v2\/product"}],"about":[{"href":"https:\/\/taniabonament.pl\/sluchawki\/wp-json\/wp\/v2\/types\/product"}],"replies":[{"embeddable":true,"href":"https:\/\/taniabonament.pl\/sluchawki\/wp-json\/wp\/v2\/comments?post=10131"}],"wp:featuredmedia":[{"embeddable":true,"href":"https:\/\/taniabonament.pl\/sluchawki\/wp-json\/wp\/v2\/media\/10132"}],"wp:attachment":[{"href":"https:\/\/taniabonament.pl\/sluchawki\/wp-json\/wp\/v2\/media?parent=10131"}],"wp:term":[{"taxonomy":"product_cat","embeddable":true,"href":"https:\/\/taniabonament.pl\/sluchawki\/wp-json\/wp\/v2\/product_cat?post=10131"},{"taxonomy":"product_tag","embeddable":true,"href":"https:\/\/taniabonament.pl\/sluchawki\/wp-json\/wp\/v2\/product_tag?post=10131"}],"curies":[{"name":"wp","href":"https:\/\/api.w.org\/{rel}","templated":true}]}}