{"id":10121,"date":"2022-02-14T20:26:30","date_gmt":"2022-02-14T20:26:30","guid":{"rendered":"https:\/\/taniabonament.pl\/sluchawki\/model\/sluchawki-gamingowe-dareu-eh925s-pro-usb-enc-rgb-7-1-czarne-w-cenie-229-0-pln\/"},"modified":"2022-02-14T20:26:42","modified_gmt":"2022-02-14T20:26:42","slug":"sluchawki-gamingowe-dareu-eh925s-pro-usb-enc-rgb-7-1-czarne-w-cenie-229-0-pln","status":"publish","type":"product","link":"https:\/\/taniabonament.pl\/sluchawki\/model\/sluchawki-gamingowe-dareu-eh925s-pro-usb-enc-rgb-7-1-czarne-w-cenie-229-0-pln\/","title":{"rendered":"S\u0142uchawki gamingowe Dareu EH925s PRO, USB, ENC, RGB, 7.1 (czarne) &#8211; w cenie 229.0 PLN"},"content":{"rendered":"<p><img decoding=\"async\" style=\"margin-right: 25px; margin-bottom: 10px; width: 220px;\" src=\"https:\/\/static.convertiser.com\/media\/product_images\/294\/ad1d671bafdceacf15b1e96dd44e39eb\/1da8f4ba0941c2f3705cb314706904440ba5d1fd.webp\" alt=\"s\u0142uchawki z mikrofonem DAREU\" align=\"left\" \/><\/p>\n<h2>S\u0142uchawki marki DAREU<\/h2>\n<p>CENA ORYGINALNA: 229.0 PLN<\/p>\n<div style=\"font-weight: bold; font-size: 18px;\">\n<p>UWAGA <span style=\"color: red;\">MAMY RABATY!<\/span><\/p>\n<p>Szczeg\u00f3\u0142owe parametry takie jak dane techniczne, promocje sprawdzisz poni\u017cej w Akces-markt.pl. Rozmawiaj wygodnie przez mikrofon podczas pracy zdalnej. Odizoluj si\u0119 od niepo\u017c\u0105danych d\u017awi\u0119k\u00f3w zewn\u0119trznych. Ciesz si\u0119 czystym brzmieniem w s\u0142uchawkach. Przejd\u017a teraz bezpo\u015brednio do z sklepu gdzie szybko zakupisz te s\u0142uchawki w korzystnej cenie.<\/p>\n<p><span style=\"color: #fff; background-color: #000000; padding: 1px 7px;\"><strong>DAREU<\/strong><\/span><strong><span style=\"margin-left: 5px; color: #fff; background-color: red; padding: 1px 7px;\">229.0 PLN<\/span><\/strong><\/p>\n<p>&nbsp;<\/p>\n<p>&nbsp;<\/p>\n<\/div>\n<p style=\"text-align: center; padding-bottom: 15px;\"><a style=\"color: #fff; font-size: 22px; background-color: #e4144d; padding: 9px 14px; border-radius: 7px; text-decoration: underline;\" href=\"https:\/\/converti.se\/click\/34590059-c70e8160-5f3ad5bd\/?deep_link=https%3A%2F%2Fakces-markt.pl%2Fpl%2Fp%2FSluchawki-gamingowe-Dareu-EH925s-PRO%252C-USB%252C-ENC%252C-RGB%252C-7.1-czarne%2F145950&#038;sid=sluchawki-z-mikrofonem&#038;tag6=product&#038;tag8=ad1d671bafdceacf15b1e96dd44e39eb&#038;tag9=S%C5%82uchawki+gamingowe+Dareu+EH925s+PRO%2C+USB%2C+ENC%2C+RGB%2C+7.1+%28czarne%29\" target=\"_blank\" rel=\"nofollow noopener\">Kup teraz<\/a> <span style=\"font-size: 22px; padding-left: 10px;\">229.0 PLN<\/span><\/p>\n","protected":false},"excerpt":{"rendered":"<h3>Odpowiednie <span style='color: red;'>s\u0142uchawki<\/span> z mikrofonem? <\/h3>\n<p> Cechy i zalety: <\/p>\n<ul style='padding-left: 10px; padding-bottom: 10px;'>\n<li style='padding-top: 10px;'>S\u0142uchawki gamingowe Dareu EH925s ProZaawansowane s\u0142uchawki Dareu EH925s Pro otwieraj\u0105 przed Tob\u0105 szerokie mo\u017cliwo\u015bci odkrywania \u015bwiata audio\n<li style='padding-top: 10px;'>Wirtualny d\u017awi\u0119k 7.1 sprawi, \u017ce ca\u0142kowicie zanurzysz si\u0119 w rozgrywce, a 4 tryby odtwarzania pozwol\u0105 Ci dostosowa\u0107 dzia\u0142anie urz\u0105dzenia do Twoich potrzeb\n<li style='padding-top: 10px;'>Oprogramowanie Darwin oraz wbudowany kontroler umo\u017cliwiaj\u0105 swobodn\u0105 konfiguracj\u0119 ustawie\u0144 produktu\n<li style='padding-top: 10px;'>Regulowane pod\u015bwietlenie RGB nadaje s\u0142uchawkom niesamowity, gamingowy charakter.\u00a0Wybierz najlepszy tryb odtwarzania dla siebieS\u0142uchawki oferuj\u0105 4 tryby pracy, kt\u00f3re sprawdz\u0105 si\u0119 w r\u00f3\u017cnych sytuacjach\n<li style='padding-top: 10px;'>Tryb music pozwoli Ci na nowo odkry\u0107 pi\u0119kno Twojej ulubionej muzyki, a a tryb AV nadaje si\u0119 do ogl\u0105dania film\u00f3w\n<li style='padding-top: 10px;'>Kiedy rozmawiasz z innymi graczami, wybierz tryb voice &#8211; wzmocni on brzmienie Twojego g\u0142osu i sprawi, \u017ce zawsze b\u0119dzie on doskonale s\u0142yszalny\n<li style='padding-top: 10px;'>Tryb game sprawdzi si\u0119 podczas rozgrywki &#8211; uruchom go, aby podkre\u015bli\u0107 basy, zachwyci\u0107 si\u0119 bogactwem szczeg\u00f3\u0142\u00f3w i zawsze \u015bwietnie s\u0142ysze\u0107 kroki przeciwnik\u00f3w.\u00a0Wygodnie zmieniaj ustawieniaS\u0142uchawki zosta\u0142y wyposa\u017cone w wielofunkcyjny kontroler audio Magic Box\n<li style='padding-top: 10px;'>Za jego pomoc\u0105 jeszcze lepiej dostosujesz ich dzia\u0142anie do sytuacji oraz swoich oczekiwa\u0144\n<li style='padding-top: 10px;'>Wystarczy kilka klikni\u0119\u0107, aby zmieni\u0107 efekty d\u017awi\u0119kowe lub tryb odtwarzania\n<li style='padding-top: 10px;'>Mo\u017cesz te\u017c cieszy\u0107 si\u0119 przestrzennym audio stereoskopowym, kt\u00f3re pozwoli Ci dok\u0142adnie okre\u015bli\u0107 po\u0142o\u017cenie rywali i uprzedzi\u0107 ich ruchy.\u00a0Od\u0142\u0105czany mikrofon &#8211; niczym niezak\u0142\u00f3cone rozmowy z innymi graczamiDo\u0142\u0105czony do s\u0142uchawek mikrofon umo\u017cliwia swobodn\u0105 komunikacj\u0119 z innymi graczami\n<li style='padding-top: 10px;'>Mo\u017cesz go wygina\u0107 w dowolnym kierunku\n<li style='padding-top: 10px;'>Funkcja redukcji ha\u0142asu oraz eliminacja szumu otoczenia przez oprogramowanie Darwin sprawi\u0105, \u017ce Tw\u00f3j g\u0142os zawsze b\u0119dzie doskonale s\u0142yszalny\n<li style='padding-top: 10px;'>Bez przeszk\u00f3d wymieniaj informacje z cz\u0142onkami swojej dru\u017cyny lub zaplanuj strategi\u0119 na kolejn\u0105 rozgrywk\u0119! Kiedy mikrofon nie b\u0119dzie Ci potrzebny, mo\u017cesz po prostu od\u0142\u0105czy\u0107 go od s\u0142uchawek.\u00a0Konfigurowalne pod\u015bwietlenie RGBMo\u017cesz dostosowa\u0107 styl pod\u015bwietlenia s\u0142uchawek do swoich upodoba\u0144\n<li style='padding-top: 10px;'>Wybieraj spo\u015br\u00f3d 6 tryb\u00f3w i ciesz si\u0119 zachwycaj\u0105cymi efektami \u015bwietlnymi\n<li style='padding-top: 10px;'>To jednak nie koniec niespodzianek! EH925s Pro obs\u0142uguj\u0105 system DRS Darwin, kt\u00f3ry umo\u017cliwia wprowadzanie indywidualnych ustawie\u0144, a tak\u017ce synchronizacj\u0119 pod\u015bwietlenia z innymi kompatybilnymi urz\u0105dzeniami.\u00a0Specyfikacja\u00a0ProducentDareuModelEH925s ProPo\u0142\u0105czeniePrzewodowe przez USBPod\u015bwietlenieRGBWirtualny d\u017awi\u0119k wielokana\u0142owy7.1Redukcja ha\u0142asu mikrofonuENCWymiary g\u0142o\u015bnika (\u015brednica x wysoko\u015b\u0107)53&#215;10 mmCzu\u0142o\u015b\u0107116\u00b13dBImpedancja64\u00b115%\u03a9Pasmo przenoszenia20Hz-20kHzWymiary mikrofonu (\u015brednica x wysoko\u015b\u0107)6&#215;2,7 mmCzu\u0142o\u015b\u0107 mikrofonu-42\u00b13dBImpedancja wyj\u015bciowa mikrofonu2,2K\u03a9Pasmo przenoszenia mikrofonu100~10KHzCa\u0142kowite zniekszta\u0142cenie harmoniczne\u22665%Kompatybilno\u015b\u0107PC<\/ul>\n","protected":false},"featured_media":10122,"comment_status":"closed","ping_status":"open","template":"","meta":[],"product_cat":[846,601],"product_tag":[],"class_list":{"0":"post-10121","1":"product","2":"type-product","3":"status-publish","5":"hentry","6":"product_cat-dareu","7":"product_cat-sluchawki-z-mikrofonem","8":"pa_producent-dareu","9":"pa_sklep-akces-markt-pl"},"yoast_head":"<!-- This site is optimized with the Yoast SEO plugin v20.9 - https:\/\/yoast.com\/wordpress\/plugins\/seo\/ -->\n<title>s\u0142uchawki z mikrofonem DAREU<\/title>\n<meta name=\"description\" content=\"S\u0142uchawki z mikrofonem. Model DAREU w atrakcyjnej cenie 229.0 PLN. Przedstawiamy s\u0142uchawki do pracy zdalnej i s\u0142uchania muzyki.\" \/>\n<meta name=\"robots\" content=\"index, follow, max-snippet:-1, max-image-preview:large, max-video-preview:-1\" \/>\n<link rel=\"canonical\" href=\"https:\/\/taniabonament.pl\/sluchawki\/model\/sluchawki-gamingowe-dareu-eh925s-pro-usb-enc-rgb-7-1-czarne-w-cenie-229-0-pln\/\" \/>\n<meta property=\"og:locale\" content=\"pl_PL\" \/>\n<meta property=\"og:type\" content=\"article\" \/>\n<meta property=\"og:title\" content=\"s\u0142uchawki z mikrofonem DAREU\" \/>\n<meta property=\"og:description\" content=\"S\u0142uchawki z mikrofonem. Model DAREU w atrakcyjnej cenie 229.0 PLN. Przedstawiamy s\u0142uchawki do pracy zdalnej i s\u0142uchania muzyki.\" \/>\n<meta property=\"og:url\" content=\"https:\/\/taniabonament.pl\/sluchawki\/model\/sluchawki-gamingowe-dareu-eh925s-pro-usb-enc-rgb-7-1-czarne-w-cenie-229-0-pln\/\" \/>\n<meta property=\"og:site_name\" content=\"TaniAbonament.pl S\u0142uchawki\" \/>\n<meta property=\"article:modified_time\" content=\"2022-02-14T20:26:42+00:00\" \/>\n<meta property=\"og:image\" content=\"https:\/\/taniabonament.pl\/sluchawki\/wp-content\/uploads\/2022\/02\/1da8f4ba0941c2f3705cb314706904440ba5d1fd.webp\" \/>\n\t<meta property=\"og:image:width\" content=\"500\" \/>\n\t<meta property=\"og:image:height\" content=\"500\" \/>\n\t<meta property=\"og:image:type\" content=\"image\/jpeg\" \/>\n<meta name=\"twitter:card\" content=\"summary_large_image\" \/>\n<script type=\"application\/ld+json\" class=\"yoast-schema-graph\">{\"@context\":\"https:\/\/schema.org\",\"@graph\":[{\"@type\":\"WebPage\",\"@id\":\"https:\/\/taniabonament.pl\/sluchawki\/model\/sluchawki-gamingowe-dareu-eh925s-pro-usb-enc-rgb-7-1-czarne-w-cenie-229-0-pln\/\",\"url\":\"https:\/\/taniabonament.pl\/sluchawki\/model\/sluchawki-gamingowe-dareu-eh925s-pro-usb-enc-rgb-7-1-czarne-w-cenie-229-0-pln\/\",\"name\":\"s\u0142uchawki z mikrofonem DAREU\",\"isPartOf\":{\"@id\":\"https:\/\/taniabonament.pl\/sluchawki\/#website\"},\"datePublished\":\"2022-02-14T20:26:30+00:00\",\"dateModified\":\"2022-02-14T20:26:42+00:00\",\"description\":\"S\u0142uchawki z mikrofonem. Model DAREU w atrakcyjnej cenie 229.0 PLN. Przedstawiamy s\u0142uchawki do pracy zdalnej i s\u0142uchania muzyki.\",\"breadcrumb\":{\"@id\":\"https:\/\/taniabonament.pl\/sluchawki\/model\/sluchawki-gamingowe-dareu-eh925s-pro-usb-enc-rgb-7-1-czarne-w-cenie-229-0-pln\/#breadcrumb\"},\"inLanguage\":\"pl-PL\",\"potentialAction\":[{\"@type\":\"ReadAction\",\"target\":[\"https:\/\/taniabonament.pl\/sluchawki\/model\/sluchawki-gamingowe-dareu-eh925s-pro-usb-enc-rgb-7-1-czarne-w-cenie-229-0-pln\/\"]}]},{\"@type\":\"BreadcrumbList\",\"@id\":\"https:\/\/taniabonament.pl\/sluchawki\/model\/sluchawki-gamingowe-dareu-eh925s-pro-usb-enc-rgb-7-1-czarne-w-cenie-229-0-pln\/#breadcrumb\",\"itemListElement\":[{\"@type\":\"ListItem\",\"position\":1,\"name\":\"Strona g\u0142\u00f3wna\",\"item\":\"https:\/\/taniabonament.pl\/sluchawki\/\"},{\"@type\":\"ListItem\",\"position\":2,\"name\":\"Sklep\",\"item\":\"https:\/\/taniabonament.pl\/sluchawki\/\"},{\"@type\":\"ListItem\",\"position\":3,\"name\":\"S\u0142uchawki gamingowe Dareu EH925s PRO, USB, ENC, RGB, 7.1 (czarne) &#8211; w cenie 229.0 PLN\"}]},{\"@type\":\"WebSite\",\"@id\":\"https:\/\/taniabonament.pl\/sluchawki\/#website\",\"url\":\"https:\/\/taniabonament.pl\/sluchawki\/\",\"name\":\"TaniAbonament.pl S\u0142uchawki\",\"description\":\"\u015bwiat s\u0142uchawek idealnych do pracy zdalnej\",\"potentialAction\":[{\"@type\":\"SearchAction\",\"target\":{\"@type\":\"EntryPoint\",\"urlTemplate\":\"https:\/\/taniabonament.pl\/sluchawki\/?s={search_term_string}\"},\"query-input\":\"required name=search_term_string\"}],\"inLanguage\":\"pl-PL\"}]}<\/script>\n<!-- \/ Yoast SEO plugin. -->","yoast_head_json":{"title":"s\u0142uchawki z mikrofonem DAREU","description":"S\u0142uchawki z mikrofonem. Model DAREU w atrakcyjnej cenie 229.0 PLN. Przedstawiamy s\u0142uchawki do pracy zdalnej i s\u0142uchania muzyki.","robots":{"index":"index","follow":"follow","max-snippet":"max-snippet:-1","max-image-preview":"max-image-preview:large","max-video-preview":"max-video-preview:-1"},"canonical":"https:\/\/taniabonament.pl\/sluchawki\/model\/sluchawki-gamingowe-dareu-eh925s-pro-usb-enc-rgb-7-1-czarne-w-cenie-229-0-pln\/","og_locale":"pl_PL","og_type":"article","og_title":"s\u0142uchawki z mikrofonem DAREU","og_description":"S\u0142uchawki z mikrofonem. Model DAREU w atrakcyjnej cenie 229.0 PLN. Przedstawiamy s\u0142uchawki do pracy zdalnej i s\u0142uchania muzyki.","og_url":"https:\/\/taniabonament.pl\/sluchawki\/model\/sluchawki-gamingowe-dareu-eh925s-pro-usb-enc-rgb-7-1-czarne-w-cenie-229-0-pln\/","og_site_name":"TaniAbonament.pl S\u0142uchawki","article_modified_time":"2022-02-14T20:26:42+00:00","og_image":[{"width":500,"height":500,"url":"https:\/\/taniabonament.pl\/sluchawki\/wp-content\/uploads\/2022\/02\/1da8f4ba0941c2f3705cb314706904440ba5d1fd.webp","type":"image\/jpeg"}],"twitter_card":"summary_large_image","schema":{"@context":"https:\/\/schema.org","@graph":[{"@type":"WebPage","@id":"https:\/\/taniabonament.pl\/sluchawki\/model\/sluchawki-gamingowe-dareu-eh925s-pro-usb-enc-rgb-7-1-czarne-w-cenie-229-0-pln\/","url":"https:\/\/taniabonament.pl\/sluchawki\/model\/sluchawki-gamingowe-dareu-eh925s-pro-usb-enc-rgb-7-1-czarne-w-cenie-229-0-pln\/","name":"s\u0142uchawki z mikrofonem DAREU","isPartOf":{"@id":"https:\/\/taniabonament.pl\/sluchawki\/#website"},"datePublished":"2022-02-14T20:26:30+00:00","dateModified":"2022-02-14T20:26:42+00:00","description":"S\u0142uchawki z mikrofonem. Model DAREU w atrakcyjnej cenie 229.0 PLN. Przedstawiamy s\u0142uchawki do pracy zdalnej i s\u0142uchania muzyki.","breadcrumb":{"@id":"https:\/\/taniabonament.pl\/sluchawki\/model\/sluchawki-gamingowe-dareu-eh925s-pro-usb-enc-rgb-7-1-czarne-w-cenie-229-0-pln\/#breadcrumb"},"inLanguage":"pl-PL","potentialAction":[{"@type":"ReadAction","target":["https:\/\/taniabonament.pl\/sluchawki\/model\/sluchawki-gamingowe-dareu-eh925s-pro-usb-enc-rgb-7-1-czarne-w-cenie-229-0-pln\/"]}]},{"@type":"BreadcrumbList","@id":"https:\/\/taniabonament.pl\/sluchawki\/model\/sluchawki-gamingowe-dareu-eh925s-pro-usb-enc-rgb-7-1-czarne-w-cenie-229-0-pln\/#breadcrumb","itemListElement":[{"@type":"ListItem","position":1,"name":"Strona g\u0142\u00f3wna","item":"https:\/\/taniabonament.pl\/sluchawki\/"},{"@type":"ListItem","position":2,"name":"Sklep","item":"https:\/\/taniabonament.pl\/sluchawki\/"},{"@type":"ListItem","position":3,"name":"S\u0142uchawki gamingowe Dareu EH925s PRO, USB, ENC, RGB, 7.1 (czarne) &#8211; w cenie 229.0 PLN"}]},{"@type":"WebSite","@id":"https:\/\/taniabonament.pl\/sluchawki\/#website","url":"https:\/\/taniabonament.pl\/sluchawki\/","name":"TaniAbonament.pl S\u0142uchawki","description":"\u015bwiat s\u0142uchawek idealnych do pracy zdalnej","potentialAction":[{"@type":"SearchAction","target":{"@type":"EntryPoint","urlTemplate":"https:\/\/taniabonament.pl\/sluchawki\/?s={search_term_string}"},"query-input":"required name=search_term_string"}],"inLanguage":"pl-PL"}]}},"_links":{"self":[{"href":"https:\/\/taniabonament.pl\/sluchawki\/wp-json\/wp\/v2\/product\/10121","targetHints":{"allow":["GET"]}}],"collection":[{"href":"https:\/\/taniabonament.pl\/sluchawki\/wp-json\/wp\/v2\/product"}],"about":[{"href":"https:\/\/taniabonament.pl\/sluchawki\/wp-json\/wp\/v2\/types\/product"}],"replies":[{"embeddable":true,"href":"https:\/\/taniabonament.pl\/sluchawki\/wp-json\/wp\/v2\/comments?post=10121"}],"wp:featuredmedia":[{"embeddable":true,"href":"https:\/\/taniabonament.pl\/sluchawki\/wp-json\/wp\/v2\/media\/10122"}],"wp:attachment":[{"href":"https:\/\/taniabonament.pl\/sluchawki\/wp-json\/wp\/v2\/media?parent=10121"}],"wp:term":[{"taxonomy":"product_cat","embeddable":true,"href":"https:\/\/taniabonament.pl\/sluchawki\/wp-json\/wp\/v2\/product_cat?post=10121"},{"taxonomy":"product_tag","embeddable":true,"href":"https:\/\/taniabonament.pl\/sluchawki\/wp-json\/wp\/v2\/product_tag?post=10121"}],"curies":[{"name":"wp","href":"https:\/\/api.w.org\/{rel}","templated":true}]}}