{"id":10119,"date":"2022-02-14T20:26:30","date_gmt":"2022-02-14T20:26:30","guid":{"rendered":"https:\/\/taniabonament.pl\/sluchawki\/model\/sluchawki-gamingowe-motospeed-h60-usb-w-cenie-89-0-pln\/"},"modified":"2022-02-14T20:26:41","modified_gmt":"2022-02-14T20:26:41","slug":"sluchawki-gamingowe-motospeed-h60-usb-w-cenie-89-0-pln","status":"publish","type":"product","link":"https:\/\/taniabonament.pl\/sluchawki\/model\/sluchawki-gamingowe-motospeed-h60-usb-w-cenie-89-0-pln\/","title":{"rendered":"S\u0142uchawki gamingowe Motospeed H60, USB &#8211; w cenie 89.0 PLN"},"content":{"rendered":"<p><img decoding=\"async\" style=\"margin-right: 25px; margin-bottom: 10px; width: 220px;\" src=\"https:\/\/static.convertiser.com\/media\/product_images\/294\/4addb5eb49589f543d702ea15e530049\/bec60183407208450c176b8e32afa5301f551bb5.webp\" alt=\"s\u0142uchawki z mikrofonem MOTOSPEED\" align=\"left\" \/><\/p>\n<h2>S\u0142uchawki marki MOTOSPEED<\/h2>\n<p>CENA ORYGINALNA: 89.0 PLN<\/p>\n<div style=\"font-weight: bold; font-size: 18px;\">\n<p>UWAGA <span style=\"color: red;\">MAMY RABATY!<\/span><\/p>\n<p>Szczeg\u00f3\u0142owe parametry takie jak dane techniczne, promocje sprawdzisz poni\u017cej w Akces-markt.pl. Rozmawiaj wygodnie przez mikrofon podczas pracy zdalnej. Odizoluj si\u0119 od niepo\u017c\u0105danych d\u017awi\u0119k\u00f3w zewn\u0119trznych. Ciesz si\u0119 czystym brzmieniem w s\u0142uchawkach. Przejd\u017a teraz bezpo\u015brednio do z sklepu gdzie szybko zakupisz te s\u0142uchawki w korzystnej cenie.<\/p>\n<p><span style=\"color: #fff; background-color: #000000; padding: 1px 7px;\"><strong>MOTOSPEED<\/strong><\/span><strong><span style=\"margin-left: 5px; color: #fff; background-color: red; padding: 1px 7px;\">89.0 PLN<\/span><\/strong><\/p>\n<p>&nbsp;<\/p>\n<p>&nbsp;<\/p>\n<\/div>\n<p style=\"text-align: center; padding-bottom: 15px;\"><a style=\"color: #fff; font-size: 22px; background-color: #e4144d; padding: 9px 14px; border-radius: 7px; text-decoration: underline;\" href=\"https:\/\/converti.se\/click\/34590059-c70e8160-5f3ad5bd\/?deep_link=https%3A%2F%2Fakces-markt.pl%2Fpl%2Fp%2FSluchawki-gamingowe-Motospeed-H60%252C-USB%2F144094&#038;sid=sluchawki-z-mikrofonem&#038;tag6=product&#038;tag8=4addb5eb49589f543d702ea15e530049&#038;tag9=S%C5%82uchawki+gamingowe+Motospeed+H60%2C+USB\" target=\"_blank\" rel=\"nofollow noopener\">Kup teraz<\/a> <span style=\"font-size: 22px; padding-left: 10px;\">89.0 PLN<\/span><\/p>\n","protected":false},"excerpt":{"rendered":"<h3>Odpowiednie <span style='color: red;'>s\u0142uchawki<\/span> z mikrofonem? <\/h3>\n<p> Cechy i zalety: <\/p>\n<ul style='padding-left: 10px; padding-bottom: 10px;'>\n<li style='padding-top: 10px;'>S\u0142uchawki Motospeed H60Wygodne w u\u017cytkowaniu s\u0142uchawki Motospeed H60 zapewniaj\u0105 doskona\u0142\u0105 jako\u015b\u0107 audio i dostarczaj\u0105 niesamowitych wra\u017ce\u0144 podczas rozgrywki\n<li style='padding-top: 10px;'>D\u017awi\u0119k 3D umo\u017cliwi Ci ca\u0142kowite zanurzenie si\u0119 w \u015bwiecie Twoich ulubionych tytu\u0142\u00f3w\n<li style='padding-top: 10px;'>Dzi\u0119ki wysokiej klasy przetwornikowi 50 mm b\u0119dziesz cieszy\u0107 si\u0119 czysto brzmi\u0105cym audio, a wyginany mikrofon pozwoli swobodnie komunikowa\u0107 si\u0119 ze znajomymi i jeszcze lepiej planowa\u0107 z nimi wsp\u00f3lne dzia\u0142ania w grze\n<li style='padding-top: 10px;'>Jeszcze wi\u0119ksza immersjaW s\u0142uchawkach H60 zastosowano najwy\u017cszej jako\u015bci materia\u0142y, kt\u00f3re pozwalaj\u0105 na stworzenie wra\u017cenia wirtualnego audio 3D\n<li style='padding-top: 10px;'>To, w po\u0142\u0105czeniu z wbudowanym kana\u0142em d\u017awi\u0119ku 7.1, sprawia, \u017ce otrzymujemy produkt, kt\u00f3ry zapewnia zwi\u0119kszon\u0105 immersj\u0119 podczas rozgrywki lub ogl\u0105dania filmu\n<li style='padding-top: 10px;'>Umo\u017cliwia te\u017c lepsze wyczucie przestrzenne i rozpoznanie kierunku nadchodz\u0105cego d\u017awi\u0119ku, dzi\u0119ki czemu lepiej us\u0142yszysz swoich rywali w grze i b\u0142yskawicznie zareagujesz na ich dzia\u0142ania\n<li style='padding-top: 10px;'>Przyjazny u\u017cytkownikom mikrofonDo\u0142\u0105czony do s\u0142uchawek teleskopowy mikrofon mo\u017cna swobodnie wygina\u0107, co znacznie u\u0142atwia jego stosowanie\n<li style='padding-top: 10px;'>Wyr\u00f3\u017cnia go tak\u017ce technologia wyg\u0142uszania d\u017awi\u0119k\u00f3w zewn\u0119trznych z ka\u017cdej strony, co zapewnia czyst\u0105 i przyjemn\u0105 komunikacj\u0119 g\u0142osow\u0105\n<li style='padding-top: 10px;'>Korzystaj\u0105c z jego mo\u017cliwo\u015bci, mo\u017cesz wi\u0119c wygodnie rozmawia\u0107 z przyjaci\u00f3\u0142mi lub cz\u0142onkami swojej dru\u017cyny w grze\n<li style='padding-top: 10px;'>Komfort u\u017cytkowaniaS\u0142uchawki H60 zosta\u0142y zaprojektowane z my\u015bl\u0105 o wygodzie u\u017cytkownika\n<li style='padding-top: 10px;'>Ich lekka waga 330 g gwarantuje wyj\u0105tkowy komfort &#8211; nawet, kiedy korzystasz z nich przez d\u0142ugie godziny\n<li style='padding-top: 10px;'>Nauszniki wykonane z oddychaj\u0105cego tworzywa s\u0105 przyjazne dla sk\u00f3ry i przyjemne w dotyku\n<li style='padding-top: 10px;'>Wszystko to sprawia, \u017ce u\u017cywanie s\u0142uchawek jest tak wygodne, jak mo\u017cesz to sobie wymarzy\u0107\n<li style='padding-top: 10px;'>SpecyfikacjaProducentMotospeedModelH60Kierunkowo\u015b\u0107Dook\u00f3lnaPasmo przenoszenia20Hz-20kHz\u015arednica g\u0142o\u015bnika50 mmImpedancja\u2264 2.2k\u03a9Czu\u0142o\u015b\u0107-54dB \u00b1 3dBMaksymalna moc50 MWWsp\u00f3\u0142czynnik zniekszta\u0142ce\u0144\u2264 2.5% THDInterfejsUSBD\u0142ugo\u015b\u0107 kabla2,1 mNapi\u0119cie robocze5 VWagaok\n<li style='padding-top: 10px;'>330 g<\/ul>\n","protected":false},"featured_media":10120,"comment_status":"closed","ping_status":"open","template":"","meta":[],"product_cat":[848,601],"product_tag":[],"class_list":{"0":"post-10119","1":"product","2":"type-product","3":"status-publish","5":"hentry","6":"product_cat-motospeed","7":"product_cat-sluchawki-z-mikrofonem","8":"pa_producent-motospeed","9":"pa_sklep-akces-markt-pl"},"yoast_head":"<!-- This site is optimized with the Yoast SEO plugin v20.9 - https:\/\/yoast.com\/wordpress\/plugins\/seo\/ -->\n<title>s\u0142uchawki z mikrofonem MOTOSPEED<\/title>\n<meta name=\"description\" content=\"S\u0142uchawki z mikrofonem. Model MOTOSPEED w atrakcyjnej cenie 89.0 PLN. Przedstawiamy s\u0142uchawki do pracy zdalnej i s\u0142uchania muzyki.\" \/>\n<meta name=\"robots\" content=\"index, follow, max-snippet:-1, max-image-preview:large, max-video-preview:-1\" \/>\n<link rel=\"canonical\" href=\"https:\/\/taniabonament.pl\/sluchawki\/model\/sluchawki-gamingowe-motospeed-h60-usb-w-cenie-89-0-pln\/\" \/>\n<meta property=\"og:locale\" content=\"pl_PL\" \/>\n<meta property=\"og:type\" content=\"article\" \/>\n<meta property=\"og:title\" content=\"s\u0142uchawki z mikrofonem MOTOSPEED\" \/>\n<meta property=\"og:description\" content=\"S\u0142uchawki z mikrofonem. Model MOTOSPEED w atrakcyjnej cenie 89.0 PLN. Przedstawiamy s\u0142uchawki do pracy zdalnej i s\u0142uchania muzyki.\" \/>\n<meta property=\"og:url\" content=\"https:\/\/taniabonament.pl\/sluchawki\/model\/sluchawki-gamingowe-motospeed-h60-usb-w-cenie-89-0-pln\/\" \/>\n<meta property=\"og:site_name\" content=\"TaniAbonament.pl S\u0142uchawki\" \/>\n<meta property=\"article:modified_time\" content=\"2022-02-14T20:26:41+00:00\" \/>\n<meta property=\"og:image\" content=\"https:\/\/taniabonament.pl\/sluchawki\/wp-content\/uploads\/2022\/02\/bec60183407208450c176b8e32afa5301f551bb5.webp\" \/>\n\t<meta property=\"og:image:width\" content=\"500\" \/>\n\t<meta property=\"og:image:height\" content=\"318\" \/>\n\t<meta property=\"og:image:type\" content=\"image\/jpeg\" \/>\n<meta name=\"twitter:card\" content=\"summary_large_image\" \/>\n<script type=\"application\/ld+json\" class=\"yoast-schema-graph\">{\"@context\":\"https:\/\/schema.org\",\"@graph\":[{\"@type\":\"WebPage\",\"@id\":\"https:\/\/taniabonament.pl\/sluchawki\/model\/sluchawki-gamingowe-motospeed-h60-usb-w-cenie-89-0-pln\/\",\"url\":\"https:\/\/taniabonament.pl\/sluchawki\/model\/sluchawki-gamingowe-motospeed-h60-usb-w-cenie-89-0-pln\/\",\"name\":\"s\u0142uchawki z mikrofonem MOTOSPEED\",\"isPartOf\":{\"@id\":\"https:\/\/taniabonament.pl\/sluchawki\/#website\"},\"datePublished\":\"2022-02-14T20:26:30+00:00\",\"dateModified\":\"2022-02-14T20:26:41+00:00\",\"description\":\"S\u0142uchawki z mikrofonem. Model MOTOSPEED w atrakcyjnej cenie 89.0 PLN. Przedstawiamy s\u0142uchawki do pracy zdalnej i s\u0142uchania muzyki.\",\"breadcrumb\":{\"@id\":\"https:\/\/taniabonament.pl\/sluchawki\/model\/sluchawki-gamingowe-motospeed-h60-usb-w-cenie-89-0-pln\/#breadcrumb\"},\"inLanguage\":\"pl-PL\",\"potentialAction\":[{\"@type\":\"ReadAction\",\"target\":[\"https:\/\/taniabonament.pl\/sluchawki\/model\/sluchawki-gamingowe-motospeed-h60-usb-w-cenie-89-0-pln\/\"]}]},{\"@type\":\"BreadcrumbList\",\"@id\":\"https:\/\/taniabonament.pl\/sluchawki\/model\/sluchawki-gamingowe-motospeed-h60-usb-w-cenie-89-0-pln\/#breadcrumb\",\"itemListElement\":[{\"@type\":\"ListItem\",\"position\":1,\"name\":\"Strona g\u0142\u00f3wna\",\"item\":\"https:\/\/taniabonament.pl\/sluchawki\/\"},{\"@type\":\"ListItem\",\"position\":2,\"name\":\"Sklep\",\"item\":\"https:\/\/taniabonament.pl\/sluchawki\/\"},{\"@type\":\"ListItem\",\"position\":3,\"name\":\"S\u0142uchawki gamingowe Motospeed H60, USB &#8211; w cenie 89.0 PLN\"}]},{\"@type\":\"WebSite\",\"@id\":\"https:\/\/taniabonament.pl\/sluchawki\/#website\",\"url\":\"https:\/\/taniabonament.pl\/sluchawki\/\",\"name\":\"TaniAbonament.pl S\u0142uchawki\",\"description\":\"\u015bwiat s\u0142uchawek idealnych do pracy zdalnej\",\"potentialAction\":[{\"@type\":\"SearchAction\",\"target\":{\"@type\":\"EntryPoint\",\"urlTemplate\":\"https:\/\/taniabonament.pl\/sluchawki\/?s={search_term_string}\"},\"query-input\":\"required name=search_term_string\"}],\"inLanguage\":\"pl-PL\"}]}<\/script>\n<!-- \/ Yoast SEO plugin. -->","yoast_head_json":{"title":"s\u0142uchawki z mikrofonem MOTOSPEED","description":"S\u0142uchawki z mikrofonem. Model MOTOSPEED w atrakcyjnej cenie 89.0 PLN. Przedstawiamy s\u0142uchawki do pracy zdalnej i s\u0142uchania muzyki.","robots":{"index":"index","follow":"follow","max-snippet":"max-snippet:-1","max-image-preview":"max-image-preview:large","max-video-preview":"max-video-preview:-1"},"canonical":"https:\/\/taniabonament.pl\/sluchawki\/model\/sluchawki-gamingowe-motospeed-h60-usb-w-cenie-89-0-pln\/","og_locale":"pl_PL","og_type":"article","og_title":"s\u0142uchawki z mikrofonem MOTOSPEED","og_description":"S\u0142uchawki z mikrofonem. Model MOTOSPEED w atrakcyjnej cenie 89.0 PLN. Przedstawiamy s\u0142uchawki do pracy zdalnej i s\u0142uchania muzyki.","og_url":"https:\/\/taniabonament.pl\/sluchawki\/model\/sluchawki-gamingowe-motospeed-h60-usb-w-cenie-89-0-pln\/","og_site_name":"TaniAbonament.pl S\u0142uchawki","article_modified_time":"2022-02-14T20:26:41+00:00","og_image":[{"width":500,"height":318,"url":"https:\/\/taniabonament.pl\/sluchawki\/wp-content\/uploads\/2022\/02\/bec60183407208450c176b8e32afa5301f551bb5.webp","type":"image\/jpeg"}],"twitter_card":"summary_large_image","schema":{"@context":"https:\/\/schema.org","@graph":[{"@type":"WebPage","@id":"https:\/\/taniabonament.pl\/sluchawki\/model\/sluchawki-gamingowe-motospeed-h60-usb-w-cenie-89-0-pln\/","url":"https:\/\/taniabonament.pl\/sluchawki\/model\/sluchawki-gamingowe-motospeed-h60-usb-w-cenie-89-0-pln\/","name":"s\u0142uchawki z mikrofonem MOTOSPEED","isPartOf":{"@id":"https:\/\/taniabonament.pl\/sluchawki\/#website"},"datePublished":"2022-02-14T20:26:30+00:00","dateModified":"2022-02-14T20:26:41+00:00","description":"S\u0142uchawki z mikrofonem. Model MOTOSPEED w atrakcyjnej cenie 89.0 PLN. Przedstawiamy s\u0142uchawki do pracy zdalnej i s\u0142uchania muzyki.","breadcrumb":{"@id":"https:\/\/taniabonament.pl\/sluchawki\/model\/sluchawki-gamingowe-motospeed-h60-usb-w-cenie-89-0-pln\/#breadcrumb"},"inLanguage":"pl-PL","potentialAction":[{"@type":"ReadAction","target":["https:\/\/taniabonament.pl\/sluchawki\/model\/sluchawki-gamingowe-motospeed-h60-usb-w-cenie-89-0-pln\/"]}]},{"@type":"BreadcrumbList","@id":"https:\/\/taniabonament.pl\/sluchawki\/model\/sluchawki-gamingowe-motospeed-h60-usb-w-cenie-89-0-pln\/#breadcrumb","itemListElement":[{"@type":"ListItem","position":1,"name":"Strona g\u0142\u00f3wna","item":"https:\/\/taniabonament.pl\/sluchawki\/"},{"@type":"ListItem","position":2,"name":"Sklep","item":"https:\/\/taniabonament.pl\/sluchawki\/"},{"@type":"ListItem","position":3,"name":"S\u0142uchawki gamingowe Motospeed H60, USB &#8211; w cenie 89.0 PLN"}]},{"@type":"WebSite","@id":"https:\/\/taniabonament.pl\/sluchawki\/#website","url":"https:\/\/taniabonament.pl\/sluchawki\/","name":"TaniAbonament.pl S\u0142uchawki","description":"\u015bwiat s\u0142uchawek idealnych do pracy zdalnej","potentialAction":[{"@type":"SearchAction","target":{"@type":"EntryPoint","urlTemplate":"https:\/\/taniabonament.pl\/sluchawki\/?s={search_term_string}"},"query-input":"required name=search_term_string"}],"inLanguage":"pl-PL"}]}},"_links":{"self":[{"href":"https:\/\/taniabonament.pl\/sluchawki\/wp-json\/wp\/v2\/product\/10119","targetHints":{"allow":["GET"]}}],"collection":[{"href":"https:\/\/taniabonament.pl\/sluchawki\/wp-json\/wp\/v2\/product"}],"about":[{"href":"https:\/\/taniabonament.pl\/sluchawki\/wp-json\/wp\/v2\/types\/product"}],"replies":[{"embeddable":true,"href":"https:\/\/taniabonament.pl\/sluchawki\/wp-json\/wp\/v2\/comments?post=10119"}],"wp:featuredmedia":[{"embeddable":true,"href":"https:\/\/taniabonament.pl\/sluchawki\/wp-json\/wp\/v2\/media\/10120"}],"wp:attachment":[{"href":"https:\/\/taniabonament.pl\/sluchawki\/wp-json\/wp\/v2\/media?parent=10119"}],"wp:term":[{"taxonomy":"product_cat","embeddable":true,"href":"https:\/\/taniabonament.pl\/sluchawki\/wp-json\/wp\/v2\/product_cat?post=10119"},{"taxonomy":"product_tag","embeddable":true,"href":"https:\/\/taniabonament.pl\/sluchawki\/wp-json\/wp\/v2\/product_tag?post=10119"}],"curies":[{"name":"wp","href":"https:\/\/api.w.org\/{rel}","templated":true}]}}