{"id":10113,"date":"2022-02-14T20:26:30","date_gmt":"2022-02-14T20:26:30","guid":{"rendered":"https:\/\/taniabonament.pl\/sluchawki\/model\/sluchawki-gamingowe-havit-gamenote-h2019u-usb-7-1-rgb-w-cenie-79-0-pln\/"},"modified":"2022-02-14T20:26:40","modified_gmt":"2022-02-14T20:26:40","slug":"sluchawki-gamingowe-havit-gamenote-h2019u-usb-7-1-rgb-w-cenie-79-0-pln","status":"publish","type":"product","link":"https:\/\/taniabonament.pl\/sluchawki\/model\/sluchawki-gamingowe-havit-gamenote-h2019u-usb-7-1-rgb-w-cenie-79-0-pln\/","title":{"rendered":"S\u0142uchawki gamingowe Havit GAMENOTE H2019U USB 7.1 RGB &#8211; w cenie 79.0 PLN"},"content":{"rendered":"<p><img decoding=\"async\" style=\"margin-right: 25px; margin-bottom: 10px; width: 220px;\" src=\"https:\/\/static.convertiser.com\/media\/product_images\/294\/36392f365a66978b096d16e5485c890c\/859c2db671dcfa771ca687f106cee81b88301855.webp\" alt=\"s\u0142uchawki z mikrofonem HAVIT\" align=\"left\" \/><\/p>\n<h2>S\u0142uchawki marki HAVIT<\/h2>\n<p>CENA ORYGINALNA: 79.0 PLN<\/p>\n<div style=\"font-weight: bold; font-size: 18px;\">\n<p>UWAGA <span style=\"color: red;\">MAMY RABATY!<\/span><\/p>\n<p>Szczeg\u00f3\u0142owe parametry takie jak dane techniczne, promocje sprawdzisz poni\u017cej w Akces-markt.pl. Rozmawiaj wygodnie przez mikrofon podczas pracy zdalnej. Odizoluj si\u0119 od niepo\u017c\u0105danych d\u017awi\u0119k\u00f3w zewn\u0119trznych. Ciesz si\u0119 czystym brzmieniem w s\u0142uchawkach. Przejd\u017a teraz bezpo\u015brednio do z sklepu gdzie szybko zakupisz te s\u0142uchawki w korzystnej cenie.<\/p>\n<p><span style=\"color: #fff; background-color: #000000; padding: 1px 7px;\"><strong>HAVIT<\/strong><\/span><strong><span style=\"margin-left: 5px; color: #fff; background-color: red; padding: 1px 7px;\">79.0 PLN<\/span><\/strong><\/p>\n<p>&nbsp;<\/p>\n<p>&nbsp;<\/p>\n<\/div>\n<p style=\"text-align: center; padding-bottom: 15px;\"><a style=\"color: #fff; font-size: 22px; background-color: #e4144d; padding: 9px 14px; border-radius: 7px; text-decoration: underline;\" href=\"https:\/\/converti.se\/click\/34590059-c70e8160-5f3ad5bd\/?deep_link=https%3A%2F%2Fakces-markt.pl%2Fpl%2Fp%2FSluchawki-gamingowe-Havit-GAMENOTE-H2019U-USB-7.1-RGB%2F142526&#038;sid=sluchawki-z-mikrofonem&#038;tag6=product&#038;tag8=36392f365a66978b096d16e5485c890c&#038;tag9=S%C5%82uchawki+gamingowe+Havit+GAMENOTE+H2019U+USB+7.1+RGB\" target=\"_blank\" rel=\"nofollow noopener\">Kup teraz<\/a> <span style=\"font-size: 22px; padding-left: 10px;\">79.0 PLN<\/span><\/p>\n","protected":false},"excerpt":{"rendered":"<h3>Odpowiednie <span style='color: red;'>s\u0142uchawki<\/span> z mikrofonem? <\/h3>\n<p> Cechy i zalety: <\/p>\n<ul style='padding-left: 10px; padding-bottom: 10px;'>\n<li style='padding-top: 10px;'>S\u0142uchawki gamingowe Havit H2019UHavit H2019U zosta\u0142y stworzone dla graczy, poszukuj\u0105cych s\u0142uchawek wysokiej jako\u015bci i gwarantuj\u0105cych przestrzenny d\u017awi\u0119k, dzi\u0119ki 50 mm przetwornikom\n<li style='padding-top: 10px;'>A tak\u017ce dla tych, kt\u00f3rzy korzystaj\u0105 ze s\u0142uchawek wiele godzin i potrzebuj\u0105 sprz\u0119tu, kt\u00f3ry zapewni im komfort w trakcie bardzo d\u0142ugiego u\u017cytkowania\n<li style='padding-top: 10px;'>Dzi\u0119ki ergonomicznej konstrukcji s\u0105 niezwykle lekkie i wygodne\n<li style='padding-top: 10px;'>Gamingowy designS\u0142uchawki posiadaj\u0105 stylowe pod\u015bwietlenie RGB, kt\u00f3re nadaje im wyj\u0105tkowego, gamingowego charakteru i stwarza jeszcze lepszy klimat podczas rozgrywki\n<li style='padding-top: 10px;'>R\u00f3wnie\u017c wysuwany mikrofon zosta\u0142 pod\u015bwietlony, co sprawia, \u017ce s\u0142uchawki prezentuj\u0105 si\u0119 naprawd\u0119 niesamowicie\n<li style='padding-top: 10px;'>Najwy\u017csza jako\u015b\u0107S\u0142uchawki Havit H2019U zosta\u0142y wykonane z najwy\u017cszej jako\u015bci materia\u0142\u00f3w, odpornych na \u015bcieranie i drobne uszkodzenia mechaniczne\n<li style='padding-top: 10px;'>Wewn\u0119trzna strona s\u0142uchawek zosta\u0142a obszyta ekologiczn\u0105 sk\u00f3r\u0105, kt\u00f3ra jest niezwykle mi\u0142a w dotyku i delikatna dla sk\u00f3ry, a rama s\u0142uchawek jest regulowana, wi\u0119c mo\u017cesz dopasowa\u0107 je wed\u0142ug w\u0142asnych potrzeb\n<li style='padding-top: 10px;'>Mocne brzmieniaS\u0142uchawki posiadaj\u0105 50 mm przetworniki, a dodatkowo zapewniaj\u0105 najwy\u017cszej jako\u015bci d\u017awi\u0119k 3D stereo\n<li style='padding-top: 10px;'>Wszystkie ich parametry sk\u0142adaj\u0105 si\u0119 na to, jak doskonale czyste d\u017awi\u0119ki mog\u0105 odtwarza\u0107\n<li style='padding-top: 10px;'>Dzi\u0119ki nim Twoje doznania podczas gry b\u0119d\u0105 jeszcze lepsze\u00a0SpecyfikacjaProducentHavitModelH2019U\u015arednica membrany50\u00a0mmPasmo przenoszenia s\u0142uchawek60\u00a0~ 12000 HzImpedancja s\u0142uchawek32 \u00b1 10%\u03a9Czu\u0142o\u015b\u0107 s\u0142uchawek110 dB \u00b1 3 dBWbudowany mikrofontak 6.0 x 5.0 mmPasmo przenoszenia mikrofonu30 ~ 16000 HzCzu\u0142o\u015b\u0107 mikrofonu-43 dB \u00b1 32 dB\u0141\u0105czno\u015b\u01077.1 USBD\u0142ugo\u015b\u0107 kabla2.2 mRobocze napi\u0119cie\u2a7d 20 mADodatkowe informacjeWysuwany mikrofonPod\u015bwietlenie RGBRedukcja szum\u00f3w (pasywna)D\u017awiek stereo 3DKolorczarny<\/ul>\n","protected":false},"featured_media":10114,"comment_status":"closed","ping_status":"open","template":"","meta":[],"product_cat":[42,601],"product_tag":[],"class_list":{"0":"post-10113","1":"product","2":"type-product","3":"status-publish","5":"hentry","6":"product_cat-havit","7":"product_cat-sluchawki-z-mikrofonem","8":"pa_producent-havit","9":"pa_sklep-akces-markt-pl"},"yoast_head":"<!-- This site is optimized with the Yoast SEO plugin v20.9 - https:\/\/yoast.com\/wordpress\/plugins\/seo\/ -->\n<title>s\u0142uchawki z mikrofonem HAVIT<\/title>\n<meta name=\"description\" content=\"S\u0142uchawki z mikrofonem. Model HAVIT w atrakcyjnej cenie 79.0 PLN. Przedstawiamy s\u0142uchawki do pracy zdalnej i s\u0142uchania muzyki.\" \/>\n<meta name=\"robots\" content=\"index, follow, max-snippet:-1, max-image-preview:large, max-video-preview:-1\" \/>\n<link rel=\"canonical\" href=\"https:\/\/taniabonament.pl\/sluchawki\/model\/sluchawki-gamingowe-havit-gamenote-h2019u-usb-7-1-rgb-w-cenie-79-0-pln\/\" \/>\n<meta property=\"og:locale\" content=\"pl_PL\" \/>\n<meta property=\"og:type\" content=\"article\" \/>\n<meta property=\"og:title\" content=\"s\u0142uchawki z mikrofonem HAVIT\" \/>\n<meta property=\"og:description\" content=\"S\u0142uchawki z mikrofonem. Model HAVIT w atrakcyjnej cenie 79.0 PLN. Przedstawiamy s\u0142uchawki do pracy zdalnej i s\u0142uchania muzyki.\" \/>\n<meta property=\"og:url\" content=\"https:\/\/taniabonament.pl\/sluchawki\/model\/sluchawki-gamingowe-havit-gamenote-h2019u-usb-7-1-rgb-w-cenie-79-0-pln\/\" \/>\n<meta property=\"og:site_name\" content=\"TaniAbonament.pl S\u0142uchawki\" \/>\n<meta property=\"article:modified_time\" content=\"2022-02-14T20:26:40+00:00\" \/>\n<meta property=\"og:image\" content=\"https:\/\/taniabonament.pl\/sluchawki\/wp-content\/uploads\/2022\/02\/859c2db671dcfa771ca687f106cee81b88301855.webp\" \/>\n\t<meta property=\"og:image:width\" content=\"397\" \/>\n\t<meta property=\"og:image:height\" content=\"500\" \/>\n\t<meta property=\"og:image:type\" content=\"image\/jpeg\" \/>\n<meta name=\"twitter:card\" content=\"summary_large_image\" \/>\n<script type=\"application\/ld+json\" class=\"yoast-schema-graph\">{\"@context\":\"https:\/\/schema.org\",\"@graph\":[{\"@type\":\"WebPage\",\"@id\":\"https:\/\/taniabonament.pl\/sluchawki\/model\/sluchawki-gamingowe-havit-gamenote-h2019u-usb-7-1-rgb-w-cenie-79-0-pln\/\",\"url\":\"https:\/\/taniabonament.pl\/sluchawki\/model\/sluchawki-gamingowe-havit-gamenote-h2019u-usb-7-1-rgb-w-cenie-79-0-pln\/\",\"name\":\"s\u0142uchawki z mikrofonem HAVIT\",\"isPartOf\":{\"@id\":\"https:\/\/taniabonament.pl\/sluchawki\/#website\"},\"datePublished\":\"2022-02-14T20:26:30+00:00\",\"dateModified\":\"2022-02-14T20:26:40+00:00\",\"description\":\"S\u0142uchawki z mikrofonem. Model HAVIT w atrakcyjnej cenie 79.0 PLN. Przedstawiamy s\u0142uchawki do pracy zdalnej i s\u0142uchania muzyki.\",\"breadcrumb\":{\"@id\":\"https:\/\/taniabonament.pl\/sluchawki\/model\/sluchawki-gamingowe-havit-gamenote-h2019u-usb-7-1-rgb-w-cenie-79-0-pln\/#breadcrumb\"},\"inLanguage\":\"pl-PL\",\"potentialAction\":[{\"@type\":\"ReadAction\",\"target\":[\"https:\/\/taniabonament.pl\/sluchawki\/model\/sluchawki-gamingowe-havit-gamenote-h2019u-usb-7-1-rgb-w-cenie-79-0-pln\/\"]}]},{\"@type\":\"BreadcrumbList\",\"@id\":\"https:\/\/taniabonament.pl\/sluchawki\/model\/sluchawki-gamingowe-havit-gamenote-h2019u-usb-7-1-rgb-w-cenie-79-0-pln\/#breadcrumb\",\"itemListElement\":[{\"@type\":\"ListItem\",\"position\":1,\"name\":\"Strona g\u0142\u00f3wna\",\"item\":\"https:\/\/taniabonament.pl\/sluchawki\/\"},{\"@type\":\"ListItem\",\"position\":2,\"name\":\"Sklep\",\"item\":\"https:\/\/taniabonament.pl\/sluchawki\/\"},{\"@type\":\"ListItem\",\"position\":3,\"name\":\"S\u0142uchawki gamingowe Havit GAMENOTE H2019U USB 7.1 RGB &#8211; w cenie 79.0 PLN\"}]},{\"@type\":\"WebSite\",\"@id\":\"https:\/\/taniabonament.pl\/sluchawki\/#website\",\"url\":\"https:\/\/taniabonament.pl\/sluchawki\/\",\"name\":\"TaniAbonament.pl S\u0142uchawki\",\"description\":\"\u015bwiat s\u0142uchawek idealnych do pracy zdalnej\",\"potentialAction\":[{\"@type\":\"SearchAction\",\"target\":{\"@type\":\"EntryPoint\",\"urlTemplate\":\"https:\/\/taniabonament.pl\/sluchawki\/?s={search_term_string}\"},\"query-input\":\"required name=search_term_string\"}],\"inLanguage\":\"pl-PL\"}]}<\/script>\n<!-- \/ Yoast SEO plugin. -->","yoast_head_json":{"title":"s\u0142uchawki z mikrofonem HAVIT","description":"S\u0142uchawki z mikrofonem. Model HAVIT w atrakcyjnej cenie 79.0 PLN. Przedstawiamy s\u0142uchawki do pracy zdalnej i s\u0142uchania muzyki.","robots":{"index":"index","follow":"follow","max-snippet":"max-snippet:-1","max-image-preview":"max-image-preview:large","max-video-preview":"max-video-preview:-1"},"canonical":"https:\/\/taniabonament.pl\/sluchawki\/model\/sluchawki-gamingowe-havit-gamenote-h2019u-usb-7-1-rgb-w-cenie-79-0-pln\/","og_locale":"pl_PL","og_type":"article","og_title":"s\u0142uchawki z mikrofonem HAVIT","og_description":"S\u0142uchawki z mikrofonem. Model HAVIT w atrakcyjnej cenie 79.0 PLN. Przedstawiamy s\u0142uchawki do pracy zdalnej i s\u0142uchania muzyki.","og_url":"https:\/\/taniabonament.pl\/sluchawki\/model\/sluchawki-gamingowe-havit-gamenote-h2019u-usb-7-1-rgb-w-cenie-79-0-pln\/","og_site_name":"TaniAbonament.pl S\u0142uchawki","article_modified_time":"2022-02-14T20:26:40+00:00","og_image":[{"width":397,"height":500,"url":"https:\/\/taniabonament.pl\/sluchawki\/wp-content\/uploads\/2022\/02\/859c2db671dcfa771ca687f106cee81b88301855.webp","type":"image\/jpeg"}],"twitter_card":"summary_large_image","schema":{"@context":"https:\/\/schema.org","@graph":[{"@type":"WebPage","@id":"https:\/\/taniabonament.pl\/sluchawki\/model\/sluchawki-gamingowe-havit-gamenote-h2019u-usb-7-1-rgb-w-cenie-79-0-pln\/","url":"https:\/\/taniabonament.pl\/sluchawki\/model\/sluchawki-gamingowe-havit-gamenote-h2019u-usb-7-1-rgb-w-cenie-79-0-pln\/","name":"s\u0142uchawki z mikrofonem HAVIT","isPartOf":{"@id":"https:\/\/taniabonament.pl\/sluchawki\/#website"},"datePublished":"2022-02-14T20:26:30+00:00","dateModified":"2022-02-14T20:26:40+00:00","description":"S\u0142uchawki z mikrofonem. Model HAVIT w atrakcyjnej cenie 79.0 PLN. Przedstawiamy s\u0142uchawki do pracy zdalnej i s\u0142uchania muzyki.","breadcrumb":{"@id":"https:\/\/taniabonament.pl\/sluchawki\/model\/sluchawki-gamingowe-havit-gamenote-h2019u-usb-7-1-rgb-w-cenie-79-0-pln\/#breadcrumb"},"inLanguage":"pl-PL","potentialAction":[{"@type":"ReadAction","target":["https:\/\/taniabonament.pl\/sluchawki\/model\/sluchawki-gamingowe-havit-gamenote-h2019u-usb-7-1-rgb-w-cenie-79-0-pln\/"]}]},{"@type":"BreadcrumbList","@id":"https:\/\/taniabonament.pl\/sluchawki\/model\/sluchawki-gamingowe-havit-gamenote-h2019u-usb-7-1-rgb-w-cenie-79-0-pln\/#breadcrumb","itemListElement":[{"@type":"ListItem","position":1,"name":"Strona g\u0142\u00f3wna","item":"https:\/\/taniabonament.pl\/sluchawki\/"},{"@type":"ListItem","position":2,"name":"Sklep","item":"https:\/\/taniabonament.pl\/sluchawki\/"},{"@type":"ListItem","position":3,"name":"S\u0142uchawki gamingowe Havit GAMENOTE H2019U USB 7.1 RGB &#8211; w cenie 79.0 PLN"}]},{"@type":"WebSite","@id":"https:\/\/taniabonament.pl\/sluchawki\/#website","url":"https:\/\/taniabonament.pl\/sluchawki\/","name":"TaniAbonament.pl S\u0142uchawki","description":"\u015bwiat s\u0142uchawek idealnych do pracy zdalnej","potentialAction":[{"@type":"SearchAction","target":{"@type":"EntryPoint","urlTemplate":"https:\/\/taniabonament.pl\/sluchawki\/?s={search_term_string}"},"query-input":"required name=search_term_string"}],"inLanguage":"pl-PL"}]}},"_links":{"self":[{"href":"https:\/\/taniabonament.pl\/sluchawki\/wp-json\/wp\/v2\/product\/10113","targetHints":{"allow":["GET"]}}],"collection":[{"href":"https:\/\/taniabonament.pl\/sluchawki\/wp-json\/wp\/v2\/product"}],"about":[{"href":"https:\/\/taniabonament.pl\/sluchawki\/wp-json\/wp\/v2\/types\/product"}],"replies":[{"embeddable":true,"href":"https:\/\/taniabonament.pl\/sluchawki\/wp-json\/wp\/v2\/comments?post=10113"}],"wp:featuredmedia":[{"embeddable":true,"href":"https:\/\/taniabonament.pl\/sluchawki\/wp-json\/wp\/v2\/media\/10114"}],"wp:attachment":[{"href":"https:\/\/taniabonament.pl\/sluchawki\/wp-json\/wp\/v2\/media?parent=10113"}],"wp:term":[{"taxonomy":"product_cat","embeddable":true,"href":"https:\/\/taniabonament.pl\/sluchawki\/wp-json\/wp\/v2\/product_cat?post=10113"},{"taxonomy":"product_tag","embeddable":true,"href":"https:\/\/taniabonament.pl\/sluchawki\/wp-json\/wp\/v2\/product_tag?post=10113"}],"curies":[{"name":"wp","href":"https:\/\/api.w.org\/{rel}","templated":true}]}}