{"id":10108,"date":"2022-02-14T20:26:30","date_gmt":"2022-02-14T20:26:30","guid":{"rendered":"https:\/\/taniabonament.pl\/sluchawki\/model\/nauszne-pdp-xbox-sluchawki-przewodowe-lvl40-biale-w-cenie\/"},"modified":"2022-02-14T20:26:38","modified_gmt":"2022-02-14T20:26:38","slug":"nauszne-pdp-xbox-sluchawki-przewodowe-lvl40-biale-w-cenie","status":"publish","type":"product","link":"https:\/\/taniabonament.pl\/sluchawki\/model\/nauszne-pdp-xbox-sluchawki-przewodowe-lvl40-biale-w-cenie\/","title":{"rendered":"Nauszne PDP Xbox S\u0142uchawki przewodowe LVL40 &#8211; bia\u0142e &#8211; w cenie"},"content":{"rendered":"<p><img decoding=\"async\" style=\"margin-right: 25px; margin-bottom: 10px; width: 220px;\" src=\"https:\/\/static.convertiser.com\/media\/product_images\/299\/fef768e9972b390a538e62abedba150a\/84b82bafe7b64639e73eadbe94f0627e3231d9c4.jpg\" alt=\"s\u0142uchawki z mikrofonem Performance Designed Products\" align=\"left\" \/><\/p>\n<h2>S\u0142uchawki marki Performance Designed Products<\/h2>\n<p>CENA ORYGINALNA: 149.0 PLN<\/p>\n<div style=\"font-weight: bold; font-size: 18px;\">\n<p>UWAGA <span style=\"color: red;\">MAMY RABATY!<\/span><\/p>\n<p>Szczeg\u00f3\u0142owe parametry takie jak dane techniczne, promocje sprawdzisz poni\u017cej w Komputronik.pl. Rozmawiaj wygodnie przez mikrofon podczas pracy zdalnej. Odizoluj si\u0119 od niepo\u017c\u0105danych d\u017awi\u0119k\u00f3w zewn\u0119trznych. Ciesz si\u0119 czystym brzmieniem w s\u0142uchawkach. Przejd\u017a teraz bezpo\u015brednio do z sklepu gdzie szybko zakupisz te s\u0142uchawki w korzystnej cenie.<\/p>\n<p><span style=\"color: #fff; background-color: #000000; padding: 1px 7px;\"><strong>Performance Designed Products<\/strong><\/span><strong><span style=\"margin-left: 5px; color: #fff; background-color: red; padding: 1px 7px;\">149.0 PLN<\/span><\/strong><\/p>\n<p>&nbsp;<\/p>\n<p>&nbsp;<\/p>\n<\/div>\n<p style=\"text-align: center; padding-bottom: 15px;\"><a style=\"color: #fff; font-size: 22px; background-color: #e4144d; padding: 9px 14px; border-radius: 7px; text-decoration: underline;\" href=\"https:\/\/converti.se\/click\/34590059-c70e8160-5f3ad4bf\/?deep_link=https%3A%2F%2Fwww.komputronik.pl%2Fproduct%2F713708%2Fpdp-xbox-sluchawki-przewodowe-lvl40-biale.html&#038;sid=sluchawki-z-mikrofonem&#038;tag6=product&#038;tag8=fef768e9972b390a538e62abedba150a&#038;tag9=Nauszne+PDP+Xbox+S%C5%82uchawki+przewodowe+LVL40+-+bia%C5%82e\" target=\"_blank\" rel=\"nofollow noopener\">Kup teraz<\/a> <span style=\"font-size: 22px; padding-left: 10px;\"><\/span><\/p>\n","protected":false},"excerpt":{"rendered":"<h3>Odpowiednie <span style='color: red;'>s\u0142uchawki<\/span> z mikrofonem? <\/h3>\n<p> Cechy i zalety: <\/p>\n<ul style='padding-left: 10px; padding-bottom: 10px;'>\n<li style='padding-top: 10px;'>PDP XO S\u0142uchawki przewodowe LVL40 Lekka konstrukcja przewodowego zestawu s\u0142uchawkowego LVL40 zapewnia d\u0142ugotrwa\u0142y komfort niezale\u017cnie od tego, czy sp\u0119dzasz ca\u0142y dzie\u0144 w ci\u0119\u017ckich misjach, czy po prostu grasz szybki mecz\n<li style='padding-top: 10px;'>S\u0142uchaj swoich wrog\u00f3w, zanim ich zobaczysz, dzi\u0119ki dw\u00f3m pot\u0119\u017cnym neodymowym magnesom audio 40 mm\n<li style='padding-top: 10px;'>Wydawaj zespo\u0142owi wyra\u017ane polecenia za pomoc\u0105 elastycznego mikrofonu z redukcj\u0105 szum\u00f3w na g\u0119siej szyi lub podnie\u015b go, aby natychmiast go wyciszy\u0107\n<li style='padding-top: 10px;'>Wycisz mikrofon jednym ruchem dzi\u0119ki funkcji flip-to-mute Oddychaj\u0105ca, lekka konstrukcja na d\u0142ugie sesje grania Dwukierunkowy mikrofon z redukcj\u0105 szum\u00f3w zapewnia wyra\u017an\u0105 komunikacj\u0119 Us\u0142ysz ka\u017cde polecenie dzi\u0119ki pot\u0119\u017cnym magnesom neodymowym audio 40 mm<\/ul>\n","protected":false},"featured_media":10109,"comment_status":"closed","ping_status":"open","template":"","meta":[],"product_cat":[786,601],"product_tag":[],"class_list":{"0":"post-10108","1":"product","2":"type-product","3":"status-publish","5":"hentry","6":"product_cat-performance-designed-products","7":"product_cat-sluchawki-z-mikrofonem","8":"pa_producent-performance-designed-products","9":"pa_sklep-komputronik-pl"},"yoast_head":"<!-- This site is optimized with the Yoast SEO plugin v20.9 - https:\/\/yoast.com\/wordpress\/plugins\/seo\/ -->\n<title>s\u0142uchawki z mikrofonem Performance Designed Products<\/title>\n<meta name=\"description\" content=\"S\u0142uchawki z mikrofonem. Model Performance Designed Products w atrakcyjnej cenie 149.0 PLN. Przedstawiamy s\u0142uchawki do pracy zdalnej i s\u0142uchania muzyki.\" \/>\n<meta name=\"robots\" content=\"index, follow, max-snippet:-1, max-image-preview:large, max-video-preview:-1\" \/>\n<link rel=\"canonical\" href=\"https:\/\/taniabonament.pl\/sluchawki\/model\/nauszne-pdp-xbox-sluchawki-przewodowe-lvl40-biale-w-cenie\/\" \/>\n<meta property=\"og:locale\" content=\"pl_PL\" \/>\n<meta property=\"og:type\" content=\"article\" \/>\n<meta property=\"og:title\" content=\"s\u0142uchawki z mikrofonem Performance Designed Products\" \/>\n<meta property=\"og:description\" content=\"S\u0142uchawki z mikrofonem. Model Performance Designed Products w atrakcyjnej cenie 149.0 PLN. Przedstawiamy s\u0142uchawki do pracy zdalnej i s\u0142uchania muzyki.\" \/>\n<meta property=\"og:url\" content=\"https:\/\/taniabonament.pl\/sluchawki\/model\/nauszne-pdp-xbox-sluchawki-przewodowe-lvl40-biale-w-cenie\/\" \/>\n<meta property=\"og:site_name\" content=\"TaniAbonament.pl S\u0142uchawki\" \/>\n<meta property=\"article:modified_time\" content=\"2022-02-14T20:26:38+00:00\" \/>\n<meta property=\"og:image\" content=\"https:\/\/taniabonament.pl\/sluchawki\/wp-content\/uploads\/2022\/02\/84b82bafe7b64639e73eadbe94f0627e3231d9c4.jpg\" \/>\n\t<meta property=\"og:image:width\" content=\"650\" \/>\n\t<meta property=\"og:image:height\" content=\"650\" \/>\n\t<meta property=\"og:image:type\" content=\"image\/jpeg\" \/>\n<meta name=\"twitter:card\" content=\"summary_large_image\" \/>\n<script type=\"application\/ld+json\" class=\"yoast-schema-graph\">{\"@context\":\"https:\/\/schema.org\",\"@graph\":[{\"@type\":\"WebPage\",\"@id\":\"https:\/\/taniabonament.pl\/sluchawki\/model\/nauszne-pdp-xbox-sluchawki-przewodowe-lvl40-biale-w-cenie\/\",\"url\":\"https:\/\/taniabonament.pl\/sluchawki\/model\/nauszne-pdp-xbox-sluchawki-przewodowe-lvl40-biale-w-cenie\/\",\"name\":\"s\u0142uchawki z mikrofonem Performance Designed Products\",\"isPartOf\":{\"@id\":\"https:\/\/taniabonament.pl\/sluchawki\/#website\"},\"datePublished\":\"2022-02-14T20:26:30+00:00\",\"dateModified\":\"2022-02-14T20:26:38+00:00\",\"description\":\"S\u0142uchawki z mikrofonem. Model Performance Designed Products w atrakcyjnej cenie 149.0 PLN. Przedstawiamy s\u0142uchawki do pracy zdalnej i s\u0142uchania muzyki.\",\"breadcrumb\":{\"@id\":\"https:\/\/taniabonament.pl\/sluchawki\/model\/nauszne-pdp-xbox-sluchawki-przewodowe-lvl40-biale-w-cenie\/#breadcrumb\"},\"inLanguage\":\"pl-PL\",\"potentialAction\":[{\"@type\":\"ReadAction\",\"target\":[\"https:\/\/taniabonament.pl\/sluchawki\/model\/nauszne-pdp-xbox-sluchawki-przewodowe-lvl40-biale-w-cenie\/\"]}]},{\"@type\":\"BreadcrumbList\",\"@id\":\"https:\/\/taniabonament.pl\/sluchawki\/model\/nauszne-pdp-xbox-sluchawki-przewodowe-lvl40-biale-w-cenie\/#breadcrumb\",\"itemListElement\":[{\"@type\":\"ListItem\",\"position\":1,\"name\":\"Strona g\u0142\u00f3wna\",\"item\":\"https:\/\/taniabonament.pl\/sluchawki\/\"},{\"@type\":\"ListItem\",\"position\":2,\"name\":\"Sklep\",\"item\":\"https:\/\/taniabonament.pl\/sluchawki\/\"},{\"@type\":\"ListItem\",\"position\":3,\"name\":\"Nauszne PDP Xbox S\u0142uchawki przewodowe LVL40 &#8211; bia\u0142e &#8211; w cenie\"}]},{\"@type\":\"WebSite\",\"@id\":\"https:\/\/taniabonament.pl\/sluchawki\/#website\",\"url\":\"https:\/\/taniabonament.pl\/sluchawki\/\",\"name\":\"TaniAbonament.pl S\u0142uchawki\",\"description\":\"\u015bwiat s\u0142uchawek idealnych do pracy zdalnej\",\"potentialAction\":[{\"@type\":\"SearchAction\",\"target\":{\"@type\":\"EntryPoint\",\"urlTemplate\":\"https:\/\/taniabonament.pl\/sluchawki\/?s={search_term_string}\"},\"query-input\":\"required name=search_term_string\"}],\"inLanguage\":\"pl-PL\"}]}<\/script>\n<!-- \/ Yoast SEO plugin. -->","yoast_head_json":{"title":"s\u0142uchawki z mikrofonem Performance Designed Products","description":"S\u0142uchawki z mikrofonem. Model Performance Designed Products w atrakcyjnej cenie 149.0 PLN. Przedstawiamy s\u0142uchawki do pracy zdalnej i s\u0142uchania muzyki.","robots":{"index":"index","follow":"follow","max-snippet":"max-snippet:-1","max-image-preview":"max-image-preview:large","max-video-preview":"max-video-preview:-1"},"canonical":"https:\/\/taniabonament.pl\/sluchawki\/model\/nauszne-pdp-xbox-sluchawki-przewodowe-lvl40-biale-w-cenie\/","og_locale":"pl_PL","og_type":"article","og_title":"s\u0142uchawki z mikrofonem Performance Designed Products","og_description":"S\u0142uchawki z mikrofonem. Model Performance Designed Products w atrakcyjnej cenie 149.0 PLN. Przedstawiamy s\u0142uchawki do pracy zdalnej i s\u0142uchania muzyki.","og_url":"https:\/\/taniabonament.pl\/sluchawki\/model\/nauszne-pdp-xbox-sluchawki-przewodowe-lvl40-biale-w-cenie\/","og_site_name":"TaniAbonament.pl S\u0142uchawki","article_modified_time":"2022-02-14T20:26:38+00:00","og_image":[{"width":650,"height":650,"url":"https:\/\/taniabonament.pl\/sluchawki\/wp-content\/uploads\/2022\/02\/84b82bafe7b64639e73eadbe94f0627e3231d9c4.jpg","type":"image\/jpeg"}],"twitter_card":"summary_large_image","schema":{"@context":"https:\/\/schema.org","@graph":[{"@type":"WebPage","@id":"https:\/\/taniabonament.pl\/sluchawki\/model\/nauszne-pdp-xbox-sluchawki-przewodowe-lvl40-biale-w-cenie\/","url":"https:\/\/taniabonament.pl\/sluchawki\/model\/nauszne-pdp-xbox-sluchawki-przewodowe-lvl40-biale-w-cenie\/","name":"s\u0142uchawki z mikrofonem Performance Designed Products","isPartOf":{"@id":"https:\/\/taniabonament.pl\/sluchawki\/#website"},"datePublished":"2022-02-14T20:26:30+00:00","dateModified":"2022-02-14T20:26:38+00:00","description":"S\u0142uchawki z mikrofonem. Model Performance Designed Products w atrakcyjnej cenie 149.0 PLN. Przedstawiamy s\u0142uchawki do pracy zdalnej i s\u0142uchania muzyki.","breadcrumb":{"@id":"https:\/\/taniabonament.pl\/sluchawki\/model\/nauszne-pdp-xbox-sluchawki-przewodowe-lvl40-biale-w-cenie\/#breadcrumb"},"inLanguage":"pl-PL","potentialAction":[{"@type":"ReadAction","target":["https:\/\/taniabonament.pl\/sluchawki\/model\/nauszne-pdp-xbox-sluchawki-przewodowe-lvl40-biale-w-cenie\/"]}]},{"@type":"BreadcrumbList","@id":"https:\/\/taniabonament.pl\/sluchawki\/model\/nauszne-pdp-xbox-sluchawki-przewodowe-lvl40-biale-w-cenie\/#breadcrumb","itemListElement":[{"@type":"ListItem","position":1,"name":"Strona g\u0142\u00f3wna","item":"https:\/\/taniabonament.pl\/sluchawki\/"},{"@type":"ListItem","position":2,"name":"Sklep","item":"https:\/\/taniabonament.pl\/sluchawki\/"},{"@type":"ListItem","position":3,"name":"Nauszne PDP Xbox S\u0142uchawki przewodowe LVL40 &#8211; bia\u0142e &#8211; w cenie"}]},{"@type":"WebSite","@id":"https:\/\/taniabonament.pl\/sluchawki\/#website","url":"https:\/\/taniabonament.pl\/sluchawki\/","name":"TaniAbonament.pl S\u0142uchawki","description":"\u015bwiat s\u0142uchawek idealnych do pracy zdalnej","potentialAction":[{"@type":"SearchAction","target":{"@type":"EntryPoint","urlTemplate":"https:\/\/taniabonament.pl\/sluchawki\/?s={search_term_string}"},"query-input":"required name=search_term_string"}],"inLanguage":"pl-PL"}]}},"_links":{"self":[{"href":"https:\/\/taniabonament.pl\/sluchawki\/wp-json\/wp\/v2\/product\/10108","targetHints":{"allow":["GET"]}}],"collection":[{"href":"https:\/\/taniabonament.pl\/sluchawki\/wp-json\/wp\/v2\/product"}],"about":[{"href":"https:\/\/taniabonament.pl\/sluchawki\/wp-json\/wp\/v2\/types\/product"}],"replies":[{"embeddable":true,"href":"https:\/\/taniabonament.pl\/sluchawki\/wp-json\/wp\/v2\/comments?post=10108"}],"wp:featuredmedia":[{"embeddable":true,"href":"https:\/\/taniabonament.pl\/sluchawki\/wp-json\/wp\/v2\/media\/10109"}],"wp:attachment":[{"href":"https:\/\/taniabonament.pl\/sluchawki\/wp-json\/wp\/v2\/media?parent=10108"}],"wp:term":[{"taxonomy":"product_cat","embeddable":true,"href":"https:\/\/taniabonament.pl\/sluchawki\/wp-json\/wp\/v2\/product_cat?post=10108"},{"taxonomy":"product_tag","embeddable":true,"href":"https:\/\/taniabonament.pl\/sluchawki\/wp-json\/wp\/v2\/product_tag?post=10108"}],"curies":[{"name":"wp","href":"https:\/\/api.w.org\/{rel}","templated":true}]}}