{"id":10096,"date":"2022-02-14T20:26:17","date_gmt":"2022-02-14T20:26:17","guid":{"rendered":"https:\/\/taniabonament.pl\/sluchawki\/model\/sluchawki-gamingowe-havit-gamenote-h2026d-rgb-usb3-5mm-w-cenie-49-0-pln\/"},"modified":"2022-02-14T20:26:23","modified_gmt":"2022-02-14T20:26:23","slug":"sluchawki-gamingowe-havit-gamenote-h2026d-rgb-usb3-5mm-w-cenie-49-0-pln","status":"publish","type":"product","link":"https:\/\/taniabonament.pl\/sluchawki\/model\/sluchawki-gamingowe-havit-gamenote-h2026d-rgb-usb3-5mm-w-cenie-49-0-pln\/","title":{"rendered":"S\u0142uchawki gamingowe Havit GAMENOTE H2026d RGB USB+3.5mm &#8211; w cenie 49.0 PLN"},"content":{"rendered":"<p><img decoding=\"async\" style=\"margin-right: 25px; margin-bottom: 10px; width: 220px;\" src=\"https:\/\/static.convertiser.com\/media\/product_images\/294\/22ca4336e4a941a17ea459d9a946acd2\/57bf648a6fc5ca32986b99f891bd925ddef3fc20.webp\" alt=\"s\u0142uchawki z mikrofonem HAVIT\" align=\"left\" \/><\/p>\n<h2>S\u0142uchawki marki HAVIT<\/h2>\n<p>CENA ORYGINALNA: 49.0 PLN<\/p>\n<div style=\"font-weight: bold; font-size: 18px;\">\n<p>UWAGA <span style=\"color: red;\">MAMY RABATY!<\/span><\/p>\n<p>Szczeg\u00f3\u0142owe parametry takie jak dane techniczne, promocje sprawdzisz poni\u017cej w Akces-markt.pl. Rozmawiaj wygodnie przez mikrofon podczas pracy zdalnej. Odizoluj si\u0119 od niepo\u017c\u0105danych d\u017awi\u0119k\u00f3w zewn\u0119trznych. Ciesz si\u0119 czystym brzmieniem w s\u0142uchawkach. Przejd\u017a teraz bezpo\u015brednio do z sklepu gdzie szybko zakupisz te s\u0142uchawki w korzystnej cenie.<\/p>\n<p><span style=\"color: #fff; background-color: #000000; padding: 1px 7px;\"><strong>HAVIT<\/strong><\/span><strong><span style=\"margin-left: 5px; color: #fff; background-color: red; padding: 1px 7px;\">49.0 PLN<\/span><\/strong><\/p>\n<p>&nbsp;<\/p>\n<p>&nbsp;<\/p>\n<\/div>\n<p style=\"text-align: center; padding-bottom: 15px;\"><a style=\"color: #fff; font-size: 22px; background-color: #e4144d; padding: 9px 14px; border-radius: 7px; text-decoration: underline;\" href=\"https:\/\/converti.se\/click\/34590059-c70e8160-5f3ad5bd\/?deep_link=https%3A%2F%2Fakces-markt.pl%2Fpl%2Fp%2FSluchawki-gamingowe-Havit-GAMENOTE-H2026d-RGB-USB-3.5mm%2F142646&#038;sid=sluchawki-z-mikrofonem&#038;tag6=product&#038;tag8=22ca4336e4a941a17ea459d9a946acd2&#038;tag9=S%C5%82uchawki+gamingowe+Havit+GAMENOTE+H2026d+RGB+USB%2B3.5mm\" target=\"_blank\" rel=\"nofollow noopener\">Kup teraz<\/a> <span style=\"font-size: 22px; padding-left: 10px;\">49.0 PLN<\/span><\/p>\n","protected":false},"excerpt":{"rendered":"<h3>Odpowiednie <span style='color: red;'>s\u0142uchawki<\/span> z mikrofonem? <\/h3>\n<p> Cechy i zalety: <\/p>\n<ul style='padding-left: 10px; padding-bottom: 10px;'>\n<li style='padding-top: 10px;'>Pod\u015bwietlane s\u0142uchawki gamingowe Havit H2026dS\u0142uchawki Havit H2026d zosta\u0142y zaprojektowane specjalnie dla graczy, kt\u00f3rzy oczekuj\u0105 od swoich s\u0142uchawek mocnych brzmie\u0144 i wysokiej jako\u015bci d\u017awi\u0119ku\n<li style='padding-top: 10px;'>Dzi\u0119ki u\u017cyciu wysokiej jako\u015bci materia\u0142\u00f3w s\u0105 niezwykle komfortowe, nawet podczas wielogodzinnych rozgrywek\n<li style='padding-top: 10px;'>Mocne BrzmieniaDzi\u0119ki 50 mm przetwornikom, s\u0142uchawki zapewniaj\u0105 wysokiej jako\u015bci, przestrzenne i mocne brzmienia\n<li style='padding-top: 10px;'>Wszystkie ich parametry sk\u0142adaj\u0105 si\u0119 na to, jak doskonale czyste d\u017awi\u0119ki mog\u0105 odtwarza\u0107\n<li style='padding-top: 10px;'>Havit H2026d pozwalaj\u0105 na niezwyk\u0142e doznania podczas gry\n<li style='padding-top: 10px;'>Wbudowany mikrofonS\u0142uchawki H2026d posiadaj\u0105 regulowany mikrofon, dzi\u0119ki czemu mo\u017cesz dopasowa\u0107 go idealnie wed\u0142ug swoich potrzeb\n<li style='padding-top: 10px;'>Umo\u017cliwia rozmowy z innymi graczami w najwy\u017cszej jako\u015bci d\u017awi\u0119kach\n<li style='padding-top: 10px;'>Komfort i wygodaS\u0142uchawki zosta\u0142y wykonane z mi\u0142ego w dotyku, mi\u0119kkiego materia\u0142u, kt\u00f3ry zapewnia doskona\u0142y komfort i wygod\u0119 nawet podczas wielu godzin u\u017cytkowania\n<li style='padding-top: 10px;'>W \u017cadnym miejscu nie uciskaj\u0105 i nie sprawiaj\u0105 dyskomfortu, aby\u015b m\u00f3g\u0142 si\u0119 skupi\u0107 tylko na grze\n<li style='padding-top: 10px;'>SpecyfikacjaProducentHavitModelH2026D\u015arednica membrany50\u00a0mmPasmo przenoszenia s\u0142uchawek20 ~ 20000 HzImpedancja s\u0142uchawek21\u00b13%\u03a9Czu\u0142o\u015b\u0107 s\u0142uchawek108 dB\u00b13 dBWbudowany mikrofontak 6.0 x 2.7 mmPasmo przenoszenia mikrofonu30 ~ 16000 Hz\u0141\u0105czno\u015b\u0107USB + 3.5D\u0142ugo\u015b\u0107 kabla2.0 mRobocze napi\u0119cie\u2a7d\u00a030 mADodatkowe informacjePod\u015bwietlenie RGBGi\u0119tki mikrofonKolorczarny<\/ul>\n","protected":false},"featured_media":10097,"comment_status":"closed","ping_status":"open","template":"","meta":[],"product_cat":[42,601],"product_tag":[],"class_list":{"0":"post-10096","1":"product","2":"type-product","3":"status-publish","5":"hentry","6":"product_cat-havit","7":"product_cat-sluchawki-z-mikrofonem","8":"pa_producent-havit","9":"pa_sklep-akces-markt-pl"},"yoast_head":"<!-- This site is optimized with the Yoast SEO plugin v20.9 - https:\/\/yoast.com\/wordpress\/plugins\/seo\/ -->\n<title>s\u0142uchawki z mikrofonem HAVIT<\/title>\n<meta name=\"description\" content=\"S\u0142uchawki z mikrofonem. Model HAVIT w atrakcyjnej cenie 49.0 PLN. Przedstawiamy s\u0142uchawki do pracy zdalnej i s\u0142uchania muzyki.\" \/>\n<meta name=\"robots\" content=\"index, follow, max-snippet:-1, max-image-preview:large, max-video-preview:-1\" \/>\n<link rel=\"canonical\" href=\"https:\/\/taniabonament.pl\/sluchawki\/model\/sluchawki-gamingowe-havit-gamenote-h2026d-rgb-usb3-5mm-w-cenie-49-0-pln\/\" \/>\n<meta property=\"og:locale\" content=\"pl_PL\" \/>\n<meta property=\"og:type\" content=\"article\" \/>\n<meta property=\"og:title\" content=\"s\u0142uchawki z mikrofonem HAVIT\" \/>\n<meta property=\"og:description\" content=\"S\u0142uchawki z mikrofonem. Model HAVIT w atrakcyjnej cenie 49.0 PLN. Przedstawiamy s\u0142uchawki do pracy zdalnej i s\u0142uchania muzyki.\" \/>\n<meta property=\"og:url\" content=\"https:\/\/taniabonament.pl\/sluchawki\/model\/sluchawki-gamingowe-havit-gamenote-h2026d-rgb-usb3-5mm-w-cenie-49-0-pln\/\" \/>\n<meta property=\"og:site_name\" content=\"TaniAbonament.pl S\u0142uchawki\" \/>\n<meta property=\"article:modified_time\" content=\"2022-02-14T20:26:23+00:00\" \/>\n<meta property=\"og:image\" content=\"https:\/\/taniabonament.pl\/sluchawki\/wp-content\/uploads\/2022\/02\/57bf648a6fc5ca32986b99f891bd925ddef3fc20.webp\" \/>\n\t<meta property=\"og:image:width\" content=\"500\" \/>\n\t<meta property=\"og:image:height\" content=\"500\" \/>\n\t<meta property=\"og:image:type\" content=\"image\/jpeg\" \/>\n<meta name=\"twitter:card\" content=\"summary_large_image\" \/>\n<script type=\"application\/ld+json\" class=\"yoast-schema-graph\">{\"@context\":\"https:\/\/schema.org\",\"@graph\":[{\"@type\":\"WebPage\",\"@id\":\"https:\/\/taniabonament.pl\/sluchawki\/model\/sluchawki-gamingowe-havit-gamenote-h2026d-rgb-usb3-5mm-w-cenie-49-0-pln\/\",\"url\":\"https:\/\/taniabonament.pl\/sluchawki\/model\/sluchawki-gamingowe-havit-gamenote-h2026d-rgb-usb3-5mm-w-cenie-49-0-pln\/\",\"name\":\"s\u0142uchawki z mikrofonem HAVIT\",\"isPartOf\":{\"@id\":\"https:\/\/taniabonament.pl\/sluchawki\/#website\"},\"datePublished\":\"2022-02-14T20:26:17+00:00\",\"dateModified\":\"2022-02-14T20:26:23+00:00\",\"description\":\"S\u0142uchawki z mikrofonem. Model HAVIT w atrakcyjnej cenie 49.0 PLN. Przedstawiamy s\u0142uchawki do pracy zdalnej i s\u0142uchania muzyki.\",\"breadcrumb\":{\"@id\":\"https:\/\/taniabonament.pl\/sluchawki\/model\/sluchawki-gamingowe-havit-gamenote-h2026d-rgb-usb3-5mm-w-cenie-49-0-pln\/#breadcrumb\"},\"inLanguage\":\"pl-PL\",\"potentialAction\":[{\"@type\":\"ReadAction\",\"target\":[\"https:\/\/taniabonament.pl\/sluchawki\/model\/sluchawki-gamingowe-havit-gamenote-h2026d-rgb-usb3-5mm-w-cenie-49-0-pln\/\"]}]},{\"@type\":\"BreadcrumbList\",\"@id\":\"https:\/\/taniabonament.pl\/sluchawki\/model\/sluchawki-gamingowe-havit-gamenote-h2026d-rgb-usb3-5mm-w-cenie-49-0-pln\/#breadcrumb\",\"itemListElement\":[{\"@type\":\"ListItem\",\"position\":1,\"name\":\"Strona g\u0142\u00f3wna\",\"item\":\"https:\/\/taniabonament.pl\/sluchawki\/\"},{\"@type\":\"ListItem\",\"position\":2,\"name\":\"Sklep\",\"item\":\"https:\/\/taniabonament.pl\/sluchawki\/\"},{\"@type\":\"ListItem\",\"position\":3,\"name\":\"S\u0142uchawki gamingowe Havit GAMENOTE H2026d RGB USB+3.5mm &#8211; w cenie 49.0 PLN\"}]},{\"@type\":\"WebSite\",\"@id\":\"https:\/\/taniabonament.pl\/sluchawki\/#website\",\"url\":\"https:\/\/taniabonament.pl\/sluchawki\/\",\"name\":\"TaniAbonament.pl S\u0142uchawki\",\"description\":\"\u015bwiat s\u0142uchawek idealnych do pracy zdalnej\",\"potentialAction\":[{\"@type\":\"SearchAction\",\"target\":{\"@type\":\"EntryPoint\",\"urlTemplate\":\"https:\/\/taniabonament.pl\/sluchawki\/?s={search_term_string}\"},\"query-input\":\"required name=search_term_string\"}],\"inLanguage\":\"pl-PL\"}]}<\/script>\n<!-- \/ Yoast SEO plugin. -->","yoast_head_json":{"title":"s\u0142uchawki z mikrofonem HAVIT","description":"S\u0142uchawki z mikrofonem. Model HAVIT w atrakcyjnej cenie 49.0 PLN. Przedstawiamy s\u0142uchawki do pracy zdalnej i s\u0142uchania muzyki.","robots":{"index":"index","follow":"follow","max-snippet":"max-snippet:-1","max-image-preview":"max-image-preview:large","max-video-preview":"max-video-preview:-1"},"canonical":"https:\/\/taniabonament.pl\/sluchawki\/model\/sluchawki-gamingowe-havit-gamenote-h2026d-rgb-usb3-5mm-w-cenie-49-0-pln\/","og_locale":"pl_PL","og_type":"article","og_title":"s\u0142uchawki z mikrofonem HAVIT","og_description":"S\u0142uchawki z mikrofonem. Model HAVIT w atrakcyjnej cenie 49.0 PLN. Przedstawiamy s\u0142uchawki do pracy zdalnej i s\u0142uchania muzyki.","og_url":"https:\/\/taniabonament.pl\/sluchawki\/model\/sluchawki-gamingowe-havit-gamenote-h2026d-rgb-usb3-5mm-w-cenie-49-0-pln\/","og_site_name":"TaniAbonament.pl S\u0142uchawki","article_modified_time":"2022-02-14T20:26:23+00:00","og_image":[{"width":500,"height":500,"url":"https:\/\/taniabonament.pl\/sluchawki\/wp-content\/uploads\/2022\/02\/57bf648a6fc5ca32986b99f891bd925ddef3fc20.webp","type":"image\/jpeg"}],"twitter_card":"summary_large_image","schema":{"@context":"https:\/\/schema.org","@graph":[{"@type":"WebPage","@id":"https:\/\/taniabonament.pl\/sluchawki\/model\/sluchawki-gamingowe-havit-gamenote-h2026d-rgb-usb3-5mm-w-cenie-49-0-pln\/","url":"https:\/\/taniabonament.pl\/sluchawki\/model\/sluchawki-gamingowe-havit-gamenote-h2026d-rgb-usb3-5mm-w-cenie-49-0-pln\/","name":"s\u0142uchawki z mikrofonem HAVIT","isPartOf":{"@id":"https:\/\/taniabonament.pl\/sluchawki\/#website"},"datePublished":"2022-02-14T20:26:17+00:00","dateModified":"2022-02-14T20:26:23+00:00","description":"S\u0142uchawki z mikrofonem. Model HAVIT w atrakcyjnej cenie 49.0 PLN. Przedstawiamy s\u0142uchawki do pracy zdalnej i s\u0142uchania muzyki.","breadcrumb":{"@id":"https:\/\/taniabonament.pl\/sluchawki\/model\/sluchawki-gamingowe-havit-gamenote-h2026d-rgb-usb3-5mm-w-cenie-49-0-pln\/#breadcrumb"},"inLanguage":"pl-PL","potentialAction":[{"@type":"ReadAction","target":["https:\/\/taniabonament.pl\/sluchawki\/model\/sluchawki-gamingowe-havit-gamenote-h2026d-rgb-usb3-5mm-w-cenie-49-0-pln\/"]}]},{"@type":"BreadcrumbList","@id":"https:\/\/taniabonament.pl\/sluchawki\/model\/sluchawki-gamingowe-havit-gamenote-h2026d-rgb-usb3-5mm-w-cenie-49-0-pln\/#breadcrumb","itemListElement":[{"@type":"ListItem","position":1,"name":"Strona g\u0142\u00f3wna","item":"https:\/\/taniabonament.pl\/sluchawki\/"},{"@type":"ListItem","position":2,"name":"Sklep","item":"https:\/\/taniabonament.pl\/sluchawki\/"},{"@type":"ListItem","position":3,"name":"S\u0142uchawki gamingowe Havit GAMENOTE H2026d RGB USB+3.5mm &#8211; w cenie 49.0 PLN"}]},{"@type":"WebSite","@id":"https:\/\/taniabonament.pl\/sluchawki\/#website","url":"https:\/\/taniabonament.pl\/sluchawki\/","name":"TaniAbonament.pl S\u0142uchawki","description":"\u015bwiat s\u0142uchawek idealnych do pracy zdalnej","potentialAction":[{"@type":"SearchAction","target":{"@type":"EntryPoint","urlTemplate":"https:\/\/taniabonament.pl\/sluchawki\/?s={search_term_string}"},"query-input":"required name=search_term_string"}],"inLanguage":"pl-PL"}]}},"_links":{"self":[{"href":"https:\/\/taniabonament.pl\/sluchawki\/wp-json\/wp\/v2\/product\/10096","targetHints":{"allow":["GET"]}}],"collection":[{"href":"https:\/\/taniabonament.pl\/sluchawki\/wp-json\/wp\/v2\/product"}],"about":[{"href":"https:\/\/taniabonament.pl\/sluchawki\/wp-json\/wp\/v2\/types\/product"}],"replies":[{"embeddable":true,"href":"https:\/\/taniabonament.pl\/sluchawki\/wp-json\/wp\/v2\/comments?post=10096"}],"wp:featuredmedia":[{"embeddable":true,"href":"https:\/\/taniabonament.pl\/sluchawki\/wp-json\/wp\/v2\/media\/10097"}],"wp:attachment":[{"href":"https:\/\/taniabonament.pl\/sluchawki\/wp-json\/wp\/v2\/media?parent=10096"}],"wp:term":[{"taxonomy":"product_cat","embeddable":true,"href":"https:\/\/taniabonament.pl\/sluchawki\/wp-json\/wp\/v2\/product_cat?post=10096"},{"taxonomy":"product_tag","embeddable":true,"href":"https:\/\/taniabonament.pl\/sluchawki\/wp-json\/wp\/v2\/product_tag?post=10096"}],"curies":[{"name":"wp","href":"https:\/\/api.w.org\/{rel}","templated":true}]}}