{"id":10092,"date":"2022-02-14T20:26:17","date_gmt":"2022-02-14T20:26:17","guid":{"rendered":"https:\/\/taniabonament.pl\/sluchawki\/model\/sluchawki-gamingowe-havit-gamenote-h2002d-3-5mm-ps4-xbox-w-cenie-109-0-pln\/"},"modified":"2022-02-14T20:26:23","modified_gmt":"2022-02-14T20:26:23","slug":"sluchawki-gamingowe-havit-gamenote-h2002d-3-5mm-ps4-xbox-w-cenie-109-0-pln","status":"publish","type":"product","link":"https:\/\/taniabonament.pl\/sluchawki\/model\/sluchawki-gamingowe-havit-gamenote-h2002d-3-5mm-ps4-xbox-w-cenie-109-0-pln\/","title":{"rendered":"S\u0142uchawki gamingowe Havit GAMENOTE H2002D 3.5mm PS4 Xbox &#8211; w cenie 109.0 PLN"},"content":{"rendered":"<p><img decoding=\"async\" style=\"margin-right: 25px; margin-bottom: 10px; width: 220px;\" src=\"https:\/\/static.convertiser.com\/media\/product_images\/294\/e530cb6d454c1439a2d8ea26cb9c4c5a\/e015a5cf500c5df2e0106e034500c023e4367a2a.webp\" alt=\"s\u0142uchawki z mikrofonem HAVIT\" align=\"left\" \/><\/p>\n<h2>S\u0142uchawki marki HAVIT<\/h2>\n<p>CENA ORYGINALNA: 109.0 PLN<\/p>\n<div style=\"font-weight: bold; font-size: 18px;\">\n<p>UWAGA <span style=\"color: red;\">MAMY RABATY!<\/span><\/p>\n<p>Szczeg\u00f3\u0142owe parametry takie jak dane techniczne, promocje sprawdzisz poni\u017cej w Akces-markt.pl. Rozmawiaj wygodnie przez mikrofon podczas pracy zdalnej. Odizoluj si\u0119 od niepo\u017c\u0105danych d\u017awi\u0119k\u00f3w zewn\u0119trznych. Ciesz si\u0119 czystym brzmieniem w s\u0142uchawkach. Przejd\u017a teraz bezpo\u015brednio do z sklepu gdzie szybko zakupisz te s\u0142uchawki w korzystnej cenie.<\/p>\n<p><span style=\"color: #fff; background-color: #000000; padding: 1px 7px;\"><strong>HAVIT<\/strong><\/span><strong><span style=\"margin-left: 5px; color: #fff; background-color: red; padding: 1px 7px;\">109.0 PLN<\/span><\/strong><\/p>\n<p>&nbsp;<\/p>\n<p>&nbsp;<\/p>\n<\/div>\n<p style=\"text-align: center; padding-bottom: 15px;\"><a style=\"color: #fff; font-size: 22px; background-color: #e4144d; padding: 9px 14px; border-radius: 7px; text-decoration: underline;\" href=\"https:\/\/converti.se\/click\/34590059-c70e8160-5f3ad5bd\/?deep_link=https%3A%2F%2Fakces-markt.pl%2Fpl%2Fp%2FSluchawki-gamingowe-Havit-GAMENOTE-H2002D-3.5mm-PS4-Xbox%2F142125&#038;sid=sluchawki-z-mikrofonem&#038;tag6=product&#038;tag8=e530cb6d454c1439a2d8ea26cb9c4c5a&#038;tag9=S%C5%82uchawki+gamingowe+Havit+GAMENOTE+H2002D+3.5mm+PS4+Xbox\" target=\"_blank\" rel=\"nofollow noopener\">Kup teraz<\/a> <span style=\"font-size: 22px; padding-left: 10px;\">109.0 PLN<\/span><\/p>\n","protected":false},"excerpt":{"rendered":"<h3>Odpowiednie <span style='color: red;'>s\u0142uchawki<\/span> z mikrofonem? <\/h3>\n<p> Cechy i zalety: <\/p>\n<ul style='padding-left: 10px; padding-bottom: 10px;'>\n<li style='padding-top: 10px;'>Dla potrzeb graczyS\u0142uchawki H2002D zosta\u0142y zaprojektowane z my\u015bl\u0105 o u\u017cytkownikach, kt\u00f3rzy korzystaj\u0105 ze s\u0142uchawek wiele godzin i potrzebuj\u0105 sprz\u0119tu, kt\u00f3ry zapewni im komfort nawet w trakcie wielu godzin u\u017cytkowania\n<li style='padding-top: 10px;'>Model H2002d zaprojektowano tak\u017ce z my\u015bl\u0105 o kompatybilno\u015bci mikrofonu z konsolami do gier\n<li style='padding-top: 10px;'>Wygodne i komfortowe dzi\u0119ki zaawansowanej konstrukcjiBudowa s\u0142uchawek zapewnia doskona\u0142e t\u0142umienie szum\u00f3w i d\u017awi\u0119k\u00f3w z zewn\u0105trz, tym samym pozwalaj\u0105c skupi\u0107 si\u0119 tylko na tym, co chcesz us\u0142ysze\u0107\n<li style='padding-top: 10px;'>Obszyte z mi\u0142ego w dotyku materia\u0142u, daj\u0105 uczucie lekko\u015bci i pozwalaj\u0105 o sobie zapomnie\u0107\n<li style='padding-top: 10px;'>Wysokiej jako\u015bci brzmienieDzi\u0119ki 53mm g\u0142o\u015bnikom, s\u0142uchawki H2002D zapewniaj\u0105 czyste i na wysokim poziomie d\u017awi\u0119ki oraz mocne brzmienie, tym samym daj\u0105c gwarancj\u0119 intensywnych do\u015bwiadcze\u0144 podczas gry\n<li style='padding-top: 10px;'>Mikrofon, kt\u00f3ry mo\u017cesz dopasowa\u0107Regulowany, odpinany i gi\u0119tki przew\u00f3d mikrofonu, umo\u017cliwia pe\u0142n\u0105 swobod\u0119 jego ustawienia\n<li style='padding-top: 10px;'>Je\u015bli nie masz potrzeby korzystania z niego, mo\u017cesz go \u0142atwo wypi\u0105\u0107\n<li style='padding-top: 10px;'>SpecyfikacjaProducentHavitModelH2002D\u015arednica membrany53 mmPasmo przenoszenia s\u0142uchawek20 ~ 20000 HzImpedancja s\u0142uchawek64\u00b115%\u03a9Czu\u0142o\u015b\u0107 s\u0142uchawek110 dB \u00b1 3 dBWbudowany mikrofontak 6.0 x 2.2 mmPasmo przenoszenia mikrofonu30 ~ 16000 HzCzu\u0142o\u015b\u0107 mikrofonu-43 dB\u00b132 dB\u0141\u0105czno\u015b\u01073.5 mmD\u0142ugo\u015b\u0107 kabla1.7 mRobocze napi\u0119cie\u2a7d 80 mADodatkowe informacjeOdpinany gi\u0119tki mikrofonOdpinany kabel g\u0142\u00f3wnyDo\u0142\u0105czone akcesoriaAdapter 2 x 3.5 mm mini Jack &#8211; 3.5 mm mini JackKolorczarnyGwarancja12 miesi\u0119cyKod\u00a0produktu018594<\/ul>\n","protected":false},"featured_media":10093,"comment_status":"closed","ping_status":"open","template":"","meta":[],"product_cat":[42,601],"product_tag":[],"class_list":{"0":"post-10092","1":"product","2":"type-product","3":"status-publish","5":"hentry","6":"product_cat-havit","7":"product_cat-sluchawki-z-mikrofonem","8":"pa_producent-havit","9":"pa_sklep-akces-markt-pl"},"yoast_head":"<!-- This site is optimized with the Yoast SEO plugin v20.9 - https:\/\/yoast.com\/wordpress\/plugins\/seo\/ -->\n<title>s\u0142uchawki z mikrofonem HAVIT<\/title>\n<meta name=\"description\" content=\"S\u0142uchawki z mikrofonem. Model HAVIT w atrakcyjnej cenie 109.0 PLN. Przedstawiamy s\u0142uchawki do pracy zdalnej i s\u0142uchania muzyki.\" \/>\n<meta name=\"robots\" content=\"index, follow, max-snippet:-1, max-image-preview:large, max-video-preview:-1\" \/>\n<link rel=\"canonical\" href=\"https:\/\/taniabonament.pl\/sluchawki\/model\/sluchawki-gamingowe-havit-gamenote-h2002d-3-5mm-ps4-xbox-w-cenie-109-0-pln\/\" \/>\n<meta property=\"og:locale\" content=\"pl_PL\" \/>\n<meta property=\"og:type\" content=\"article\" \/>\n<meta property=\"og:title\" content=\"s\u0142uchawki z mikrofonem HAVIT\" \/>\n<meta property=\"og:description\" content=\"S\u0142uchawki z mikrofonem. Model HAVIT w atrakcyjnej cenie 109.0 PLN. Przedstawiamy s\u0142uchawki do pracy zdalnej i s\u0142uchania muzyki.\" \/>\n<meta property=\"og:url\" content=\"https:\/\/taniabonament.pl\/sluchawki\/model\/sluchawki-gamingowe-havit-gamenote-h2002d-3-5mm-ps4-xbox-w-cenie-109-0-pln\/\" \/>\n<meta property=\"og:site_name\" content=\"TaniAbonament.pl S\u0142uchawki\" \/>\n<meta property=\"article:modified_time\" content=\"2022-02-14T20:26:23+00:00\" \/>\n<meta property=\"og:image\" content=\"https:\/\/taniabonament.pl\/sluchawki\/wp-content\/uploads\/2022\/02\/e015a5cf500c5df2e0106e034500c023e4367a2a.webp\" \/>\n\t<meta property=\"og:image:width\" content=\"500\" \/>\n\t<meta property=\"og:image:height\" content=\"500\" \/>\n\t<meta property=\"og:image:type\" content=\"image\/jpeg\" \/>\n<meta name=\"twitter:card\" content=\"summary_large_image\" \/>\n<script type=\"application\/ld+json\" class=\"yoast-schema-graph\">{\"@context\":\"https:\/\/schema.org\",\"@graph\":[{\"@type\":\"WebPage\",\"@id\":\"https:\/\/taniabonament.pl\/sluchawki\/model\/sluchawki-gamingowe-havit-gamenote-h2002d-3-5mm-ps4-xbox-w-cenie-109-0-pln\/\",\"url\":\"https:\/\/taniabonament.pl\/sluchawki\/model\/sluchawki-gamingowe-havit-gamenote-h2002d-3-5mm-ps4-xbox-w-cenie-109-0-pln\/\",\"name\":\"s\u0142uchawki z mikrofonem HAVIT\",\"isPartOf\":{\"@id\":\"https:\/\/taniabonament.pl\/sluchawki\/#website\"},\"datePublished\":\"2022-02-14T20:26:17+00:00\",\"dateModified\":\"2022-02-14T20:26:23+00:00\",\"description\":\"S\u0142uchawki z mikrofonem. Model HAVIT w atrakcyjnej cenie 109.0 PLN. Przedstawiamy s\u0142uchawki do pracy zdalnej i s\u0142uchania muzyki.\",\"breadcrumb\":{\"@id\":\"https:\/\/taniabonament.pl\/sluchawki\/model\/sluchawki-gamingowe-havit-gamenote-h2002d-3-5mm-ps4-xbox-w-cenie-109-0-pln\/#breadcrumb\"},\"inLanguage\":\"pl-PL\",\"potentialAction\":[{\"@type\":\"ReadAction\",\"target\":[\"https:\/\/taniabonament.pl\/sluchawki\/model\/sluchawki-gamingowe-havit-gamenote-h2002d-3-5mm-ps4-xbox-w-cenie-109-0-pln\/\"]}]},{\"@type\":\"BreadcrumbList\",\"@id\":\"https:\/\/taniabonament.pl\/sluchawki\/model\/sluchawki-gamingowe-havit-gamenote-h2002d-3-5mm-ps4-xbox-w-cenie-109-0-pln\/#breadcrumb\",\"itemListElement\":[{\"@type\":\"ListItem\",\"position\":1,\"name\":\"Strona g\u0142\u00f3wna\",\"item\":\"https:\/\/taniabonament.pl\/sluchawki\/\"},{\"@type\":\"ListItem\",\"position\":2,\"name\":\"Sklep\",\"item\":\"https:\/\/taniabonament.pl\/sluchawki\/\"},{\"@type\":\"ListItem\",\"position\":3,\"name\":\"S\u0142uchawki gamingowe Havit GAMENOTE H2002D 3.5mm PS4 Xbox &#8211; w cenie 109.0 PLN\"}]},{\"@type\":\"WebSite\",\"@id\":\"https:\/\/taniabonament.pl\/sluchawki\/#website\",\"url\":\"https:\/\/taniabonament.pl\/sluchawki\/\",\"name\":\"TaniAbonament.pl S\u0142uchawki\",\"description\":\"\u015bwiat s\u0142uchawek idealnych do pracy zdalnej\",\"potentialAction\":[{\"@type\":\"SearchAction\",\"target\":{\"@type\":\"EntryPoint\",\"urlTemplate\":\"https:\/\/taniabonament.pl\/sluchawki\/?s={search_term_string}\"},\"query-input\":\"required name=search_term_string\"}],\"inLanguage\":\"pl-PL\"}]}<\/script>\n<!-- \/ Yoast SEO plugin. -->","yoast_head_json":{"title":"s\u0142uchawki z mikrofonem HAVIT","description":"S\u0142uchawki z mikrofonem. Model HAVIT w atrakcyjnej cenie 109.0 PLN. Przedstawiamy s\u0142uchawki do pracy zdalnej i s\u0142uchania muzyki.","robots":{"index":"index","follow":"follow","max-snippet":"max-snippet:-1","max-image-preview":"max-image-preview:large","max-video-preview":"max-video-preview:-1"},"canonical":"https:\/\/taniabonament.pl\/sluchawki\/model\/sluchawki-gamingowe-havit-gamenote-h2002d-3-5mm-ps4-xbox-w-cenie-109-0-pln\/","og_locale":"pl_PL","og_type":"article","og_title":"s\u0142uchawki z mikrofonem HAVIT","og_description":"S\u0142uchawki z mikrofonem. Model HAVIT w atrakcyjnej cenie 109.0 PLN. Przedstawiamy s\u0142uchawki do pracy zdalnej i s\u0142uchania muzyki.","og_url":"https:\/\/taniabonament.pl\/sluchawki\/model\/sluchawki-gamingowe-havit-gamenote-h2002d-3-5mm-ps4-xbox-w-cenie-109-0-pln\/","og_site_name":"TaniAbonament.pl S\u0142uchawki","article_modified_time":"2022-02-14T20:26:23+00:00","og_image":[{"width":500,"height":500,"url":"https:\/\/taniabonament.pl\/sluchawki\/wp-content\/uploads\/2022\/02\/e015a5cf500c5df2e0106e034500c023e4367a2a.webp","type":"image\/jpeg"}],"twitter_card":"summary_large_image","schema":{"@context":"https:\/\/schema.org","@graph":[{"@type":"WebPage","@id":"https:\/\/taniabonament.pl\/sluchawki\/model\/sluchawki-gamingowe-havit-gamenote-h2002d-3-5mm-ps4-xbox-w-cenie-109-0-pln\/","url":"https:\/\/taniabonament.pl\/sluchawki\/model\/sluchawki-gamingowe-havit-gamenote-h2002d-3-5mm-ps4-xbox-w-cenie-109-0-pln\/","name":"s\u0142uchawki z mikrofonem HAVIT","isPartOf":{"@id":"https:\/\/taniabonament.pl\/sluchawki\/#website"},"datePublished":"2022-02-14T20:26:17+00:00","dateModified":"2022-02-14T20:26:23+00:00","description":"S\u0142uchawki z mikrofonem. Model HAVIT w atrakcyjnej cenie 109.0 PLN. Przedstawiamy s\u0142uchawki do pracy zdalnej i s\u0142uchania muzyki.","breadcrumb":{"@id":"https:\/\/taniabonament.pl\/sluchawki\/model\/sluchawki-gamingowe-havit-gamenote-h2002d-3-5mm-ps4-xbox-w-cenie-109-0-pln\/#breadcrumb"},"inLanguage":"pl-PL","potentialAction":[{"@type":"ReadAction","target":["https:\/\/taniabonament.pl\/sluchawki\/model\/sluchawki-gamingowe-havit-gamenote-h2002d-3-5mm-ps4-xbox-w-cenie-109-0-pln\/"]}]},{"@type":"BreadcrumbList","@id":"https:\/\/taniabonament.pl\/sluchawki\/model\/sluchawki-gamingowe-havit-gamenote-h2002d-3-5mm-ps4-xbox-w-cenie-109-0-pln\/#breadcrumb","itemListElement":[{"@type":"ListItem","position":1,"name":"Strona g\u0142\u00f3wna","item":"https:\/\/taniabonament.pl\/sluchawki\/"},{"@type":"ListItem","position":2,"name":"Sklep","item":"https:\/\/taniabonament.pl\/sluchawki\/"},{"@type":"ListItem","position":3,"name":"S\u0142uchawki gamingowe Havit GAMENOTE H2002D 3.5mm PS4 Xbox &#8211; w cenie 109.0 PLN"}]},{"@type":"WebSite","@id":"https:\/\/taniabonament.pl\/sluchawki\/#website","url":"https:\/\/taniabonament.pl\/sluchawki\/","name":"TaniAbonament.pl S\u0142uchawki","description":"\u015bwiat s\u0142uchawek idealnych do pracy zdalnej","potentialAction":[{"@type":"SearchAction","target":{"@type":"EntryPoint","urlTemplate":"https:\/\/taniabonament.pl\/sluchawki\/?s={search_term_string}"},"query-input":"required name=search_term_string"}],"inLanguage":"pl-PL"}]}},"_links":{"self":[{"href":"https:\/\/taniabonament.pl\/sluchawki\/wp-json\/wp\/v2\/product\/10092","targetHints":{"allow":["GET"]}}],"collection":[{"href":"https:\/\/taniabonament.pl\/sluchawki\/wp-json\/wp\/v2\/product"}],"about":[{"href":"https:\/\/taniabonament.pl\/sluchawki\/wp-json\/wp\/v2\/types\/product"}],"replies":[{"embeddable":true,"href":"https:\/\/taniabonament.pl\/sluchawki\/wp-json\/wp\/v2\/comments?post=10092"}],"wp:featuredmedia":[{"embeddable":true,"href":"https:\/\/taniabonament.pl\/sluchawki\/wp-json\/wp\/v2\/media\/10093"}],"wp:attachment":[{"href":"https:\/\/taniabonament.pl\/sluchawki\/wp-json\/wp\/v2\/media?parent=10092"}],"wp:term":[{"taxonomy":"product_cat","embeddable":true,"href":"https:\/\/taniabonament.pl\/sluchawki\/wp-json\/wp\/v2\/product_cat?post=10092"},{"taxonomy":"product_tag","embeddable":true,"href":"https:\/\/taniabonament.pl\/sluchawki\/wp-json\/wp\/v2\/product_tag?post=10092"}],"curies":[{"name":"wp","href":"https:\/\/api.w.org\/{rel}","templated":true}]}}