{"id":10081,"date":"2022-02-14T20:26:17","date_gmt":"2022-02-14T20:26:17","guid":{"rendered":"https:\/\/taniabonament.pl\/sluchawki\/model\/sluchawki-gamingowe-lenovo-hu85-czarne-w-cenie-149-0-pln\/"},"modified":"2022-02-14T20:26:19","modified_gmt":"2022-02-14T20:26:19","slug":"sluchawki-gamingowe-lenovo-hu85-czarne-w-cenie-149-0-pln","status":"publish","type":"product","link":"https:\/\/taniabonament.pl\/sluchawki\/model\/sluchawki-gamingowe-lenovo-hu85-czarne-w-cenie-149-0-pln\/","title":{"rendered":"S\u0142uchawki gamingowe Lenovo HU85 (czarne) &#8211; w cenie 149.0 PLN"},"content":{"rendered":"<p><img decoding=\"async\" style=\"margin-right: 25px; margin-bottom: 10px; width: 220px;\" src=\"https:\/\/static.convertiser.com\/media\/product_images\/294\/4b01e435c5a94da683a4f2bcb943a66e\/27b3ab23afc9d1a15f4c160eb38932cd669a7407.webp\" alt=\"s\u0142uchawki z mikrofonem Lenovo\" align=\"left\" \/><\/p>\n<h2>S\u0142uchawki marki Lenovo<\/h2>\n<p>CENA ORYGINALNA: 149.0 PLN<\/p>\n<div style=\"font-weight: bold; font-size: 18px;\">\n<p>UWAGA <span style=\"color: red;\">MAMY RABATY!<\/span><\/p>\n<p>Szczeg\u00f3\u0142owe parametry takie jak dane techniczne, promocje sprawdzisz poni\u017cej w Akces-markt.pl. Rozmawiaj wygodnie przez mikrofon podczas pracy zdalnej. Odizoluj si\u0119 od niepo\u017c\u0105danych d\u017awi\u0119k\u00f3w zewn\u0119trznych. Ciesz si\u0119 czystym brzmieniem w s\u0142uchawkach. Przejd\u017a teraz bezpo\u015brednio do z sklepu gdzie szybko zakupisz te s\u0142uchawki w korzystnej cenie.<\/p>\n<p><span style=\"color: #fff; background-color: #000000; padding: 1px 7px;\"><strong>Lenovo<\/strong><\/span><strong><span style=\"margin-left: 5px; color: #fff; background-color: red; padding: 1px 7px;\">149.0 PLN<\/span><\/strong><\/p>\n<p>&nbsp;<\/p>\n<p>&nbsp;<\/p>\n<\/div>\n<p style=\"text-align: center; padding-bottom: 15px;\"><a style=\"color: #fff; font-size: 22px; background-color: #e4144d; padding: 9px 14px; border-radius: 7px; text-decoration: underline;\" href=\"https:\/\/converti.se\/click\/34590059-c70e8160-5f3ad5bd\/?deep_link=https%3A%2F%2Fakces-markt.pl%2Fpl%2Fp%2FSluchawki-gamingowe-Lenovo-HU85-czarne%2F147978&#038;sid=sluchawki-z-mikrofonem&#038;tag6=product&#038;tag8=4b01e435c5a94da683a4f2bcb943a66e&#038;tag9=S%C5%82uchawki+gamingowe+Lenovo+HU85+%28czarne%29\" target=\"_blank\" rel=\"nofollow noopener\">Kup teraz<\/a> <span style=\"font-size: 22px; padding-left: 10px;\">149.0 PLN<\/span><\/p>\n","protected":false},"excerpt":{"rendered":"<h3>Odpowiednie <span style='color: red;'>s\u0142uchawki<\/span> z mikrofonem? <\/h3>\n<p> Cechy i zalety: <\/p>\n<ul style='padding-left: 10px; padding-bottom: 10px;'>\n<li style='padding-top: 10px;'>S\u0142uchawki gamingowe Lenovo HU85Przejd\u017a na kolejny poziom rozgrywki\n<li style='padding-top: 10px;'>S\u0142uchawki Lenovo HU85 oferuj\u0105 doskona\u0142\u0105 jako\u015b\u0107 d\u017awi\u0119ku na poziomie HiFi i zosta\u0142y wyposa\u017cone w wysokiej klasy, regulowany mikrofon\n<li style='padding-top: 10px;'>S\u0105 przy tym niezwykle wygodne, a zarazem stylowe &#8211; kolorowe pod\u015bwietlenie w 7 kolorach nadaje im niepowtarzalny charakter\n<li style='padding-top: 10px;'>Wbudowane pokr\u0119t\u0142o umo\u017cliwia szybk\u0105 regulacj\u0119 g\u0142o\u015bno\u015bci.\u00a0Najwy\u017cszej jako\u015bci d\u017awi\u0119kJe\u015bli zale\u017cy Ci na jak najwi\u0119kszej immersji podczas rozgrywki, s\u0142uchawki HU85 b\u0119d\u0105 odpowiednim wyborem\n<li style='padding-top: 10px;'>Zapewniaj\u0105 fantastycznej jako\u015bci d\u017awi\u0119k przestrzenny na poziomie Hi-Fi\n<li style='padding-top: 10px;'>Dzi\u0119ki temu jeszcze lepiej odnajdziesz si\u0119 w \u015bwiecie ulubionej gry, zanurzysz si\u0119 w rozgrywce i bez trudu namierzysz ka\u017cdego przeciwnika!\u00a0Rozmawiaj z innymi graczamiOstrzegaj innych cz\u0142onk\u00f3w dru\u017cyny przed zagro\u017ceniem, wymieniaj uwagi na temat gry lub poprowad\u017a transmisj\u0119 na \u017cywo &#8211; z Lenovo mo\u017cesz mie\u0107 pewno\u015b\u0107, \u017ce wszyscy doskonale Ci\u0119 us\u0142ysz\u0105! S\u0142uchawki HU85 zosta\u0142y wyposa\u017cone w mikrofon dook\u00f3lny, kt\u00f3ry niezawodnie zarejestruje Tw\u00f3j g\u0142os\n<li style='padding-top: 10px;'>Dzi\u0119ki regulowanej konstrukcji z \u0142atwo\u015bci\u0105 dostosujesz go do swoich potrzeb.\u00a0Ergonomiczna konstrukcjaS\u0142uchawki zosta\u0142y stworzone z my\u015bl\u0105 o graczach, kt\u00f3rym zale\u017cy na niezr\u00f3wnanym komforcie rozgrywki\n<li style='padding-top: 10px;'>Lekki, a zarazem wytrzyma\u0142y pa\u0142\u0105k mo\u017cna regulowa\u0107\n<li style='padding-top: 10px;'>Wykonane z przyjaznych dla sk\u00f3ry, mi\u0119kkich materia\u0142\u00f3w nauszniki doskonale przylegaj\u0105 do uszu, nie naciskaj\u0105 ich i skutecznie izoluj\u0105 odg\u0142osy z zewn\u0105trz\n<li style='padding-top: 10px;'>Dzi\u0119ki temu mo\u017cesz w pe\u0142ni skupi\u0107 si\u0119 na grze!\u00a0Specyfikacja\u00a0ProducentLenovoModelHU85InterfejsUSB2.0Czu\u0142o\u015b\u0107110 \u00b13 dBImpedancja32\u03a9 \u00b115%Przetwornik40 mmMoc znamionowa10 mWMoc maksymalna20 mWPasmo przenoszenia20 Hz &#8211; 20 kHzKierunkowo\u015b\u0107 mikrofonuDook\u00f3lnyZakres napi\u0119\u01071,5-3,6 VStosunek sygna\u0142u do szumu\u226560 dBPasmo przenoszenia mikrofonu100 Hz &#8211; 8 kHzMateria\u0142PVC + tkane w\u0142\u00f3knoPrzew\u00f3dEmaliowana mied\u017aD\u0142ugo\u015b\u0107 kabla2,1 m<\/ul>\n","protected":false},"featured_media":10082,"comment_status":"closed","ping_status":"open","template":"","meta":[],"product_cat":[171,601],"product_tag":[],"class_list":{"0":"post-10081","1":"product","2":"type-product","3":"status-publish","5":"hentry","6":"product_cat-lenovo","7":"product_cat-sluchawki-z-mikrofonem","8":"pa_producent-lenovo","9":"pa_sklep-akces-markt-pl"},"yoast_head":"<!-- This site is optimized with the Yoast SEO plugin v20.9 - https:\/\/yoast.com\/wordpress\/plugins\/seo\/ -->\n<title>s\u0142uchawki z mikrofonem Lenovo<\/title>\n<meta name=\"description\" content=\"S\u0142uchawki z mikrofonem. Model Lenovo w atrakcyjnej cenie 149.0 PLN. Przedstawiamy s\u0142uchawki do pracy zdalnej i s\u0142uchania muzyki.\" \/>\n<meta name=\"robots\" content=\"index, follow, max-snippet:-1, max-image-preview:large, max-video-preview:-1\" \/>\n<link rel=\"canonical\" href=\"https:\/\/taniabonament.pl\/sluchawki\/model\/sluchawki-gamingowe-lenovo-hu85-czarne-w-cenie-149-0-pln\/\" \/>\n<meta property=\"og:locale\" content=\"pl_PL\" \/>\n<meta property=\"og:type\" content=\"article\" \/>\n<meta property=\"og:title\" content=\"s\u0142uchawki z mikrofonem Lenovo\" \/>\n<meta property=\"og:description\" content=\"S\u0142uchawki z mikrofonem. Model Lenovo w atrakcyjnej cenie 149.0 PLN. Przedstawiamy s\u0142uchawki do pracy zdalnej i s\u0142uchania muzyki.\" \/>\n<meta property=\"og:url\" content=\"https:\/\/taniabonament.pl\/sluchawki\/model\/sluchawki-gamingowe-lenovo-hu85-czarne-w-cenie-149-0-pln\/\" \/>\n<meta property=\"og:site_name\" content=\"TaniAbonament.pl S\u0142uchawki\" \/>\n<meta property=\"article:modified_time\" content=\"2022-02-14T20:26:19+00:00\" \/>\n<meta property=\"og:image\" content=\"https:\/\/taniabonament.pl\/sluchawki\/wp-content\/uploads\/2022\/02\/27b3ab23afc9d1a15f4c160eb38932cd669a7407.webp\" \/>\n\t<meta property=\"og:image:width\" content=\"435\" \/>\n\t<meta property=\"og:image:height\" content=\"500\" \/>\n\t<meta property=\"og:image:type\" content=\"image\/jpeg\" \/>\n<meta name=\"twitter:card\" content=\"summary_large_image\" \/>\n<script type=\"application\/ld+json\" class=\"yoast-schema-graph\">{\"@context\":\"https:\/\/schema.org\",\"@graph\":[{\"@type\":\"WebPage\",\"@id\":\"https:\/\/taniabonament.pl\/sluchawki\/model\/sluchawki-gamingowe-lenovo-hu85-czarne-w-cenie-149-0-pln\/\",\"url\":\"https:\/\/taniabonament.pl\/sluchawki\/model\/sluchawki-gamingowe-lenovo-hu85-czarne-w-cenie-149-0-pln\/\",\"name\":\"s\u0142uchawki z mikrofonem Lenovo\",\"isPartOf\":{\"@id\":\"https:\/\/taniabonament.pl\/sluchawki\/#website\"},\"datePublished\":\"2022-02-14T20:26:17+00:00\",\"dateModified\":\"2022-02-14T20:26:19+00:00\",\"description\":\"S\u0142uchawki z mikrofonem. Model Lenovo w atrakcyjnej cenie 149.0 PLN. Przedstawiamy s\u0142uchawki do pracy zdalnej i s\u0142uchania muzyki.\",\"breadcrumb\":{\"@id\":\"https:\/\/taniabonament.pl\/sluchawki\/model\/sluchawki-gamingowe-lenovo-hu85-czarne-w-cenie-149-0-pln\/#breadcrumb\"},\"inLanguage\":\"pl-PL\",\"potentialAction\":[{\"@type\":\"ReadAction\",\"target\":[\"https:\/\/taniabonament.pl\/sluchawki\/model\/sluchawki-gamingowe-lenovo-hu85-czarne-w-cenie-149-0-pln\/\"]}]},{\"@type\":\"BreadcrumbList\",\"@id\":\"https:\/\/taniabonament.pl\/sluchawki\/model\/sluchawki-gamingowe-lenovo-hu85-czarne-w-cenie-149-0-pln\/#breadcrumb\",\"itemListElement\":[{\"@type\":\"ListItem\",\"position\":1,\"name\":\"Strona g\u0142\u00f3wna\",\"item\":\"https:\/\/taniabonament.pl\/sluchawki\/\"},{\"@type\":\"ListItem\",\"position\":2,\"name\":\"Sklep\",\"item\":\"https:\/\/taniabonament.pl\/sluchawki\/\"},{\"@type\":\"ListItem\",\"position\":3,\"name\":\"S\u0142uchawki gamingowe Lenovo HU85 (czarne) &#8211; w cenie 149.0 PLN\"}]},{\"@type\":\"WebSite\",\"@id\":\"https:\/\/taniabonament.pl\/sluchawki\/#website\",\"url\":\"https:\/\/taniabonament.pl\/sluchawki\/\",\"name\":\"TaniAbonament.pl S\u0142uchawki\",\"description\":\"\u015bwiat s\u0142uchawek idealnych do pracy zdalnej\",\"potentialAction\":[{\"@type\":\"SearchAction\",\"target\":{\"@type\":\"EntryPoint\",\"urlTemplate\":\"https:\/\/taniabonament.pl\/sluchawki\/?s={search_term_string}\"},\"query-input\":\"required name=search_term_string\"}],\"inLanguage\":\"pl-PL\"}]}<\/script>\n<!-- \/ Yoast SEO plugin. -->","yoast_head_json":{"title":"s\u0142uchawki z mikrofonem Lenovo","description":"S\u0142uchawki z mikrofonem. Model Lenovo w atrakcyjnej cenie 149.0 PLN. Przedstawiamy s\u0142uchawki do pracy zdalnej i s\u0142uchania muzyki.","robots":{"index":"index","follow":"follow","max-snippet":"max-snippet:-1","max-image-preview":"max-image-preview:large","max-video-preview":"max-video-preview:-1"},"canonical":"https:\/\/taniabonament.pl\/sluchawki\/model\/sluchawki-gamingowe-lenovo-hu85-czarne-w-cenie-149-0-pln\/","og_locale":"pl_PL","og_type":"article","og_title":"s\u0142uchawki z mikrofonem Lenovo","og_description":"S\u0142uchawki z mikrofonem. Model Lenovo w atrakcyjnej cenie 149.0 PLN. Przedstawiamy s\u0142uchawki do pracy zdalnej i s\u0142uchania muzyki.","og_url":"https:\/\/taniabonament.pl\/sluchawki\/model\/sluchawki-gamingowe-lenovo-hu85-czarne-w-cenie-149-0-pln\/","og_site_name":"TaniAbonament.pl S\u0142uchawki","article_modified_time":"2022-02-14T20:26:19+00:00","og_image":[{"width":435,"height":500,"url":"https:\/\/taniabonament.pl\/sluchawki\/wp-content\/uploads\/2022\/02\/27b3ab23afc9d1a15f4c160eb38932cd669a7407.webp","type":"image\/jpeg"}],"twitter_card":"summary_large_image","schema":{"@context":"https:\/\/schema.org","@graph":[{"@type":"WebPage","@id":"https:\/\/taniabonament.pl\/sluchawki\/model\/sluchawki-gamingowe-lenovo-hu85-czarne-w-cenie-149-0-pln\/","url":"https:\/\/taniabonament.pl\/sluchawki\/model\/sluchawki-gamingowe-lenovo-hu85-czarne-w-cenie-149-0-pln\/","name":"s\u0142uchawki z mikrofonem Lenovo","isPartOf":{"@id":"https:\/\/taniabonament.pl\/sluchawki\/#website"},"datePublished":"2022-02-14T20:26:17+00:00","dateModified":"2022-02-14T20:26:19+00:00","description":"S\u0142uchawki z mikrofonem. Model Lenovo w atrakcyjnej cenie 149.0 PLN. Przedstawiamy s\u0142uchawki do pracy zdalnej i s\u0142uchania muzyki.","breadcrumb":{"@id":"https:\/\/taniabonament.pl\/sluchawki\/model\/sluchawki-gamingowe-lenovo-hu85-czarne-w-cenie-149-0-pln\/#breadcrumb"},"inLanguage":"pl-PL","potentialAction":[{"@type":"ReadAction","target":["https:\/\/taniabonament.pl\/sluchawki\/model\/sluchawki-gamingowe-lenovo-hu85-czarne-w-cenie-149-0-pln\/"]}]},{"@type":"BreadcrumbList","@id":"https:\/\/taniabonament.pl\/sluchawki\/model\/sluchawki-gamingowe-lenovo-hu85-czarne-w-cenie-149-0-pln\/#breadcrumb","itemListElement":[{"@type":"ListItem","position":1,"name":"Strona g\u0142\u00f3wna","item":"https:\/\/taniabonament.pl\/sluchawki\/"},{"@type":"ListItem","position":2,"name":"Sklep","item":"https:\/\/taniabonament.pl\/sluchawki\/"},{"@type":"ListItem","position":3,"name":"S\u0142uchawki gamingowe Lenovo HU85 (czarne) &#8211; w cenie 149.0 PLN"}]},{"@type":"WebSite","@id":"https:\/\/taniabonament.pl\/sluchawki\/#website","url":"https:\/\/taniabonament.pl\/sluchawki\/","name":"TaniAbonament.pl S\u0142uchawki","description":"\u015bwiat s\u0142uchawek idealnych do pracy zdalnej","potentialAction":[{"@type":"SearchAction","target":{"@type":"EntryPoint","urlTemplate":"https:\/\/taniabonament.pl\/sluchawki\/?s={search_term_string}"},"query-input":"required name=search_term_string"}],"inLanguage":"pl-PL"}]}},"_links":{"self":[{"href":"https:\/\/taniabonament.pl\/sluchawki\/wp-json\/wp\/v2\/product\/10081","targetHints":{"allow":["GET"]}}],"collection":[{"href":"https:\/\/taniabonament.pl\/sluchawki\/wp-json\/wp\/v2\/product"}],"about":[{"href":"https:\/\/taniabonament.pl\/sluchawki\/wp-json\/wp\/v2\/types\/product"}],"replies":[{"embeddable":true,"href":"https:\/\/taniabonament.pl\/sluchawki\/wp-json\/wp\/v2\/comments?post=10081"}],"wp:featuredmedia":[{"embeddable":true,"href":"https:\/\/taniabonament.pl\/sluchawki\/wp-json\/wp\/v2\/media\/10082"}],"wp:attachment":[{"href":"https:\/\/taniabonament.pl\/sluchawki\/wp-json\/wp\/v2\/media?parent=10081"}],"wp:term":[{"taxonomy":"product_cat","embeddable":true,"href":"https:\/\/taniabonament.pl\/sluchawki\/wp-json\/wp\/v2\/product_cat?post=10081"},{"taxonomy":"product_tag","embeddable":true,"href":"https:\/\/taniabonament.pl\/sluchawki\/wp-json\/wp\/v2\/product_tag?post=10081"}],"curies":[{"name":"wp","href":"https:\/\/api.w.org\/{rel}","templated":true}]}}