{"id":10077,"date":"2022-02-14T20:26:17","date_gmt":"2022-02-14T20:26:17","guid":{"rendered":"https:\/\/taniabonament.pl\/sluchawki\/model\/sluchawki-tws-ugreen-ws100-czarne-w-cenie-169-0-pln\/"},"modified":"2022-02-14T20:26:18","modified_gmt":"2022-02-14T20:26:18","slug":"sluchawki-tws-ugreen-ws100-czarne-w-cenie-169-0-pln","status":"publish","type":"product","link":"https:\/\/taniabonament.pl\/sluchawki\/model\/sluchawki-tws-ugreen-ws100-czarne-w-cenie-169-0-pln\/","title":{"rendered":"S\u0142uchawki TWS UGREEN WS100 (czarne) &#8211; w cenie 169.0 PLN"},"content":{"rendered":"<p><img decoding=\"async\" style=\"margin-right: 25px; margin-bottom: 10px; width: 220px;\" src=\"https:\/\/static.convertiser.com\/media\/product_images\/294\/e02dfcc954dc7bda79b5cc9d09e1c310\/63755ceb8eeeb159ab784f6cde2d0c3200c2ca3d.webp\" alt=\"s\u0142uchawki z mikrofonem UGREEN\" align=\"left\" \/><\/p>\n<h2>S\u0142uchawki marki UGREEN<\/h2>\n<p>CENA ORYGINALNA: 169.0 PLN<\/p>\n<div style=\"font-weight: bold; font-size: 18px;\">\n<p>UWAGA <span style=\"color: red;\">MAMY RABATY!<\/span><\/p>\n<p>Szczeg\u00f3\u0142owe parametry takie jak dane techniczne, promocje sprawdzisz poni\u017cej w Akces-markt.pl. Rozmawiaj wygodnie przez mikrofon podczas pracy zdalnej. Odizoluj si\u0119 od niepo\u017c\u0105danych d\u017awi\u0119k\u00f3w zewn\u0119trznych. Ciesz si\u0119 czystym brzmieniem w s\u0142uchawkach. Przejd\u017a teraz bezpo\u015brednio do z sklepu gdzie szybko zakupisz te s\u0142uchawki w korzystnej cenie.<\/p>\n<p><span style=\"color: #fff; background-color: #000000; padding: 1px 7px;\"><strong>UGREEN<\/strong><\/span><strong><span style=\"margin-left: 5px; color: #fff; background-color: red; padding: 1px 7px;\">169.0 PLN<\/span><\/strong><\/p>\n<p>&nbsp;<\/p>\n<p>&nbsp;<\/p>\n<\/div>\n<p style=\"text-align: center; padding-bottom: 15px;\"><a style=\"color: #fff; font-size: 22px; background-color: #e4144d; padding: 9px 14px; border-radius: 7px; text-decoration: underline;\" href=\"https:\/\/converti.se\/click\/34590059-c70e8160-5f3ad5bd\/?deep_link=https%3A%2F%2Fakces-markt.pl%2Fpl%2Fp%2FSluchawki-TWS-UGREEN-WS100-czarne%2F143945&#038;sid=sluchawki-z-mikrofonem&#038;tag6=product&#038;tag8=e02dfcc954dc7bda79b5cc9d09e1c310&#038;tag9=S%C5%82uchawki+TWS+UGREEN+WS100+%28czarne%29\" target=\"_blank\" rel=\"nofollow noopener\">Kup teraz<\/a> <span style=\"font-size: 22px; padding-left: 10px;\">169.0 PLN<\/span><\/p>\n","protected":false},"excerpt":{"rendered":"<h3>Odpowiednie <span style='color: red;'>s\u0142uchawki<\/span> z mikrofonem? <\/h3>\n<p> Cechy i zalety: <\/p>\n<ul style='padding-left: 10px; padding-bottom: 10px;'>\n<li style='padding-top: 10px;'>HiTune True Wireless Stereo EarbudsBezprzewodowe s\u0142uchawki zapewniaj\u0105 maksymalny komfort i pozwalaj\u0105 zapomnie\u0107 o k\u0142opocie z popl\u0105tanymi kablami\n<li style='padding-top: 10px;'>S\u0105 zaprojektowane z my\u015bl\u0105, by przyci\u0105ga\u0107 wzrok i jednocze\u015bnie odtwarza\u0107 czyste, pozbawione zak\u0142\u00f3ce\u0144 d\u017awi\u0119ki\n<li style='padding-top: 10px;'>Wydajna bateria umo\u017cliwia na s\u0142uchanie ulubionej muzyki do 18 godzin w jako\u015bci Hi-Fi\n<li style='padding-top: 10px;'>Zosta\u0142y wyposa\u017cone w nowoczesn\u0105 technologi\u0119, kt\u00f3ra gwarantuje natychmiastowe przesy\u0142anie transmisji\n<li style='padding-top: 10px;'>Praktyczny designS\u0142uchawki posiadaj\u0105 przemy\u015blan\u0105, ergonomiczn\u0105 konstrukcj\u0119\n<li style='padding-top: 10px;'>Nie powoduj\u0105 ucisk\u00f3w, dyskomfortu ani obtar\u0107\n<li style='padding-top: 10px;'>Gwarantuj\u0105 niesamowit\u0105 wygod\u0119 podczas u\u017cytkowania, a ponadto wygl\u0105daj\u0105 stylowo i ponadczasowo\n<li style='padding-top: 10px;'>S\u0105 lekkie i por\u0119czne, wi\u0119c \u0142atwo umieszcza si\u0119 je wewn\u0105trz ucha\n<li style='padding-top: 10px;'>Nie wypadaj\u0105 w trakcie intensywnych dzia\u0142a\u0144, typu bieganie czy \u0107wiczenia na si\u0142owni\n<li style='padding-top: 10px;'>Dostarczaj\u0105 zaskakuj\u0105ce wra\u017cenia d\u017awi\u0119kowe i skutecznie izoluj\u0105 ha\u0142asy z otoczenia\n<li style='padding-top: 10px;'>Bezprzewodowa technologiaTransmisja za po\u015brednictwem sieci Bluetooth 5.0 umo\u017cliwia bezproblemow\u0105 wsp\u00f3\u0142prac\u0119 z urz\u0105dzeniami mobilnymi, a tak\u017ce ze sprz\u0119tami do u\u017cytku stacjonarnego\n<li style='padding-top: 10px;'>Bezprzewodowa komunikacja zapewnia wyj\u0105tkowo szybki przesy\u0142 sygna\u0142u, a w dodatku problem z roz\u0142\u0105czaniem si\u0119 i utrat\u0105 \u0142\u0105czno\u015bci zosta\u0142 zredukowany do minimum\n<li style='padding-top: 10px;'>S\u0142uchawki maj\u0105 wystarczaj\u0105co du\u017cy zasi\u0119g, by sprawdzi\u0142y si\u0119 w ka\u017cdych okoliczno\u015bciach\n<li style='padding-top: 10px;'>Wytrzyma\u0142a bateriaDla os\u00f3b, kt\u00f3re nie wyobra\u017caj\u0105 sobie realizowania codziennych czynno\u015bci bez muzyki, dobr\u0105 wiadomo\u015bci\u0105 jest fakt, \u017ce s\u0142uchawki posiadaj\u0105 solidn\u0105 bateri\u0119 o obszerno\u015bci 420 mAh (2x 60 mAh + 300 mAh)\n<li style='padding-top: 10px;'>Pozwala to na odtwarzanie ulubionych piosenek do 18 godzin, przy jednoczesnym korzystaniu z bazy s\u0142uchawkowej\n<li style='padding-top: 10px;'>Do pe\u0142nego na\u0142adowania potrzebuje tylko oko\u0142o 1 godziny\n<li style='padding-top: 10px;'>Wbudowany mikrofonTen model zosta\u0142 wyposa\u017cony w mikrofon, kt\u00f3ry daje mo\u017cliwo\u015b\u0107 do odbierania po\u0142\u0105cze\u0144 telefonicznych w ka\u017cdej chwili\n<li style='padding-top: 10px;'>Osi\u0105galne jest te\u017c wydawanie polece\u0144, kt\u00f3re s\u0105 przesy\u0142ane do telefonu, np\n<li style='padding-top: 10px;'>zwi\u0105zanych z lokalizacj\u0105 punkt\u00f3w na mapie i nawigacj\u0105\n<li style='padding-top: 10px;'>Imponuj\u0105ce szczeg\u00f3\u0142yW sytuacji, gdy trzeba \u015bciszy\u0107 lub podg\u0142o\u015bni\u0107 muzyk\u0119, nie trzeba specjalnie si\u0119ga\u0107 do telefonu\n<li style='padding-top: 10px;'>S\u0142uchawki posiadaj\u0105 dosy\u0107 praktyczn\u0105 funkcj\u0119, dzi\u0119ki kt\u00f3rej mo\u017cliwe jest sterowanie d\u017awi\u0119ku z poziomu s\u0142uchawek\n<li style='padding-top: 10px;'>U\u0142atwiona jest r\u00f3wnie\u017c og\u00f3lna obs\u0142uga sprz\u0119tu, poniewa\u017c dwa naci\u015bni\u0119cia wystarcz\u0105, aby rozpocz\u0105\u0107 lub zatrzyma\u0107 odtwarzanie\n<li style='padding-top: 10px;'>Elementy czu\u0142e na dotyk od razu reaguj\u0105 na polecenia\n<li style='padding-top: 10px;'>SpecyfikacjaProducentUGREENNazwaHiTune True Wireless Stereo EarbudsModelWS100TypDokana\u0142oweWbudowany mikrofonTakTransmisjaBluetoothZasi\u0119gdo 10 mMaksymalny czas pracy18 hPasmo przenoszenia20Hz-20KHzKolorCzarny<\/ul>\n","protected":false},"featured_media":10078,"comment_status":"closed","ping_status":"open","template":"","meta":[],"product_cat":[601,76],"product_tag":[],"class_list":{"0":"post-10077","1":"product","2":"type-product","3":"status-publish","5":"hentry","6":"product_cat-sluchawki-z-mikrofonem","7":"product_cat-ugreen","8":"pa_producent-ugreen","9":"pa_sklep-akces-markt-pl"},"yoast_head":"<!-- This site is optimized with the Yoast SEO plugin v20.9 - https:\/\/yoast.com\/wordpress\/plugins\/seo\/ -->\n<title>s\u0142uchawki z mikrofonem UGREEN<\/title>\n<meta name=\"description\" content=\"S\u0142uchawki z mikrofonem. Model UGREEN w atrakcyjnej cenie 169.0 PLN. Przedstawiamy s\u0142uchawki do pracy zdalnej i s\u0142uchania muzyki.\" \/>\n<meta name=\"robots\" content=\"index, follow, max-snippet:-1, max-image-preview:large, max-video-preview:-1\" \/>\n<link rel=\"canonical\" href=\"https:\/\/taniabonament.pl\/sluchawki\/model\/sluchawki-tws-ugreen-ws100-czarne-w-cenie-169-0-pln\/\" \/>\n<meta property=\"og:locale\" content=\"pl_PL\" \/>\n<meta property=\"og:type\" content=\"article\" \/>\n<meta property=\"og:title\" content=\"s\u0142uchawki z mikrofonem UGREEN\" \/>\n<meta property=\"og:description\" content=\"S\u0142uchawki z mikrofonem. Model UGREEN w atrakcyjnej cenie 169.0 PLN. Przedstawiamy s\u0142uchawki do pracy zdalnej i s\u0142uchania muzyki.\" \/>\n<meta property=\"og:url\" content=\"https:\/\/taniabonament.pl\/sluchawki\/model\/sluchawki-tws-ugreen-ws100-czarne-w-cenie-169-0-pln\/\" \/>\n<meta property=\"og:site_name\" content=\"TaniAbonament.pl S\u0142uchawki\" \/>\n<meta property=\"article:modified_time\" content=\"2022-02-14T20:26:18+00:00\" \/>\n<meta property=\"og:image\" content=\"https:\/\/taniabonament.pl\/sluchawki\/wp-content\/uploads\/2022\/02\/63755ceb8eeeb159ab784f6cde2d0c3200c2ca3d.webp\" \/>\n\t<meta property=\"og:image:width\" content=\"500\" \/>\n\t<meta property=\"og:image:height\" content=\"500\" \/>\n\t<meta property=\"og:image:type\" content=\"image\/jpeg\" \/>\n<meta name=\"twitter:card\" content=\"summary_large_image\" \/>\n<script type=\"application\/ld+json\" class=\"yoast-schema-graph\">{\"@context\":\"https:\/\/schema.org\",\"@graph\":[{\"@type\":\"WebPage\",\"@id\":\"https:\/\/taniabonament.pl\/sluchawki\/model\/sluchawki-tws-ugreen-ws100-czarne-w-cenie-169-0-pln\/\",\"url\":\"https:\/\/taniabonament.pl\/sluchawki\/model\/sluchawki-tws-ugreen-ws100-czarne-w-cenie-169-0-pln\/\",\"name\":\"s\u0142uchawki z mikrofonem UGREEN\",\"isPartOf\":{\"@id\":\"https:\/\/taniabonament.pl\/sluchawki\/#website\"},\"datePublished\":\"2022-02-14T20:26:17+00:00\",\"dateModified\":\"2022-02-14T20:26:18+00:00\",\"description\":\"S\u0142uchawki z mikrofonem. Model UGREEN w atrakcyjnej cenie 169.0 PLN. Przedstawiamy s\u0142uchawki do pracy zdalnej i s\u0142uchania muzyki.\",\"breadcrumb\":{\"@id\":\"https:\/\/taniabonament.pl\/sluchawki\/model\/sluchawki-tws-ugreen-ws100-czarne-w-cenie-169-0-pln\/#breadcrumb\"},\"inLanguage\":\"pl-PL\",\"potentialAction\":[{\"@type\":\"ReadAction\",\"target\":[\"https:\/\/taniabonament.pl\/sluchawki\/model\/sluchawki-tws-ugreen-ws100-czarne-w-cenie-169-0-pln\/\"]}]},{\"@type\":\"BreadcrumbList\",\"@id\":\"https:\/\/taniabonament.pl\/sluchawki\/model\/sluchawki-tws-ugreen-ws100-czarne-w-cenie-169-0-pln\/#breadcrumb\",\"itemListElement\":[{\"@type\":\"ListItem\",\"position\":1,\"name\":\"Strona g\u0142\u00f3wna\",\"item\":\"https:\/\/taniabonament.pl\/sluchawki\/\"},{\"@type\":\"ListItem\",\"position\":2,\"name\":\"Sklep\",\"item\":\"https:\/\/taniabonament.pl\/sluchawki\/\"},{\"@type\":\"ListItem\",\"position\":3,\"name\":\"S\u0142uchawki TWS UGREEN WS100 (czarne) &#8211; w cenie 169.0 PLN\"}]},{\"@type\":\"WebSite\",\"@id\":\"https:\/\/taniabonament.pl\/sluchawki\/#website\",\"url\":\"https:\/\/taniabonament.pl\/sluchawki\/\",\"name\":\"TaniAbonament.pl S\u0142uchawki\",\"description\":\"\u015bwiat s\u0142uchawek idealnych do pracy zdalnej\",\"potentialAction\":[{\"@type\":\"SearchAction\",\"target\":{\"@type\":\"EntryPoint\",\"urlTemplate\":\"https:\/\/taniabonament.pl\/sluchawki\/?s={search_term_string}\"},\"query-input\":\"required name=search_term_string\"}],\"inLanguage\":\"pl-PL\"}]}<\/script>\n<!-- \/ Yoast SEO plugin. -->","yoast_head_json":{"title":"s\u0142uchawki z mikrofonem UGREEN","description":"S\u0142uchawki z mikrofonem. Model UGREEN w atrakcyjnej cenie 169.0 PLN. Przedstawiamy s\u0142uchawki do pracy zdalnej i s\u0142uchania muzyki.","robots":{"index":"index","follow":"follow","max-snippet":"max-snippet:-1","max-image-preview":"max-image-preview:large","max-video-preview":"max-video-preview:-1"},"canonical":"https:\/\/taniabonament.pl\/sluchawki\/model\/sluchawki-tws-ugreen-ws100-czarne-w-cenie-169-0-pln\/","og_locale":"pl_PL","og_type":"article","og_title":"s\u0142uchawki z mikrofonem UGREEN","og_description":"S\u0142uchawki z mikrofonem. Model UGREEN w atrakcyjnej cenie 169.0 PLN. Przedstawiamy s\u0142uchawki do pracy zdalnej i s\u0142uchania muzyki.","og_url":"https:\/\/taniabonament.pl\/sluchawki\/model\/sluchawki-tws-ugreen-ws100-czarne-w-cenie-169-0-pln\/","og_site_name":"TaniAbonament.pl S\u0142uchawki","article_modified_time":"2022-02-14T20:26:18+00:00","og_image":[{"width":500,"height":500,"url":"https:\/\/taniabonament.pl\/sluchawki\/wp-content\/uploads\/2022\/02\/63755ceb8eeeb159ab784f6cde2d0c3200c2ca3d.webp","type":"image\/jpeg"}],"twitter_card":"summary_large_image","schema":{"@context":"https:\/\/schema.org","@graph":[{"@type":"WebPage","@id":"https:\/\/taniabonament.pl\/sluchawki\/model\/sluchawki-tws-ugreen-ws100-czarne-w-cenie-169-0-pln\/","url":"https:\/\/taniabonament.pl\/sluchawki\/model\/sluchawki-tws-ugreen-ws100-czarne-w-cenie-169-0-pln\/","name":"s\u0142uchawki z mikrofonem UGREEN","isPartOf":{"@id":"https:\/\/taniabonament.pl\/sluchawki\/#website"},"datePublished":"2022-02-14T20:26:17+00:00","dateModified":"2022-02-14T20:26:18+00:00","description":"S\u0142uchawki z mikrofonem. Model UGREEN w atrakcyjnej cenie 169.0 PLN. Przedstawiamy s\u0142uchawki do pracy zdalnej i s\u0142uchania muzyki.","breadcrumb":{"@id":"https:\/\/taniabonament.pl\/sluchawki\/model\/sluchawki-tws-ugreen-ws100-czarne-w-cenie-169-0-pln\/#breadcrumb"},"inLanguage":"pl-PL","potentialAction":[{"@type":"ReadAction","target":["https:\/\/taniabonament.pl\/sluchawki\/model\/sluchawki-tws-ugreen-ws100-czarne-w-cenie-169-0-pln\/"]}]},{"@type":"BreadcrumbList","@id":"https:\/\/taniabonament.pl\/sluchawki\/model\/sluchawki-tws-ugreen-ws100-czarne-w-cenie-169-0-pln\/#breadcrumb","itemListElement":[{"@type":"ListItem","position":1,"name":"Strona g\u0142\u00f3wna","item":"https:\/\/taniabonament.pl\/sluchawki\/"},{"@type":"ListItem","position":2,"name":"Sklep","item":"https:\/\/taniabonament.pl\/sluchawki\/"},{"@type":"ListItem","position":3,"name":"S\u0142uchawki TWS UGREEN WS100 (czarne) &#8211; w cenie 169.0 PLN"}]},{"@type":"WebSite","@id":"https:\/\/taniabonament.pl\/sluchawki\/#website","url":"https:\/\/taniabonament.pl\/sluchawki\/","name":"TaniAbonament.pl S\u0142uchawki","description":"\u015bwiat s\u0142uchawek idealnych do pracy zdalnej","potentialAction":[{"@type":"SearchAction","target":{"@type":"EntryPoint","urlTemplate":"https:\/\/taniabonament.pl\/sluchawki\/?s={search_term_string}"},"query-input":"required name=search_term_string"}],"inLanguage":"pl-PL"}]}},"_links":{"self":[{"href":"https:\/\/taniabonament.pl\/sluchawki\/wp-json\/wp\/v2\/product\/10077","targetHints":{"allow":["GET"]}}],"collection":[{"href":"https:\/\/taniabonament.pl\/sluchawki\/wp-json\/wp\/v2\/product"}],"about":[{"href":"https:\/\/taniabonament.pl\/sluchawki\/wp-json\/wp\/v2\/types\/product"}],"replies":[{"embeddable":true,"href":"https:\/\/taniabonament.pl\/sluchawki\/wp-json\/wp\/v2\/comments?post=10077"}],"wp:featuredmedia":[{"embeddable":true,"href":"https:\/\/taniabonament.pl\/sluchawki\/wp-json\/wp\/v2\/media\/10078"}],"wp:attachment":[{"href":"https:\/\/taniabonament.pl\/sluchawki\/wp-json\/wp\/v2\/media?parent=10077"}],"wp:term":[{"taxonomy":"product_cat","embeddable":true,"href":"https:\/\/taniabonament.pl\/sluchawki\/wp-json\/wp\/v2\/product_cat?post=10077"},{"taxonomy":"product_tag","embeddable":true,"href":"https:\/\/taniabonament.pl\/sluchawki\/wp-json\/wp\/v2\/product_tag?post=10077"}],"curies":[{"name":"wp","href":"https:\/\/api.w.org\/{rel}","templated":true}]}}