{"id":10073,"date":"2022-02-14T20:26:08","date_gmt":"2022-02-14T20:26:08","guid":{"rendered":"https:\/\/taniabonament.pl\/sluchawki\/model\/sluchawki-gamingowe-havit-gamenote-h2168d-usb3-5mm-w-cenie-59-0-pln\/"},"modified":"2022-02-14T20:26:16","modified_gmt":"2022-02-14T20:26:16","slug":"sluchawki-gamingowe-havit-gamenote-h2168d-usb3-5mm-w-cenie-59-0-pln","status":"publish","type":"product","link":"https:\/\/taniabonament.pl\/sluchawki\/model\/sluchawki-gamingowe-havit-gamenote-h2168d-usb3-5mm-w-cenie-59-0-pln\/","title":{"rendered":"S\u0142uchawki gamingowe Havit GAMENOTE H2168D USB+3.5mm &#8211; w cenie 59.0 PLN"},"content":{"rendered":"<p><img decoding=\"async\" style=\"margin-right: 25px; margin-bottom: 10px; width: 220px;\" src=\"https:\/\/static.convertiser.com\/media\/product_images\/294\/8d1186d4334a86fd86b17c49c92adfcf\/2da11ae8290a9609fcc136c9e6d85481986cbe76.webp\" alt=\"s\u0142uchawki z mikrofonem HAVIT\" align=\"left\" \/><\/p>\n<h2>S\u0142uchawki marki HAVIT<\/h2>\n<p>CENA ORYGINALNA: 59.0 PLN<\/p>\n<div style=\"font-weight: bold; font-size: 18px;\">\n<p>UWAGA <span style=\"color: red;\">MAMY RABATY!<\/span><\/p>\n<p>Szczeg\u00f3\u0142owe parametry takie jak dane techniczne, promocje sprawdzisz poni\u017cej w Akces-markt.pl. Rozmawiaj wygodnie przez mikrofon podczas pracy zdalnej. Odizoluj si\u0119 od niepo\u017c\u0105danych d\u017awi\u0119k\u00f3w zewn\u0119trznych. Ciesz si\u0119 czystym brzmieniem w s\u0142uchawkach. Przejd\u017a teraz bezpo\u015brednio do z sklepu gdzie szybko zakupisz te s\u0142uchawki w korzystnej cenie.<\/p>\n<p><span style=\"color: #fff; background-color: #000000; padding: 1px 7px;\"><strong>HAVIT<\/strong><\/span><strong><span style=\"margin-left: 5px; color: #fff; background-color: red; padding: 1px 7px;\">59.0 PLN<\/span><\/strong><\/p>\n<p>&nbsp;<\/p>\n<p>&nbsp;<\/p>\n<\/div>\n<p style=\"text-align: center; padding-bottom: 15px;\"><a style=\"color: #fff; font-size: 22px; background-color: #e4144d; padding: 9px 14px; border-radius: 7px; text-decoration: underline;\" href=\"https:\/\/converti.se\/click\/34590059-c70e8160-5f3ad5bd\/?deep_link=https%3A%2F%2Fakces-markt.pl%2Fpl%2Fp%2FSluchawki-gamingowe-Havit-GAMENOTE-H2168D-USB-3.5mm%2F142645&#038;sid=sluchawki-z-mikrofonem&#038;tag6=product&#038;tag8=8d1186d4334a86fd86b17c49c92adfcf&#038;tag9=S%C5%82uchawki+gamingowe+Havit+GAMENOTE+H2168D+USB%2B3.5mm\" target=\"_blank\" rel=\"nofollow noopener\">Kup teraz<\/a> <span style=\"font-size: 22px; padding-left: 10px;\">59.0 PLN<\/span><\/p>\n","protected":false},"excerpt":{"rendered":"<h3>Odpowiednie <span style='color: red;'>s\u0142uchawki<\/span> z mikrofonem? <\/h3>\n<p> Cechy i zalety: <\/p>\n<ul style='padding-left: 10px; padding-bottom: 10px;'>\n<li style='padding-top: 10px;'>S\u0142uchawki gamingowe Havit H2168d\u00a0S\u0142uchawki gamingowe H2168d to wysokiej jako\u015bci s\u0142uchawki gamingowe, kt\u00f3re pozwalaj\u0105 na niezwyk\u0142e doznania podczas gry i zapewniaj\u0105 d\u017awi\u0119ki na najwy\u017cszym poziomie\n<li style='padding-top: 10px;'>S\u0105 wygodne i komfortowe, wi\u0119c mo\u017cesz korzysta\u0107 z nich nawet wiele godzin, bez obaw o dyskomfort\n<li style='padding-top: 10px;'>Regulowany mikrofonWykonany z wysokiej jako\u015bci, elastycznych materia\u0142\u00f3w mikrofon, pozwala na dok\u0142adne dopasowanie go wed\u0142ug swoich potrzeb w ka\u017cdym momencie\n<li style='padding-top: 10px;'>Mo\u017cesz rozmawia\u0107 ze swoimi wsp\u00f3\u0142zawodnikami w wygodny i komfortowy spos\u00f3b Wysokiej jako\u015bci materia\u0142yS\u0142uchawki zosta\u0142y wykonane z najwy\u017cszej jako\u015bci materia\u0142\u00f3w, odpornych na cz\u0119ste u\u017cytkowanie i zapewniaj\u0105cych komfort i wygod\u0119 podczas d\u0142ugich rozgrywek\n<li style='padding-top: 10px;'>Ko\u0144c\u00f3wki 3,5 mm zosta\u0142y poz\u0142ocone dla jeszcze lepszego przewodnictwa i braku jakichkolwiek zak\u0142\u00f3ce\u0144\n<li style='padding-top: 10px;'>Doskona\u0142e d\u017awi\u0119kiS\u0142uchawki posiadaj\u0105 40 mm przetworniki, kt\u00f3re zapewniaj\u0105 niesamowicie mocne brzmienia i doskona\u0142y, przestrzenny d\u017awi\u0119k\n<li style='padding-top: 10px;'>Wygodna regulacja umo\u017cliwia szybkie ustawienie g\u0142o\u015bno\u015bci w ka\u017cdej chwili\n<li style='padding-top: 10px;'>Mi\u0119kki i mi\u0142y w dotyku materia\u0142 zapewnia doskona\u0142y komfort\n<li style='padding-top: 10px;'>SpecyfikacjaProducentHavitModelH2168D\u015arednica membrany40\u00a0mmPasmo przenoszenia s\u0142uchawek20 ~ 20000 HzImpedancja s\u0142uchawek32\u00b115%\u03a9Czu\u0142o\u015b\u0107 s\u0142uchawek105 dB\u00b13 dBWbudowany mikrofontak 6.0 x\u00a05 mm\u0141\u0105czno\u015b\u0107USB + 3.5D\u0142ugo\u015b\u0107 kabla2.0 mRobocze napi\u0119cie\u2a7d\u00a040 mADodatkowe informacjePod\u015bwietlenieGi\u0119tki mikrofonKolorczarny<\/ul>\n","protected":false},"featured_media":10074,"comment_status":"closed","ping_status":"open","template":"","meta":[],"product_cat":[42,601],"product_tag":[],"class_list":{"0":"post-10073","1":"product","2":"type-product","3":"status-publish","5":"hentry","6":"product_cat-havit","7":"product_cat-sluchawki-z-mikrofonem","8":"pa_producent-havit","9":"pa_sklep-akces-markt-pl"},"yoast_head":"<!-- This site is optimized with the Yoast SEO plugin v20.9 - https:\/\/yoast.com\/wordpress\/plugins\/seo\/ -->\n<title>s\u0142uchawki z mikrofonem HAVIT<\/title>\n<meta name=\"description\" content=\"S\u0142uchawki z mikrofonem. Model HAVIT w atrakcyjnej cenie 59.0 PLN. Przedstawiamy s\u0142uchawki do pracy zdalnej i s\u0142uchania muzyki.\" \/>\n<meta name=\"robots\" content=\"index, follow, max-snippet:-1, max-image-preview:large, max-video-preview:-1\" \/>\n<link rel=\"canonical\" href=\"https:\/\/taniabonament.pl\/sluchawki\/model\/sluchawki-gamingowe-havit-gamenote-h2168d-usb3-5mm-w-cenie-59-0-pln\/\" \/>\n<meta property=\"og:locale\" content=\"pl_PL\" \/>\n<meta property=\"og:type\" content=\"article\" \/>\n<meta property=\"og:title\" content=\"s\u0142uchawki z mikrofonem HAVIT\" \/>\n<meta property=\"og:description\" content=\"S\u0142uchawki z mikrofonem. Model HAVIT w atrakcyjnej cenie 59.0 PLN. Przedstawiamy s\u0142uchawki do pracy zdalnej i s\u0142uchania muzyki.\" \/>\n<meta property=\"og:url\" content=\"https:\/\/taniabonament.pl\/sluchawki\/model\/sluchawki-gamingowe-havit-gamenote-h2168d-usb3-5mm-w-cenie-59-0-pln\/\" \/>\n<meta property=\"og:site_name\" content=\"TaniAbonament.pl S\u0142uchawki\" \/>\n<meta property=\"article:modified_time\" content=\"2022-02-14T20:26:16+00:00\" \/>\n<meta property=\"og:image\" content=\"https:\/\/taniabonament.pl\/sluchawki\/wp-content\/uploads\/2022\/02\/2da11ae8290a9609fcc136c9e6d85481986cbe76.webp\" \/>\n\t<meta property=\"og:image:width\" content=\"495\" \/>\n\t<meta property=\"og:image:height\" content=\"500\" \/>\n\t<meta property=\"og:image:type\" content=\"image\/jpeg\" \/>\n<meta name=\"twitter:card\" content=\"summary_large_image\" \/>\n<script type=\"application\/ld+json\" class=\"yoast-schema-graph\">{\"@context\":\"https:\/\/schema.org\",\"@graph\":[{\"@type\":\"WebPage\",\"@id\":\"https:\/\/taniabonament.pl\/sluchawki\/model\/sluchawki-gamingowe-havit-gamenote-h2168d-usb3-5mm-w-cenie-59-0-pln\/\",\"url\":\"https:\/\/taniabonament.pl\/sluchawki\/model\/sluchawki-gamingowe-havit-gamenote-h2168d-usb3-5mm-w-cenie-59-0-pln\/\",\"name\":\"s\u0142uchawki z mikrofonem HAVIT\",\"isPartOf\":{\"@id\":\"https:\/\/taniabonament.pl\/sluchawki\/#website\"},\"datePublished\":\"2022-02-14T20:26:08+00:00\",\"dateModified\":\"2022-02-14T20:26:16+00:00\",\"description\":\"S\u0142uchawki z mikrofonem. Model HAVIT w atrakcyjnej cenie 59.0 PLN. Przedstawiamy s\u0142uchawki do pracy zdalnej i s\u0142uchania muzyki.\",\"breadcrumb\":{\"@id\":\"https:\/\/taniabonament.pl\/sluchawki\/model\/sluchawki-gamingowe-havit-gamenote-h2168d-usb3-5mm-w-cenie-59-0-pln\/#breadcrumb\"},\"inLanguage\":\"pl-PL\",\"potentialAction\":[{\"@type\":\"ReadAction\",\"target\":[\"https:\/\/taniabonament.pl\/sluchawki\/model\/sluchawki-gamingowe-havit-gamenote-h2168d-usb3-5mm-w-cenie-59-0-pln\/\"]}]},{\"@type\":\"BreadcrumbList\",\"@id\":\"https:\/\/taniabonament.pl\/sluchawki\/model\/sluchawki-gamingowe-havit-gamenote-h2168d-usb3-5mm-w-cenie-59-0-pln\/#breadcrumb\",\"itemListElement\":[{\"@type\":\"ListItem\",\"position\":1,\"name\":\"Strona g\u0142\u00f3wna\",\"item\":\"https:\/\/taniabonament.pl\/sluchawki\/\"},{\"@type\":\"ListItem\",\"position\":2,\"name\":\"Sklep\",\"item\":\"https:\/\/taniabonament.pl\/sluchawki\/\"},{\"@type\":\"ListItem\",\"position\":3,\"name\":\"S\u0142uchawki gamingowe Havit GAMENOTE H2168D USB+3.5mm &#8211; w cenie 59.0 PLN\"}]},{\"@type\":\"WebSite\",\"@id\":\"https:\/\/taniabonament.pl\/sluchawki\/#website\",\"url\":\"https:\/\/taniabonament.pl\/sluchawki\/\",\"name\":\"TaniAbonament.pl S\u0142uchawki\",\"description\":\"\u015bwiat s\u0142uchawek idealnych do pracy zdalnej\",\"potentialAction\":[{\"@type\":\"SearchAction\",\"target\":{\"@type\":\"EntryPoint\",\"urlTemplate\":\"https:\/\/taniabonament.pl\/sluchawki\/?s={search_term_string}\"},\"query-input\":\"required name=search_term_string\"}],\"inLanguage\":\"pl-PL\"}]}<\/script>\n<!-- \/ Yoast SEO plugin. -->","yoast_head_json":{"title":"s\u0142uchawki z mikrofonem HAVIT","description":"S\u0142uchawki z mikrofonem. Model HAVIT w atrakcyjnej cenie 59.0 PLN. Przedstawiamy s\u0142uchawki do pracy zdalnej i s\u0142uchania muzyki.","robots":{"index":"index","follow":"follow","max-snippet":"max-snippet:-1","max-image-preview":"max-image-preview:large","max-video-preview":"max-video-preview:-1"},"canonical":"https:\/\/taniabonament.pl\/sluchawki\/model\/sluchawki-gamingowe-havit-gamenote-h2168d-usb3-5mm-w-cenie-59-0-pln\/","og_locale":"pl_PL","og_type":"article","og_title":"s\u0142uchawki z mikrofonem HAVIT","og_description":"S\u0142uchawki z mikrofonem. Model HAVIT w atrakcyjnej cenie 59.0 PLN. Przedstawiamy s\u0142uchawki do pracy zdalnej i s\u0142uchania muzyki.","og_url":"https:\/\/taniabonament.pl\/sluchawki\/model\/sluchawki-gamingowe-havit-gamenote-h2168d-usb3-5mm-w-cenie-59-0-pln\/","og_site_name":"TaniAbonament.pl S\u0142uchawki","article_modified_time":"2022-02-14T20:26:16+00:00","og_image":[{"width":495,"height":500,"url":"https:\/\/taniabonament.pl\/sluchawki\/wp-content\/uploads\/2022\/02\/2da11ae8290a9609fcc136c9e6d85481986cbe76.webp","type":"image\/jpeg"}],"twitter_card":"summary_large_image","schema":{"@context":"https:\/\/schema.org","@graph":[{"@type":"WebPage","@id":"https:\/\/taniabonament.pl\/sluchawki\/model\/sluchawki-gamingowe-havit-gamenote-h2168d-usb3-5mm-w-cenie-59-0-pln\/","url":"https:\/\/taniabonament.pl\/sluchawki\/model\/sluchawki-gamingowe-havit-gamenote-h2168d-usb3-5mm-w-cenie-59-0-pln\/","name":"s\u0142uchawki z mikrofonem HAVIT","isPartOf":{"@id":"https:\/\/taniabonament.pl\/sluchawki\/#website"},"datePublished":"2022-02-14T20:26:08+00:00","dateModified":"2022-02-14T20:26:16+00:00","description":"S\u0142uchawki z mikrofonem. Model HAVIT w atrakcyjnej cenie 59.0 PLN. Przedstawiamy s\u0142uchawki do pracy zdalnej i s\u0142uchania muzyki.","breadcrumb":{"@id":"https:\/\/taniabonament.pl\/sluchawki\/model\/sluchawki-gamingowe-havit-gamenote-h2168d-usb3-5mm-w-cenie-59-0-pln\/#breadcrumb"},"inLanguage":"pl-PL","potentialAction":[{"@type":"ReadAction","target":["https:\/\/taniabonament.pl\/sluchawki\/model\/sluchawki-gamingowe-havit-gamenote-h2168d-usb3-5mm-w-cenie-59-0-pln\/"]}]},{"@type":"BreadcrumbList","@id":"https:\/\/taniabonament.pl\/sluchawki\/model\/sluchawki-gamingowe-havit-gamenote-h2168d-usb3-5mm-w-cenie-59-0-pln\/#breadcrumb","itemListElement":[{"@type":"ListItem","position":1,"name":"Strona g\u0142\u00f3wna","item":"https:\/\/taniabonament.pl\/sluchawki\/"},{"@type":"ListItem","position":2,"name":"Sklep","item":"https:\/\/taniabonament.pl\/sluchawki\/"},{"@type":"ListItem","position":3,"name":"S\u0142uchawki gamingowe Havit GAMENOTE H2168D USB+3.5mm &#8211; w cenie 59.0 PLN"}]},{"@type":"WebSite","@id":"https:\/\/taniabonament.pl\/sluchawki\/#website","url":"https:\/\/taniabonament.pl\/sluchawki\/","name":"TaniAbonament.pl S\u0142uchawki","description":"\u015bwiat s\u0142uchawek idealnych do pracy zdalnej","potentialAction":[{"@type":"SearchAction","target":{"@type":"EntryPoint","urlTemplate":"https:\/\/taniabonament.pl\/sluchawki\/?s={search_term_string}"},"query-input":"required name=search_term_string"}],"inLanguage":"pl-PL"}]}},"_links":{"self":[{"href":"https:\/\/taniabonament.pl\/sluchawki\/wp-json\/wp\/v2\/product\/10073","targetHints":{"allow":["GET"]}}],"collection":[{"href":"https:\/\/taniabonament.pl\/sluchawki\/wp-json\/wp\/v2\/product"}],"about":[{"href":"https:\/\/taniabonament.pl\/sluchawki\/wp-json\/wp\/v2\/types\/product"}],"replies":[{"embeddable":true,"href":"https:\/\/taniabonament.pl\/sluchawki\/wp-json\/wp\/v2\/comments?post=10073"}],"wp:featuredmedia":[{"embeddable":true,"href":"https:\/\/taniabonament.pl\/sluchawki\/wp-json\/wp\/v2\/media\/10074"}],"wp:attachment":[{"href":"https:\/\/taniabonament.pl\/sluchawki\/wp-json\/wp\/v2\/media?parent=10073"}],"wp:term":[{"taxonomy":"product_cat","embeddable":true,"href":"https:\/\/taniabonament.pl\/sluchawki\/wp-json\/wp\/v2\/product_cat?post=10073"},{"taxonomy":"product_tag","embeddable":true,"href":"https:\/\/taniabonament.pl\/sluchawki\/wp-json\/wp\/v2\/product_tag?post=10073"}],"curies":[{"name":"wp","href":"https:\/\/api.w.org\/{rel}","templated":true}]}}