{"id":10053,"date":"2022-02-14T20:26:08","date_gmt":"2022-02-14T20:26:08","guid":{"rendered":"https:\/\/taniabonament.pl\/sluchawki\/model\/sluchawki-gamingowe-edifier-hecate-gx-szare-w-cenie-499-0-pln\/"},"modified":"2022-02-14T20:26:12","modified_gmt":"2022-02-14T20:26:12","slug":"sluchawki-gamingowe-edifier-hecate-gx-szare-w-cenie-499-0-pln","status":"publish","type":"product","link":"https:\/\/taniabonament.pl\/sluchawki\/model\/sluchawki-gamingowe-edifier-hecate-gx-szare-w-cenie-499-0-pln\/","title":{"rendered":"S\u0142uchawki gamingowe Edifier HECATE GX (szare) &#8211; w cenie 499.0 PLN"},"content":{"rendered":"<p><img decoding=\"async\" style=\"margin-right: 25px; margin-bottom: 10px; width: 220px;\" src=\"https:\/\/static.convertiser.com\/media\/product_images\/294\/b94b5b0a3054788b2fd9d4c038fec615\/6d3fe1c27a9ba48cf0fcf26a328ca41db7b13066.webp\" alt=\"s\u0142uchawki z mikrofonem Edifier\" align=\"left\" \/><\/p>\n<h2>S\u0142uchawki marki Edifier<\/h2>\n<p>CENA ORYGINALNA: 499.0 PLN<\/p>\n<div style=\"font-weight: bold; font-size: 18px;\">\n<p>UWAGA <span style=\"color: red;\">MAMY RABATY!<\/span><\/p>\n<p>Szczeg\u00f3\u0142owe parametry takie jak dane techniczne, promocje sprawdzisz poni\u017cej w Akces-markt.pl. Rozmawiaj wygodnie przez mikrofon podczas pracy zdalnej. Odizoluj si\u0119 od niepo\u017c\u0105danych d\u017awi\u0119k\u00f3w zewn\u0119trznych. Ciesz si\u0119 czystym brzmieniem w s\u0142uchawkach. Przejd\u017a teraz bezpo\u015brednio do z sklepu gdzie szybko zakupisz te s\u0142uchawki w korzystnej cenie.<\/p>\n<p><span style=\"color: #fff; background-color: #000000; padding: 1px 7px;\"><strong>Edifier<\/strong><\/span><strong><span style=\"margin-left: 5px; color: #fff; background-color: red; padding: 1px 7px;\">499.0 PLN<\/span><\/strong><\/p>\n<p>&nbsp;<\/p>\n<p>&nbsp;<\/p>\n<\/div>\n<p style=\"text-align: center; padding-bottom: 15px;\"><a style=\"color: #fff; font-size: 22px; background-color: #e4144d; padding: 9px 14px; border-radius: 7px; text-decoration: underline;\" href=\"https:\/\/converti.se\/click\/34590059-c70e8160-5f3ad5bd\/?deep_link=https%3A%2F%2Fakces-markt.pl%2Fpl%2Fp%2FSluchawki-gamingowe-Edifier-HECATE-GX-szare%2F146895&#038;sid=sluchawki-z-mikrofonem&#038;tag6=product&#038;tag8=b94b5b0a3054788b2fd9d4c038fec615&#038;tag9=S%C5%82uchawki+gamingowe+Edifier+HECATE+GX+%28szare%29\" target=\"_blank\" rel=\"nofollow noopener\">Kup teraz<\/a> <span style=\"font-size: 22px; padding-left: 10px;\">499.0 PLN<\/span><\/p>\n","protected":false},"excerpt":{"rendered":"<h3>Odpowiednie <span style='color: red;'>s\u0142uchawki<\/span> z mikrofonem? <\/h3>\n<p> Cechy i zalety: <\/p>\n<ul style='padding-left: 10px; padding-bottom: 10px;'>\n<li style='padding-top: 10px;'>Wysokiej jako\u015bci zestaw s\u0142uchawkowy do gierNowe, 50 mm przetworniki z tytanow\u0105 membran\u0105 sprawi\u0105, \u017ce Twoje rozgrywki wejd\u0105 na nowy poziom\n<li style='padding-top: 10px;'>Posiadaj\u0105 \u0142atw\u0105 regulacj\u0119 g\u0142o\u015bno\u015bci, odczepiany mikrofon i pod\u015bwietlenie RGB\n<li style='padding-top: 10px;'>Mi\u0119kkie nauszniki ze sztucznej sk\u00f3ry zapewniaj\u0105 komfort i wygod\u0119 podczas u\u017cytkowania\n<li style='padding-top: 10px;'>Dzi\u0119ki funkcji t\u0142umienia szum\u00f3w z otoczenia mo\u017cesz skupi\u0107 si\u0119 tylko na grze.\u00a0Podw\u00f3jny system t\u0142umienia szum\u00f3wZestaw s\u0142uchawkowy Gx posiada mikrofon z podw\u00f3jnym systemem t\u0142umienia szum\u00f3w, dzi\u0119ki czemu Twoi wsp\u00f3\u0142zawodnicy b\u0119d\u0105 mogli s\u0142ysze\u0107 tylko Ciebie\n<li style='padding-top: 10px;'>Redukuje wszystkie ha\u0142asy z otoczenia dla jeszcze wi\u0119kszego komfortu\n<li style='padding-top: 10px;'>Chwilowo nie korzystasz z mikrofonu? \u017baden problem! W ka\u017cdej chwili mo\u017cesz go odpi\u0105\u0107, je\u015bli nie jest Ci potrzebny.DekodowanieWbudowany 50-milimetrowy tytanowy przetwornik zosta\u0142 profesjonalnie przetestowany przez dzia\u0142 badawczo-rozwojowy firmy Edifier, aby zapewni\u0107 nieskaziteln\u0105 jako\u015b\u0107 gry\n<li style='padding-top: 10px;'>Certyfikat Hi-Res Audio i transmisja dekodowania wysokiej rozdzielczo\u015bci 96 KHz\/24-bit zapewniaj\u0105 najwy\u017csz\u0105 jako\u015b\u0107 d\u017awi\u0119ku.\u00a02 tryby pracyRozpoczynasz wa\u017cn\u0105 rozgrywk\u0119? W\u0142\u0105cz tryb gamingowy, aby cieszy\u0107 si\u0119 jeszcze lepsz\u0105 immersj\u0105\n<li style='padding-top: 10px;'>Je\u015bli natomiast s\u0142uchasz muzyki ustaw drugi tryb i odkryj ulubione utwory na nowo\n<li style='padding-top: 10px;'>\u0141atwa kontrolaMo\u017cesz \u0142atwo prze\u0142\u0105cza\u0107 si\u0119 mi\u0119dzy trybami gry i muzyki, oraz w\u0142\u0105cza\u0107 i wy\u0142\u0105cza\u0107 tryb pod\u015bwietlenia LED za pomoc\u0105 przycisk\u00f3w znajduj\u0105cych si\u0119 na s\u0142uchawce\n<li style='padding-top: 10px;'>Dodatkowo nausznik zosta\u0142 wyposa\u017cony w pokr\u0119t\u0142o, kt\u00f3re pozwala regulowa\u0107 g\u0142o\u015bno\u015b\u0107.\u00a0Komfort i wygodaS\u0142uchawki s\u0105 wykonane z wysokiej jako\u015bci, lekkich materia\u0142\u00f3w, dzi\u0119ki czemu nie odczujesz dyskomfortu nawet po kilku godzinach u\u017cytkowania\n<li style='padding-top: 10px;'>Dodatkowo zosta\u0142y pokryte mi\u0142\u0105 w dotyku sztuczn\u0105 sk\u00f3r\u0105 dla jeszcze wi\u0119kszej wygody i komfortu.\u00a0Pod\u015bwietlenie RGBWybieraj spo\u015br\u00f3d 8 dost\u0119pnych efekt\u00f3w \u015bwietlnych! S\u0142uchawki zosta\u0142y wyposa\u017cone w stylowe pod\u015bwietlenie RGB, dzi\u0119ki czemu akcesorium \u015bwietnie uzupe\u0142ni Tw\u00f3j zestaw gracza\n<li style='padding-top: 10px;'>Efekty mo\u017cesz zmienia\u0107 za pomoc\u0105 dedykowanego przycisku na s\u0142uchawce\n<li style='padding-top: 10px;'>Specyfikacja\u00a0ProducentEdifierModelGXKolorszaryPasmo przenoszenia20 Hz &#8211; 20 kHzPrzetwornikdynamiczny, 50 mmCzu\u0142o\u015b\u010796\u00b13 dBImpedancja32 \u03a9Waga345 gPortyType-C, USB, 3.5 mm<\/ul>\n","protected":false},"featured_media":10054,"comment_status":"closed","ping_status":"open","template":"","meta":[],"product_cat":[82,601],"product_tag":[],"class_list":{"0":"post-10053","1":"product","2":"type-product","3":"status-publish","5":"hentry","6":"product_cat-edifier","7":"product_cat-sluchawki-z-mikrofonem","8":"pa_producent-edifier","9":"pa_sklep-akces-markt-pl"},"yoast_head":"<!-- This site is optimized with the Yoast SEO plugin v20.9 - https:\/\/yoast.com\/wordpress\/plugins\/seo\/ -->\n<title>s\u0142uchawki z mikrofonem Edifier<\/title>\n<meta name=\"description\" content=\"S\u0142uchawki z mikrofonem. Model Edifier w atrakcyjnej cenie 499.0 PLN. Przedstawiamy s\u0142uchawki do pracy zdalnej i s\u0142uchania muzyki.\" \/>\n<meta name=\"robots\" content=\"index, follow, max-snippet:-1, max-image-preview:large, max-video-preview:-1\" \/>\n<link rel=\"canonical\" href=\"https:\/\/taniabonament.pl\/sluchawki\/model\/sluchawki-gamingowe-edifier-hecate-gx-szare-w-cenie-499-0-pln\/\" \/>\n<meta property=\"og:locale\" content=\"pl_PL\" \/>\n<meta property=\"og:type\" content=\"article\" \/>\n<meta property=\"og:title\" content=\"s\u0142uchawki z mikrofonem Edifier\" \/>\n<meta property=\"og:description\" content=\"S\u0142uchawki z mikrofonem. Model Edifier w atrakcyjnej cenie 499.0 PLN. Przedstawiamy s\u0142uchawki do pracy zdalnej i s\u0142uchania muzyki.\" \/>\n<meta property=\"og:url\" content=\"https:\/\/taniabonament.pl\/sluchawki\/model\/sluchawki-gamingowe-edifier-hecate-gx-szare-w-cenie-499-0-pln\/\" \/>\n<meta property=\"og:site_name\" content=\"TaniAbonament.pl S\u0142uchawki\" \/>\n<meta property=\"article:modified_time\" content=\"2022-02-14T20:26:12+00:00\" \/>\n<meta property=\"og:image\" content=\"https:\/\/taniabonament.pl\/sluchawki\/wp-content\/uploads\/2022\/02\/6d3fe1c27a9ba48cf0fcf26a328ca41db7b13066.webp\" \/>\n\t<meta property=\"og:image:width\" content=\"468\" \/>\n\t<meta property=\"og:image:height\" content=\"500\" \/>\n\t<meta property=\"og:image:type\" content=\"image\/jpeg\" \/>\n<meta name=\"twitter:card\" content=\"summary_large_image\" \/>\n<script type=\"application\/ld+json\" class=\"yoast-schema-graph\">{\"@context\":\"https:\/\/schema.org\",\"@graph\":[{\"@type\":\"WebPage\",\"@id\":\"https:\/\/taniabonament.pl\/sluchawki\/model\/sluchawki-gamingowe-edifier-hecate-gx-szare-w-cenie-499-0-pln\/\",\"url\":\"https:\/\/taniabonament.pl\/sluchawki\/model\/sluchawki-gamingowe-edifier-hecate-gx-szare-w-cenie-499-0-pln\/\",\"name\":\"s\u0142uchawki z mikrofonem Edifier\",\"isPartOf\":{\"@id\":\"https:\/\/taniabonament.pl\/sluchawki\/#website\"},\"datePublished\":\"2022-02-14T20:26:08+00:00\",\"dateModified\":\"2022-02-14T20:26:12+00:00\",\"description\":\"S\u0142uchawki z mikrofonem. Model Edifier w atrakcyjnej cenie 499.0 PLN. Przedstawiamy s\u0142uchawki do pracy zdalnej i s\u0142uchania muzyki.\",\"breadcrumb\":{\"@id\":\"https:\/\/taniabonament.pl\/sluchawki\/model\/sluchawki-gamingowe-edifier-hecate-gx-szare-w-cenie-499-0-pln\/#breadcrumb\"},\"inLanguage\":\"pl-PL\",\"potentialAction\":[{\"@type\":\"ReadAction\",\"target\":[\"https:\/\/taniabonament.pl\/sluchawki\/model\/sluchawki-gamingowe-edifier-hecate-gx-szare-w-cenie-499-0-pln\/\"]}]},{\"@type\":\"BreadcrumbList\",\"@id\":\"https:\/\/taniabonament.pl\/sluchawki\/model\/sluchawki-gamingowe-edifier-hecate-gx-szare-w-cenie-499-0-pln\/#breadcrumb\",\"itemListElement\":[{\"@type\":\"ListItem\",\"position\":1,\"name\":\"Strona g\u0142\u00f3wna\",\"item\":\"https:\/\/taniabonament.pl\/sluchawki\/\"},{\"@type\":\"ListItem\",\"position\":2,\"name\":\"Sklep\",\"item\":\"https:\/\/taniabonament.pl\/sluchawki\/\"},{\"@type\":\"ListItem\",\"position\":3,\"name\":\"S\u0142uchawki gamingowe Edifier HECATE GX (szare) &#8211; w cenie 499.0 PLN\"}]},{\"@type\":\"WebSite\",\"@id\":\"https:\/\/taniabonament.pl\/sluchawki\/#website\",\"url\":\"https:\/\/taniabonament.pl\/sluchawki\/\",\"name\":\"TaniAbonament.pl S\u0142uchawki\",\"description\":\"\u015bwiat s\u0142uchawek idealnych do pracy zdalnej\",\"potentialAction\":[{\"@type\":\"SearchAction\",\"target\":{\"@type\":\"EntryPoint\",\"urlTemplate\":\"https:\/\/taniabonament.pl\/sluchawki\/?s={search_term_string}\"},\"query-input\":\"required name=search_term_string\"}],\"inLanguage\":\"pl-PL\"}]}<\/script>\n<!-- \/ Yoast SEO plugin. -->","yoast_head_json":{"title":"s\u0142uchawki z mikrofonem Edifier","description":"S\u0142uchawki z mikrofonem. Model Edifier w atrakcyjnej cenie 499.0 PLN. Przedstawiamy s\u0142uchawki do pracy zdalnej i s\u0142uchania muzyki.","robots":{"index":"index","follow":"follow","max-snippet":"max-snippet:-1","max-image-preview":"max-image-preview:large","max-video-preview":"max-video-preview:-1"},"canonical":"https:\/\/taniabonament.pl\/sluchawki\/model\/sluchawki-gamingowe-edifier-hecate-gx-szare-w-cenie-499-0-pln\/","og_locale":"pl_PL","og_type":"article","og_title":"s\u0142uchawki z mikrofonem Edifier","og_description":"S\u0142uchawki z mikrofonem. Model Edifier w atrakcyjnej cenie 499.0 PLN. Przedstawiamy s\u0142uchawki do pracy zdalnej i s\u0142uchania muzyki.","og_url":"https:\/\/taniabonament.pl\/sluchawki\/model\/sluchawki-gamingowe-edifier-hecate-gx-szare-w-cenie-499-0-pln\/","og_site_name":"TaniAbonament.pl S\u0142uchawki","article_modified_time":"2022-02-14T20:26:12+00:00","og_image":[{"width":468,"height":500,"url":"https:\/\/taniabonament.pl\/sluchawki\/wp-content\/uploads\/2022\/02\/6d3fe1c27a9ba48cf0fcf26a328ca41db7b13066.webp","type":"image\/jpeg"}],"twitter_card":"summary_large_image","schema":{"@context":"https:\/\/schema.org","@graph":[{"@type":"WebPage","@id":"https:\/\/taniabonament.pl\/sluchawki\/model\/sluchawki-gamingowe-edifier-hecate-gx-szare-w-cenie-499-0-pln\/","url":"https:\/\/taniabonament.pl\/sluchawki\/model\/sluchawki-gamingowe-edifier-hecate-gx-szare-w-cenie-499-0-pln\/","name":"s\u0142uchawki z mikrofonem Edifier","isPartOf":{"@id":"https:\/\/taniabonament.pl\/sluchawki\/#website"},"datePublished":"2022-02-14T20:26:08+00:00","dateModified":"2022-02-14T20:26:12+00:00","description":"S\u0142uchawki z mikrofonem. Model Edifier w atrakcyjnej cenie 499.0 PLN. Przedstawiamy s\u0142uchawki do pracy zdalnej i s\u0142uchania muzyki.","breadcrumb":{"@id":"https:\/\/taniabonament.pl\/sluchawki\/model\/sluchawki-gamingowe-edifier-hecate-gx-szare-w-cenie-499-0-pln\/#breadcrumb"},"inLanguage":"pl-PL","potentialAction":[{"@type":"ReadAction","target":["https:\/\/taniabonament.pl\/sluchawki\/model\/sluchawki-gamingowe-edifier-hecate-gx-szare-w-cenie-499-0-pln\/"]}]},{"@type":"BreadcrumbList","@id":"https:\/\/taniabonament.pl\/sluchawki\/model\/sluchawki-gamingowe-edifier-hecate-gx-szare-w-cenie-499-0-pln\/#breadcrumb","itemListElement":[{"@type":"ListItem","position":1,"name":"Strona g\u0142\u00f3wna","item":"https:\/\/taniabonament.pl\/sluchawki\/"},{"@type":"ListItem","position":2,"name":"Sklep","item":"https:\/\/taniabonament.pl\/sluchawki\/"},{"@type":"ListItem","position":3,"name":"S\u0142uchawki gamingowe Edifier HECATE GX (szare) &#8211; w cenie 499.0 PLN"}]},{"@type":"WebSite","@id":"https:\/\/taniabonament.pl\/sluchawki\/#website","url":"https:\/\/taniabonament.pl\/sluchawki\/","name":"TaniAbonament.pl S\u0142uchawki","description":"\u015bwiat s\u0142uchawek idealnych do pracy zdalnej","potentialAction":[{"@type":"SearchAction","target":{"@type":"EntryPoint","urlTemplate":"https:\/\/taniabonament.pl\/sluchawki\/?s={search_term_string}"},"query-input":"required name=search_term_string"}],"inLanguage":"pl-PL"}]}},"_links":{"self":[{"href":"https:\/\/taniabonament.pl\/sluchawki\/wp-json\/wp\/v2\/product\/10053","targetHints":{"allow":["GET"]}}],"collection":[{"href":"https:\/\/taniabonament.pl\/sluchawki\/wp-json\/wp\/v2\/product"}],"about":[{"href":"https:\/\/taniabonament.pl\/sluchawki\/wp-json\/wp\/v2\/types\/product"}],"replies":[{"embeddable":true,"href":"https:\/\/taniabonament.pl\/sluchawki\/wp-json\/wp\/v2\/comments?post=10053"}],"wp:featuredmedia":[{"embeddable":true,"href":"https:\/\/taniabonament.pl\/sluchawki\/wp-json\/wp\/v2\/media\/10054"}],"wp:attachment":[{"href":"https:\/\/taniabonament.pl\/sluchawki\/wp-json\/wp\/v2\/media?parent=10053"}],"wp:term":[{"taxonomy":"product_cat","embeddable":true,"href":"https:\/\/taniabonament.pl\/sluchawki\/wp-json\/wp\/v2\/product_cat?post=10053"},{"taxonomy":"product_tag","embeddable":true,"href":"https:\/\/taniabonament.pl\/sluchawki\/wp-json\/wp\/v2\/product_tag?post=10053"}],"curies":[{"name":"wp","href":"https:\/\/api.w.org\/{rel}","templated":true}]}}