{"id":10049,"date":"2022-02-14T20:26:08","date_gmt":"2022-02-14T20:26:08","guid":{"rendered":"https:\/\/taniabonament.pl\/sluchawki\/model\/sluchawki-gamingowe-blitzwolf-aa-gb2-7-1-czarne-w-cenie-119-0-pln\/"},"modified":"2022-02-14T20:26:12","modified_gmt":"2022-02-14T20:26:12","slug":"sluchawki-gamingowe-blitzwolf-aa-gb2-7-1-czarne-w-cenie-119-0-pln","status":"publish","type":"product","link":"https:\/\/taniabonament.pl\/sluchawki\/model\/sluchawki-gamingowe-blitzwolf-aa-gb2-7-1-czarne-w-cenie-119-0-pln\/","title":{"rendered":"S\u0142uchawki gamingowe BlitzWolf AA-GB2, 7.1 (czarne) &#8211; w cenie 119.0 PLN"},"content":{"rendered":"<p><img decoding=\"async\" style=\"margin-right: 25px; margin-bottom: 10px; width: 220px;\" src=\"https:\/\/static.convertiser.com\/media\/product_images\/294\/3ac08fb64e771fe4dc894ae1ab77e627\/8c15d65e1b68e9e3bc07832f5dc352815e19d8cf.webp\" alt=\"s\u0142uchawki z mikrofonem BlitzWolf\" align=\"left\" \/><\/p>\n<h2>S\u0142uchawki marki BlitzWolf<\/h2>\n<p>CENA ORYGINALNA: 119.0 PLN<\/p>\n<div style=\"font-weight: bold; font-size: 18px;\">\n<p>UWAGA <span style=\"color: red;\">MAMY RABATY!<\/span><\/p>\n<p>Szczeg\u00f3\u0142owe parametry takie jak dane techniczne, promocje sprawdzisz poni\u017cej w Akces-markt.pl. Rozmawiaj wygodnie przez mikrofon podczas pracy zdalnej. Odizoluj si\u0119 od niepo\u017c\u0105danych d\u017awi\u0119k\u00f3w zewn\u0119trznych. Ciesz si\u0119 czystym brzmieniem w s\u0142uchawkach. Przejd\u017a teraz bezpo\u015brednio do z sklepu gdzie szybko zakupisz te s\u0142uchawki w korzystnej cenie.<\/p>\n<p><span style=\"color: #fff; background-color: #000000; padding: 1px 7px;\"><strong>BlitzWolf<\/strong><\/span><strong><span style=\"margin-left: 5px; color: #fff; background-color: red; padding: 1px 7px;\">119.0 PLN<\/span><\/strong><\/p>\n<p>&nbsp;<\/p>\n<p>&nbsp;<\/p>\n<\/div>\n<p style=\"text-align: center; padding-bottom: 15px;\"><a style=\"color: #fff; font-size: 22px; background-color: #e4144d; padding: 9px 14px; border-radius: 7px; text-decoration: underline;\" href=\"https:\/\/converti.se\/click\/34590059-c70e8160-5f3ad5bd\/?deep_link=https%3A%2F%2Fakces-markt.pl%2Fpl%2Fp%2FSluchawki-gamingowe-BlitzWolf-AA-GB2%252C-7.1-czarne%2F146807&#038;sid=sluchawki-z-mikrofonem&#038;tag6=product&#038;tag8=3ac08fb64e771fe4dc894ae1ab77e627&#038;tag9=S%C5%82uchawki+gamingowe+BlitzWolf+AA-GB2%2C+7.1+%28czarne%29\" target=\"_blank\" rel=\"nofollow noopener\">Kup teraz<\/a> <span style=\"font-size: 22px; padding-left: 10px;\">119.0 PLN<\/span><\/p>\n","protected":false},"excerpt":{"rendered":"<h3>Odpowiednie <span style='color: red;'>s\u0142uchawki<\/span> z mikrofonem? <\/h3>\n<p> Cechy i zalety: <\/p>\n<ul style='padding-left: 10px; padding-bottom: 10px;'>\n<li style='padding-top: 10px;'>S\u0142uchawki gamingowe Blitzwolf AA-GB2AA-GB2 z pewno\u015bci\u0105 przypadn\u0105 do gustu graczom\n<li style='padding-top: 10px;'>50mm przetworniki zapewniaj\u0105 bogaty bas, a wy\u0142o\u017cone mi\u0119kk\u0105 piank\u0105 nauszniki gwarantuj\u0105 komfort u\u017cytkowania przez d\u0142ugie godziny\n<li style='padding-top: 10px;'>Natomiast ciekawy design wraz z zielonym pod\u015bwietleniem LED przyci\u0105gaj\u0105 wzrok.\u00a0D\u017awi\u0119k, kt\u00f3remu si\u0119 nie oprzeszS\u0142uchawki Blitzwolf wyposa\u017cono w przetworniki o \u015brednicy 50mm, kt\u00f3re zapewniaj\u0105 wysokiej jako\u015bci d\u017awi\u0119k Hi-Fi\n<li style='padding-top: 10px;'>Dzi\u0119ki modelowi AA-GB2 us\u0142yszysz ka\u017cdy szczeg\u00f3\u0142\n<li style='padding-top: 10px;'>Wirtualny d\u017awi\u0119k przestrzenny 7.1 pozwoli Ci szybko zlokalizowa\u0107 wroga i reagowa\u0107 w odpowiednim momencie.\u00a0Mikrofon z funkcj\u0105 redukcji szum\u00f3wAkcesorium posiada mikrofon wielokierunkowy, dzi\u0119ki czemu zbiera d\u017awi\u0119k z otoczenia dla zapewnienia p\u0142ynnej komunikacji z innymi graczami\n<li style='padding-top: 10px;'>Mikrofon wyposa\u017cono r\u00f3wnie\u017c w funkcj\u0119 redukcji szum\u00f3w, aby ha\u0142as z zewn\u0105trz nie rozprasza\u0142 Ci\u0119 podczas wa\u017cnych rozgrywek\n<li style='padding-top: 10px;'>Mikrofon mo\u017cesz dowolnie regulowa\u0107 dla wi\u0119kszej swobody u\u017cytkowania.\u00a0KomfortoweAby dyskomfort nie przeszkadza\u0142 Ci podczas ulubionych rozgrywek, s\u0142uchawki posiadaj\u0105 pa\u0142\u0105k z funkcj\u0105 regulacji oraz nauszniki z mi\u0119kk\u0105, przyjazn\u0105 dla sk\u00f3ry piank\u0105\n<li style='padding-top: 10px;'>Zatra\u0107 si\u0119 w gamingowym \u015bwiecie dzi\u0119ki AA-GB2 od Blitzwolf.\u00a0Nowoczesny, funkcjonalny designDla nadania gamingowego charakteru, s\u0142uchawki wyposa\u017cono w stylowe pod\u015bwietlenie LED w zielonym kolorze\n<li style='padding-top: 10px;'>Na kablu s\u0142uchawek umieszczono kontroler, za pomoc\u0105 kt\u00f3rego mo\u017cesz regulowa\u0107 g\u0142o\u015bno\u015b\u0107 pokr\u0119t\u0142em lub w\u0142\u0105czy\u0107\/wy\u0142\u0105czy\u0107 mikrofon.\u00a0Specyfikacja\u00a0ProducentBlitzwolfModelAA-GB2Przetworniki50mmWra\u017cliwo\u015b\u0107102\u00b13dBPasmo przenoszenia20Hz-20KHzImpedancja-38\u00b13dBD\u0142ugo\u015b\u0107 kabla240 cmWaga360gKolorczarny<\/ul>\n","protected":false},"featured_media":10050,"comment_status":"closed","ping_status":"open","template":"","meta":[],"product_cat":[102,601],"product_tag":[],"class_list":{"0":"post-10049","1":"product","2":"type-product","3":"status-publish","5":"hentry","6":"product_cat-blitzwolf","7":"product_cat-sluchawki-z-mikrofonem","8":"pa_producent-blitzwolf","9":"pa_sklep-akces-markt-pl"},"yoast_head":"<!-- This site is optimized with the Yoast SEO plugin v20.9 - https:\/\/yoast.com\/wordpress\/plugins\/seo\/ -->\n<title>s\u0142uchawki z mikrofonem BlitzWolf<\/title>\n<meta name=\"description\" content=\"S\u0142uchawki z mikrofonem. Model BlitzWolf w atrakcyjnej cenie 119.0 PLN. Przedstawiamy s\u0142uchawki do pracy zdalnej i s\u0142uchania muzyki.\" \/>\n<meta name=\"robots\" content=\"index, follow, max-snippet:-1, max-image-preview:large, max-video-preview:-1\" \/>\n<link rel=\"canonical\" href=\"https:\/\/taniabonament.pl\/sluchawki\/model\/sluchawki-gamingowe-blitzwolf-aa-gb2-7-1-czarne-w-cenie-119-0-pln\/\" \/>\n<meta property=\"og:locale\" content=\"pl_PL\" \/>\n<meta property=\"og:type\" content=\"article\" \/>\n<meta property=\"og:title\" content=\"s\u0142uchawki z mikrofonem BlitzWolf\" \/>\n<meta property=\"og:description\" content=\"S\u0142uchawki z mikrofonem. Model BlitzWolf w atrakcyjnej cenie 119.0 PLN. Przedstawiamy s\u0142uchawki do pracy zdalnej i s\u0142uchania muzyki.\" \/>\n<meta property=\"og:url\" content=\"https:\/\/taniabonament.pl\/sluchawki\/model\/sluchawki-gamingowe-blitzwolf-aa-gb2-7-1-czarne-w-cenie-119-0-pln\/\" \/>\n<meta property=\"og:site_name\" content=\"TaniAbonament.pl S\u0142uchawki\" \/>\n<meta property=\"article:modified_time\" content=\"2022-02-14T20:26:12+00:00\" \/>\n<meta property=\"og:image\" content=\"https:\/\/taniabonament.pl\/sluchawki\/wp-content\/uploads\/2022\/02\/8c15d65e1b68e9e3bc07832f5dc352815e19d8cf.webp\" \/>\n\t<meta property=\"og:image:width\" content=\"500\" \/>\n\t<meta property=\"og:image:height\" content=\"482\" \/>\n\t<meta property=\"og:image:type\" content=\"image\/jpeg\" \/>\n<meta name=\"twitter:card\" content=\"summary_large_image\" \/>\n<script type=\"application\/ld+json\" class=\"yoast-schema-graph\">{\"@context\":\"https:\/\/schema.org\",\"@graph\":[{\"@type\":\"WebPage\",\"@id\":\"https:\/\/taniabonament.pl\/sluchawki\/model\/sluchawki-gamingowe-blitzwolf-aa-gb2-7-1-czarne-w-cenie-119-0-pln\/\",\"url\":\"https:\/\/taniabonament.pl\/sluchawki\/model\/sluchawki-gamingowe-blitzwolf-aa-gb2-7-1-czarne-w-cenie-119-0-pln\/\",\"name\":\"s\u0142uchawki z mikrofonem BlitzWolf\",\"isPartOf\":{\"@id\":\"https:\/\/taniabonament.pl\/sluchawki\/#website\"},\"datePublished\":\"2022-02-14T20:26:08+00:00\",\"dateModified\":\"2022-02-14T20:26:12+00:00\",\"description\":\"S\u0142uchawki z mikrofonem. Model BlitzWolf w atrakcyjnej cenie 119.0 PLN. Przedstawiamy s\u0142uchawki do pracy zdalnej i s\u0142uchania muzyki.\",\"breadcrumb\":{\"@id\":\"https:\/\/taniabonament.pl\/sluchawki\/model\/sluchawki-gamingowe-blitzwolf-aa-gb2-7-1-czarne-w-cenie-119-0-pln\/#breadcrumb\"},\"inLanguage\":\"pl-PL\",\"potentialAction\":[{\"@type\":\"ReadAction\",\"target\":[\"https:\/\/taniabonament.pl\/sluchawki\/model\/sluchawki-gamingowe-blitzwolf-aa-gb2-7-1-czarne-w-cenie-119-0-pln\/\"]}]},{\"@type\":\"BreadcrumbList\",\"@id\":\"https:\/\/taniabonament.pl\/sluchawki\/model\/sluchawki-gamingowe-blitzwolf-aa-gb2-7-1-czarne-w-cenie-119-0-pln\/#breadcrumb\",\"itemListElement\":[{\"@type\":\"ListItem\",\"position\":1,\"name\":\"Strona g\u0142\u00f3wna\",\"item\":\"https:\/\/taniabonament.pl\/sluchawki\/\"},{\"@type\":\"ListItem\",\"position\":2,\"name\":\"Sklep\",\"item\":\"https:\/\/taniabonament.pl\/sluchawki\/\"},{\"@type\":\"ListItem\",\"position\":3,\"name\":\"S\u0142uchawki gamingowe BlitzWolf AA-GB2, 7.1 (czarne) &#8211; w cenie 119.0 PLN\"}]},{\"@type\":\"WebSite\",\"@id\":\"https:\/\/taniabonament.pl\/sluchawki\/#website\",\"url\":\"https:\/\/taniabonament.pl\/sluchawki\/\",\"name\":\"TaniAbonament.pl S\u0142uchawki\",\"description\":\"\u015bwiat s\u0142uchawek idealnych do pracy zdalnej\",\"potentialAction\":[{\"@type\":\"SearchAction\",\"target\":{\"@type\":\"EntryPoint\",\"urlTemplate\":\"https:\/\/taniabonament.pl\/sluchawki\/?s={search_term_string}\"},\"query-input\":\"required name=search_term_string\"}],\"inLanguage\":\"pl-PL\"}]}<\/script>\n<!-- \/ Yoast SEO plugin. -->","yoast_head_json":{"title":"s\u0142uchawki z mikrofonem BlitzWolf","description":"S\u0142uchawki z mikrofonem. Model BlitzWolf w atrakcyjnej cenie 119.0 PLN. Przedstawiamy s\u0142uchawki do pracy zdalnej i s\u0142uchania muzyki.","robots":{"index":"index","follow":"follow","max-snippet":"max-snippet:-1","max-image-preview":"max-image-preview:large","max-video-preview":"max-video-preview:-1"},"canonical":"https:\/\/taniabonament.pl\/sluchawki\/model\/sluchawki-gamingowe-blitzwolf-aa-gb2-7-1-czarne-w-cenie-119-0-pln\/","og_locale":"pl_PL","og_type":"article","og_title":"s\u0142uchawki z mikrofonem BlitzWolf","og_description":"S\u0142uchawki z mikrofonem. Model BlitzWolf w atrakcyjnej cenie 119.0 PLN. Przedstawiamy s\u0142uchawki do pracy zdalnej i s\u0142uchania muzyki.","og_url":"https:\/\/taniabonament.pl\/sluchawki\/model\/sluchawki-gamingowe-blitzwolf-aa-gb2-7-1-czarne-w-cenie-119-0-pln\/","og_site_name":"TaniAbonament.pl S\u0142uchawki","article_modified_time":"2022-02-14T20:26:12+00:00","og_image":[{"width":500,"height":482,"url":"https:\/\/taniabonament.pl\/sluchawki\/wp-content\/uploads\/2022\/02\/8c15d65e1b68e9e3bc07832f5dc352815e19d8cf.webp","type":"image\/jpeg"}],"twitter_card":"summary_large_image","schema":{"@context":"https:\/\/schema.org","@graph":[{"@type":"WebPage","@id":"https:\/\/taniabonament.pl\/sluchawki\/model\/sluchawki-gamingowe-blitzwolf-aa-gb2-7-1-czarne-w-cenie-119-0-pln\/","url":"https:\/\/taniabonament.pl\/sluchawki\/model\/sluchawki-gamingowe-blitzwolf-aa-gb2-7-1-czarne-w-cenie-119-0-pln\/","name":"s\u0142uchawki z mikrofonem BlitzWolf","isPartOf":{"@id":"https:\/\/taniabonament.pl\/sluchawki\/#website"},"datePublished":"2022-02-14T20:26:08+00:00","dateModified":"2022-02-14T20:26:12+00:00","description":"S\u0142uchawki z mikrofonem. Model BlitzWolf w atrakcyjnej cenie 119.0 PLN. Przedstawiamy s\u0142uchawki do pracy zdalnej i s\u0142uchania muzyki.","breadcrumb":{"@id":"https:\/\/taniabonament.pl\/sluchawki\/model\/sluchawki-gamingowe-blitzwolf-aa-gb2-7-1-czarne-w-cenie-119-0-pln\/#breadcrumb"},"inLanguage":"pl-PL","potentialAction":[{"@type":"ReadAction","target":["https:\/\/taniabonament.pl\/sluchawki\/model\/sluchawki-gamingowe-blitzwolf-aa-gb2-7-1-czarne-w-cenie-119-0-pln\/"]}]},{"@type":"BreadcrumbList","@id":"https:\/\/taniabonament.pl\/sluchawki\/model\/sluchawki-gamingowe-blitzwolf-aa-gb2-7-1-czarne-w-cenie-119-0-pln\/#breadcrumb","itemListElement":[{"@type":"ListItem","position":1,"name":"Strona g\u0142\u00f3wna","item":"https:\/\/taniabonament.pl\/sluchawki\/"},{"@type":"ListItem","position":2,"name":"Sklep","item":"https:\/\/taniabonament.pl\/sluchawki\/"},{"@type":"ListItem","position":3,"name":"S\u0142uchawki gamingowe BlitzWolf AA-GB2, 7.1 (czarne) &#8211; w cenie 119.0 PLN"}]},{"@type":"WebSite","@id":"https:\/\/taniabonament.pl\/sluchawki\/#website","url":"https:\/\/taniabonament.pl\/sluchawki\/","name":"TaniAbonament.pl S\u0142uchawki","description":"\u015bwiat s\u0142uchawek idealnych do pracy zdalnej","potentialAction":[{"@type":"SearchAction","target":{"@type":"EntryPoint","urlTemplate":"https:\/\/taniabonament.pl\/sluchawki\/?s={search_term_string}"},"query-input":"required name=search_term_string"}],"inLanguage":"pl-PL"}]}},"_links":{"self":[{"href":"https:\/\/taniabonament.pl\/sluchawki\/wp-json\/wp\/v2\/product\/10049","targetHints":{"allow":["GET"]}}],"collection":[{"href":"https:\/\/taniabonament.pl\/sluchawki\/wp-json\/wp\/v2\/product"}],"about":[{"href":"https:\/\/taniabonament.pl\/sluchawki\/wp-json\/wp\/v2\/types\/product"}],"replies":[{"embeddable":true,"href":"https:\/\/taniabonament.pl\/sluchawki\/wp-json\/wp\/v2\/comments?post=10049"}],"wp:featuredmedia":[{"embeddable":true,"href":"https:\/\/taniabonament.pl\/sluchawki\/wp-json\/wp\/v2\/media\/10050"}],"wp:attachment":[{"href":"https:\/\/taniabonament.pl\/sluchawki\/wp-json\/wp\/v2\/media?parent=10049"}],"wp:term":[{"taxonomy":"product_cat","embeddable":true,"href":"https:\/\/taniabonament.pl\/sluchawki\/wp-json\/wp\/v2\/product_cat?post=10049"},{"taxonomy":"product_tag","embeddable":true,"href":"https:\/\/taniabonament.pl\/sluchawki\/wp-json\/wp\/v2\/product_tag?post=10049"}],"curies":[{"name":"wp","href":"https:\/\/api.w.org\/{rel}","templated":true}]}}