{"id":10047,"date":"2022-02-14T20:26:08","date_gmt":"2022-02-14T20:26:08","guid":{"rendered":"https:\/\/taniabonament.pl\/sluchawki\/model\/sluchawki-gamingowe-dareu-eh469-rgb-czarne-w-cenie-59-0-pln\/"},"modified":"2022-02-14T20:26:11","modified_gmt":"2022-02-14T20:26:11","slug":"sluchawki-gamingowe-dareu-eh469-rgb-czarne-w-cenie-59-0-pln","status":"publish","type":"product","link":"https:\/\/taniabonament.pl\/sluchawki\/model\/sluchawki-gamingowe-dareu-eh469-rgb-czarne-w-cenie-59-0-pln\/","title":{"rendered":"S\u0142uchawki gamingowe Dareu EH469, RGB (czarne) &#8211; w cenie 59.0 PLN"},"content":{"rendered":"<p><img decoding=\"async\" style=\"margin-right: 25px; margin-bottom: 10px; width: 220px;\" src=\"https:\/\/static.convertiser.com\/media\/product_images\/294\/fe4684d83fe0275ef3fe5ffb70162893\/8a5f387dd5b72670a0160028b91aff0199ea17cf.webp\" alt=\"s\u0142uchawki z mikrofonem DAREU\" align=\"left\" \/><\/p>\n<h2>S\u0142uchawki marki DAREU<\/h2>\n<p>CENA ORYGINALNA: 59.0 PLN<\/p>\n<div style=\"font-weight: bold; font-size: 18px;\">\n<p>UWAGA <span style=\"color: red;\">MAMY RABATY!<\/span><\/p>\n<p>Szczeg\u00f3\u0142owe parametry takie jak dane techniczne, promocje sprawdzisz poni\u017cej w Akces-markt.pl. Rozmawiaj wygodnie przez mikrofon podczas pracy zdalnej. Odizoluj si\u0119 od niepo\u017c\u0105danych d\u017awi\u0119k\u00f3w zewn\u0119trznych. Ciesz si\u0119 czystym brzmieniem w s\u0142uchawkach. Przejd\u017a teraz bezpo\u015brednio do z sklepu gdzie szybko zakupisz te s\u0142uchawki w korzystnej cenie.<\/p>\n<p><span style=\"color: #fff; background-color: #000000; padding: 1px 7px;\"><strong>DAREU<\/strong><\/span><strong><span style=\"margin-left: 5px; color: #fff; background-color: red; padding: 1px 7px;\">59.0 PLN<\/span><\/strong><\/p>\n<p>&nbsp;<\/p>\n<p>&nbsp;<\/p>\n<\/div>\n<p style=\"text-align: center; padding-bottom: 15px;\"><a style=\"color: #fff; font-size: 22px; background-color: #e4144d; padding: 9px 14px; border-radius: 7px; text-decoration: underline;\" href=\"https:\/\/converti.se\/click\/34590059-c70e8160-5f3ad5bd\/?deep_link=https%3A%2F%2Fakces-markt.pl%2Fpl%2Fp%2FSluchawki-gamingowe-Dareu-EH469%252C-RGB-czarne%2F145943&#038;sid=sluchawki-z-mikrofonem&#038;tag6=product&#038;tag8=fe4684d83fe0275ef3fe5ffb70162893&#038;tag9=S%C5%82uchawki+gamingowe+Dareu+EH469%2C+RGB+%28czarne%29\" target=\"_blank\" rel=\"nofollow noopener\">Kup teraz<\/a> <span style=\"font-size: 22px; padding-left: 10px;\">59.0 PLN<\/span><\/p>\n","protected":false},"excerpt":{"rendered":"<h3>Odpowiednie <span style='color: red;'>s\u0142uchawki<\/span> z mikrofonem? <\/h3>\n<p> Cechy i zalety: <\/p>\n<ul style='padding-left: 10px; padding-bottom: 10px;'>\n<li style='padding-top: 10px;'>S\u0142uchawki gamingowe Dareu EH469Z Dareu EH469 dok\u0142adnie okre\u015blisz po\u0142o\u017cenie swoich przeciwnik\u00f3w i b\u0119dziesz cieszy\u0107 si\u0119 d\u0142ugimi godzinami ekscytuj\u0105cej rozgrywki\n<li style='padding-top: 10px;'>Te nowoczesne s\u0142uchawki gamingowe gwarantuj\u0105 doskona\u0142\u0105 jako\u015b\u0107 d\u017awi\u0119ku i niezr\u00f3wnany komfort u\u017cytkowania &#8211; wa\u017c\u0105 tylko 280 g (nie wliczaj\u0105c kabla)\n<li style='padding-top: 10px;'>Ponadto, wyginany mikrofon umo\u017cliwi Ci swobodne rozmowy z innymi graczami, a pod\u015bwietlenie RGB nadaje urz\u0105dzeniu niesamowicie stylowy charakter.\u00a0Doskonale us\u0142yszysz ka\u017cdego rywalaS\u0142uchawki zapewniaj\u0105 audio na najwy\u017cszym poziomie\n<li style='padding-top: 10px;'>Wzmocnione basy i krystalicznie czyste brzmienie &#8211; to doskona\u0142a kombinacja dla ka\u017cdego gracza\n<li style='padding-top: 10px;'>Us\u0142ysz kroki nadchodz\u0105cych przeciwnik\u00f3w i b\u0142yskawicznie odpowiedz na ka\u017cdy ich ruch &#8211; Twoi rywale ju\u017c nigdy Ci\u0119 nie zaskocz\u0105!\u00a0Ponadczasowy, gamingowy designKolorowe pod\u015bwietlenie RGB sprawia, \u017ce s\u0142uchawki wyr\u00f3\u017cniaj\u0105 si\u0119 nowoczesnym, gamingowym charakterem\n<li style='padding-top: 10px;'>16,87 milion\u00f3w barw zachwyci ka\u017cdego! To jednak nie koniec zalet EH469\n<li style='padding-top: 10px;'>S\u0142uchawki s\u0105 niesamowcie lekkie i wygodne, a ich mi\u0119kkie nauszniki wykonane z przyjaznych dla sk\u00f3ry materia\u0142\u00f3w idealnie przylegaj\u0105 do uszu\n<li style='padding-top: 10px;'>Mo\u017cesz wi\u0119c gra\u0107 godzinami, nie obawiaj\u0105c si\u0119 dyskomfortu.\u00a0Specyfikacja\u00a0ProducentDareuModelEH469Po\u0142\u0105czeniePrzewodowe USBD\u0142ugo\u015b\u0107 kabla2,5 mPod\u015bwietlenieRGBImpedancja24\u03a9 \u00b115%Czu\u0142o\u015b\u010798\u00b13dBPasmo przenoszenia20Hz-20kHz\u015arednica g\u0142o\u015bnika50 mmWaga302\u00b110gWymiary214x167x98mmKompatybilno\u015b\u0107PCKolorCzarny\u015arednica g\u0142o\u015bnika mikrofonu6 mmCzu\u0142o\u015b\u0107 mikrofonu-42\u00b13dBKierunkowo\u015b\u0107 mikrofonuWielokierunkowyImpedancja wyj\u015bciowa mikrofonu2,2K\u03a9Pasmo przenoszenia mikrofonu100-10000HzCa\u0142kowite zniekszta\u0142cenie harmoniczne mikrofonu\u22665%<\/ul>\n","protected":false},"featured_media":10048,"comment_status":"closed","ping_status":"open","template":"","meta":[],"product_cat":[846,601],"product_tag":[],"class_list":{"0":"post-10047","1":"product","2":"type-product","3":"status-publish","5":"hentry","6":"product_cat-dareu","7":"product_cat-sluchawki-z-mikrofonem","8":"pa_producent-dareu","9":"pa_sklep-akces-markt-pl"},"yoast_head":"<!-- This site is optimized with the Yoast SEO plugin v20.9 - https:\/\/yoast.com\/wordpress\/plugins\/seo\/ -->\n<title>s\u0142uchawki z mikrofonem DAREU<\/title>\n<meta name=\"description\" content=\"S\u0142uchawki z mikrofonem. Model DAREU w atrakcyjnej cenie 59.0 PLN. Przedstawiamy s\u0142uchawki do pracy zdalnej i s\u0142uchania muzyki.\" \/>\n<meta name=\"robots\" content=\"index, follow, max-snippet:-1, max-image-preview:large, max-video-preview:-1\" \/>\n<link rel=\"canonical\" href=\"https:\/\/taniabonament.pl\/sluchawki\/model\/sluchawki-gamingowe-dareu-eh469-rgb-czarne-w-cenie-59-0-pln\/\" \/>\n<meta property=\"og:locale\" content=\"pl_PL\" \/>\n<meta property=\"og:type\" content=\"article\" \/>\n<meta property=\"og:title\" content=\"s\u0142uchawki z mikrofonem DAREU\" \/>\n<meta property=\"og:description\" content=\"S\u0142uchawki z mikrofonem. Model DAREU w atrakcyjnej cenie 59.0 PLN. Przedstawiamy s\u0142uchawki do pracy zdalnej i s\u0142uchania muzyki.\" \/>\n<meta property=\"og:url\" content=\"https:\/\/taniabonament.pl\/sluchawki\/model\/sluchawki-gamingowe-dareu-eh469-rgb-czarne-w-cenie-59-0-pln\/\" \/>\n<meta property=\"og:site_name\" content=\"TaniAbonament.pl S\u0142uchawki\" \/>\n<meta property=\"article:modified_time\" content=\"2022-02-14T20:26:11+00:00\" \/>\n<meta property=\"og:image\" content=\"https:\/\/taniabonament.pl\/sluchawki\/wp-content\/uploads\/2022\/02\/8a5f387dd5b72670a0160028b91aff0199ea17cf.webp\" \/>\n\t<meta property=\"og:image:width\" content=\"498\" \/>\n\t<meta property=\"og:image:height\" content=\"500\" \/>\n\t<meta property=\"og:image:type\" content=\"image\/jpeg\" \/>\n<meta name=\"twitter:card\" content=\"summary_large_image\" \/>\n<script type=\"application\/ld+json\" class=\"yoast-schema-graph\">{\"@context\":\"https:\/\/schema.org\",\"@graph\":[{\"@type\":\"WebPage\",\"@id\":\"https:\/\/taniabonament.pl\/sluchawki\/model\/sluchawki-gamingowe-dareu-eh469-rgb-czarne-w-cenie-59-0-pln\/\",\"url\":\"https:\/\/taniabonament.pl\/sluchawki\/model\/sluchawki-gamingowe-dareu-eh469-rgb-czarne-w-cenie-59-0-pln\/\",\"name\":\"s\u0142uchawki z mikrofonem DAREU\",\"isPartOf\":{\"@id\":\"https:\/\/taniabonament.pl\/sluchawki\/#website\"},\"datePublished\":\"2022-02-14T20:26:08+00:00\",\"dateModified\":\"2022-02-14T20:26:11+00:00\",\"description\":\"S\u0142uchawki z mikrofonem. Model DAREU w atrakcyjnej cenie 59.0 PLN. Przedstawiamy s\u0142uchawki do pracy zdalnej i s\u0142uchania muzyki.\",\"breadcrumb\":{\"@id\":\"https:\/\/taniabonament.pl\/sluchawki\/model\/sluchawki-gamingowe-dareu-eh469-rgb-czarne-w-cenie-59-0-pln\/#breadcrumb\"},\"inLanguage\":\"pl-PL\",\"potentialAction\":[{\"@type\":\"ReadAction\",\"target\":[\"https:\/\/taniabonament.pl\/sluchawki\/model\/sluchawki-gamingowe-dareu-eh469-rgb-czarne-w-cenie-59-0-pln\/\"]}]},{\"@type\":\"BreadcrumbList\",\"@id\":\"https:\/\/taniabonament.pl\/sluchawki\/model\/sluchawki-gamingowe-dareu-eh469-rgb-czarne-w-cenie-59-0-pln\/#breadcrumb\",\"itemListElement\":[{\"@type\":\"ListItem\",\"position\":1,\"name\":\"Strona g\u0142\u00f3wna\",\"item\":\"https:\/\/taniabonament.pl\/sluchawki\/\"},{\"@type\":\"ListItem\",\"position\":2,\"name\":\"Sklep\",\"item\":\"https:\/\/taniabonament.pl\/sluchawki\/\"},{\"@type\":\"ListItem\",\"position\":3,\"name\":\"S\u0142uchawki gamingowe Dareu EH469, RGB (czarne) &#8211; w cenie 59.0 PLN\"}]},{\"@type\":\"WebSite\",\"@id\":\"https:\/\/taniabonament.pl\/sluchawki\/#website\",\"url\":\"https:\/\/taniabonament.pl\/sluchawki\/\",\"name\":\"TaniAbonament.pl S\u0142uchawki\",\"description\":\"\u015bwiat s\u0142uchawek idealnych do pracy zdalnej\",\"potentialAction\":[{\"@type\":\"SearchAction\",\"target\":{\"@type\":\"EntryPoint\",\"urlTemplate\":\"https:\/\/taniabonament.pl\/sluchawki\/?s={search_term_string}\"},\"query-input\":\"required name=search_term_string\"}],\"inLanguage\":\"pl-PL\"}]}<\/script>\n<!-- \/ Yoast SEO plugin. -->","yoast_head_json":{"title":"s\u0142uchawki z mikrofonem DAREU","description":"S\u0142uchawki z mikrofonem. Model DAREU w atrakcyjnej cenie 59.0 PLN. Przedstawiamy s\u0142uchawki do pracy zdalnej i s\u0142uchania muzyki.","robots":{"index":"index","follow":"follow","max-snippet":"max-snippet:-1","max-image-preview":"max-image-preview:large","max-video-preview":"max-video-preview:-1"},"canonical":"https:\/\/taniabonament.pl\/sluchawki\/model\/sluchawki-gamingowe-dareu-eh469-rgb-czarne-w-cenie-59-0-pln\/","og_locale":"pl_PL","og_type":"article","og_title":"s\u0142uchawki z mikrofonem DAREU","og_description":"S\u0142uchawki z mikrofonem. Model DAREU w atrakcyjnej cenie 59.0 PLN. Przedstawiamy s\u0142uchawki do pracy zdalnej i s\u0142uchania muzyki.","og_url":"https:\/\/taniabonament.pl\/sluchawki\/model\/sluchawki-gamingowe-dareu-eh469-rgb-czarne-w-cenie-59-0-pln\/","og_site_name":"TaniAbonament.pl S\u0142uchawki","article_modified_time":"2022-02-14T20:26:11+00:00","og_image":[{"width":498,"height":500,"url":"https:\/\/taniabonament.pl\/sluchawki\/wp-content\/uploads\/2022\/02\/8a5f387dd5b72670a0160028b91aff0199ea17cf.webp","type":"image\/jpeg"}],"twitter_card":"summary_large_image","schema":{"@context":"https:\/\/schema.org","@graph":[{"@type":"WebPage","@id":"https:\/\/taniabonament.pl\/sluchawki\/model\/sluchawki-gamingowe-dareu-eh469-rgb-czarne-w-cenie-59-0-pln\/","url":"https:\/\/taniabonament.pl\/sluchawki\/model\/sluchawki-gamingowe-dareu-eh469-rgb-czarne-w-cenie-59-0-pln\/","name":"s\u0142uchawki z mikrofonem DAREU","isPartOf":{"@id":"https:\/\/taniabonament.pl\/sluchawki\/#website"},"datePublished":"2022-02-14T20:26:08+00:00","dateModified":"2022-02-14T20:26:11+00:00","description":"S\u0142uchawki z mikrofonem. Model DAREU w atrakcyjnej cenie 59.0 PLN. Przedstawiamy s\u0142uchawki do pracy zdalnej i s\u0142uchania muzyki.","breadcrumb":{"@id":"https:\/\/taniabonament.pl\/sluchawki\/model\/sluchawki-gamingowe-dareu-eh469-rgb-czarne-w-cenie-59-0-pln\/#breadcrumb"},"inLanguage":"pl-PL","potentialAction":[{"@type":"ReadAction","target":["https:\/\/taniabonament.pl\/sluchawki\/model\/sluchawki-gamingowe-dareu-eh469-rgb-czarne-w-cenie-59-0-pln\/"]}]},{"@type":"BreadcrumbList","@id":"https:\/\/taniabonament.pl\/sluchawki\/model\/sluchawki-gamingowe-dareu-eh469-rgb-czarne-w-cenie-59-0-pln\/#breadcrumb","itemListElement":[{"@type":"ListItem","position":1,"name":"Strona g\u0142\u00f3wna","item":"https:\/\/taniabonament.pl\/sluchawki\/"},{"@type":"ListItem","position":2,"name":"Sklep","item":"https:\/\/taniabonament.pl\/sluchawki\/"},{"@type":"ListItem","position":3,"name":"S\u0142uchawki gamingowe Dareu EH469, RGB (czarne) &#8211; w cenie 59.0 PLN"}]},{"@type":"WebSite","@id":"https:\/\/taniabonament.pl\/sluchawki\/#website","url":"https:\/\/taniabonament.pl\/sluchawki\/","name":"TaniAbonament.pl S\u0142uchawki","description":"\u015bwiat s\u0142uchawek idealnych do pracy zdalnej","potentialAction":[{"@type":"SearchAction","target":{"@type":"EntryPoint","urlTemplate":"https:\/\/taniabonament.pl\/sluchawki\/?s={search_term_string}"},"query-input":"required name=search_term_string"}],"inLanguage":"pl-PL"}]}},"_links":{"self":[{"href":"https:\/\/taniabonament.pl\/sluchawki\/wp-json\/wp\/v2\/product\/10047","targetHints":{"allow":["GET"]}}],"collection":[{"href":"https:\/\/taniabonament.pl\/sluchawki\/wp-json\/wp\/v2\/product"}],"about":[{"href":"https:\/\/taniabonament.pl\/sluchawki\/wp-json\/wp\/v2\/types\/product"}],"replies":[{"embeddable":true,"href":"https:\/\/taniabonament.pl\/sluchawki\/wp-json\/wp\/v2\/comments?post=10047"}],"wp:featuredmedia":[{"embeddable":true,"href":"https:\/\/taniabonament.pl\/sluchawki\/wp-json\/wp\/v2\/media\/10048"}],"wp:attachment":[{"href":"https:\/\/taniabonament.pl\/sluchawki\/wp-json\/wp\/v2\/media?parent=10047"}],"wp:term":[{"taxonomy":"product_cat","embeddable":true,"href":"https:\/\/taniabonament.pl\/sluchawki\/wp-json\/wp\/v2\/product_cat?post=10047"},{"taxonomy":"product_tag","embeddable":true,"href":"https:\/\/taniabonament.pl\/sluchawki\/wp-json\/wp\/v2\/product_tag?post=10047"}],"curies":[{"name":"wp","href":"https:\/\/api.w.org\/{rel}","templated":true}]}}