{"id":10043,"date":"2022-02-14T20:26:08","date_gmt":"2022-02-14T20:26:08","guid":{"rendered":"https:\/\/taniabonament.pl\/sluchawki\/model\/sluchawki-gamingowe-havit-gamenote-h2233d-rgb-usb3-5mm-czarne-w-cenie-69-0-pln\/"},"modified":"2022-02-14T20:26:10","modified_gmt":"2022-02-14T20:26:10","slug":"sluchawki-gamingowe-havit-gamenote-h2233d-rgb-usb3-5mm-czarne-w-cenie-69-0-pln","status":"publish","type":"product","link":"https:\/\/taniabonament.pl\/sluchawki\/model\/sluchawki-gamingowe-havit-gamenote-h2233d-rgb-usb3-5mm-czarne-w-cenie-69-0-pln\/","title":{"rendered":"S\u0142uchawki gamingowe Havit GAMENOTE H2233D RGB USB+3.5mm (czarne) &#8211; w cenie 69.0 PLN"},"content":{"rendered":"<p><img decoding=\"async\" style=\"margin-right: 25px; margin-bottom: 10px; width: 220px;\" src=\"https:\/\/static.convertiser.com\/media\/product_images\/294\/67784d300b85fe9a0da43209e57ffdda\/5ecacfb4cff60701e46ac16499e2d4f352f0d66b.webp\" alt=\"s\u0142uchawki z mikrofonem HAVIT\" align=\"left\" \/><\/p>\n<h2>S\u0142uchawki marki HAVIT<\/h2>\n<p>CENA ORYGINALNA: 69.0 PLN<\/p>\n<div style=\"font-weight: bold; font-size: 18px;\">\n<p>UWAGA <span style=\"color: red;\">MAMY RABATY!<\/span><\/p>\n<p>Szczeg\u00f3\u0142owe parametry takie jak dane techniczne, promocje sprawdzisz poni\u017cej w Akces-markt.pl. Rozmawiaj wygodnie przez mikrofon podczas pracy zdalnej. Odizoluj si\u0119 od niepo\u017c\u0105danych d\u017awi\u0119k\u00f3w zewn\u0119trznych. Ciesz si\u0119 czystym brzmieniem w s\u0142uchawkach. Przejd\u017a teraz bezpo\u015brednio do z sklepu gdzie szybko zakupisz te s\u0142uchawki w korzystnej cenie.<\/p>\n<p><span style=\"color: #fff; background-color: #000000; padding: 1px 7px;\"><strong>HAVIT<\/strong><\/span><strong><span style=\"margin-left: 5px; color: #fff; background-color: red; padding: 1px 7px;\">69.0 PLN<\/span><\/strong><\/p>\n<p>&nbsp;<\/p>\n<p>&nbsp;<\/p>\n<\/div>\n<p style=\"text-align: center; padding-bottom: 15px;\"><a style=\"color: #fff; font-size: 22px; background-color: #e4144d; padding: 9px 14px; border-radius: 7px; text-decoration: underline;\" href=\"https:\/\/converti.se\/click\/34590059-c70e8160-5f3ad5bd\/?deep_link=https%3A%2F%2Fakces-markt.pl%2Fpl%2Fp%2FSluchawki-gamingowe-Havit-GAMENOTE-H2233D-RGB-USB-3.5mm-czarne%2F147238&#038;sid=sluchawki-z-mikrofonem&#038;tag6=product&#038;tag8=67784d300b85fe9a0da43209e57ffdda&#038;tag9=S%C5%82uchawki+gamingowe+Havit+GAMENOTE+H2233D+RGB+USB%2B3.5mm+%28czarne%29\" target=\"_blank\" rel=\"nofollow noopener\">Kup teraz<\/a> <span style=\"font-size: 22px; padding-left: 10px;\">69.0 PLN<\/span><\/p>\n","protected":false},"excerpt":{"rendered":"<h3>Odpowiednie <span style='color: red;'>s\u0142uchawki<\/span> z mikrofonem? <\/h3>\n<p> Cechy i zalety: <\/p>\n<ul style='padding-left: 10px; padding-bottom: 10px;'>\n<li style='padding-top: 10px;'>S\u0142uchawki gamingowe Havit H2233DTeraz bez trudu us\u0142yszysz nadchodz\u0105cych przeciwnik\u00f3w i jeszcze lepiej odnajdziesz si\u0119 w \u015bwiecie ulubionej gry\n<li style='padding-top: 10px;'>S\u0142uchawki gamingowe Havit H2233D zapewniaj\u0105 fantastyczn\u0105 jako\u015b\u0107 d\u017awi\u0119ku dzi\u0119ki du\u017cym g\u0142o\u015bnikom 50 mm, a mi\u0119kkie nauszniki idealnie przylegaj\u0105 do uszu i t\u0142umi\u0105 zb\u0119dne odg\u0142osy\n<li style='padding-top: 10px;'>Kolorowe pod\u015bwietlenie nadaje urz\u0105dzeniu niepowtarzalny, gamingowy charakter, a dook\u00f3lny mikrofon u\u0142atwia komunikacj\u0119 z innymi graczami\n<li style='padding-top: 10px;'>S\u0142uchawki umo\u017cliwiaj\u0105 te\u017c szybk\u0105 regulacj\u0119 g\u0142o\u015bno\u015bci za pomoc\u0105 specjalnego pokr\u0119t\u0142a.\u00a0Fantastyczna jako\u015b\u0107 d\u017awi\u0119kuZanurz si\u0119 w rozgrywce i nie daj si\u0119 zaskoczy\u0107 przeciwnikom\n<li style='padding-top: 10px;'>Du\u017ce g\u0142o\u015bniki 50 mm sprawiaj\u0105, \u017ce s\u0142uchawki Havit H2233D zapewniaj\u0105 poszerzone pole d\u017awi\u0119kowe i wzmocnione basy, dzi\u0119ki czemu b\u0119dziesz cieszy\u0107 si\u0119 zwi\u0119kszon\u0105 immersj\u0105 i do\u015bwiadczysz niezapomnianych wra\u017ce\u0144\n<li style='padding-top: 10px;'>Przekonaj si\u0119, \u017ce rozgrywka mo\u017ce by\u0107 jeszcze bardziej emocjonuj\u0105ca!\u00a0Niesamowicie wygodneGraj tak d\u0142ugo, jak chcesz i nie obawiaj si\u0119 zm\u0119czenia\n<li style='padding-top: 10px;'>S\u0142uchawki H2233D s\u0105 wyj\u0105tkowo lekkie i gwarantuj\u0105 niezr\u00f3wnany komfort u\u017cytkowania\n<li style='padding-top: 10px;'>Mi\u0119kkie nauszniki doskonale przylegaj\u0105 do uszu, nie wywo\u0142uj\u0105c przy tym nieprzyjemnego nacisku\n<li style='padding-top: 10px;'>T\u0142umi\u0105 te\u017c zb\u0119dne odg\u0142osy z zewn\u0105trz, dzi\u0119ki czemu ju\u017c nic nie przeszkodzi Ci w rozgrywce\n<li style='padding-top: 10px;'>S\u0142uchawki s\u0105 jednak nie tylko wygodne, ale te\u017c stylowe &#8211; kolorowe pod\u015bwietlenie RGB nadaje im fantastyczny, gamingowy charakter\n<li style='padding-top: 10px;'>Wbudowany mikrofonCz\u0119sto grasz w gry sieciowe? Je\u015bli tak, z pewno\u015bci\u0105 wiesz, jak wa\u017cna mo\u017ce by\u0107 komunikacja z innymi graczami\n<li style='padding-top: 10px;'>Havit Ci to u\u0142atwi! Dook\u00f3lny mikrofon s\u0142uchawek o wysokiej czu\u0142o\u015bci precyzyjnie zarejestruje Tw\u00f3j g\u0142os i sprawi, \u017ce pozostali cz\u0142onkowie dru\u017cyny doskonale Ci\u0119 us\u0142ysz\u0105\n<li style='padding-top: 10px;'>Dzi\u0119ki wyginanej konstrukcji z \u0142atwo\u015bci\u0105 dostosujesz jego po\u0142o\u017cenie do swoich potrzeb i przyzwyczaje\u0144\n<li style='padding-top: 10px;'>Teraz bez przeszk\u00f3d ostrze\u017cesz przyjaciela w grze przed zagro\u017ceniem!\u00a0Wszystko, co najwa\u017cniejsze, masz w zasi\u0119gu r\u0119kiS\u0142uchawki zosta\u0142y zaprojektowane w taki spos\u00f3b, aby zapewni\u0107 Ci jeszcze wygodniejszy dost\u0119p do najwa\u017cniejszych funkcji\n<li style='padding-top: 10px;'>Wbudowane pokr\u0119t\u0142o umo\u017cliwia precyzyjn\u0105 regulacj\u0119 g\u0142o\u015bno\u015bci &#8211; teraz w mgnieniu oka dostosujesz j\u0105 do swoich potrzeb\n<li style='padding-top: 10px;'>Mo\u017cesz te\u017c w ka\u017cdej chwili wyciszy\u0107 mikrofon za pomoc\u0105 jednego przycisku\n<li style='padding-top: 10px;'>Ju\u017c nie musisz szuka\u0107 odpowiednich ustawie\u0144 w komputerze!\u00a0Specyfikacja\u00a0ProducentHavitModelH2233DKolorCzarnyG\u0142o\u015bnik\u03a650 mmImpedancja32\u03a9 \u00b110%Czu\u0142o\u015b\u0107119 dB \u00b13 dBPasmo przenoszenia20 Hz &#8211; 20 kHzMikrofon\u03a64 x 1,5 mmCzu\u0142o\u015b\u0107 mikrofonu-38 dB \u00b13 dBD\u0142ugo\u015b\u0107 kabla2,2 mWtyczka3,5 mm + USB<\/ul>\n","protected":false},"featured_media":10044,"comment_status":"closed","ping_status":"open","template":"","meta":[],"product_cat":[42,601],"product_tag":[],"class_list":{"0":"post-10043","1":"product","2":"type-product","3":"status-publish","5":"hentry","6":"product_cat-havit","7":"product_cat-sluchawki-z-mikrofonem","8":"pa_producent-havit","9":"pa_sklep-akces-markt-pl"},"yoast_head":"<!-- This site is optimized with the Yoast SEO plugin v20.9 - https:\/\/yoast.com\/wordpress\/plugins\/seo\/ -->\n<title>s\u0142uchawki z mikrofonem HAVIT<\/title>\n<meta name=\"description\" content=\"S\u0142uchawki z mikrofonem. Model HAVIT w atrakcyjnej cenie 69.0 PLN. Przedstawiamy s\u0142uchawki do pracy zdalnej i s\u0142uchania muzyki.\" \/>\n<meta name=\"robots\" content=\"index, follow, max-snippet:-1, max-image-preview:large, max-video-preview:-1\" \/>\n<link rel=\"canonical\" href=\"https:\/\/taniabonament.pl\/sluchawki\/model\/sluchawki-gamingowe-havit-gamenote-h2233d-rgb-usb3-5mm-czarne-w-cenie-69-0-pln\/\" \/>\n<meta property=\"og:locale\" content=\"pl_PL\" \/>\n<meta property=\"og:type\" content=\"article\" \/>\n<meta property=\"og:title\" content=\"s\u0142uchawki z mikrofonem HAVIT\" \/>\n<meta property=\"og:description\" content=\"S\u0142uchawki z mikrofonem. Model HAVIT w atrakcyjnej cenie 69.0 PLN. Przedstawiamy s\u0142uchawki do pracy zdalnej i s\u0142uchania muzyki.\" \/>\n<meta property=\"og:url\" content=\"https:\/\/taniabonament.pl\/sluchawki\/model\/sluchawki-gamingowe-havit-gamenote-h2233d-rgb-usb3-5mm-czarne-w-cenie-69-0-pln\/\" \/>\n<meta property=\"og:site_name\" content=\"TaniAbonament.pl S\u0142uchawki\" \/>\n<meta property=\"article:modified_time\" content=\"2022-02-14T20:26:10+00:00\" \/>\n<meta property=\"og:image\" content=\"https:\/\/taniabonament.pl\/sluchawki\/wp-content\/uploads\/2022\/02\/5ecacfb4cff60701e46ac16499e2d4f352f0d66b.webp\" \/>\n\t<meta property=\"og:image:width\" content=\"500\" \/>\n\t<meta property=\"og:image:height\" content=\"500\" \/>\n\t<meta property=\"og:image:type\" content=\"image\/jpeg\" \/>\n<meta name=\"twitter:card\" content=\"summary_large_image\" \/>\n<script type=\"application\/ld+json\" class=\"yoast-schema-graph\">{\"@context\":\"https:\/\/schema.org\",\"@graph\":[{\"@type\":\"WebPage\",\"@id\":\"https:\/\/taniabonament.pl\/sluchawki\/model\/sluchawki-gamingowe-havit-gamenote-h2233d-rgb-usb3-5mm-czarne-w-cenie-69-0-pln\/\",\"url\":\"https:\/\/taniabonament.pl\/sluchawki\/model\/sluchawki-gamingowe-havit-gamenote-h2233d-rgb-usb3-5mm-czarne-w-cenie-69-0-pln\/\",\"name\":\"s\u0142uchawki z mikrofonem HAVIT\",\"isPartOf\":{\"@id\":\"https:\/\/taniabonament.pl\/sluchawki\/#website\"},\"datePublished\":\"2022-02-14T20:26:08+00:00\",\"dateModified\":\"2022-02-14T20:26:10+00:00\",\"description\":\"S\u0142uchawki z mikrofonem. Model HAVIT w atrakcyjnej cenie 69.0 PLN. Przedstawiamy s\u0142uchawki do pracy zdalnej i s\u0142uchania muzyki.\",\"breadcrumb\":{\"@id\":\"https:\/\/taniabonament.pl\/sluchawki\/model\/sluchawki-gamingowe-havit-gamenote-h2233d-rgb-usb3-5mm-czarne-w-cenie-69-0-pln\/#breadcrumb\"},\"inLanguage\":\"pl-PL\",\"potentialAction\":[{\"@type\":\"ReadAction\",\"target\":[\"https:\/\/taniabonament.pl\/sluchawki\/model\/sluchawki-gamingowe-havit-gamenote-h2233d-rgb-usb3-5mm-czarne-w-cenie-69-0-pln\/\"]}]},{\"@type\":\"BreadcrumbList\",\"@id\":\"https:\/\/taniabonament.pl\/sluchawki\/model\/sluchawki-gamingowe-havit-gamenote-h2233d-rgb-usb3-5mm-czarne-w-cenie-69-0-pln\/#breadcrumb\",\"itemListElement\":[{\"@type\":\"ListItem\",\"position\":1,\"name\":\"Strona g\u0142\u00f3wna\",\"item\":\"https:\/\/taniabonament.pl\/sluchawki\/\"},{\"@type\":\"ListItem\",\"position\":2,\"name\":\"Sklep\",\"item\":\"https:\/\/taniabonament.pl\/sluchawki\/\"},{\"@type\":\"ListItem\",\"position\":3,\"name\":\"S\u0142uchawki gamingowe Havit GAMENOTE H2233D RGB USB+3.5mm (czarne) &#8211; w cenie 69.0 PLN\"}]},{\"@type\":\"WebSite\",\"@id\":\"https:\/\/taniabonament.pl\/sluchawki\/#website\",\"url\":\"https:\/\/taniabonament.pl\/sluchawki\/\",\"name\":\"TaniAbonament.pl S\u0142uchawki\",\"description\":\"\u015bwiat s\u0142uchawek idealnych do pracy zdalnej\",\"potentialAction\":[{\"@type\":\"SearchAction\",\"target\":{\"@type\":\"EntryPoint\",\"urlTemplate\":\"https:\/\/taniabonament.pl\/sluchawki\/?s={search_term_string}\"},\"query-input\":\"required name=search_term_string\"}],\"inLanguage\":\"pl-PL\"}]}<\/script>\n<!-- \/ Yoast SEO plugin. -->","yoast_head_json":{"title":"s\u0142uchawki z mikrofonem HAVIT","description":"S\u0142uchawki z mikrofonem. Model HAVIT w atrakcyjnej cenie 69.0 PLN. Przedstawiamy s\u0142uchawki do pracy zdalnej i s\u0142uchania muzyki.","robots":{"index":"index","follow":"follow","max-snippet":"max-snippet:-1","max-image-preview":"max-image-preview:large","max-video-preview":"max-video-preview:-1"},"canonical":"https:\/\/taniabonament.pl\/sluchawki\/model\/sluchawki-gamingowe-havit-gamenote-h2233d-rgb-usb3-5mm-czarne-w-cenie-69-0-pln\/","og_locale":"pl_PL","og_type":"article","og_title":"s\u0142uchawki z mikrofonem HAVIT","og_description":"S\u0142uchawki z mikrofonem. Model HAVIT w atrakcyjnej cenie 69.0 PLN. Przedstawiamy s\u0142uchawki do pracy zdalnej i s\u0142uchania muzyki.","og_url":"https:\/\/taniabonament.pl\/sluchawki\/model\/sluchawki-gamingowe-havit-gamenote-h2233d-rgb-usb3-5mm-czarne-w-cenie-69-0-pln\/","og_site_name":"TaniAbonament.pl S\u0142uchawki","article_modified_time":"2022-02-14T20:26:10+00:00","og_image":[{"width":500,"height":500,"url":"https:\/\/taniabonament.pl\/sluchawki\/wp-content\/uploads\/2022\/02\/5ecacfb4cff60701e46ac16499e2d4f352f0d66b.webp","type":"image\/jpeg"}],"twitter_card":"summary_large_image","schema":{"@context":"https:\/\/schema.org","@graph":[{"@type":"WebPage","@id":"https:\/\/taniabonament.pl\/sluchawki\/model\/sluchawki-gamingowe-havit-gamenote-h2233d-rgb-usb3-5mm-czarne-w-cenie-69-0-pln\/","url":"https:\/\/taniabonament.pl\/sluchawki\/model\/sluchawki-gamingowe-havit-gamenote-h2233d-rgb-usb3-5mm-czarne-w-cenie-69-0-pln\/","name":"s\u0142uchawki z mikrofonem HAVIT","isPartOf":{"@id":"https:\/\/taniabonament.pl\/sluchawki\/#website"},"datePublished":"2022-02-14T20:26:08+00:00","dateModified":"2022-02-14T20:26:10+00:00","description":"S\u0142uchawki z mikrofonem. Model HAVIT w atrakcyjnej cenie 69.0 PLN. Przedstawiamy s\u0142uchawki do pracy zdalnej i s\u0142uchania muzyki.","breadcrumb":{"@id":"https:\/\/taniabonament.pl\/sluchawki\/model\/sluchawki-gamingowe-havit-gamenote-h2233d-rgb-usb3-5mm-czarne-w-cenie-69-0-pln\/#breadcrumb"},"inLanguage":"pl-PL","potentialAction":[{"@type":"ReadAction","target":["https:\/\/taniabonament.pl\/sluchawki\/model\/sluchawki-gamingowe-havit-gamenote-h2233d-rgb-usb3-5mm-czarne-w-cenie-69-0-pln\/"]}]},{"@type":"BreadcrumbList","@id":"https:\/\/taniabonament.pl\/sluchawki\/model\/sluchawki-gamingowe-havit-gamenote-h2233d-rgb-usb3-5mm-czarne-w-cenie-69-0-pln\/#breadcrumb","itemListElement":[{"@type":"ListItem","position":1,"name":"Strona g\u0142\u00f3wna","item":"https:\/\/taniabonament.pl\/sluchawki\/"},{"@type":"ListItem","position":2,"name":"Sklep","item":"https:\/\/taniabonament.pl\/sluchawki\/"},{"@type":"ListItem","position":3,"name":"S\u0142uchawki gamingowe Havit GAMENOTE H2233D RGB USB+3.5mm (czarne) &#8211; w cenie 69.0 PLN"}]},{"@type":"WebSite","@id":"https:\/\/taniabonament.pl\/sluchawki\/#website","url":"https:\/\/taniabonament.pl\/sluchawki\/","name":"TaniAbonament.pl S\u0142uchawki","description":"\u015bwiat s\u0142uchawek idealnych do pracy zdalnej","potentialAction":[{"@type":"SearchAction","target":{"@type":"EntryPoint","urlTemplate":"https:\/\/taniabonament.pl\/sluchawki\/?s={search_term_string}"},"query-input":"required name=search_term_string"}],"inLanguage":"pl-PL"}]}},"_links":{"self":[{"href":"https:\/\/taniabonament.pl\/sluchawki\/wp-json\/wp\/v2\/product\/10043","targetHints":{"allow":["GET"]}}],"collection":[{"href":"https:\/\/taniabonament.pl\/sluchawki\/wp-json\/wp\/v2\/product"}],"about":[{"href":"https:\/\/taniabonament.pl\/sluchawki\/wp-json\/wp\/v2\/types\/product"}],"replies":[{"embeddable":true,"href":"https:\/\/taniabonament.pl\/sluchawki\/wp-json\/wp\/v2\/comments?post=10043"}],"wp:featuredmedia":[{"embeddable":true,"href":"https:\/\/taniabonament.pl\/sluchawki\/wp-json\/wp\/v2\/media\/10044"}],"wp:attachment":[{"href":"https:\/\/taniabonament.pl\/sluchawki\/wp-json\/wp\/v2\/media?parent=10043"}],"wp:term":[{"taxonomy":"product_cat","embeddable":true,"href":"https:\/\/taniabonament.pl\/sluchawki\/wp-json\/wp\/v2\/product_cat?post=10043"},{"taxonomy":"product_tag","embeddable":true,"href":"https:\/\/taniabonament.pl\/sluchawki\/wp-json\/wp\/v2\/product_tag?post=10043"}],"curies":[{"name":"wp","href":"https:\/\/api.w.org\/{rel}","templated":true}]}}