{"id":10041,"date":"2022-02-14T20:26:08","date_gmt":"2022-02-14T20:26:08","guid":{"rendered":"https:\/\/taniabonament.pl\/sluchawki\/model\/sluchawki-baseus-encok-h19-czarne-w-cenie-29-0-pln\/"},"modified":"2022-02-14T20:26:10","modified_gmt":"2022-02-14T20:26:10","slug":"sluchawki-baseus-encok-h19-czarne-w-cenie-29-0-pln","status":"publish","type":"product","link":"https:\/\/taniabonament.pl\/sluchawki\/model\/sluchawki-baseus-encok-h19-czarne-w-cenie-29-0-pln\/","title":{"rendered":"S\u0142uchawki Baseus Encok H19 &#8211; czarne &#8211; w cenie 29.0 PLN"},"content":{"rendered":"<p><img decoding=\"async\" style=\"margin-right: 25px; margin-bottom: 10px; width: 220px;\" src=\"https:\/\/static.convertiser.com\/media\/product_images\/294\/84ad5ebc6729f5ff08e8901723f80e13\/7a2a612ccd991ed1474b40db99bace522750ffd1.webp\" alt=\"s\u0142uchawki z mikrofonem Baseus\" align=\"left\" \/><\/p>\n<h2>S\u0142uchawki marki Baseus<\/h2>\n<p>CENA ORYGINALNA: 29.0 PLN<\/p>\n<div style=\"font-weight: bold; font-size: 18px;\">\n<p>UWAGA <span style=\"color: red;\">MAMY RABATY!<\/span><\/p>\n<p>Szczeg\u00f3\u0142owe parametry takie jak dane techniczne, promocje sprawdzisz poni\u017cej w Akces-markt.pl. Rozmawiaj wygodnie przez mikrofon podczas pracy zdalnej. Odizoluj si\u0119 od niepo\u017c\u0105danych d\u017awi\u0119k\u00f3w zewn\u0119trznych. Ciesz si\u0119 czystym brzmieniem w s\u0142uchawkach. Przejd\u017a teraz bezpo\u015brednio do z sklepu gdzie szybko zakupisz te s\u0142uchawki w korzystnej cenie.<\/p>\n<p><span style=\"color: #fff; background-color: #000000; padding: 1px 7px;\"><strong>Baseus<\/strong><\/span><strong><span style=\"margin-left: 5px; color: #fff; background-color: red; padding: 1px 7px;\">29.0 PLN<\/span><\/strong><\/p>\n<p>&nbsp;<\/p>\n<p>&nbsp;<\/p>\n<\/div>\n<p style=\"text-align: center; padding-bottom: 15px;\"><a style=\"color: #fff; font-size: 22px; background-color: #e4144d; padding: 9px 14px; border-radius: 7px; text-decoration: underline;\" href=\"https:\/\/converti.se\/click\/34590059-c70e8160-5f3ad5bd\/?deep_link=https%3A%2F%2Fakces-markt.pl%2Fpl%2Fp%2FSluchawki-Baseus-Encok-H19-czarne%2F146066&#038;sid=sluchawki-z-mikrofonem&#038;tag6=product&#038;tag8=84ad5ebc6729f5ff08e8901723f80e13&#038;tag9=S%C5%82uchawki+Baseus+Encok+H19+-+czarne\" target=\"_blank\" rel=\"nofollow noopener\">Kup teraz<\/a> <span style=\"font-size: 22px; padding-left: 10px;\">29.0 PLN<\/span><\/p>\n","protected":false},"excerpt":{"rendered":"<h3>Odpowiednie <span style='color: red;'>s\u0142uchawki<\/span> z mikrofonem? <\/h3>\n<p> Cechy i zalety: <\/p>\n<ul style='padding-left: 10px; padding-bottom: 10px;'>\n<li style='padding-top: 10px;'>Encok Earphone H19Zyskaj czysty i szerokozakresowy d\u017awi\u0119k dzi\u0119ki s\u0142uchawkom dousznym Encok H19\n<li style='padding-top: 10px;'>14 mm przetworniki, dzi\u0119ki swojej wysokiej jako\u015bci wykonania, pozwol\u0105 Ci wczu\u0107 si\u0119 w Twoje ulubione utwory\n<li style='padding-top: 10px;'>Wbudowana, ultracienka membrana pozwoli wys\u0142ucha\u0107 nawet najdrobniejsze d\u017awi\u0119kowe akcenty w rozbudowanych kompozycjach, dzi\u0119ki zakresowi pracy od 20 Hz do 20000 Hz.D\u017awi\u0119k 6DZa wydobywanie si\u0119 d\u017awi\u0119ku do ucha odpowiada 6 otwor\u00f3w w ka\u017cdej s\u0142uchawce\n<li style='padding-top: 10px;'>Dzi\u0119ki temu mechanicznie tworzy si\u0119 wra\u017cenie d\u017awi\u0119ku przestrzennego 6D\n<li style='padding-top: 10px;'>To doskona\u0142a opcja w szczeg\u00f3lno\u015bci dla graczy, Us\u0142yszysz ka\u017cdy krok i zmian\u0119 w otoczeniu, dzi\u0119ki czemu, b\u0119dziesz jeszcze lepiej przygotowany do ka\u017cdego starcia.WygodaNiezwykle lekkie i o ulepszonej ergonomicznej konstrukcji, zapewni\u0105 Ci komfort s\u0142uchania nawet w wielogodzinnych sesjach\n<li style='padding-top: 10px;'>S\u0142uchawki b\u0119d\u0105 dopasowane do Twoich uszu, przez co nie b\u0119d\u0105 uci\u0105\u017cliwe wypada\u0107 w nieoczekiwanym momencie.Kabel s\u0142uchawek ma d\u0142ugo\u015b\u0107 1,2 metra co jest wystarczaj\u0105ce przy tego typu sprz\u0119cie, a dodatkowo jest odporny na pl\u0105tanie i wykr\u0119canie, dzi\u0119ki czemu pos\u0142u\u017cy Ci naprawd\u0119 d\u0142ugo.\u00a0Kompatybilno\u015b\u0107Dzi\u0119ki wykorzystanemu portowi Mini Jack 3,5 mm s\u0142uchawki s\u0105 kompatybilne z wi\u0119kszo\u015bci\u0105 urz\u0105dze\u0144 odtwarzaj\u0105cych d\u017awi\u0119k\n<li style='padding-top: 10px;'>Poz\u0142acana wtyczka o wysokiej jako\u015bci zmniejsza natomiast straty w transmisji d\u017awi\u0119k\u00f3w.Zintegrowany pilotSteruj odtwarzan\u0105, ulubion\u0105 muzyk\u0105 w s\u0142uchawkach, dzi\u0119ki por\u0119cznemy pilotowi, umieszczonemu na kablu.Mo\u017cesz wyregulowa\u0107 g\u0142o\u015bno\u015b\u0107, cofn\u0105\u0107 lub prze\u0142\u0105czy\u0107 utw\u00f3r, uruchomi\u0107 i zatrzyma\u0107 muzyk\u0119 bez wyci\u0105gania telefonu\n<li style='padding-top: 10px;'>Pilot umo\u017cliwia r\u00f3wnie\u017c odbieranie lub odrzucanie po\u0142\u0105cze\u0144 telefonicznych.MikrofonWyposa\u017cone w mikrofon wbudowany w pilocie, kt\u00f3ry sprawi, \u017ce zawsze b\u0119dzie Ci\u0119 dobrze s\u0142ycha\u0107\n<li style='padding-top: 10px;'>Twoje s\u0142owa b\u0119d\u0105 wysy\u0142ane bez \u017cadnych zak\u0142\u00f3ce\u0144, a wielokierunkowe wychwytywanie pozwoli na przechwytywanie Twojego g\u0142osu podczas spaceru, jazdy samochodem czy biegu\n<li style='padding-top: 10px;'>Specyfikacja: Model: Encok 3,5mm Wired Earphone H19 Wyko\u0144czenie: ABS+TPE Kolor: czarny Pasmo przenoszenia: 20-20kHZ Impedancja: 32 om D\u0142ugo\u015b\u0107 kabla: 1.2 m Z\u0142\u0105cze: Mini Jack 3,5mm Regulacja g\u0142o\u015bno\u015bci: Tak Certyfikaty: CEE, RoHs Kod producenta: NGH19-01 .table-wrapper{width:100%;overflow-x:auto}.table-wrapper>table{border-spacing:0}.table-wrapper>table>tbody>tr>td,.table-wrapper>table>tbody>tr>th{padding:10px 35px;text-align:left}.table-wrapper>table>tbody>tr>th{vertical-align:top}.table-wrapper>table>tbody>tr:nth-child(even){background-color:#f7f7f7}<\/ul>\n","protected":false},"featured_media":10042,"comment_status":"closed","ping_status":"open","template":"","meta":[],"product_cat":[74,601],"product_tag":[],"class_list":{"0":"post-10041","1":"product","2":"type-product","3":"status-publish","5":"hentry","6":"product_cat-baseus","7":"product_cat-sluchawki-z-mikrofonem","8":"pa_producent-baseus","9":"pa_sklep-akces-markt-pl"},"yoast_head":"<!-- This site is optimized with the Yoast SEO plugin v20.9 - https:\/\/yoast.com\/wordpress\/plugins\/seo\/ -->\n<title>s\u0142uchawki z mikrofonem Baseus<\/title>\n<meta name=\"description\" content=\"S\u0142uchawki z mikrofonem. Model Baseus w atrakcyjnej cenie 29.0 PLN. Przedstawiamy s\u0142uchawki do pracy zdalnej i s\u0142uchania muzyki.\" \/>\n<meta name=\"robots\" content=\"index, follow, max-snippet:-1, max-image-preview:large, max-video-preview:-1\" \/>\n<link rel=\"canonical\" href=\"https:\/\/taniabonament.pl\/sluchawki\/model\/sluchawki-baseus-encok-h19-czarne-w-cenie-29-0-pln\/\" \/>\n<meta property=\"og:locale\" content=\"pl_PL\" \/>\n<meta property=\"og:type\" content=\"article\" \/>\n<meta property=\"og:title\" content=\"s\u0142uchawki z mikrofonem Baseus\" \/>\n<meta property=\"og:description\" content=\"S\u0142uchawki z mikrofonem. Model Baseus w atrakcyjnej cenie 29.0 PLN. Przedstawiamy s\u0142uchawki do pracy zdalnej i s\u0142uchania muzyki.\" \/>\n<meta property=\"og:url\" content=\"https:\/\/taniabonament.pl\/sluchawki\/model\/sluchawki-baseus-encok-h19-czarne-w-cenie-29-0-pln\/\" \/>\n<meta property=\"og:site_name\" content=\"TaniAbonament.pl S\u0142uchawki\" \/>\n<meta property=\"article:modified_time\" content=\"2022-02-14T20:26:10+00:00\" \/>\n<meta property=\"og:image\" content=\"https:\/\/taniabonament.pl\/sluchawki\/wp-content\/uploads\/2022\/02\/7a2a612ccd991ed1474b40db99bace522750ffd1.webp\" \/>\n\t<meta property=\"og:image:width\" content=\"500\" \/>\n\t<meta property=\"og:image:height\" content=\"500\" \/>\n\t<meta property=\"og:image:type\" content=\"image\/jpeg\" \/>\n<meta name=\"twitter:card\" content=\"summary_large_image\" \/>\n<script type=\"application\/ld+json\" class=\"yoast-schema-graph\">{\"@context\":\"https:\/\/schema.org\",\"@graph\":[{\"@type\":\"WebPage\",\"@id\":\"https:\/\/taniabonament.pl\/sluchawki\/model\/sluchawki-baseus-encok-h19-czarne-w-cenie-29-0-pln\/\",\"url\":\"https:\/\/taniabonament.pl\/sluchawki\/model\/sluchawki-baseus-encok-h19-czarne-w-cenie-29-0-pln\/\",\"name\":\"s\u0142uchawki z mikrofonem Baseus\",\"isPartOf\":{\"@id\":\"https:\/\/taniabonament.pl\/sluchawki\/#website\"},\"datePublished\":\"2022-02-14T20:26:08+00:00\",\"dateModified\":\"2022-02-14T20:26:10+00:00\",\"description\":\"S\u0142uchawki z mikrofonem. Model Baseus w atrakcyjnej cenie 29.0 PLN. Przedstawiamy s\u0142uchawki do pracy zdalnej i s\u0142uchania muzyki.\",\"breadcrumb\":{\"@id\":\"https:\/\/taniabonament.pl\/sluchawki\/model\/sluchawki-baseus-encok-h19-czarne-w-cenie-29-0-pln\/#breadcrumb\"},\"inLanguage\":\"pl-PL\",\"potentialAction\":[{\"@type\":\"ReadAction\",\"target\":[\"https:\/\/taniabonament.pl\/sluchawki\/model\/sluchawki-baseus-encok-h19-czarne-w-cenie-29-0-pln\/\"]}]},{\"@type\":\"BreadcrumbList\",\"@id\":\"https:\/\/taniabonament.pl\/sluchawki\/model\/sluchawki-baseus-encok-h19-czarne-w-cenie-29-0-pln\/#breadcrumb\",\"itemListElement\":[{\"@type\":\"ListItem\",\"position\":1,\"name\":\"Strona g\u0142\u00f3wna\",\"item\":\"https:\/\/taniabonament.pl\/sluchawki\/\"},{\"@type\":\"ListItem\",\"position\":2,\"name\":\"Sklep\",\"item\":\"https:\/\/taniabonament.pl\/sluchawki\/\"},{\"@type\":\"ListItem\",\"position\":3,\"name\":\"S\u0142uchawki Baseus Encok H19 &#8211; czarne &#8211; w cenie 29.0 PLN\"}]},{\"@type\":\"WebSite\",\"@id\":\"https:\/\/taniabonament.pl\/sluchawki\/#website\",\"url\":\"https:\/\/taniabonament.pl\/sluchawki\/\",\"name\":\"TaniAbonament.pl S\u0142uchawki\",\"description\":\"\u015bwiat s\u0142uchawek idealnych do pracy zdalnej\",\"potentialAction\":[{\"@type\":\"SearchAction\",\"target\":{\"@type\":\"EntryPoint\",\"urlTemplate\":\"https:\/\/taniabonament.pl\/sluchawki\/?s={search_term_string}\"},\"query-input\":\"required name=search_term_string\"}],\"inLanguage\":\"pl-PL\"}]}<\/script>\n<!-- \/ Yoast SEO plugin. -->","yoast_head_json":{"title":"s\u0142uchawki z mikrofonem Baseus","description":"S\u0142uchawki z mikrofonem. Model Baseus w atrakcyjnej cenie 29.0 PLN. Przedstawiamy s\u0142uchawki do pracy zdalnej i s\u0142uchania muzyki.","robots":{"index":"index","follow":"follow","max-snippet":"max-snippet:-1","max-image-preview":"max-image-preview:large","max-video-preview":"max-video-preview:-1"},"canonical":"https:\/\/taniabonament.pl\/sluchawki\/model\/sluchawki-baseus-encok-h19-czarne-w-cenie-29-0-pln\/","og_locale":"pl_PL","og_type":"article","og_title":"s\u0142uchawki z mikrofonem Baseus","og_description":"S\u0142uchawki z mikrofonem. Model Baseus w atrakcyjnej cenie 29.0 PLN. Przedstawiamy s\u0142uchawki do pracy zdalnej i s\u0142uchania muzyki.","og_url":"https:\/\/taniabonament.pl\/sluchawki\/model\/sluchawki-baseus-encok-h19-czarne-w-cenie-29-0-pln\/","og_site_name":"TaniAbonament.pl S\u0142uchawki","article_modified_time":"2022-02-14T20:26:10+00:00","og_image":[{"width":500,"height":500,"url":"https:\/\/taniabonament.pl\/sluchawki\/wp-content\/uploads\/2022\/02\/7a2a612ccd991ed1474b40db99bace522750ffd1.webp","type":"image\/jpeg"}],"twitter_card":"summary_large_image","schema":{"@context":"https:\/\/schema.org","@graph":[{"@type":"WebPage","@id":"https:\/\/taniabonament.pl\/sluchawki\/model\/sluchawki-baseus-encok-h19-czarne-w-cenie-29-0-pln\/","url":"https:\/\/taniabonament.pl\/sluchawki\/model\/sluchawki-baseus-encok-h19-czarne-w-cenie-29-0-pln\/","name":"s\u0142uchawki z mikrofonem Baseus","isPartOf":{"@id":"https:\/\/taniabonament.pl\/sluchawki\/#website"},"datePublished":"2022-02-14T20:26:08+00:00","dateModified":"2022-02-14T20:26:10+00:00","description":"S\u0142uchawki z mikrofonem. Model Baseus w atrakcyjnej cenie 29.0 PLN. Przedstawiamy s\u0142uchawki do pracy zdalnej i s\u0142uchania muzyki.","breadcrumb":{"@id":"https:\/\/taniabonament.pl\/sluchawki\/model\/sluchawki-baseus-encok-h19-czarne-w-cenie-29-0-pln\/#breadcrumb"},"inLanguage":"pl-PL","potentialAction":[{"@type":"ReadAction","target":["https:\/\/taniabonament.pl\/sluchawki\/model\/sluchawki-baseus-encok-h19-czarne-w-cenie-29-0-pln\/"]}]},{"@type":"BreadcrumbList","@id":"https:\/\/taniabonament.pl\/sluchawki\/model\/sluchawki-baseus-encok-h19-czarne-w-cenie-29-0-pln\/#breadcrumb","itemListElement":[{"@type":"ListItem","position":1,"name":"Strona g\u0142\u00f3wna","item":"https:\/\/taniabonament.pl\/sluchawki\/"},{"@type":"ListItem","position":2,"name":"Sklep","item":"https:\/\/taniabonament.pl\/sluchawki\/"},{"@type":"ListItem","position":3,"name":"S\u0142uchawki Baseus Encok H19 &#8211; czarne &#8211; w cenie 29.0 PLN"}]},{"@type":"WebSite","@id":"https:\/\/taniabonament.pl\/sluchawki\/#website","url":"https:\/\/taniabonament.pl\/sluchawki\/","name":"TaniAbonament.pl S\u0142uchawki","description":"\u015bwiat s\u0142uchawek idealnych do pracy zdalnej","potentialAction":[{"@type":"SearchAction","target":{"@type":"EntryPoint","urlTemplate":"https:\/\/taniabonament.pl\/sluchawki\/?s={search_term_string}"},"query-input":"required name=search_term_string"}],"inLanguage":"pl-PL"}]}},"_links":{"self":[{"href":"https:\/\/taniabonament.pl\/sluchawki\/wp-json\/wp\/v2\/product\/10041","targetHints":{"allow":["GET"]}}],"collection":[{"href":"https:\/\/taniabonament.pl\/sluchawki\/wp-json\/wp\/v2\/product"}],"about":[{"href":"https:\/\/taniabonament.pl\/sluchawki\/wp-json\/wp\/v2\/types\/product"}],"replies":[{"embeddable":true,"href":"https:\/\/taniabonament.pl\/sluchawki\/wp-json\/wp\/v2\/comments?post=10041"}],"wp:featuredmedia":[{"embeddable":true,"href":"https:\/\/taniabonament.pl\/sluchawki\/wp-json\/wp\/v2\/media\/10042"}],"wp:attachment":[{"href":"https:\/\/taniabonament.pl\/sluchawki\/wp-json\/wp\/v2\/media?parent=10041"}],"wp:term":[{"taxonomy":"product_cat","embeddable":true,"href":"https:\/\/taniabonament.pl\/sluchawki\/wp-json\/wp\/v2\/product_cat?post=10041"},{"taxonomy":"product_tag","embeddable":true,"href":"https:\/\/taniabonament.pl\/sluchawki\/wp-json\/wp\/v2\/product_tag?post=10041"}],"curies":[{"name":"wp","href":"https:\/\/api.w.org\/{rel}","templated":true}]}}