{"id":10037,"date":"2022-02-14T20:26:08","date_gmt":"2022-02-14T20:26:08","guid":{"rendered":"https:\/\/taniabonament.pl\/sluchawki\/model\/sluchawki-gamingowe-edifier-hecate-g2-ii-czarne-w-cenie-229-0-pln\/"},"modified":"2022-02-14T20:26:09","modified_gmt":"2022-02-14T20:26:09","slug":"sluchawki-gamingowe-edifier-hecate-g2-ii-czarne-w-cenie-229-0-pln","status":"publish","type":"product","link":"https:\/\/taniabonament.pl\/sluchawki\/model\/sluchawki-gamingowe-edifier-hecate-g2-ii-czarne-w-cenie-229-0-pln\/","title":{"rendered":"S\u0142uchawki gamingowe Edifier HECATE G2 II (czarne) &#8211; w cenie 229.0 PLN"},"content":{"rendered":"<p><img decoding=\"async\" style=\"margin-right: 25px; margin-bottom: 10px; width: 220px;\" src=\"https:\/\/static.convertiser.com\/media\/product_images\/294\/37ae4d2c87c2b0fc47ef4205308f5520\/7d487bd32a114c73ef80c52241117d77c761386f.webp\" alt=\"s\u0142uchawki z mikrofonem Edifier\" align=\"left\" \/><\/p>\n<h2>S\u0142uchawki marki Edifier<\/h2>\n<p>CENA ORYGINALNA: 229.0 PLN<\/p>\n<div style=\"font-weight: bold; font-size: 18px;\">\n<p>UWAGA <span style=\"color: red;\">MAMY RABATY!<\/span><\/p>\n<p>Szczeg\u00f3\u0142owe parametry takie jak dane techniczne, promocje sprawdzisz poni\u017cej w Akces-markt.pl. Rozmawiaj wygodnie przez mikrofon podczas pracy zdalnej. Odizoluj si\u0119 od niepo\u017c\u0105danych d\u017awi\u0119k\u00f3w zewn\u0119trznych. Ciesz si\u0119 czystym brzmieniem w s\u0142uchawkach. Przejd\u017a teraz bezpo\u015brednio do z sklepu gdzie szybko zakupisz te s\u0142uchawki w korzystnej cenie.<\/p>\n<p><span style=\"color: #fff; background-color: #000000; padding: 1px 7px;\"><strong>Edifier<\/strong><\/span><strong><span style=\"margin-left: 5px; color: #fff; background-color: red; padding: 1px 7px;\">229.0 PLN<\/span><\/strong><\/p>\n<p>&nbsp;<\/p>\n<p>&nbsp;<\/p>\n<\/div>\n<p style=\"text-align: center; padding-bottom: 15px;\"><a style=\"color: #fff; font-size: 22px; background-color: #e4144d; padding: 9px 14px; border-radius: 7px; text-decoration: underline;\" href=\"https:\/\/converti.se\/click\/34590059-c70e8160-5f3ad5bd\/?deep_link=https%3A%2F%2Fakces-markt.pl%2Fpl%2Fp%2FSluchawki-gamingowe-Edifier-HECATE-G2-II-czarne%2F146902&#038;sid=sluchawki-z-mikrofonem&#038;tag6=product&#038;tag8=37ae4d2c87c2b0fc47ef4205308f5520&#038;tag9=S%C5%82uchawki+gamingowe+Edifier+HECATE+G2+II+%28czarne%29\" target=\"_blank\" rel=\"nofollow noopener\">Kup teraz<\/a> <span style=\"font-size: 22px; padding-left: 10px;\">229.0 PLN<\/span><\/p>\n","protected":false},"excerpt":{"rendered":"<h3>Odpowiednie <span style='color: red;'>s\u0142uchawki<\/span> z mikrofonem? <\/h3>\n<p> Cechy i zalety: <\/p>\n<ul style='padding-left: 10px; padding-bottom: 10px;'>\n<li style='padding-top: 10px;'>S\u0142uchawki gamingowe Edifier G2 IICiesz si\u0119 dynamiczn\u0105 rozgrywk\u0105 i nie daj si\u0119 zaskoczy\u0107 przeciwnikowi\n<li style='padding-top: 10px;'>S\u0142uchawki gamingowe Edifier G2 II zosta\u0142y wyposa\u017cone w 50-milimetrowe przetworniki, kt\u00f3re zapewniaj\u0105 krystalicznie czyste brzmienie\n<li style='padding-top: 10px;'>D\u017awi\u0119k przestrzenny 7.1 gwarantuje niesamowicie immersyjne do\u015bwiadczenie, a elektretowy mikrofon 6 mm umo\u017cliwia swobodn\u0105 komunikacj\u0119 z innymi graczami\n<li style='padding-top: 10px;'>Co wi\u0119cej, kolorowe pod\u015bwietlenie RGB nadaje produktowi unikalny, gamingowy charakter.\u00a0Najwy\u017cszej jako\u015bci d\u017awi\u0119k dla pog\u0142\u0119bionej immersjiPoczuj si\u0119 jak bohater swojego ulubionego tytu\u0142u i jeszcze bardziej zanurz si\u0119 w rozgrywce\n<li style='padding-top: 10px;'>Przetwornik nowej generacji NdFeB z kompozytow\u0105 membran\u0105 zapewnia czyste, bogate w szczeg\u00f3\u0142y audio o wysokiej rozdzielczo\u015bci\n<li style='padding-top: 10px;'>S\u0142uchawki oferuj\u0105 te\u017c zachwycaj\u0105cy d\u017awi\u0119k przestrzenny 7.1, dzi\u0119ki czemu doskonale odnajdziesz si\u0119 w \u015bwiecie gry, zlokalizujesz przeciwnik\u00f3w i uprzedzisz ich ruchy\n<li style='padding-top: 10px;'>Z Edifier G2 II bez trudu si\u0119gniesz po zwyci\u0119stwo!\u00a0Dostosowane do potrzeb graczaGraj tak d\u0142ugo, jak chcesz i nie obawiaj si\u0119 zm\u0119czenia\n<li style='padding-top: 10px;'>S\u0142uchawki Edifier G2 II wyr\u00f3\u017cniaj\u0105 si\u0119 przemy\u015blanym, ergonomicznym designem\n<li style='padding-top: 10px;'>S\u0105 niesamowicie lekkie i wygodne\n<li style='padding-top: 10px;'>Specjalnie zaprojektowane nauszniki doskonale przylegaj\u0105 do uszu, a jednocze\u015bnie s\u0105 na tyle mi\u0119kkie, \u017ce nie powoduj\u0105 nieprzyjemnego nacisku\n<li style='padding-top: 10px;'>W razie potrzeby mo\u017cesz te\u017c \u0142atwo je odczepi\u0107 i wyczy\u015bci\u0107, przed\u0142u\u017caj\u0105c w ten spos\u00f3b ich \u017cywotno\u015b\u0107 i zapobiegaj\u0105c mno\u017ceniu si\u0119 bakterii.\u00a0Wysokiej klasy mikrofon &#8211; swobodnie planuj taktyk\u0119 z innymi graczamiJe\u015bli lubisz gry sieciowe, z pewno\u015bci\u0105 wiesz, jak wa\u017cna mo\u017ce by\u0107 komunikacja z innymi graczami\n<li style='padding-top: 10px;'>Aby u\u0142atwi\u0107 Ci porozumiewanie si\u0119 z pozosta\u0142ymi cz\u0142onkami dru\u017cyny, s\u0142uchawki G2 II zosta\u0142y wyposa\u017cone w elektretowy mikrofon dook\u00f3lny z funkcj\u0105 redukcji szum\u00f3w\n<li style='padding-top: 10px;'>Dzi\u0119ki regulowanej konstrukcji z \u0142atwo\u015bci\u0105 dostosujesz go do swoich potrzeb\n<li style='padding-top: 10px;'>Chwilowo nie jest Ci potrzebny? \u017baden problem! W ka\u017cdej chwili mo\u017cesz po prostu go wypi\u0105\u0107.\u00a0Gamingowe pod\u015bwietlenie RGBSpraw sobie s\u0142uchawki, kt\u00f3re idealnie dopasuj\u0105 si\u0119 do Twojego stylu\n<li style='padding-top: 10px;'>G2 II zosta\u0142y wyposa\u017cone w ulepszone, kolorowe pod\u015bwietlenie LED\n<li style='padding-top: 10px;'>Dynamiczne efekty \u015bwietlne z pewno\u015bci\u0105 przypadn\u0105 do gustu niejednemu u\u017cytkownikowi\n<li style='padding-top: 10px;'>Uzupe\u0142nij swoj\u0105 stref\u0119 gracza o funkcjonalny, a zarazem stylowy dodatek i ciesz si\u0119 ka\u017cd\u0105 rozgrywk\u0105\n<li style='padding-top: 10px;'>Gamingowe s\u0142uchawki marki Edifier pomog\u0105 Ci pobi\u0107 kolejne rekordy!\u00a0Kompatybilne z Twoim sprz\u0119temNiewa\u017cne, na jakim sprz\u0119cie grasz &#8211; z Edifier niemal zawsze mo\u017cesz cieszy\u0107 si\u0119 najwy\u017cszej jako\u015bci d\u017awi\u0119kiem\n<li style='padding-top: 10px;'>S\u0142uchawki G2 II s\u0105 kompatybilne z wi\u0119kszo\u015bci\u0105 popularnych urz\u0105dze\u0144 dost\u0119pnych na rynku\n<li style='padding-top: 10px;'>Doskonale wsp\u00f3\u0142pracuj\u0105 nie tylko z komputerami i laptopami, ale te\u017c z konsolami takimi jak PS4 czy XBOX\n<li style='padding-top: 10px;'>W\u0142\u0105cz swoj\u0105 ulubion\u0105 gr\u0119, za\u0142\u00f3\u017c nowe s\u0142uchawki i ruszaj na podb\u00f3j kolejnej fantastycznej krainy!\u00a0W zestawieS\u0142uchawkiMikrofonG\u0105bka na mikrofonInstrukcja u\u017cytkownika\u00a0Specyfikacja\u00a0ProducentEdifierModelG2 IIPrzetwornikDynamiczny przetwornik \u03a650 mmPasmo przenoszenia20 Hz &#8211; 20 kHzCzu\u0142o\u015b\u010798 dBImpedancja32\u03a9MikrofonDook\u00f3lnyWaga266 gD\u0142ugo\u015b\u0107 kabla2,5 mWej\u015bcieUSBKolorCzarny<\/ul>\n","protected":false},"featured_media":10038,"comment_status":"closed","ping_status":"open","template":"","meta":[],"product_cat":[82,601],"product_tag":[],"class_list":{"0":"post-10037","1":"product","2":"type-product","3":"status-publish","5":"hentry","6":"product_cat-edifier","7":"product_cat-sluchawki-z-mikrofonem","8":"pa_producent-edifier","9":"pa_sklep-akces-markt-pl"},"yoast_head":"<!-- This site is optimized with the Yoast SEO plugin v20.9 - https:\/\/yoast.com\/wordpress\/plugins\/seo\/ -->\n<title>s\u0142uchawki z mikrofonem Edifier<\/title>\n<meta name=\"description\" content=\"S\u0142uchawki z mikrofonem. Model Edifier w atrakcyjnej cenie 229.0 PLN. Przedstawiamy s\u0142uchawki do pracy zdalnej i s\u0142uchania muzyki.\" \/>\n<meta name=\"robots\" content=\"index, follow, max-snippet:-1, max-image-preview:large, max-video-preview:-1\" \/>\n<link rel=\"canonical\" href=\"https:\/\/taniabonament.pl\/sluchawki\/model\/sluchawki-gamingowe-edifier-hecate-g2-ii-czarne-w-cenie-229-0-pln\/\" \/>\n<meta property=\"og:locale\" content=\"pl_PL\" \/>\n<meta property=\"og:type\" content=\"article\" \/>\n<meta property=\"og:title\" content=\"s\u0142uchawki z mikrofonem Edifier\" \/>\n<meta property=\"og:description\" content=\"S\u0142uchawki z mikrofonem. Model Edifier w atrakcyjnej cenie 229.0 PLN. Przedstawiamy s\u0142uchawki do pracy zdalnej i s\u0142uchania muzyki.\" \/>\n<meta property=\"og:url\" content=\"https:\/\/taniabonament.pl\/sluchawki\/model\/sluchawki-gamingowe-edifier-hecate-g2-ii-czarne-w-cenie-229-0-pln\/\" \/>\n<meta property=\"og:site_name\" content=\"TaniAbonament.pl S\u0142uchawki\" \/>\n<meta property=\"article:modified_time\" content=\"2022-02-14T20:26:09+00:00\" \/>\n<meta property=\"og:image\" content=\"https:\/\/taniabonament.pl\/sluchawki\/wp-content\/uploads\/2022\/02\/7d487bd32a114c73ef80c52241117d77c761386f.webp\" \/>\n\t<meta property=\"og:image:width\" content=\"500\" \/>\n\t<meta property=\"og:image:height\" content=\"500\" \/>\n\t<meta property=\"og:image:type\" content=\"image\/jpeg\" \/>\n<meta name=\"twitter:card\" content=\"summary_large_image\" \/>\n<script type=\"application\/ld+json\" class=\"yoast-schema-graph\">{\"@context\":\"https:\/\/schema.org\",\"@graph\":[{\"@type\":\"WebPage\",\"@id\":\"https:\/\/taniabonament.pl\/sluchawki\/model\/sluchawki-gamingowe-edifier-hecate-g2-ii-czarne-w-cenie-229-0-pln\/\",\"url\":\"https:\/\/taniabonament.pl\/sluchawki\/model\/sluchawki-gamingowe-edifier-hecate-g2-ii-czarne-w-cenie-229-0-pln\/\",\"name\":\"s\u0142uchawki z mikrofonem Edifier\",\"isPartOf\":{\"@id\":\"https:\/\/taniabonament.pl\/sluchawki\/#website\"},\"datePublished\":\"2022-02-14T20:26:08+00:00\",\"dateModified\":\"2022-02-14T20:26:09+00:00\",\"description\":\"S\u0142uchawki z mikrofonem. Model Edifier w atrakcyjnej cenie 229.0 PLN. Przedstawiamy s\u0142uchawki do pracy zdalnej i s\u0142uchania muzyki.\",\"breadcrumb\":{\"@id\":\"https:\/\/taniabonament.pl\/sluchawki\/model\/sluchawki-gamingowe-edifier-hecate-g2-ii-czarne-w-cenie-229-0-pln\/#breadcrumb\"},\"inLanguage\":\"pl-PL\",\"potentialAction\":[{\"@type\":\"ReadAction\",\"target\":[\"https:\/\/taniabonament.pl\/sluchawki\/model\/sluchawki-gamingowe-edifier-hecate-g2-ii-czarne-w-cenie-229-0-pln\/\"]}]},{\"@type\":\"BreadcrumbList\",\"@id\":\"https:\/\/taniabonament.pl\/sluchawki\/model\/sluchawki-gamingowe-edifier-hecate-g2-ii-czarne-w-cenie-229-0-pln\/#breadcrumb\",\"itemListElement\":[{\"@type\":\"ListItem\",\"position\":1,\"name\":\"Strona g\u0142\u00f3wna\",\"item\":\"https:\/\/taniabonament.pl\/sluchawki\/\"},{\"@type\":\"ListItem\",\"position\":2,\"name\":\"Sklep\",\"item\":\"https:\/\/taniabonament.pl\/sluchawki\/\"},{\"@type\":\"ListItem\",\"position\":3,\"name\":\"S\u0142uchawki gamingowe Edifier HECATE G2 II (czarne) &#8211; w cenie 229.0 PLN\"}]},{\"@type\":\"WebSite\",\"@id\":\"https:\/\/taniabonament.pl\/sluchawki\/#website\",\"url\":\"https:\/\/taniabonament.pl\/sluchawki\/\",\"name\":\"TaniAbonament.pl S\u0142uchawki\",\"description\":\"\u015bwiat s\u0142uchawek idealnych do pracy zdalnej\",\"potentialAction\":[{\"@type\":\"SearchAction\",\"target\":{\"@type\":\"EntryPoint\",\"urlTemplate\":\"https:\/\/taniabonament.pl\/sluchawki\/?s={search_term_string}\"},\"query-input\":\"required name=search_term_string\"}],\"inLanguage\":\"pl-PL\"}]}<\/script>\n<!-- \/ Yoast SEO plugin. -->","yoast_head_json":{"title":"s\u0142uchawki z mikrofonem Edifier","description":"S\u0142uchawki z mikrofonem. Model Edifier w atrakcyjnej cenie 229.0 PLN. Przedstawiamy s\u0142uchawki do pracy zdalnej i s\u0142uchania muzyki.","robots":{"index":"index","follow":"follow","max-snippet":"max-snippet:-1","max-image-preview":"max-image-preview:large","max-video-preview":"max-video-preview:-1"},"canonical":"https:\/\/taniabonament.pl\/sluchawki\/model\/sluchawki-gamingowe-edifier-hecate-g2-ii-czarne-w-cenie-229-0-pln\/","og_locale":"pl_PL","og_type":"article","og_title":"s\u0142uchawki z mikrofonem Edifier","og_description":"S\u0142uchawki z mikrofonem. Model Edifier w atrakcyjnej cenie 229.0 PLN. Przedstawiamy s\u0142uchawki do pracy zdalnej i s\u0142uchania muzyki.","og_url":"https:\/\/taniabonament.pl\/sluchawki\/model\/sluchawki-gamingowe-edifier-hecate-g2-ii-czarne-w-cenie-229-0-pln\/","og_site_name":"TaniAbonament.pl S\u0142uchawki","article_modified_time":"2022-02-14T20:26:09+00:00","og_image":[{"width":500,"height":500,"url":"https:\/\/taniabonament.pl\/sluchawki\/wp-content\/uploads\/2022\/02\/7d487bd32a114c73ef80c52241117d77c761386f.webp","type":"image\/jpeg"}],"twitter_card":"summary_large_image","schema":{"@context":"https:\/\/schema.org","@graph":[{"@type":"WebPage","@id":"https:\/\/taniabonament.pl\/sluchawki\/model\/sluchawki-gamingowe-edifier-hecate-g2-ii-czarne-w-cenie-229-0-pln\/","url":"https:\/\/taniabonament.pl\/sluchawki\/model\/sluchawki-gamingowe-edifier-hecate-g2-ii-czarne-w-cenie-229-0-pln\/","name":"s\u0142uchawki z mikrofonem Edifier","isPartOf":{"@id":"https:\/\/taniabonament.pl\/sluchawki\/#website"},"datePublished":"2022-02-14T20:26:08+00:00","dateModified":"2022-02-14T20:26:09+00:00","description":"S\u0142uchawki z mikrofonem. Model Edifier w atrakcyjnej cenie 229.0 PLN. Przedstawiamy s\u0142uchawki do pracy zdalnej i s\u0142uchania muzyki.","breadcrumb":{"@id":"https:\/\/taniabonament.pl\/sluchawki\/model\/sluchawki-gamingowe-edifier-hecate-g2-ii-czarne-w-cenie-229-0-pln\/#breadcrumb"},"inLanguage":"pl-PL","potentialAction":[{"@type":"ReadAction","target":["https:\/\/taniabonament.pl\/sluchawki\/model\/sluchawki-gamingowe-edifier-hecate-g2-ii-czarne-w-cenie-229-0-pln\/"]}]},{"@type":"BreadcrumbList","@id":"https:\/\/taniabonament.pl\/sluchawki\/model\/sluchawki-gamingowe-edifier-hecate-g2-ii-czarne-w-cenie-229-0-pln\/#breadcrumb","itemListElement":[{"@type":"ListItem","position":1,"name":"Strona g\u0142\u00f3wna","item":"https:\/\/taniabonament.pl\/sluchawki\/"},{"@type":"ListItem","position":2,"name":"Sklep","item":"https:\/\/taniabonament.pl\/sluchawki\/"},{"@type":"ListItem","position":3,"name":"S\u0142uchawki gamingowe Edifier HECATE G2 II (czarne) &#8211; w cenie 229.0 PLN"}]},{"@type":"WebSite","@id":"https:\/\/taniabonament.pl\/sluchawki\/#website","url":"https:\/\/taniabonament.pl\/sluchawki\/","name":"TaniAbonament.pl S\u0142uchawki","description":"\u015bwiat s\u0142uchawek idealnych do pracy zdalnej","potentialAction":[{"@type":"SearchAction","target":{"@type":"EntryPoint","urlTemplate":"https:\/\/taniabonament.pl\/sluchawki\/?s={search_term_string}"},"query-input":"required name=search_term_string"}],"inLanguage":"pl-PL"}]}},"_links":{"self":[{"href":"https:\/\/taniabonament.pl\/sluchawki\/wp-json\/wp\/v2\/product\/10037","targetHints":{"allow":["GET"]}}],"collection":[{"href":"https:\/\/taniabonament.pl\/sluchawki\/wp-json\/wp\/v2\/product"}],"about":[{"href":"https:\/\/taniabonament.pl\/sluchawki\/wp-json\/wp\/v2\/types\/product"}],"replies":[{"embeddable":true,"href":"https:\/\/taniabonament.pl\/sluchawki\/wp-json\/wp\/v2\/comments?post=10037"}],"wp:featuredmedia":[{"embeddable":true,"href":"https:\/\/taniabonament.pl\/sluchawki\/wp-json\/wp\/v2\/media\/10038"}],"wp:attachment":[{"href":"https:\/\/taniabonament.pl\/sluchawki\/wp-json\/wp\/v2\/media?parent=10037"}],"wp:term":[{"taxonomy":"product_cat","embeddable":true,"href":"https:\/\/taniabonament.pl\/sluchawki\/wp-json\/wp\/v2\/product_cat?post=10037"},{"taxonomy":"product_tag","embeddable":true,"href":"https:\/\/taniabonament.pl\/sluchawki\/wp-json\/wp\/v2\/product_tag?post=10037"}],"curies":[{"name":"wp","href":"https:\/\/api.w.org\/{rel}","templated":true}]}}