{"id":10022,"date":"2022-02-14T20:26:01","date_gmt":"2022-02-14T20:26:01","guid":{"rendered":"https:\/\/taniabonament.pl\/sluchawki\/model\/baseus-h19-sluchawki-douszne-przewodowe-mini-jack-35mm-z-mikrofonem-hd-w-cenie\/"},"modified":"2022-02-14T20:26:03","modified_gmt":"2022-02-14T20:26:03","slug":"baseus-h19-sluchawki-douszne-przewodowe-mini-jack-35mm-z-mikrofonem-hd-w-cenie","status":"publish","type":"product","link":"https:\/\/taniabonament.pl\/sluchawki\/model\/baseus-h19-sluchawki-douszne-przewodowe-mini-jack-35mm-z-mikrofonem-hd-w-cenie\/","title":{"rendered":"Baseus H19 | S\u0142uchawki douszne przewodowe Mini Jack 3,5mm z mikrofonem HD &#8211; w cenie"},"content":{"rendered":"<p><img decoding=\"async\" style=\"margin-right: 25px; margin-bottom: 10px; width: 220px;\" src=\"https:\/\/static.convertiser.com\/media\/product_images\/349\/6a6cdd5904783de8846cdf6358e093f0\/2d9060b0dcf05aff6f5e187ed1d320bf5b63999c.jpg\" alt=\"s\u0142uchawki z mikrofonem Baseus\" align=\"left\" \/><\/p>\n<h2>S\u0142uchawki marki Baseus<\/h2>\n<p>CENA ORYGINALNA: 29.9 PLN<\/p>\n<div style=\"font-weight: bold; font-size: 18px;\">\n<p>UWAGA <span style=\"color: red;\">MAMY RABATY!<\/span><\/p>\n<p>Szczeg\u00f3\u0142owe parametry takie jak dane techniczne, promocje sprawdzisz poni\u017cej w E-baseus. Rozmawiaj wygodnie przez mikrofon podczas pracy zdalnej. Odizoluj si\u0119 od niepo\u017c\u0105danych d\u017awi\u0119k\u00f3w zewn\u0119trznych. Ciesz si\u0119 czystym brzmieniem w s\u0142uchawkach. Przejd\u017a teraz bezpo\u015brednio do z sklepu gdzie szybko zakupisz te s\u0142uchawki w korzystnej cenie.<\/p>\n<p><span style=\"color: #fff; background-color: #000000; padding: 1px 7px;\"><strong>Baseus<\/strong><\/span><strong><span style=\"margin-left: 5px; color: #fff; background-color: red; padding: 1px 7px;\">29.9 PLN<\/span><\/strong><\/p>\n<p>&nbsp;<\/p>\n<p>&nbsp;<\/p>\n<\/div>\n<p style=\"text-align: center; padding-bottom: 15px;\"><a style=\"color: #fff; font-size: 22px; background-color: #e4144d; padding: 9px 14px; border-radius: 7px; text-decoration: underline;\" href=\"https:\/\/converti.se\/click\/34590059-c70e8160-5f3bd1b8\/?deep_link=https%3A%2F%2Fe-baseus.com%2Fproduct-pol-3460-Baseus-H19-Sluchawki-douszne-przewodowe-Mini-Jack-3-5mm-z-mikrofonem-HD-uniw.googleshoppingpl.html&#038;sid=sluchawki-z-mikrofonem&#038;tag6=product&#038;tag8=6a6cdd5904783de8846cdf6358e093f0&#038;tag9=Baseus+H19+%7C+S%C5%82uchawki+douszne+przewodowe+Mini+Jack+3%2C5mm+z+mikrofonem+HD\" target=\"_blank\" rel=\"nofollow noopener\">Kup teraz<\/a> <span style=\"font-size: 22px; padding-left: 10px;\"><\/span><\/p>\n","protected":false},"excerpt":{"rendered":"<h3>Odpowiednie <span style='color: red;'>s\u0142uchawki<\/span> z mikrofonem? <\/h3>\n<p> Cechy i zalety: <\/p>\n<ul style='padding-left: 10px; padding-bottom: 10px;'>\n<li style='padding-top: 10px;'>Encok Earphone H19S\u0142uchawki douszne dzi\u0119ki kt\u00f3rym otrzymasz czysty, bogaty d\u017awi\u0119k w najwy\u017cszej jako\u015bci.14mm przetworniki o wysokiej rozdzielczo\u015bci otworz\u0105 najbardziej z\u0142o\u017cone kompozycje muzyczne\n<li style='padding-top: 10px;'>Ultra cienka membrana oferuje bogate szczeg\u00f3\u0142y i emocjonaln\u0105 muzyk\u0119, kt\u00f3ra zachwyci Twoje uszy w zakresie od 20Hz do 20000Hz.S\u0105 wyposa\u017cone w standardow\u0105 wtyczk\u0119 3,5mm zapewniaj\u0105c kompatybilno\u015b\u0107 z wi\u0119kszo\u015bci\u0105 urz\u0105dze\u0144 multimedialnych\n<li style='padding-top: 10px;'>D\u0142ugo\u015b\u0107 kabla wynosi 1,2m.Na przewodzie znajduje si\u0119 3-przyciskowy panel sterowania, a tak\u017ce wysokiej jako\u015bci mikrofon MEMS.Czu\u0142y minikrofon transmituje Tw\u00f3j g\u0142os z najwi\u0119ksz\u0105 wyrazisto\u015bci\u0105 podczas po\u0142\u0105cze\u0144 eliminuj\u0105c niepotrzebne szumy.Opr\u00f3cz wysokiej jako\u015bci d\u017awi\u0119ku i \u0142atwo\u015bci obs\u0142ugi, s\u0142uchawki oferuj\u0105 wysokiej jako\u015bci materia\u0142y i przemy\u015blane wymiary\n<li style='padding-top: 10px;'>Maj\u0105 anatomiczny kszta\u0142t, dzi\u0119ki czemu nie poczujesz ich w uszach i nie odczujesz dyskomfortu nawet przy d\u0142u\u017cszym noszeniu.ParametryModel: Encok 3,5mm Wired Earphone H19Wyko\u0144czenie: ABS+TPEKolor: czarnyPasmo przenoszenia: 20-20kHZImpedancja:\u00a032 omD\u0142ugo\u015b\u0107 kabla: 1.2 mZ\u0142\u0105cze: Mini Jack 3,5mmRegulacja g\u0142o\u015bno\u015bci: TakCertyfikaty: CEE, RoHsKod producenta: NGH19-01D\u017awi\u0119k 6D6 otwor\u00f3w zamontowanych na lewej i prawej s\u0142uchawce tworz\u0105 d\u017awi\u0119k 6D, oferuj\u0105c szerokie pole d\u017awi\u0119ku przestrzennego i wstrz\u0105saj\u0105ce efekty d\u017awi\u0119kowe.Funkcja d\u017awi\u0119ku przestrzennego w s\u0142uchawkach do doskona\u0142a opcja w szczeg\u00f3lno\u015bci dla graczy\n<li style='padding-top: 10px;'>Dzi\u0119ki temu, gracz dok\u0142adnie s\u0142yszy to, co dzieje si\u0119 za nim, co przydaje si\u0119 w szczeg\u00f3lno\u015bci w grach FPP.S\u0142uchawki posiadaj\u0105 14mm przetwornik, kt\u00f3ry generuje pasmo przenoszenia na poziomie od 20Hz do 20kHzMaj\u0105 doskona\u0142\u0105 wydajno\u015b\u0107 w zakresie ton\u00f3w niskich i wysokich\n<li style='padding-top: 10px;'>Efekt izoluj\u0105cy szum pozwala cieszy\u0107 si\u0119 czyst\u0105 muzyk\u0105 na najwy\u017cszym poziomie &#8211; w dowolnym miejscu i czasie.Zamkni\u0119ta konstrukcja s\u0142uchawek zapobiega wydostawaniu si\u0119 d\u017awi\u0119k\u00f3w z nausznik\u00f3w, jak i dostawaniu si\u0119 do ich wn\u0119trza d\u017awi\u0119k\u00f3w otoczenia.WygodaNiezwykle lekka konstrukcja o ulepszonym ergonomicznym kszta\u0142cie zapewnia komfort na najwy\u017cszym poziomie.Kszta\u0142t wk\u0142adek dousznych maksymalizuje naturalny komfort dzi\u0119ki k\u0105towi kt\u00f3ry zapewnia wygodne dopasowanie redukuj\u0105ce ha\u0142as.Dopasowane do Twoich uszu, lekkie i przeno\u015bne &#8211; idealne do jazdy autobusem, biegania, wspinaczki i innych okazji\n<li style='padding-top: 10px;'>Ciesz si\u0119 wspania\u0142\u0105 muzyk\u0105 zawsze i wsz\u0119dzie.Kabel s\u0142uchawek ma wygodn\u0105 d\u0142ugo\u015b\u0107 1,2 metra\n<li style='padding-top: 10px;'>Jest odporny na pl\u0105tanie i wykr\u0119canie, dzi\u0119ki czemu pos\u0142u\u017cy Ci na prawd\u0119 d\u0142ugo.Kompatybilno\u015b\u0107Wysokiej jako\u015bci poz\u0142acana wtyczka zosta\u0142a zastosowana w celu zmniejszenia strat transmisji sygna\u0142u.S\u0142uchawki s\u0105 kompatybilne z wieloma urz\u0105dzeniami audio z okr\u0105g\u0142ym portem Mini Jack 3,5mm.MikrofonS\u0142uchawki zosta\u0142y wyposa\u017cone w mikrofon MEMs w pilocie\n<li style='padding-top: 10px;'>Zapewnia wyra\u017any odbi\u00f3r d\u017awi\u0119ku i du\u017c\u0105 stabilno\u015b\u0107, dzi\u0119ki czemu d\u017awi\u0119k jest czysty i stabilny podczas rozm\u00f3w.Jest czu\u0142y, wielokierunkowy oraz wychwytuje Tw\u00f3j g\u0142os z najwi\u0119ksz\u0105 wyrazisto\u015bci\u0105, eliminuj\u0105c niepotrzebny ha\u0142as.Zintegrowany pilotSteruj Twoj\u0105 muzyk\u0105 bezpo\u015brednio na s\u0142uchawkach, dzi\u0119ki smuk\u0142emu pilotowi na kablu .Mo\u017cesz wyregulowa\u0107 g\u0142o\u015bno\u015b\u0107, cofn\u0105\u0107 lub prze\u0142\u0105czy\u0107 utw\u00f3r, uruchomi\u0107 i zatrzyma\u0107 muzyk\u0119 bez wyci\u0105gania telefonu.Pilot umo\u017cliwia r\u00f3wnie\u017c odbieranie lub odrzucanie po\u0142\u0105cze\u0144 telefonicznych.<\/ul>\n","protected":false},"featured_media":10023,"comment_status":"closed","ping_status":"open","template":"","meta":[],"product_cat":[74,601],"product_tag":[],"class_list":{"0":"post-10022","1":"product","2":"type-product","3":"status-publish","5":"hentry","6":"product_cat-baseus","7":"product_cat-sluchawki-z-mikrofonem","8":"pa_producent-baseus","9":"pa_sklep-e-baseus"},"yoast_head":"<!-- This site is optimized with the Yoast SEO plugin v20.9 - https:\/\/yoast.com\/wordpress\/plugins\/seo\/ -->\n<title>s\u0142uchawki z mikrofonem Baseus<\/title>\n<meta name=\"description\" content=\"S\u0142uchawki z mikrofonem. Model Baseus w atrakcyjnej cenie 29.9 PLN. Przedstawiamy s\u0142uchawki do pracy zdalnej i s\u0142uchania muzyki.\" \/>\n<meta name=\"robots\" content=\"index, follow, max-snippet:-1, max-image-preview:large, max-video-preview:-1\" \/>\n<link rel=\"canonical\" href=\"https:\/\/taniabonament.pl\/sluchawki\/model\/baseus-h19-sluchawki-douszne-przewodowe-mini-jack-35mm-z-mikrofonem-hd-w-cenie\/\" \/>\n<meta property=\"og:locale\" content=\"pl_PL\" \/>\n<meta property=\"og:type\" content=\"article\" \/>\n<meta property=\"og:title\" content=\"s\u0142uchawki z mikrofonem Baseus\" \/>\n<meta property=\"og:description\" content=\"S\u0142uchawki z mikrofonem. Model Baseus w atrakcyjnej cenie 29.9 PLN. Przedstawiamy s\u0142uchawki do pracy zdalnej i s\u0142uchania muzyki.\" \/>\n<meta property=\"og:url\" content=\"https:\/\/taniabonament.pl\/sluchawki\/model\/baseus-h19-sluchawki-douszne-przewodowe-mini-jack-35mm-z-mikrofonem-hd-w-cenie\/\" \/>\n<meta property=\"og:site_name\" content=\"TaniAbonament.pl S\u0142uchawki\" \/>\n<meta property=\"article:modified_time\" content=\"2022-02-14T20:26:03+00:00\" \/>\n<meta property=\"og:image\" content=\"https:\/\/taniabonament.pl\/sluchawki\/wp-content\/uploads\/2022\/02\/2d9060b0dcf05aff6f5e187ed1d320bf5b63999c.jpg\" \/>\n\t<meta property=\"og:image:width\" content=\"600\" \/>\n\t<meta property=\"og:image:height\" content=\"600\" \/>\n\t<meta property=\"og:image:type\" content=\"image\/jpeg\" \/>\n<meta name=\"twitter:card\" content=\"summary_large_image\" \/>\n<script type=\"application\/ld+json\" class=\"yoast-schema-graph\">{\"@context\":\"https:\/\/schema.org\",\"@graph\":[{\"@type\":\"WebPage\",\"@id\":\"https:\/\/taniabonament.pl\/sluchawki\/model\/baseus-h19-sluchawki-douszne-przewodowe-mini-jack-35mm-z-mikrofonem-hd-w-cenie\/\",\"url\":\"https:\/\/taniabonament.pl\/sluchawki\/model\/baseus-h19-sluchawki-douszne-przewodowe-mini-jack-35mm-z-mikrofonem-hd-w-cenie\/\",\"name\":\"s\u0142uchawki z mikrofonem Baseus\",\"isPartOf\":{\"@id\":\"https:\/\/taniabonament.pl\/sluchawki\/#website\"},\"datePublished\":\"2022-02-14T20:26:01+00:00\",\"dateModified\":\"2022-02-14T20:26:03+00:00\",\"description\":\"S\u0142uchawki z mikrofonem. Model Baseus w atrakcyjnej cenie 29.9 PLN. Przedstawiamy s\u0142uchawki do pracy zdalnej i s\u0142uchania muzyki.\",\"breadcrumb\":{\"@id\":\"https:\/\/taniabonament.pl\/sluchawki\/model\/baseus-h19-sluchawki-douszne-przewodowe-mini-jack-35mm-z-mikrofonem-hd-w-cenie\/#breadcrumb\"},\"inLanguage\":\"pl-PL\",\"potentialAction\":[{\"@type\":\"ReadAction\",\"target\":[\"https:\/\/taniabonament.pl\/sluchawki\/model\/baseus-h19-sluchawki-douszne-przewodowe-mini-jack-35mm-z-mikrofonem-hd-w-cenie\/\"]}]},{\"@type\":\"BreadcrumbList\",\"@id\":\"https:\/\/taniabonament.pl\/sluchawki\/model\/baseus-h19-sluchawki-douszne-przewodowe-mini-jack-35mm-z-mikrofonem-hd-w-cenie\/#breadcrumb\",\"itemListElement\":[{\"@type\":\"ListItem\",\"position\":1,\"name\":\"Strona g\u0142\u00f3wna\",\"item\":\"https:\/\/taniabonament.pl\/sluchawki\/\"},{\"@type\":\"ListItem\",\"position\":2,\"name\":\"Sklep\",\"item\":\"https:\/\/taniabonament.pl\/sluchawki\/\"},{\"@type\":\"ListItem\",\"position\":3,\"name\":\"Baseus H19 | S\u0142uchawki douszne przewodowe Mini Jack 3,5mm z mikrofonem HD &#8211; w cenie\"}]},{\"@type\":\"WebSite\",\"@id\":\"https:\/\/taniabonament.pl\/sluchawki\/#website\",\"url\":\"https:\/\/taniabonament.pl\/sluchawki\/\",\"name\":\"TaniAbonament.pl S\u0142uchawki\",\"description\":\"\u015bwiat s\u0142uchawek idealnych do pracy zdalnej\",\"potentialAction\":[{\"@type\":\"SearchAction\",\"target\":{\"@type\":\"EntryPoint\",\"urlTemplate\":\"https:\/\/taniabonament.pl\/sluchawki\/?s={search_term_string}\"},\"query-input\":\"required name=search_term_string\"}],\"inLanguage\":\"pl-PL\"}]}<\/script>\n<!-- \/ Yoast SEO plugin. -->","yoast_head_json":{"title":"s\u0142uchawki z mikrofonem Baseus","description":"S\u0142uchawki z mikrofonem. Model Baseus w atrakcyjnej cenie 29.9 PLN. Przedstawiamy s\u0142uchawki do pracy zdalnej i s\u0142uchania muzyki.","robots":{"index":"index","follow":"follow","max-snippet":"max-snippet:-1","max-image-preview":"max-image-preview:large","max-video-preview":"max-video-preview:-1"},"canonical":"https:\/\/taniabonament.pl\/sluchawki\/model\/baseus-h19-sluchawki-douszne-przewodowe-mini-jack-35mm-z-mikrofonem-hd-w-cenie\/","og_locale":"pl_PL","og_type":"article","og_title":"s\u0142uchawki z mikrofonem Baseus","og_description":"S\u0142uchawki z mikrofonem. Model Baseus w atrakcyjnej cenie 29.9 PLN. Przedstawiamy s\u0142uchawki do pracy zdalnej i s\u0142uchania muzyki.","og_url":"https:\/\/taniabonament.pl\/sluchawki\/model\/baseus-h19-sluchawki-douszne-przewodowe-mini-jack-35mm-z-mikrofonem-hd-w-cenie\/","og_site_name":"TaniAbonament.pl S\u0142uchawki","article_modified_time":"2022-02-14T20:26:03+00:00","og_image":[{"width":600,"height":600,"url":"https:\/\/taniabonament.pl\/sluchawki\/wp-content\/uploads\/2022\/02\/2d9060b0dcf05aff6f5e187ed1d320bf5b63999c.jpg","type":"image\/jpeg"}],"twitter_card":"summary_large_image","schema":{"@context":"https:\/\/schema.org","@graph":[{"@type":"WebPage","@id":"https:\/\/taniabonament.pl\/sluchawki\/model\/baseus-h19-sluchawki-douszne-przewodowe-mini-jack-35mm-z-mikrofonem-hd-w-cenie\/","url":"https:\/\/taniabonament.pl\/sluchawki\/model\/baseus-h19-sluchawki-douszne-przewodowe-mini-jack-35mm-z-mikrofonem-hd-w-cenie\/","name":"s\u0142uchawki z mikrofonem Baseus","isPartOf":{"@id":"https:\/\/taniabonament.pl\/sluchawki\/#website"},"datePublished":"2022-02-14T20:26:01+00:00","dateModified":"2022-02-14T20:26:03+00:00","description":"S\u0142uchawki z mikrofonem. Model Baseus w atrakcyjnej cenie 29.9 PLN. Przedstawiamy s\u0142uchawki do pracy zdalnej i s\u0142uchania muzyki.","breadcrumb":{"@id":"https:\/\/taniabonament.pl\/sluchawki\/model\/baseus-h19-sluchawki-douszne-przewodowe-mini-jack-35mm-z-mikrofonem-hd-w-cenie\/#breadcrumb"},"inLanguage":"pl-PL","potentialAction":[{"@type":"ReadAction","target":["https:\/\/taniabonament.pl\/sluchawki\/model\/baseus-h19-sluchawki-douszne-przewodowe-mini-jack-35mm-z-mikrofonem-hd-w-cenie\/"]}]},{"@type":"BreadcrumbList","@id":"https:\/\/taniabonament.pl\/sluchawki\/model\/baseus-h19-sluchawki-douszne-przewodowe-mini-jack-35mm-z-mikrofonem-hd-w-cenie\/#breadcrumb","itemListElement":[{"@type":"ListItem","position":1,"name":"Strona g\u0142\u00f3wna","item":"https:\/\/taniabonament.pl\/sluchawki\/"},{"@type":"ListItem","position":2,"name":"Sklep","item":"https:\/\/taniabonament.pl\/sluchawki\/"},{"@type":"ListItem","position":3,"name":"Baseus H19 | S\u0142uchawki douszne przewodowe Mini Jack 3,5mm z mikrofonem HD &#8211; w cenie"}]},{"@type":"WebSite","@id":"https:\/\/taniabonament.pl\/sluchawki\/#website","url":"https:\/\/taniabonament.pl\/sluchawki\/","name":"TaniAbonament.pl S\u0142uchawki","description":"\u015bwiat s\u0142uchawek idealnych do pracy zdalnej","potentialAction":[{"@type":"SearchAction","target":{"@type":"EntryPoint","urlTemplate":"https:\/\/taniabonament.pl\/sluchawki\/?s={search_term_string}"},"query-input":"required name=search_term_string"}],"inLanguage":"pl-PL"}]}},"_links":{"self":[{"href":"https:\/\/taniabonament.pl\/sluchawki\/wp-json\/wp\/v2\/product\/10022","targetHints":{"allow":["GET"]}}],"collection":[{"href":"https:\/\/taniabonament.pl\/sluchawki\/wp-json\/wp\/v2\/product"}],"about":[{"href":"https:\/\/taniabonament.pl\/sluchawki\/wp-json\/wp\/v2\/types\/product"}],"replies":[{"embeddable":true,"href":"https:\/\/taniabonament.pl\/sluchawki\/wp-json\/wp\/v2\/comments?post=10022"}],"wp:featuredmedia":[{"embeddable":true,"href":"https:\/\/taniabonament.pl\/sluchawki\/wp-json\/wp\/v2\/media\/10023"}],"wp:attachment":[{"href":"https:\/\/taniabonament.pl\/sluchawki\/wp-json\/wp\/v2\/media?parent=10022"}],"wp:term":[{"taxonomy":"product_cat","embeddable":true,"href":"https:\/\/taniabonament.pl\/sluchawki\/wp-json\/wp\/v2\/product_cat?post=10022"},{"taxonomy":"product_tag","embeddable":true,"href":"https:\/\/taniabonament.pl\/sluchawki\/wp-json\/wp\/v2\/product_tag?post=10022"}],"curies":[{"name":"wp","href":"https:\/\/api.w.org\/{rel}","templated":true}]}}